{"id":8463,"date":"2024-12-21T10:45:34","date_gmt":"2024-12-21T09:45:34","guid":{"rendered":"https:\/\/www.cestarorossi.it\/durabilite\/"},"modified":"2025-11-17T11:47:32","modified_gmt":"2025-11-17T10:47:32","slug":"durabilite","status":"publish","type":"page","link":"https:\/\/www.cestarorossi.it\/fr\/durabilite\/","title":{"rendered":"DURABILIT\u00c9"},"content":{"rendered":"<section class=\"fw-main-row \">\n<div class=\"fw-container unyson_content\">\n<div class=\"container\">\n<div class=\"fw-row\">\n<div class=\"fw-col-xs-12 \">\n<p><span class=\"unyson-media-image\"><img loading=\"lazy\" src=\"https:\/\/www.cestarorossi.it\/aggiornato\/wp-content\/uploads\/2024\/12\/CR-sostenibilita-1200x800.jpg\" alt=\"https:\/\/www.cestarorossi.it\/aggiornato\/wp-content\/uploads\/2024\/12\/CR-sostenibilita-1200x800.jpg\" width=\"1200\" height=\"800\" \/><\/span><\/p>\n<div class=\"fw-divider-space space-20x\"><\/div>\n<\/div>\n<\/div>\n<div class=\"fw-row\">\n<div class=\"fw-col-xs-12 \">\n<p>Au cours de la derni\u00e8re d\u00e9cennie, le concept de durabilit\u00e9 a connu une profonde \u00e9volution qui, partant d&#8217;une vision centr\u00e9e principalement sur les aspects \u00e9cologiques, a abouti \u00e0 une signification plus globale, qui prend en compte, outre la dimension environnementale, les dimensions \u00e9conomique et sociale. Dans cette nouvelle vision globale, le message fondateur qui consid\u00e8re la durabilit\u00e9 comme la condition d&#8217;un d\u00e9veloppement capable &#8220;d&#8217;assurer la satisfaction des besoins de la g\u00e9n\u00e9ration actuelle sans compromettre la possibilit\u00e9 pour les g\u00e9n\u00e9rations futures de r\u00e9aliser leurs propres besoins&#8221; reste implicite.<br \/>\nA la lumi\u00e8re de ces perspectives, pour une entreprise en plein d\u00e9veloppement comme Cestaro Rossi, il est devenu essentiel d&#8217;assurer la satisfaction des besoins pr\u00e9sents et futurs, dans tous ses processus. Dans ce sc\u00e9nario, la strat\u00e9gie de durabilit\u00e9 du plan Cestaro Rossi s&#8217;est align\u00e9e sur l&#8217;Agenda 2030 de l&#8217;ONU, en englobant tous les domaines ESG &#8211; environnemental, social et de gouvernance &#8211; et en tenant compte de leurs impacts sur l&#8217;entreprise et de ceux de l&#8217;entreprise elle-m\u00eame sur les personnes, les communaut\u00e9s et l&#8217;environnement.<\/p>\n<\/div>\n<\/div>\n<div class=\"fw-row\">\n<div class=\"fw-col-xs-12 \">\n<div class=\"fw-divider-space space-20x\"><\/div>\n<\/div>\n<\/div>\n<div class=\"fw-row\">\n<div class=\"fw-col-xs-12 fw-col-sm-8 \">\n<p>Une contribution fondamentale aux projets ESG a \u00e9t\u00e9 obtenue gr\u00e2ce \u00e0 des initiatives dans le domaine de la cha\u00eene d&#8217;approvisionnement :<br \/>\n&#8211; achat depuis 2019 de grues \u00e9lectriques JMG, enti\u00e8rement contr\u00f4lables \u00e0 distance, avec un impact environnemental nul et des dimensions extr\u00eamement r\u00e9duites qui les rendent aptes \u00e0 travailler dans des espaces \u00e9troits et des environnements int\u00e9rieurs, permettant ainsi des op\u00e9rations sans \u00e9missions nocives pour les travailleurs, une caract\u00e9ristique gagnante dans le domaine de la sant\u00e9 et de la s\u00e9curit\u00e9 des travailleurs ;<br \/>\n&#8211; achat depuis 2020 de grues mobiles LIEBHERR de nouvelle g\u00e9n\u00e9ration \u00e9quip\u00e9es de capteurs et de solutions \u00e9lectroniques et informatiques innovantes qui les inscrivent aussi parfaitement dans la sph\u00e8re de l&#8217;industrie 4.0, un paradigme sur lequel l&#8217;entreprise \u00e9volue activement.<\/p>\n<\/div>\n<div class=\"fw-col-xs-12 fw-col-sm-4 \"><span class=\"unyson-media-image\"><img loading=\"lazy\" src=\"https:\/\/www.cestarorossi.it\/aggiornato\/wp-content\/uploads\/2024\/12\/Cestaro-Rossi-gru-670x384.jpg\" alt=\"https:\/\/www.cestarorossi.it\/aggiornato\/wp-content\/uploads\/2024\/12\/Cestaro-Rossi-gru-670x384.jpg\" width=\"670\" height=\"384\" \/><\/span><\/div>\n<\/div>\n<div class=\"fw-row\">\n<div class=\"fw-col-xs-12 \">\n<p><strong>Ces grues sont \u00e9galement \u00e9quip\u00e9es de :<\/strong><\/p>\n<ul>\n<li>d&#8217;un seul moteur capable de d\u00e9placer \u00e0 la fois le chariot et la tour, avec une r\u00e9duction cons\u00e9quente en termes de consommation de carburant (en raison du poids r\u00e9duit) et d&#8217;interventions de maintenance.<\/li>\n<li>un arbre \u00e0 cardan qui garantit une grande efficacit\u00e9 et une optimisation de la consommation de carburant.<\/li>\n<li>le programme ECOmode, qui r\u00e9duit encore la consommation (l&#8217;entra\u00eenement de la pompe peut \u00eatre automatiquement arr\u00eat\u00e9 et red\u00e9marr\u00e9 lorsque le moteur tourne au ralenti)<\/li>\n<li>l&#8217;utilisation, dans la mesure du possible, de soudeuses \u00e9lectriques et de compresseurs d&#8217;air plut\u00f4t que de machines \u00e0 moteur<\/li>\n<li>l&#8217;utilisation, dans la mesure du possible, de carburant HVO\/XTL ou de carburant diesel synth\u00e9tique produit \u00e0 partir de mati\u00e8res premi\u00e8res durables<\/li>\n<li>l&#8217;utilisation de produits et de mat\u00e9riaux durables tels que l&#8217;acier produit \u00e0 partir de sources d&#8217;\u00e9nergie durables, l&#8217;utilisation de supports modulaires certifi\u00e9s EPD (Environmental Product Declaration) \u00e0 faible impact environnemental, des m\u00e9langes de ciment avec des agr\u00e9gats recycl\u00e9s, des peintures \u00e9cologiques, des emballages recyclables&#8230;<\/li>\n<li>l&#8217;utilisation de produits et de mat\u00e9riaux durables et recycl\u00e9s<\/li>\n<li>l&#8217;utilisation de mat\u00e9riaux locaux, le cas \u00e9ch\u00e9ant, afin de r\u00e9duire l&#8217;impact des longs transports et de soutenir les \u00e9conomies locales.<\/li>\n<\/ul>\n<\/div>\n<\/div>\n<div class=\"fw-row\">\n<div class=\"fw-col-xs-12 fw-col-sm-4 \"><span class=\"unyson-media-image\"><img loading=\"lazy\" src=\"https:\/\/www.cestarorossi.it\/aggiornato\/wp-content\/uploads\/2024\/12\/CR-sostenibilita-2-670x384.jpg\" alt=\"https:\/\/www.cestarorossi.it\/aggiornato\/wp-content\/uploads\/2024\/12\/CR-sostenibilita-2-670x384.jpg\" width=\"670\" height=\"384\" \/><\/span><\/div>\n<div class=\"fw-col-xs-12 fw-col-sm-8 \">\n<div class=\"fw-divider-space space-20x\"><\/div>\n<p>Toujours dans l&#8217;optique de contribuer \u00e0 l&#8217;att\u00e9nuation et \u00e0 l&#8217;adaptation au changement climatique, Cestaro Rossi s&#8217;est depuis longtemps engag\u00e9 \u00e0 soutenir ses clients et fournisseurs dans la complexit\u00e9 de la transition \u00e9nerg\u00e9tique et vers la d\u00e9carbonisation des activit\u00e9s de production, apportant ainsi une contribution sp\u00e9cifique \u00e0 la r\u00e9duction des \u00e9missions de gaz \u00e0 effet de serre et soutenant l&#8217;adaptation au changement climatique.<\/p>\n<\/div>\n<\/div>\n<div class=\"fw-row\">\n<div class=\"fw-col-xs-12 \">\n<div class=\"fw-divider-space space-20x\"><\/div>\n<\/div>\n<\/div>\n<div class=\"fw-row\">\n<div class=\"fw-col-xs-12 fw-col-sm-9 \">\n<p><strong>Dans ce contexte, Cestaro Rossi :<\/strong><br \/>\n&#8211; participe \u00e0 des projets visant \u00e0 transformer les raffineries traditionnelles en bioraffineries, qui sont principalement aliment\u00e9es par des d\u00e9chets de mati\u00e8res premi\u00e8res provenant d&#8217;huiles de cuisson usag\u00e9es, de graisses animales et d&#8217;autres biomasses, ce qui permet de produire des biocarburants \u00e0 base d&#8217;huile v\u00e9g\u00e9tale hydrotrait\u00e9e (HVO) capables de r\u00e9duire un pourcentage important d&#8217;\u00e9missions de CO2eq par rapport au m\u00e9lange fossile de r\u00e9f\u00e9rence.<br \/>\n&#8211; d\u00e9veloppe des projets internes et l&#8217;installation de syst\u00e8mes photovolta\u00efques pour contribuer \u00e0 l&#8217;utilisation de sources d&#8217;\u00e9nergie renouvelables, avec une puissance install\u00e9e actuellement d&#8217;environ 1000 KWp<br \/>\n&#8211; adh\u00e8re \u00e0 des projets de d\u00e9carbonisation, en achetant de l&#8217;\u00e9nergie certifi\u00e9e par le syst\u00e8me de garantie d&#8217;origine (GSE), conform\u00e9ment \u00e0 la directive europ\u00e9enne 2008\/28, comme provenant \u00e0 100 % de sources renouvelables<br \/>\nOutre les questions environnementales, Cestaro Rossi est pleinement conscient que les personnes, \u00e0 savoir les employ\u00e9s, les travailleurs, les clients, les fournisseurs, les distributeurs, les vendeurs et les investisseurs, sont, sans aucun doute, essentielles \u00e0 son organisation et \u00e0 sa croissance mutuelle en termes de connaissances, de prosp\u00e9rit\u00e9 et de bien-\u00eatre.<\/p>\n<\/div>\n<div class=\"fw-col-xs-12 fw-col-sm-2 \">\n<div class=\"fw-divider-space space-20x\"><\/div>\n<p><span class=\"unyson-media-image\"><img loading=\"lazy\" src=\"https:\/\/www.cestarorossi.it\/aggiornato\/wp-content\/uploads\/2024\/12\/logo-enel-energia-300x300.jpg\" alt=\"https:\/\/www.cestarorossi.it\/aggiornato\/wp-content\/uploads\/2024\/12\/logo-enel-energia-300x300.jpg\" width=\"300\" height=\"300\" \/><\/span><\/p>\n<\/div>\n<\/div>\n<div class=\"fw-row\">\n<div class=\"fw-col-xs-12 \">\n<div class=\"fw-divider-space space-20x\"><\/div>\n<\/div>\n<\/div>\n<div class=\"fw-row\">\n<div class=\"fw-col-xs-12 \">\n<p>Les questions sociales influencent \u00e9galement la r\u00e9putation et la confiance d&#8217;une entreprise et ont un impact direct sur sa capacit\u00e9 \u00e0 attirer et \u00e0 retenir les talents, \u00e0 favoriser un environnement de travail s\u00fbr et inclusif et \u00e0 contribuer positivement aux communaut\u00e9s dans lesquelles l&#8217;entreprise op\u00e8re.<br \/>\n<strong>Cestaro Rossi<\/strong> a donc choisi d&#8217;investir dans la valeur des personnes, \u00e0 la fois en termes de capital humain (par exemple, les connaissances individuelles, les aptitudes, les comp\u00e9tences, &#8230;) et de capital social (par exemple, le partage des normes, des valeurs, &#8230;). En se concentrant sur les employ\u00e9s, pilier fondamental sur lequel Cestaro Rossi fonde ses activit\u00e9s, l&#8217;entreprise leur offre un environnement s\u00fbr, avec des conditions de travail stimulantes, m\u00e9ritocratiques, respectueuses des droits et non discriminatoires. En outre, Cestaro Rossi encourage, stimule et incite la croissance professionnelle de ses employ\u00e9s et favorise leur bien-\u00eatre.<br \/>\nEt c&#8217;est pr\u00e9cis\u00e9ment pour concr\u00e9tiser cet engagement et sa sensibilit\u00e9 que, d\u00e9but 2022, <strong>Cestaro Rossi a d\u00e9cid\u00e9 d&#8217;entreprendre le processus de certification pour la SA8000, qui s&#8217;est achev\u00e9 en mai 2023 avec l&#8217;obtention du certificat SA 8000:2014.<\/strong> La pierre angulaire de cette certification est la Politique de Responsabilit\u00e9 Sociale, qui illustre les objectifs de Cestaro Rossi dans ce domaine et qui a \u00e9t\u00e9 diffus\u00e9e en interne et en externe via notre site web www.cestarorossi.it.<\/p>\n<p>Pour d\u00e9montrer sa volont\u00e9 d&#8217;agir de mani\u00e8re de plus en plus responsable et d&#8217;int\u00e9grer pleinement le d\u00e9veloppement durable dans ses activit\u00e9s, Cestaro Rossi a r\u00e9cemment mis en place un syst\u00e8me de gouvernance d\u00e9di\u00e9 \u00e0 la supervision et \u00e0 la gestion de ces questions au niveau mondial. \u00c0 cette fin, le conseil d&#8217;administration de Cestaro Rossi a d\u00e9cid\u00e9 en juin 2024 de cr\u00e9er une structure interne pour la gestion des questions ESG, dirig\u00e9e par la nouvelle figure du directeur de la durabilit\u00e9. Cette nouvelle structure est charg\u00e9e de proposer, de coordonner et de lancer des projets et des initiatives dans le domaine de la responsabilit\u00e9 sociale, de contr\u00f4ler les plans d&#8217;action des diff\u00e9rentes unit\u00e9s organisationnelles, \u00e9galement \u00e0 la lumi\u00e8re des meilleures pratiques d\u00e9tectables par le march\u00e9, d&#8217;examiner les informations et les demandes des parties prenantes sur les questions de durabilit\u00e9 (par exemple, la gestion des plates-formes informatiques sur les questions ESG telles que Open es, Ecovadis, Synesgy, etc.) et de coordonner les activit\u00e9s de r\u00e9daction de la premi\u00e8re version du rapport de durabilit\u00e9 de Cestaro Rossi.<\/p>\n<\/div>\n<\/div>\n<div class=\"fw-row\">\n<div class=\"fw-col-xs-12 \"><span class=\"unyson-media-image\"><img loading=\"lazy\" src=\"https:\/\/www.cestarorossi.it\/aggiornato\/wp-content\/uploads\/2024\/12\/CR-sostenibilita-marchi-1475x372.jpg\" alt=\"https:\/\/www.cestarorossi.it\/aggiornato\/wp-content\/uploads\/2024\/12\/CR-sostenibilita-marchi-1475x372.jpg\" width=\"1475\" height=\"372\" \/><\/span><\/div>\n<\/div>\n<\/div>\n<div><\/div>\n<div class=\"container\">\n<div><\/div>\n<div><\/div>\n<div><img loading=\"lazy\" class=\"wp-image-8624 aligncenter\" src=\"https:\/\/www.cestarorossi.it\/aggiornato\/wp-content\/uploads\/2025\/11\/CR-grafico-pag_sostenibilita.jpg\" alt=\"\" width=\"959\" height=\"628\" \/><\/div>\n<\/div>\n<div>\n<p>&nbsp;<\/p>\n<p><strong>INNOVATION<\/strong><\/p>\n<p>&nbsp;<\/p>\n<p>2022 et 2023\u00a0: Projets de pr\u00e9paration et d\u2019ex\u00e9cution TAR 2022 et 2023 \u00e0 la raffinerie TotalEnergies d\u2019Anvers. L\u2019importance de ces projets est la &#8220;CONTINUIT\u00c9\u2019&#8221;\u00a0: avoir pendant plusieurs ann\u00e9es la possibilit\u00e9 de maintenir un personnel chez notre Client nous permet, en plus d\u2019une croissance \u00e9vidente dans la connaissance de ses sp\u00e9cifications techniques, des personnes qui composent le personnel du Client, des installations etc. surtout permet \u00e0 nos hommes de penser \u00e0 un v\u00e9ritable transfert dans la zone d\u2019intervention avec leurs familles, ce qui implique la garantie de rester sur l\u2019installation et ne pas disperser ces pr\u00e9cieuses exp\u00e9riences<br \/>\n2022 et 2023\u00a0: <strong>Projets EPC<\/strong>. Dans le cadre de la reconversion des raffineries, nous avons r\u00e9alis\u00e9 un important projet EPC avec notre partenaire d\u2019ing\u00e9nierie PPC S.r.l., pour la conception, la fourniture et la construction de la nouvelle installation Degumming dans la raffinerie verte de Venise. Cette commande nous a permis d\u2019accro\u00eetre notre exp\u00e9rience en tant qu\u2019entrepreneur EPC et de remporter les contrats EPC pour la nouvelle installation PTU de la future raffinerie verte ENI \u00e0 Livourne et l\u2019installation d\u2019interconnexion toujours dans la raffinerie verte de Venise, projets que nous r\u00e9aliserons dans les prochains mois<br \/>\n2024 <strong>Data Center<\/strong>. Nous sommes en train d\u2019achever la construction \u00e9lectrom\u00e9canique de l\u2019installation de refroidissement relative au Green Data Center ENI de Sannazzaro de&#8217; Burgondi, un projet important qui nous permettra de nous proposer comme partenaire pour la construction de futurs Data Centers sur tout le territoire europ\u00e9en.<\/p>\n<\/div>\n<p><a href=\"https:\/\/www.cestarorossi.it\/aggiornato\/wp-content\/uploads\/2025\/11\/Cestaro-Rossi_Main_Work_ENG_2025.pdf\" target=\"_blank\" rel=\"noopener\"><img loading=\"lazy\" class=\"aligncenter wp-image-8659\" src=\"https:\/\/www.cestarorossi.it\/aggiornato\/wp-content\/uploads\/2025\/11\/principali-lavori-svolti-copertina-francese.jpg\" alt=\"\" width=\"593\" height=\"866\" \/><\/a><\/p>\n<\/div>\n<\/section>\n<p><!-- e925017c7fa62f3137f582a35949f302 --><\/p>\n","protected":false},"excerpt":{"rendered":"<p>Au cours de la derni\u00e8re d\u00e9cennie, le concept de durabilit\u00e9 a connu une profonde \u00e9volution qui, partant d&#8217;une vision centr\u00e9e principalement sur les aspects \u00e9cologiques,<span class=\"excerpt-more\"><a href=\"https:\/\/www.cestarorossi.it\/fr\/durabilite\/\" class=\"more-link\"> [&hellip;] <span class=\"screen-reader-text\">DURABILIT\u00c9<\/span><\/a><\/span><\/p>\n","protected":false},"author":1,"featured_media":0,"parent":0,"menu_order":0,"comment_status":"closed","ping_status":"closed","template":"page-wo-sidebar.php","meta":[],"yoast_head":"<!-- This site is optimized with the Yoast SEO plugin v19.14 - https:\/\/yoast.com\/wordpress\/plugins\/seo\/ -->\r\n<title>DURABILIT\u00c9 - CestaroRossi<\/title>\r\n<meta name=\"robots\" content=\"index, follow, max-snippet:-1, max-image-preview:large, max-video-preview:-1\" \/>\r\n<link rel=\"canonical\" href=\"https:\/\/www.cestarorossi.it\/fr\/durabilite\/\" \/>\r\n<meta property=\"og:locale\" content=\"fr_FR\" \/>\r\n<meta property=\"og:type\" content=\"article\" \/>\r\n<meta property=\"og:title\" content=\"DURABILIT\u00c9 - CestaroRossi\" \/>\r\n<meta property=\"og:description\" content=\"Au cours de la derni\u00e8re d\u00e9cennie, le concept de durabilit\u00e9 a connu une profonde \u00e9volution qui, partant d&#8217;une vision centr\u00e9e principalement sur les aspects \u00e9cologiques, [&hellip;] DURABILIT\u00c9\" \/>\r\n<meta property=\"og:url\" content=\"https:\/\/www.cestarorossi.it\/fr\/durabilite\/\" \/>\r\n<meta property=\"og:site_name\" content=\"CestaroRossi\" \/>\r\n<meta property=\"article:modified_time\" content=\"2025-11-17T10:47:32+00:00\" \/>\r\n<meta property=\"og:image\" content=\"https:\/\/www.cestarorossi.it\/aggiornato\/wp-content\/uploads\/2024\/12\/CR-sostenibilita-1200x800.jpg\" \/>\r\n<meta name=\"twitter:card\" content=\"summary_large_image\" \/>\r\n<meta name=\"twitter:label1\" content=\"Dur\u00e9e de lecture estim\u00e9e\" \/>\n\t<meta name=\"twitter:data1\" content=\"9 minutes\" \/>\r\n<script type=\"application\/ld+json\" class=\"yoast-schema-graph\">{\"@context\":\"https:\/\/schema.org\",\"@graph\":[{\"@type\":\"WebPage\",\"@id\":\"https:\/\/www.cestarorossi.it\/fr\/durabilite\/\",\"url\":\"https:\/\/www.cestarorossi.it\/fr\/durabilite\/\",\"name\":\"DURABILIT\u00c9 - CestaroRossi\",\"isPartOf\":{\"@id\":\"https:\/\/www.cestarorossi.it\/en\/#website\"},\"datePublished\":\"2024-12-21T09:45:34+00:00\",\"dateModified\":\"2025-11-17T10:47:32+00:00\",\"breadcrumb\":{\"@id\":\"https:\/\/www.cestarorossi.it\/fr\/durabilite\/#breadcrumb\"},\"inLanguage\":\"fr-FR\",\"potentialAction\":[{\"@type\":\"ReadAction\",\"target\":[\"https:\/\/www.cestarorossi.it\/fr\/durabilite\/\"]}]},{\"@type\":\"BreadcrumbList\",\"@id\":\"https:\/\/www.cestarorossi.it\/fr\/durabilite\/#breadcrumb\",\"itemListElement\":[{\"@type\":\"ListItem\",\"position\":1,\"name\":\"Home\",\"item\":\"https:\/\/www.cestarorossi.it\/fr\/\"},{\"@type\":\"ListItem\",\"position\":2,\"name\":\"DURABILIT\u00c9\"}]},{\"@type\":\"WebSite\",\"@id\":\"https:\/\/www.cestarorossi.it\/en\/#website\",\"url\":\"https:\/\/www.cestarorossi.it\/en\/\",\"name\":\"CestaroRossi\",\"description\":\"Construction and maintenance in industrial plants since 1921 - italy\",\"publisher\":{\"@id\":\"https:\/\/www.cestarorossi.it\/en\/#organization\"},\"potentialAction\":[{\"@type\":\"SearchAction\",\"target\":{\"@type\":\"EntryPoint\",\"urlTemplate\":\"https:\/\/www.cestarorossi.it\/en\/?s={search_term_string}\"},\"query-input\":\"required name=search_term_string\"}],\"inLanguage\":\"fr-FR\"},{\"@type\":\"Organization\",\"@id\":\"https:\/\/www.cestarorossi.it\/en\/#organization\",\"name\":\"CestaroRossi\",\"url\":\"https:\/\/www.cestarorossi.it\/en\/\",\"logo\":{\"@type\":\"ImageObject\",\"inLanguage\":\"fr-FR\",\"@id\":\"https:\/\/www.cestarorossi.it\/en\/#\/schema\/logo\/image\/\",\"url\":\"https:\/\/www.cestarorossi.it\/aggiornato\/wp-content\/uploads\/2022\/07\/Cestaro-Rossi_logo-colori.png\",\"contentUrl\":\"https:\/\/www.cestarorossi.it\/aggiornato\/wp-content\/uploads\/2022\/07\/Cestaro-Rossi_logo-colori.png\",\"width\":343,\"height\":63,\"caption\":\"CestaroRossi\"},\"image\":{\"@id\":\"https:\/\/www.cestarorossi.it\/en\/#\/schema\/logo\/image\/\"}}]}<\/script>\r\n<!-- \/ Yoast SEO plugin. -->","yoast_head_json":{"title":"DURABILIT\u00c9 - CestaroRossi","robots":{"index":"index","follow":"follow","max-snippet":"max-snippet:-1","max-image-preview":"max-image-preview:large","max-video-preview":"max-video-preview:-1"},"canonical":"https:\/\/www.cestarorossi.it\/fr\/durabilite\/","og_locale":"fr_FR","og_type":"article","og_title":"DURABILIT\u00c9 - CestaroRossi","og_description":"Au cours de la derni\u00e8re d\u00e9cennie, le concept de durabilit\u00e9 a connu une profonde \u00e9volution qui, partant d&#8217;une vision centr\u00e9e principalement sur les aspects \u00e9cologiques, [&hellip;] DURABILIT\u00c9","og_url":"https:\/\/www.cestarorossi.it\/fr\/durabilite\/","og_site_name":"CestaroRossi","article_modified_time":"2025-11-17T10:47:32+00:00","og_image":[{"url":"https:\/\/www.cestarorossi.it\/aggiornato\/wp-content\/uploads\/2024\/12\/CR-sostenibilita-1200x800.jpg"}],"twitter_card":"summary_large_image","twitter_misc":{"Dur\u00e9e de lecture estim\u00e9e":"9 minutes"},"schema":{"@context":"https:\/\/schema.org","@graph":[{"@type":"WebPage","@id":"https:\/\/www.cestarorossi.it\/fr\/durabilite\/","url":"https:\/\/www.cestarorossi.it\/fr\/durabilite\/","name":"DURABILIT\u00c9 - CestaroRossi","isPartOf":{"@id":"https:\/\/www.cestarorossi.it\/en\/#website"},"datePublished":"2024-12-21T09:45:34+00:00","dateModified":"2025-11-17T10:47:32+00:00","breadcrumb":{"@id":"https:\/\/www.cestarorossi.it\/fr\/durabilite\/#breadcrumb"},"inLanguage":"fr-FR","potentialAction":[{"@type":"ReadAction","target":["https:\/\/www.cestarorossi.it\/fr\/durabilite\/"]}]},{"@type":"BreadcrumbList","@id":"https:\/\/www.cestarorossi.it\/fr\/durabilite\/#breadcrumb","itemListElement":[{"@type":"ListItem","position":1,"name":"Home","item":"https:\/\/www.cestarorossi.it\/fr\/"},{"@type":"ListItem","position":2,"name":"DURABILIT\u00c9"}]},{"@type":"WebSite","@id":"https:\/\/www.cestarorossi.it\/en\/#website","url":"https:\/\/www.cestarorossi.it\/en\/","name":"CestaroRossi","description":"Construction and maintenance in industrial plants since 1921 - italy","publisher":{"@id":"https:\/\/www.cestarorossi.it\/en\/#organization"},"potentialAction":[{"@type":"SearchAction","target":{"@type":"EntryPoint","urlTemplate":"https:\/\/www.cestarorossi.it\/en\/?s={search_term_string}"},"query-input":"required name=search_term_string"}],"inLanguage":"fr-FR"},{"@type":"Organization","@id":"https:\/\/www.cestarorossi.it\/en\/#organization","name":"CestaroRossi","url":"https:\/\/www.cestarorossi.it\/en\/","logo":{"@type":"ImageObject","inLanguage":"fr-FR","@id":"https:\/\/www.cestarorossi.it\/en\/#\/schema\/logo\/image\/","url":"https:\/\/www.cestarorossi.it\/aggiornato\/wp-content\/uploads\/2022\/07\/Cestaro-Rossi_logo-colori.png","contentUrl":"https:\/\/www.cestarorossi.it\/aggiornato\/wp-content\/uploads\/2022\/07\/Cestaro-Rossi_logo-colori.png","width":343,"height":63,"caption":"CestaroRossi"},"image":{"@id":"https:\/\/www.cestarorossi.it\/en\/#\/schema\/logo\/image\/"}}]}},"_links":{"self":[{"href":"https:\/\/www.cestarorossi.it\/fr\/wp-json\/wp\/v2\/pages\/8463"}],"collection":[{"href":"https:\/\/www.cestarorossi.it\/fr\/wp-json\/wp\/v2\/pages"}],"about":[{"href":"https:\/\/www.cestarorossi.it\/fr\/wp-json\/wp\/v2\/types\/page"}],"author":[{"embeddable":true,"href":"https:\/\/www.cestarorossi.it\/fr\/wp-json\/wp\/v2\/users\/1"}],"replies":[{"embeddable":true,"href":"https:\/\/www.cestarorossi.it\/fr\/wp-json\/wp\/v2\/comments?post=8463"}],"version-history":[{"count":5,"href":"https:\/\/www.cestarorossi.it\/fr\/wp-json\/wp\/v2\/pages\/8463\/revisions"}],"predecessor-version":[{"id":8663,"href":"https:\/\/www.cestarorossi.it\/fr\/wp-json\/wp\/v2\/pages\/8463\/revisions\/8663"}],"wp:attachment":[{"href":"https:\/\/www.cestarorossi.it\/fr\/wp-json\/wp\/v2\/media?parent=8463"}],"curies":[{"name":"wp","href":"https:\/\/api.w.org\/{rel}","templated":true}]}}