{"id":8319,"date":"2024-11-14T11:30:39","date_gmt":"2024-11-14T10:30:39","guid":{"rendered":"https:\/\/www.cestarorossi.it\/politica-cyber-security\/"},"modified":"2024-11-14T12:21:22","modified_gmt":"2024-11-14T11:21:22","slug":"politica-cyber-security","status":"publish","type":"page","link":"https:\/\/www.cestarorossi.it\/fr\/politica-cyber-security\/","title":{"rendered":"Politique de cybers\u00e9curit\u00e9"},"content":{"rendered":"<section class=\"fw-main-row \"  >\n\t<span class=\"bg-image-overlay \" style=\"\"><\/span>\n\t<div class=\"fw-container unyson_content\">\n\t\t\t\t<div class=\"container\">\n\t\t\t\t<div class=\"fw-row\">\n\t<div class=\"fw-col-xs-12   \"  >\n\t<span class=\"unyson-media-image\"><a href=\"https:\/\/www.cestarorossi.it\/aggiornato\/wp-content\/uploads\/2024\/11\/Cyber-Security-Policy-EN.pdf\" target=\"_self\" ><img src=\"https:\/\/www.cestarorossi.it\/aggiornato\/wp-content\/uploads\/2024\/11\/CR-_cyber-security-1000x667.jpg\" alt=\"https:\/\/www.cestarorossi.it\/aggiornato\/wp-content\/uploads\/2024\/11\/CR-_cyber-security-1000x667.jpg\" width=\"1000\" height=\"667\" \/><\/a><\/span><\/div>\n<\/div>\n\n<div class=\"fw-row\">\n\t<div class=\"fw-col-xs-12   \"  >\n\t\n\n\t<div class=\"fw-divider-space space-30x\"><\/div>\n<\/div>\n<\/div>\n\n<div class=\"fw-row\">\n\t<div class=\"fw-col-xs-12   \"  >\n\t<h3 style=\"text-align: center;\"><strong><a href=\"https:\/\/www.cestarorossi.it\/aggiornato\/wp-content\/uploads\/2024\/11\/Cyber-Security-Policy-ITA.pdf\">T\u00e9l\u00e9charger le PDF sur la cybers\u00e9curit\u00e9<\/a><\/strong><\/h3><\/div>\n<\/div>\n\n\t\t\t\t<\/div>\n\t\t\t<\/div>\n<\/section>\n\n","protected":false},"excerpt":{"rendered":"<p>T\u00e9l\u00e9charger le PDF sur la cybers\u00e9curit\u00e9<\/p>\n","protected":false},"author":1,"featured_media":0,"parent":0,"menu_order":0,"comment_status":"closed","ping_status":"closed","template":"page-wo-sidebar.php","meta":[],"yoast_head":"<!-- This site is optimized with the Yoast SEO plugin v19.14 - https:\/\/yoast.com\/wordpress\/plugins\/seo\/ -->\r\n<title>Politique de cybers\u00e9curit\u00e9 - CestaroRossi<\/title>\r\n<meta name=\"robots\" content=\"index, follow, max-snippet:-1, max-image-preview:large, max-video-preview:-1\" \/>\r\n<link rel=\"canonical\" href=\"https:\/\/www.cestarorossi.it\/fr\/politica-cyber-security\/\" \/>\r\n<meta property=\"og:locale\" content=\"fr_FR\" \/>\r\n<meta property=\"og:type\" content=\"article\" \/>\r\n<meta property=\"og:title\" content=\"Politique de cybers\u00e9curit\u00e9 - CestaroRossi\" \/>\r\n<meta property=\"og:description\" content=\"T\u00e9l\u00e9charger le PDF sur la cybers\u00e9curit\u00e9\" \/>\r\n<meta property=\"og:url\" content=\"https:\/\/www.cestarorossi.it\/fr\/politica-cyber-security\/\" \/>\r\n<meta property=\"og:site_name\" content=\"CestaroRossi\" \/>\r\n<meta property=\"article:modified_time\" content=\"2024-11-14T11:21:22+00:00\" \/>\r\n<meta property=\"og:image\" content=\"https:\/\/www.cestarorossi.it\/aggiornato\/wp-content\/uploads\/2024\/11\/CR-_cyber-security-1000x667.jpg\" \/>\r\n<meta name=\"twitter:card\" content=\"summary_large_image\" \/>\r\n<meta name=\"twitter:label1\" content=\"Dur\u00e9e de lecture estim\u00e9e\" \/>\n\t<meta name=\"twitter:data1\" content=\"1 minute\" \/>\r\n<script type=\"application\/ld+json\" class=\"yoast-schema-graph\">{\"@context\":\"https:\/\/schema.org\",\"@graph\":[{\"@type\":\"WebPage\",\"@id\":\"https:\/\/www.cestarorossi.it\/fr\/politica-cyber-security\/\",\"url\":\"https:\/\/www.cestarorossi.it\/fr\/politica-cyber-security\/\",\"name\":\"Politique de cybers\u00e9curit\u00e9 - CestaroRossi\",\"isPartOf\":{\"@id\":\"https:\/\/www.cestarorossi.it\/en\/#website\"},\"datePublished\":\"2024-11-14T10:30:39+00:00\",\"dateModified\":\"2024-11-14T11:21:22+00:00\",\"breadcrumb\":{\"@id\":\"https:\/\/www.cestarorossi.it\/fr\/politica-cyber-security\/#breadcrumb\"},\"inLanguage\":\"fr-FR\",\"potentialAction\":[{\"@type\":\"ReadAction\",\"target\":[\"https:\/\/www.cestarorossi.it\/fr\/politica-cyber-security\/\"]}]},{\"@type\":\"BreadcrumbList\",\"@id\":\"https:\/\/www.cestarorossi.it\/fr\/politica-cyber-security\/#breadcrumb\",\"itemListElement\":[{\"@type\":\"ListItem\",\"position\":1,\"name\":\"Home\",\"item\":\"https:\/\/www.cestarorossi.it\/fr\/\"},{\"@type\":\"ListItem\",\"position\":2,\"name\":\"Politique de cybers\u00e9curit\u00e9\"}]},{\"@type\":\"WebSite\",\"@id\":\"https:\/\/www.cestarorossi.it\/en\/#website\",\"url\":\"https:\/\/www.cestarorossi.it\/en\/\",\"name\":\"CestaroRossi\",\"description\":\"Construction and maintenance in industrial plants since 1921 - italy\",\"publisher\":{\"@id\":\"https:\/\/www.cestarorossi.it\/en\/#organization\"},\"potentialAction\":[{\"@type\":\"SearchAction\",\"target\":{\"@type\":\"EntryPoint\",\"urlTemplate\":\"https:\/\/www.cestarorossi.it\/en\/?s={search_term_string}\"},\"query-input\":\"required name=search_term_string\"}],\"inLanguage\":\"fr-FR\"},{\"@type\":\"Organization\",\"@id\":\"https:\/\/www.cestarorossi.it\/en\/#organization\",\"name\":\"CestaroRossi\",\"url\":\"https:\/\/www.cestarorossi.it\/en\/\",\"logo\":{\"@type\":\"ImageObject\",\"inLanguage\":\"fr-FR\",\"@id\":\"https:\/\/www.cestarorossi.it\/en\/#\/schema\/logo\/image\/\",\"url\":\"https:\/\/www.cestarorossi.it\/aggiornato\/wp-content\/uploads\/2022\/07\/Cestaro-Rossi_logo-colori.png\",\"contentUrl\":\"https:\/\/www.cestarorossi.it\/aggiornato\/wp-content\/uploads\/2022\/07\/Cestaro-Rossi_logo-colori.png\",\"width\":343,\"height\":63,\"caption\":\"CestaroRossi\"},\"image\":{\"@id\":\"https:\/\/www.cestarorossi.it\/en\/#\/schema\/logo\/image\/\"}}]}<\/script>\r\n<!-- \/ Yoast SEO plugin. -->","yoast_head_json":{"title":"Politique de cybers\u00e9curit\u00e9 - CestaroRossi","robots":{"index":"index","follow":"follow","max-snippet":"max-snippet:-1","max-image-preview":"max-image-preview:large","max-video-preview":"max-video-preview:-1"},"canonical":"https:\/\/www.cestarorossi.it\/fr\/politica-cyber-security\/","og_locale":"fr_FR","og_type":"article","og_title":"Politique de cybers\u00e9curit\u00e9 - CestaroRossi","og_description":"T\u00e9l\u00e9charger le PDF sur la cybers\u00e9curit\u00e9","og_url":"https:\/\/www.cestarorossi.it\/fr\/politica-cyber-security\/","og_site_name":"CestaroRossi","article_modified_time":"2024-11-14T11:21:22+00:00","og_image":[{"url":"https:\/\/www.cestarorossi.it\/aggiornato\/wp-content\/uploads\/2024\/11\/CR-_cyber-security-1000x667.jpg"}],"twitter_card":"summary_large_image","twitter_misc":{"Dur\u00e9e de lecture estim\u00e9e":"1 minute"},"schema":{"@context":"https:\/\/schema.org","@graph":[{"@type":"WebPage","@id":"https:\/\/www.cestarorossi.it\/fr\/politica-cyber-security\/","url":"https:\/\/www.cestarorossi.it\/fr\/politica-cyber-security\/","name":"Politique de cybers\u00e9curit\u00e9 - CestaroRossi","isPartOf":{"@id":"https:\/\/www.cestarorossi.it\/en\/#website"},"datePublished":"2024-11-14T10:30:39+00:00","dateModified":"2024-11-14T11:21:22+00:00","breadcrumb":{"@id":"https:\/\/www.cestarorossi.it\/fr\/politica-cyber-security\/#breadcrumb"},"inLanguage":"fr-FR","potentialAction":[{"@type":"ReadAction","target":["https:\/\/www.cestarorossi.it\/fr\/politica-cyber-security\/"]}]},{"@type":"BreadcrumbList","@id":"https:\/\/www.cestarorossi.it\/fr\/politica-cyber-security\/#breadcrumb","itemListElement":[{"@type":"ListItem","position":1,"name":"Home","item":"https:\/\/www.cestarorossi.it\/fr\/"},{"@type":"ListItem","position":2,"name":"Politique de cybers\u00e9curit\u00e9"}]},{"@type":"WebSite","@id":"https:\/\/www.cestarorossi.it\/en\/#website","url":"https:\/\/www.cestarorossi.it\/en\/","name":"CestaroRossi","description":"Construction and maintenance in industrial plants since 1921 - italy","publisher":{"@id":"https:\/\/www.cestarorossi.it\/en\/#organization"},"potentialAction":[{"@type":"SearchAction","target":{"@type":"EntryPoint","urlTemplate":"https:\/\/www.cestarorossi.it\/en\/?s={search_term_string}"},"query-input":"required name=search_term_string"}],"inLanguage":"fr-FR"},{"@type":"Organization","@id":"https:\/\/www.cestarorossi.it\/en\/#organization","name":"CestaroRossi","url":"https:\/\/www.cestarorossi.it\/en\/","logo":{"@type":"ImageObject","inLanguage":"fr-FR","@id":"https:\/\/www.cestarorossi.it\/en\/#\/schema\/logo\/image\/","url":"https:\/\/www.cestarorossi.it\/aggiornato\/wp-content\/uploads\/2022\/07\/Cestaro-Rossi_logo-colori.png","contentUrl":"https:\/\/www.cestarorossi.it\/aggiornato\/wp-content\/uploads\/2022\/07\/Cestaro-Rossi_logo-colori.png","width":343,"height":63,"caption":"CestaroRossi"},"image":{"@id":"https:\/\/www.cestarorossi.it\/en\/#\/schema\/logo\/image\/"}}]}},"_links":{"self":[{"href":"https:\/\/www.cestarorossi.it\/fr\/wp-json\/wp\/v2\/pages\/8319"}],"collection":[{"href":"https:\/\/www.cestarorossi.it\/fr\/wp-json\/wp\/v2\/pages"}],"about":[{"href":"https:\/\/www.cestarorossi.it\/fr\/wp-json\/wp\/v2\/types\/page"}],"author":[{"embeddable":true,"href":"https:\/\/www.cestarorossi.it\/fr\/wp-json\/wp\/v2\/users\/1"}],"replies":[{"embeddable":true,"href":"https:\/\/www.cestarorossi.it\/fr\/wp-json\/wp\/v2\/comments?post=8319"}],"version-history":[{"count":3,"href":"https:\/\/www.cestarorossi.it\/fr\/wp-json\/wp\/v2\/pages\/8319\/revisions"}],"predecessor-version":[{"id":8331,"href":"https:\/\/www.cestarorossi.it\/fr\/wp-json\/wp\/v2\/pages\/8319\/revisions\/8331"}],"wp:attachment":[{"href":"https:\/\/www.cestarorossi.it\/fr\/wp-json\/wp\/v2\/media?parent=8319"}],"curies":[{"name":"wp","href":"https:\/\/api.w.org\/{rel}","templated":true}]}}