{"id":7725,"date":"2023-03-21T15:44:39","date_gmt":"2023-03-21T14:44:39","guid":{"rendered":"https:\/\/www.cestarorossi.it\/certification-en-matiere-degalite-entre-les-femmes-et-les-hommes\/"},"modified":"2025-03-20T18:57:37","modified_gmt":"2025-03-20T17:57:37","slug":"certification-en-matiere-degalite-entre-les-femmes-et-les-hommes","status":"publish","type":"page","link":"https:\/\/www.cestarorossi.it\/fr\/certification-en-matiere-degalite-entre-les-femmes-et-les-hommes\/","title":{"rendered":"Certification en mati\u00e8re d&#8217;\u00e9galit\u00e9 entre les femmes et les hommes"},"content":{"rendered":"<p><section class=\"fw-main-row \"  >\n\t<span class=\"bg-image-overlay \" style=\"\"><\/span>\n\t<div class=\"fw-container unyson_content\">\n\t\t\t\t<div class=\"container\">\n\t\t\t\t<div class=\"fw-row\">\n\t<div class=\"fw-col-xs-12   \"  >\n\t<div class=\"fw-heading fw-heading-h3 fw-heading-center    \">\n\t\t\t<h3 style='font-weight:;color:' class='fw-special-title'><span>Politique d\u2019\u00e9galit\u00e9 entre les femmes et les hommes \u2013 UNI PdR 125_2022<\/span><\/h3>\t<\/div><\/div>\n<\/div>\n\n<div class=\"fw-row\">\n\t<div class=\"fw-col-xs-12   \"  >\n\t\n\n\t<div class=\"fw-divider-space space-15x\"><\/div>\n<\/div>\n<\/div>\n\n\t\t\t\t<\/div>\n\t\t\t<\/div>\n<\/section>\n<section class=\"fw-main-row \"  >\n\t<span class=\"bg-image-overlay \" style=\"\"><\/span>\n\t<div class=\"fw-container unyson_content\">\n\t\t\t\t<div class=\"container\">\n\t\t\t\t<div class=\"fw-row\">\n\t<div class=\"fw-col-xs-12 fw-col-sm-2   \"  >\n\t<\/div>\n<div class=\"fw-col-xs-12 fw-col-sm-8   \"  >\n\t<div class=\"video-wrapper shortcode-container\">\n\t<iframe title=\"PARITA DI GENERE PDR 125\" width=\"300\" height=\"169\" src=\"https:\/\/www.youtube.com\/embed\/YYmHyzhT9r8?feature=oembed&amp;modestbranding=0&amp;showinfo=0&amp;rel=0\" allow=\"accelerometer; autoplay; clipboard-write; encrypted-media; gyroscope; picture-in-picture; web-share\" allowfullscreen><\/iframe><\/div>\n<\/div>\n<div class=\"fw-col-xs-12 fw-col-sm-2   \"  >\n\t<\/div>\n<\/div>\n\n\t\t\t\t<\/div>\n\t\t\t<\/div>\n<\/section>\n<section class=\"fw-main-row \"  >\n\t<span class=\"bg-image-overlay \" style=\"\"><\/span>\n\t<div class=\"fw-container unyson_content\">\n\t\t\t\t<div class=\"container\">\n\t\t\t\t<div class=\"fw-row\">\n\t<div class=\"fw-col-xs-12   \"  >\n\t\n\n\t<div class=\"fw-divider-space space-40x\"><\/div>\n<\/div>\n<\/div>\n\n\t\t\t\t<\/div>\n\t\t\t<\/div>\n<\/section>\n<section class=\"fw-main-row \"  >\n\t<span class=\"bg-image-overlay \" style=\"\"><\/span>\n\t<div class=\"fw-container unyson_content\">\n\t\t\t\t<div class=\"container\">\n\t\t\t\t<div class=\"fw-row\">\n\t<div class=\"fw-col-xs-12 fw-col-sm-4   \"  >\n\t<\/div>\n<div class=\"fw-col-xs-12 fw-col-sm-2   \"  >\n\t<span class=\"fw-icon\">\n\t<i class=\"fa fa-arrow-down\"><\/i>\n\t<\/span><\/div>\n<div class=\"fw-col-xs-12 fw-col-sm-6   \"  >\n\t<\/div>\n<\/div>\n\n\t\t\t\t<\/div>\n\t\t\t<\/div>\n<\/section>\n<section class=\"fw-main-row \"  >\n\t<span class=\"bg-image-overlay \" style=\"\"><\/span>\n\t<div class=\"fw-container unyson_content\">\n\t\t\t\t<div class=\"container\">\n\t\t\t\t<div class=\"fw-row\">\n\t<div class=\"fw-col-xs-12 fw-col-sm-3   \"  >\n\t<\/div>\n<div class=\"fw-col-xs-12 fw-col-sm-6   \"  >\n\t<p style=\"text-align: center;\"><strong><a href=\"https:\/\/www.cestarorossi.it\/aggiornato\/wp-content\/uploads\/2025\/02\/Politica-Uguaglianza-di-Genere-UNI-PdR-125_2022_REV1.pdf\">Politica Uguaglianza di Genere - UNI PdR 125_2022_REV1<\/a><\/strong><\/p><h5 style=\"text-align: center;\"><a href=\"https:\/\/www.cestarorossi.it\/aggiornato\/wp-content\/uploads\/2025\/02\/Politica-Uguaglianza-di-Genere-UNI-PdR-125_2022_REV1.pdf\">Download PDF<\/a><\/h5><\/div>\n<div class=\"fw-col-xs-12 fw-col-sm-15   \"  >\n\t<\/div>\n<\/div>\n\n<div class=\"fw-row\">\n\t<div class=\"fw-col-xs-12   \"  >\n\t\n\n\t<div class=\"fw-divider-space space-15x\"><\/div>\n<\/div>\n<\/div>\n\n\t\t\t\t<\/div>\n\t\t\t<\/div>\n<\/section>\n<section class=\"fw-main-row \"  >\n\t<span class=\"bg-image-overlay \" style=\"\"><\/span>\n\t<div class=\"fw-container unyson_content\">\n\t\t\t\t<div class=\"container\">\n\t\t\t\t<div class=\"fw-row\">\n\t<div class=\"fw-col-xs-12 fw-col-sm-4   \"  >\n\t<\/div>\n<div class=\"fw-col-xs-12 fw-col-sm-2   \"  >\n\t<span class=\"fw-icon\">\n\t<i class=\"fa fa-arrow-down\"><\/i>\n\t<\/span><\/div>\n<div class=\"fw-col-xs-12 fw-col-sm-6   \"  >\n\t<\/div>\n<\/div>\n\n<div class=\"fw-row\">\n\t<div class=\"fw-col-xs-12 fw-col-sm-3   \"  >\n\t<\/div>\n<div class=\"fw-col-xs-12 fw-col-sm-6   \"  >\n\t<p style=\"text-align: center;\"><strong><a href=\"https:\/\/www.cestarorossi.it\/aggiornato\/wp-content\/uploads\/2023\/04\/Certificato-UNI-PdR-125-Parita\u0300-di-Genere.pdf\">Certificato UNI PdR 125 Parita\u0300 di Genere<\/a><\/strong><\/p><h5 style=\"text-align: center;\"><a href=\"https:\/\/www.cestarorossi.it\/aggiornato\/wp-content\/uploads\/2023\/04\/Certificato-UNI-PdR-125-Parita\u0300-di-Genere.pdf\">Download PDF<\/a><\/h5><\/div>\n<div class=\"fw-col-xs-12 fw-col-sm-15   \"  >\n\t<\/div>\n<\/div>\n\n<div class=\"fw-row\">\n\t<div class=\"fw-col-xs-12   \"  >\n\t\n\n\t<div class=\"fw-divider-space space-30x\"><\/div>\n<\/div>\n<\/div>\n\n\t\t\t\t<\/div>\n\t\t\t<\/div>\n<\/section>\n<section class=\"fw-main-row \"  >\n\t<span class=\"bg-image-overlay \" style=\"\"><\/span>\n\t<div class=\"fw-container unyson_content\">\n\t\t\t\t<div class=\"container\">\n\t\t\t\t<div class=\"fw-row\">\n\t<div class=\"fw-col-xs-12 fw-col-sm-4   \"  >\n\t<\/div>\n<div class=\"fw-col-xs-12 fw-col-sm-2   \"  >\n\t<span class=\"fw-icon\">\n\t<i class=\"fa fa-arrow-down\"><\/i>\n\t<\/span><\/div>\n<div class=\"fw-col-xs-12 fw-col-sm-6   \"  >\n\t<\/div>\n<\/div>\n\n<div class=\"fw-row\">\n\t<div class=\"fw-col-xs-12 fw-col-sm-2   \"  >\n\t<\/div>\n<div class=\"fw-col-xs-12 fw-col-sm-8   \"  >\n\t<p style=\"text-align: center;\"><strong><a href=\"https:\/\/www.cestarorossi.it\/aggiornato\/wp-content\/uploads\/2023\/05\/cestaro-rossi-FOTO-PREMIO-25-MAG-2023.jpg\">Tech by Her 1\u00aa Edizione<\/a><\/strong><\/p><h5 style=\"text-align: center;\"><a href=\"https:\/\/www.cestarorossi.it\/aggiornato\/wp-content\/uploads\/2023\/05\/cestaro-rossi-FOTO-PREMIO-25-MAG-2023.jpg\">Download<\/a><\/h5><\/div>\n<div class=\"fw-col-xs-12 fw-col-sm-2   \"  >\n\t<\/div>\n<\/div>\n\n<div class=\"fw-row\">\n\t<div class=\"fw-col-xs-12   \"  >\n\t\n\n\t<div class=\"fw-divider-space space-15x\"><\/div>\n<\/div>\n<\/div>\n\n\t\t\t\t<\/div>\n\t\t\t<\/div>\n<\/section>\n<section class=\"fw-main-row \"  >\n\t<span class=\"bg-image-overlay \" style=\"\"><\/span>\n\t<div class=\"fw-container unyson_content\">\n\t\t\t\t<div class=\"container\">\n\t\t\t\t<div class=\"fw-row\">\n\t<div class=\"fw-col-xs-12 fw-col-sm-4   \"  >\n\t<\/div>\n<div class=\"fw-col-xs-12 fw-col-sm-2   \"  >\n\t<span class=\"fw-icon\">\n\t<i class=\"fa fa-arrow-down\"><\/i>\n\t<\/span><\/div>\n<div class=\"fw-col-xs-12 fw-col-sm-6   \"  >\n\t<\/div>\n<\/div>\n\n<div class=\"fw-row\">\n\t<div class=\"fw-col-xs-12 fw-col-sm-2   \"  >\n\t<\/div>\n<div class=\"fw-col-xs-12 fw-col-sm-8   \"  >\n\t<p style=\"text-align: center;\"><strong><a href=\"https:\/\/www.cestarorossi.it\/aggiornato\/wp-content\/uploads\/2025\/02\/Premio-Nazionale-Giovanni-Bovio-\u2013-Premio-Parita\u0300-di-Genere.pdf\">Premio Nazionale Giovanni Bovio \u2013 Premio Parita\u0300 di Genere<\/a><\/strong><\/p><h5 style=\"text-align: center;\"><a href=\"https:\/\/www.cestarorossi.it\/aggiornato\/wp-content\/uploads\/2023\/05\/cestaro-rossi-FOTO-PREMIO-25-MAG-2023.jpg\">Download<\/a><\/h5><\/div>\n<div class=\"fw-col-xs-12 fw-col-sm-2   \"  >\n\t<\/div>\n<\/div>\n\n<div class=\"fw-row\">\n\t<div class=\"fw-col-xs-12   \"  >\n\t\n\n\t<div class=\"fw-divider-space space-15x\"><\/div>\n<\/div>\n<\/div>\n\n\t\t\t\t<\/div>\n\t\t\t<\/div>\n<\/section>\n<section class=\"fw-main-row \"  >\n\t<span class=\"bg-image-overlay \" style=\"\"><\/span>\n\t<div class=\"fw-container unyson_content\">\n\t\t\t\t<div class=\"container\">\n\t\t\t\t<div class=\"fw-row\">\n\t<div class=\"fw-col-xs-12 fw-col-sm-4   \"  >\n\t<\/div>\n<div class=\"fw-col-xs-12 fw-col-sm-2   \"  >\n\t<span class=\"fw-icon\">\n\t<i class=\"fa fa-arrow-down\"><\/i>\n\t<\/span><\/div>\n<div class=\"fw-col-xs-12 fw-col-sm-6   \"  >\n\t<\/div>\n<\/div>\n\n<div class=\"fw-row\">\n\t<div class=\"fw-col-xs-12 fw-col-sm-2   \"  >\n\t<\/div>\n<div class=\"fw-col-xs-12 fw-col-sm-8   \"  >\n\t<p style=\"text-align: center;\"><strong><a href=\"https:\/\/www.cestarorossi.it\/aggiornato\/wp-content\/uploads\/2025\/02\/Evento-Mammografia-Gratuita-2024.pdf\">Evento Mammografia Gratuita 2024<\/a><\/strong><\/p><h5 style=\"text-align: center;\"><a href=\"https:\/\/www.cestarorossi.it\/aggiornato\/wp-content\/uploads\/2025\/02\/Evento-Mammografia-Gratuita-2024.pdf\">Download<\/a><\/h5><\/div>\n<div class=\"fw-col-xs-12 fw-col-sm-2   \"  >\n\t<\/div>\n<\/div>\n\n<div class=\"fw-row\">\n\t<div class=\"fw-col-xs-12   \"  >\n\t\n\n\t<div class=\"fw-divider-space space-15x\"><\/div>\n<\/div>\n<\/div>\n\n\t\t\t\t<\/div>\n\t\t\t<\/div>\n<\/section>\n<section class=\"fw-main-row \"  >\n\t<span class=\"bg-image-overlay \" style=\"\"><\/span>\n\t<div class=\"fw-container unyson_content\">\n\t\t\t\t<div class=\"container\">\n\t\t\t\t<div class=\"fw-row\">\n\t<div class=\"fw-col-xs-12 fw-col-sm-4   \"  >\n\t<\/div>\n<div class=\"fw-col-xs-12 fw-col-sm-2   \"  >\n\t<span class=\"fw-icon\">\n\t<i class=\"fa fa-arrow-down\"><\/i>\n\t<\/span><\/div>\n<div class=\"fw-col-xs-12 fw-col-sm-6   \"  >\n\t<\/div>\n<\/div>\n\n<div class=\"fw-row\">\n\t<div class=\"fw-col-xs-12 fw-col-sm-2   \"  >\n\t<\/div>\n<div class=\"fw-col-xs-12 fw-col-sm-8   \"  >\n\t<p style=\"text-align: center;\"><strong><a href=\"https:\/\/www.cestarorossi.it\/aggiornato\/wp-content\/uploads\/2025\/03\/REGOLAMENTO-DI-WHISTLEBLOWING-REV-5-18-02-2025.pdf\" target=\"_blank\" rel=\"noopener\">REGOLAMENTO-DI-WHISTLEBLOWING-REV-5-18-02-2025<\/a><\/strong><\/p><h5 style=\"text-align: center;\"><a href=\"https:\/\/www.cestarorossi.it\/aggiornato\/wp-content\/uploads\/2025\/03\/REGOLAMENTO-DI-WHISTLEBLOWING-REV-5-18-02-2025.pdf\" target=\"_blank\" rel=\"noopener\">Download<\/a><\/h5><\/div>\n<div class=\"fw-col-xs-12 fw-col-sm-2   \"  >\n\t<\/div>\n<\/div>\n\n<div class=\"fw-row\">\n\t<div class=\"fw-col-xs-12   \"  >\n\t\n\n\t<div class=\"fw-divider-space space-15x\"><\/div>\n<\/div>\n<\/div>\n\n\t\t\t\t<\/div>\n\t\t\t<\/div>\n<\/section>\n<\/p>\n","protected":false},"excerpt":{"rendered":"<p>Politique d\u2019\u00e9galit\u00e9 entre les femmes et les hommes \u2013 UNI PdR 125_2022 Politica Uguaglianza di Genere &#8211; UNI PdR 125_2022_REV1Download PDF Certificato UNI PdR 125<span class=\"excerpt-more\"><a href=\"https:\/\/www.cestarorossi.it\/fr\/certification-en-matiere-degalite-entre-les-femmes-et-les-hommes\/\" class=\"more-link\"> [&hellip;] <span class=\"screen-reader-text\">Certification en mati\u00e8re d&#8217;\u00e9galit\u00e9 entre les femmes et les hommes<\/span><\/a><\/span><\/p>\n","protected":false},"author":1,"featured_media":0,"parent":0,"menu_order":0,"comment_status":"closed","ping_status":"closed","template":"page-wo-sidebar.php","meta":[],"yoast_head":"<!-- This site is optimized with the Yoast SEO plugin v19.14 - https:\/\/yoast.com\/wordpress\/plugins\/seo\/ -->\r\n<title>Certification en mati\u00e8re d&#039;\u00e9galit\u00e9 entre les femmes et les hommes - CestaroRossi<\/title>\r\n<meta name=\"robots\" content=\"index, follow, max-snippet:-1, max-image-preview:large, max-video-preview:-1\" \/>\r\n<link rel=\"canonical\" href=\"https:\/\/www.cestarorossi.it\/fr\/certification-en-matiere-degalite-entre-les-femmes-et-les-hommes\/\" \/>\r\n<meta property=\"og:locale\" content=\"fr_FR\" \/>\r\n<meta property=\"og:type\" content=\"article\" \/>\r\n<meta property=\"og:title\" content=\"Certification en mati\u00e8re d&#039;\u00e9galit\u00e9 entre les femmes et les hommes - CestaroRossi\" \/>\r\n<meta property=\"og:description\" content=\"Politique d\u2019\u00e9galit\u00e9 entre les femmes et les hommes \u2013 UNI PdR 125_2022 Politica Uguaglianza di Genere - UNI PdR 125_2022_REV1Download PDF Certificato UNI PdR 125 [&hellip;] Certification en mati\u00e8re d&#8217;\u00e9galit\u00e9 entre les femmes et les hommes\" \/>\r\n<meta property=\"og:url\" content=\"https:\/\/www.cestarorossi.it\/fr\/certification-en-matiere-degalite-entre-les-femmes-et-les-hommes\/\" \/>\r\n<meta property=\"og:site_name\" content=\"CestaroRossi\" \/>\r\n<meta property=\"article:modified_time\" content=\"2025-03-20T17:57:37+00:00\" \/>\r\n<meta name=\"twitter:card\" content=\"summary_large_image\" \/>\r\n<meta name=\"twitter:label1\" content=\"Dur\u00e9e de lecture estim\u00e9e\" \/>\n\t<meta name=\"twitter:data1\" content=\"1 minute\" \/>\r\n<script type=\"application\/ld+json\" class=\"yoast-schema-graph\">{\"@context\":\"https:\/\/schema.org\",\"@graph\":[{\"@type\":\"WebPage\",\"@id\":\"https:\/\/www.cestarorossi.it\/fr\/certification-en-matiere-degalite-entre-les-femmes-et-les-hommes\/\",\"url\":\"https:\/\/www.cestarorossi.it\/fr\/certification-en-matiere-degalite-entre-les-femmes-et-les-hommes\/\",\"name\":\"Certification en mati\u00e8re d'\u00e9galit\u00e9 entre les femmes et les hommes - CestaroRossi\",\"isPartOf\":{\"@id\":\"https:\/\/www.cestarorossi.it\/en\/#website\"},\"datePublished\":\"2023-03-21T14:44:39+00:00\",\"dateModified\":\"2025-03-20T17:57:37+00:00\",\"breadcrumb\":{\"@id\":\"https:\/\/www.cestarorossi.it\/fr\/certification-en-matiere-degalite-entre-les-femmes-et-les-hommes\/#breadcrumb\"},\"inLanguage\":\"fr-FR\",\"potentialAction\":[{\"@type\":\"ReadAction\",\"target\":[\"https:\/\/www.cestarorossi.it\/fr\/certification-en-matiere-degalite-entre-les-femmes-et-les-hommes\/\"]}]},{\"@type\":\"BreadcrumbList\",\"@id\":\"https:\/\/www.cestarorossi.it\/fr\/certification-en-matiere-degalite-entre-les-femmes-et-les-hommes\/#breadcrumb\",\"itemListElement\":[{\"@type\":\"ListItem\",\"position\":1,\"name\":\"Home\",\"item\":\"https:\/\/www.cestarorossi.it\/fr\/\"},{\"@type\":\"ListItem\",\"position\":2,\"name\":\"Certification en mati\u00e8re d&#8217;\u00e9galit\u00e9 entre les femmes et les hommes\"}]},{\"@type\":\"WebSite\",\"@id\":\"https:\/\/www.cestarorossi.it\/en\/#website\",\"url\":\"https:\/\/www.cestarorossi.it\/en\/\",\"name\":\"CestaroRossi\",\"description\":\"Construction and maintenance in industrial plants since 1921 - italy\",\"publisher\":{\"@id\":\"https:\/\/www.cestarorossi.it\/en\/#organization\"},\"potentialAction\":[{\"@type\":\"SearchAction\",\"target\":{\"@type\":\"EntryPoint\",\"urlTemplate\":\"https:\/\/www.cestarorossi.it\/en\/?s={search_term_string}\"},\"query-input\":\"required name=search_term_string\"}],\"inLanguage\":\"fr-FR\"},{\"@type\":\"Organization\",\"@id\":\"https:\/\/www.cestarorossi.it\/en\/#organization\",\"name\":\"CestaroRossi\",\"url\":\"https:\/\/www.cestarorossi.it\/en\/\",\"logo\":{\"@type\":\"ImageObject\",\"inLanguage\":\"fr-FR\",\"@id\":\"https:\/\/www.cestarorossi.it\/en\/#\/schema\/logo\/image\/\",\"url\":\"https:\/\/www.cestarorossi.it\/aggiornato\/wp-content\/uploads\/2022\/07\/Cestaro-Rossi_logo-colori.png\",\"contentUrl\":\"https:\/\/www.cestarorossi.it\/aggiornato\/wp-content\/uploads\/2022\/07\/Cestaro-Rossi_logo-colori.png\",\"width\":343,\"height\":63,\"caption\":\"CestaroRossi\"},\"image\":{\"@id\":\"https:\/\/www.cestarorossi.it\/en\/#\/schema\/logo\/image\/\"}}]}<\/script>\r\n<!-- \/ Yoast SEO plugin. -->","yoast_head_json":{"title":"Certification en mati\u00e8re d'\u00e9galit\u00e9 entre les femmes et les hommes - CestaroRossi","robots":{"index":"index","follow":"follow","max-snippet":"max-snippet:-1","max-image-preview":"max-image-preview:large","max-video-preview":"max-video-preview:-1"},"canonical":"https:\/\/www.cestarorossi.it\/fr\/certification-en-matiere-degalite-entre-les-femmes-et-les-hommes\/","og_locale":"fr_FR","og_type":"article","og_title":"Certification en mati\u00e8re d'\u00e9galit\u00e9 entre les femmes et les hommes - CestaroRossi","og_description":"Politique d\u2019\u00e9galit\u00e9 entre les femmes et les hommes \u2013 UNI PdR 125_2022 Politica Uguaglianza di Genere - UNI PdR 125_2022_REV1Download PDF Certificato UNI PdR 125 [&hellip;] Certification en mati\u00e8re d&#8217;\u00e9galit\u00e9 entre les femmes et les hommes","og_url":"https:\/\/www.cestarorossi.it\/fr\/certification-en-matiere-degalite-entre-les-femmes-et-les-hommes\/","og_site_name":"CestaroRossi","article_modified_time":"2025-03-20T17:57:37+00:00","twitter_card":"summary_large_image","twitter_misc":{"Dur\u00e9e de lecture estim\u00e9e":"1 minute"},"schema":{"@context":"https:\/\/schema.org","@graph":[{"@type":"WebPage","@id":"https:\/\/www.cestarorossi.it\/fr\/certification-en-matiere-degalite-entre-les-femmes-et-les-hommes\/","url":"https:\/\/www.cestarorossi.it\/fr\/certification-en-matiere-degalite-entre-les-femmes-et-les-hommes\/","name":"Certification en mati\u00e8re d'\u00e9galit\u00e9 entre les femmes et les hommes - CestaroRossi","isPartOf":{"@id":"https:\/\/www.cestarorossi.it\/en\/#website"},"datePublished":"2023-03-21T14:44:39+00:00","dateModified":"2025-03-20T17:57:37+00:00","breadcrumb":{"@id":"https:\/\/www.cestarorossi.it\/fr\/certification-en-matiere-degalite-entre-les-femmes-et-les-hommes\/#breadcrumb"},"inLanguage":"fr-FR","potentialAction":[{"@type":"ReadAction","target":["https:\/\/www.cestarorossi.it\/fr\/certification-en-matiere-degalite-entre-les-femmes-et-les-hommes\/"]}]},{"@type":"BreadcrumbList","@id":"https:\/\/www.cestarorossi.it\/fr\/certification-en-matiere-degalite-entre-les-femmes-et-les-hommes\/#breadcrumb","itemListElement":[{"@type":"ListItem","position":1,"name":"Home","item":"https:\/\/www.cestarorossi.it\/fr\/"},{"@type":"ListItem","position":2,"name":"Certification en mati\u00e8re d&#8217;\u00e9galit\u00e9 entre les femmes et les hommes"}]},{"@type":"WebSite","@id":"https:\/\/www.cestarorossi.it\/en\/#website","url":"https:\/\/www.cestarorossi.it\/en\/","name":"CestaroRossi","description":"Construction and maintenance in industrial plants since 1921 - italy","publisher":{"@id":"https:\/\/www.cestarorossi.it\/en\/#organization"},"potentialAction":[{"@type":"SearchAction","target":{"@type":"EntryPoint","urlTemplate":"https:\/\/www.cestarorossi.it\/en\/?s={search_term_string}"},"query-input":"required name=search_term_string"}],"inLanguage":"fr-FR"},{"@type":"Organization","@id":"https:\/\/www.cestarorossi.it\/en\/#organization","name":"CestaroRossi","url":"https:\/\/www.cestarorossi.it\/en\/","logo":{"@type":"ImageObject","inLanguage":"fr-FR","@id":"https:\/\/www.cestarorossi.it\/en\/#\/schema\/logo\/image\/","url":"https:\/\/www.cestarorossi.it\/aggiornato\/wp-content\/uploads\/2022\/07\/Cestaro-Rossi_logo-colori.png","contentUrl":"https:\/\/www.cestarorossi.it\/aggiornato\/wp-content\/uploads\/2022\/07\/Cestaro-Rossi_logo-colori.png","width":343,"height":63,"caption":"CestaroRossi"},"image":{"@id":"https:\/\/www.cestarorossi.it\/en\/#\/schema\/logo\/image\/"}}]}},"_links":{"self":[{"href":"https:\/\/www.cestarorossi.it\/fr\/wp-json\/wp\/v2\/pages\/7725"}],"collection":[{"href":"https:\/\/www.cestarorossi.it\/fr\/wp-json\/wp\/v2\/pages"}],"about":[{"href":"https:\/\/www.cestarorossi.it\/fr\/wp-json\/wp\/v2\/types\/page"}],"author":[{"embeddable":true,"href":"https:\/\/www.cestarorossi.it\/fr\/wp-json\/wp\/v2\/users\/1"}],"replies":[{"embeddable":true,"href":"https:\/\/www.cestarorossi.it\/fr\/wp-json\/wp\/v2\/comments?post=7725"}],"version-history":[{"count":9,"href":"https:\/\/www.cestarorossi.it\/fr\/wp-json\/wp\/v2\/pages\/7725\/revisions"}],"predecessor-version":[{"id":8555,"href":"https:\/\/www.cestarorossi.it\/fr\/wp-json\/wp\/v2\/pages\/7725\/revisions\/8555"}],"wp:attachment":[{"href":"https:\/\/www.cestarorossi.it\/fr\/wp-json\/wp\/v2\/media?parent=7725"}],"curies":[{"name":"wp","href":"https:\/\/api.w.org\/{rel}","templated":true}]}}