{"id":6473,"date":"2022-07-10T17:30:25","date_gmt":"2022-07-10T15:30:25","guid":{"rendered":"https:\/\/www.cestarorossi.it\/histoire\/ingenierie-des-installations\/"},"modified":"2023-01-20T10:25:27","modified_gmt":"2023-01-20T09:25:27","slug":"ingenierie-des-installations","status":"publish","type":"page","link":"https:\/\/www.cestarorossi.it\/fr\/histoire\/ingenierie-des-installations\/","title":{"rendered":"Structure des installations"},"content":{"rendered":"<section class=\"fw-main-row \">\n<div class=\"fw-container unyson_content\">\n<div class=\"container\">\n<div class=\"fw-row\">\n<div class=\"fw-col-xs-12 \">\n<div class=\"fw-heading fw-heading-h1 fw-heading-center fw-heading-w-subtitle fw-heading-alternate \">\n<h1 class=\"fw-special-title\" style=\"text-align: center;\">CONSTRUCTIONS ET MONTAGES INSTALLATIONS<\/h1>\n<div class=\"fw-special-subtitle\" style=\"text-align: center;\">\n<h3 class=\"fw-special-title\" style=\"text-align: center;\">MODERNISATION INSTALLATIONS EXISTANTES<\/h3>\n<\/div>\n<\/div>\n<div class=\"fw-divider-space space-25x\"><\/div>\n<\/div>\n<\/div>\n<\/div>\n<\/div>\n<\/section>\n<section class=\"fw-main-row \">\n<div class=\"fw-container unyson_content\">\n<div class=\"container\">\n<div class=\"fw-row\">\n<div class=\"fw-col-xs-12 \">\n<p><img loading=\"lazy\" class=\"alignnone size-full wp-image-7329\" src=\"https:\/\/www.cestarorossi.it\/aggiornato\/wp-content\/uploads\/2023\/01\/Cestaro-Rossi_PREFABBRICAZIONE-1200x640-2.jpeg\" alt=\"\" width=\"1200\" height=\"640\" srcset=\"https:\/\/www.cestarorossi.it\/aggiornato\/wp-content\/uploads\/2023\/01\/Cestaro-Rossi_PREFABBRICAZIONE-1200x640-2.jpeg 1200w, https:\/\/www.cestarorossi.it\/aggiornato\/wp-content\/uploads\/2023\/01\/Cestaro-Rossi_PREFABBRICAZIONE-1200x640-2-300x160.jpeg 300w, https:\/\/www.cestarorossi.it\/aggiornato\/wp-content\/uploads\/2023\/01\/Cestaro-Rossi_PREFABBRICAZIONE-1200x640-2-1024x546.jpeg 1024w, https:\/\/www.cestarorossi.it\/aggiornato\/wp-content\/uploads\/2023\/01\/Cestaro-Rossi_PREFABBRICAZIONE-1200x640-2-768x410.jpeg 768w\" sizes=\"(max-width: 1200px) 100vw, 1200px\" \/><\/p>\n<div class=\"fw-divider-line\">\n<hr \/>\n<\/div>\n<\/div>\n<\/div>\n<\/div>\n<\/div>\n<\/section>\n<section class=\"fw-main-row \">\n<div class=\"fw-container unyson_content\">\n<div class=\"container\">\n<div class=\"fw-row\">\n<div class=\"fw-col-xs-12 fw-col-sm-4 \">\n<blockquote>\n<h2 style=\"text-align: left;\"><em><strong><span style=\"color: #256f6b;\">PR\u00c9FABRICATION<\/span><\/strong><\/em><\/h2>\n<\/blockquote>\n<h2 style=\"text-align: left;\"><\/h2>\n<\/div>\n<div class=\"fw-col-xs-12 fw-col-sm-2 \"><\/div>\n<div class=\"fw-col-xs-12 fw-col-sm-6 \">\n<ul>\n<li>Programmation et coordination activite\u0301s<\/li>\n<li>Structures en Acier<\/li>\n<li>Tuyaux et Acier au carbone et en alliage d\u2019acier de tout diame\u0300tre et e\u0301paisseur<\/li>\n<li>Cadres e\u0301lectriques BT\/MT<\/li>\n<li>Panneaux de contr\u00f4le et de commande<\/li>\n<\/ul>\n<\/div>\n<\/div>\n<\/div>\n<\/div>\n<\/section>\n<section class=\"fw-main-row \">\n<div class=\"fw-container unyson_content\">\n<div class=\"container\">\n<div class=\"fw-row\">\n<div class=\"fw-col-xs-12 \">\n<div class=\"fw-divider-space space-15x\"><\/div>\n<\/div>\n<\/div>\n<\/div>\n<\/div>\n<\/section>\n<section class=\"fw-main-row section-bg-image-parallax section-dark-bg\" style=\"background-image: url('https:\/\/www.effort-studio.it\/cestaro\/wp-content\/uploads\/2022\/07\/Cestaro-Rossi_BANNER-montaggi.jpg'); background-position: center center; background-attachment: scroll; background-size: initial;\">\n<div class=\"fw-container-fluid-no unyson_fullwidth\">\n<div class=\"container has-container\">\n<div class=\"fw-row\">\n<div class=\"fw-col-xs-12 \">\n<div class=\"fw-divider-space space-25x\"><\/div>\n<\/div>\n<\/div>\n<div class=\"fw-row\">\n<div class=\"fw-col-xs-12 \">\n<blockquote>\n<h2 style=\"text-align: left;\"><strong><em><span style=\"color: #ffffff;\">MONTAGES<\/span><\/em><\/strong><\/h2>\n<p style=\"text-align: left;\">\n<\/blockquote>\n<h2 style=\"text-align: left;\"><\/h2>\n<\/div>\n<\/div>\n<div class=\"fw-row\">\n<div class=\"fw-col-xs-12 fw-col-sm-6 \">\n<ul>\n<li><span style=\"color: #ffffff;\">Planification et coordination des activit\u00e9s<\/span><\/li>\n<li><span style=\"color: #ffffff;\">\u00c9quipement de menuiserie<\/span><\/li>\n<li><span style=\"color: #ffffff;\">M\u00e9caniciens de chaudi\u00e8res<\/span><\/li>\n<li><span style=\"color: #ffffff;\">Les activit\u00e9s pr\u00e9paratoires \u00e0 la tuyauterie d\u00e9marrent toutes<\/span><\/li>\n<li><span style=\"color: #ffffff;\">Installation de l&#8217;\u00e9quipement \u00e9lectrique et de l&#8217;instrumentation dans la salle de contr\u00f4le<\/span><\/li>\n<\/ul>\n<div class=\"fw-divider-space space-50x\"><\/div>\n<\/div>\n<div class=\"fw-col-xs-12 fw-col-sm-6 \">\n<ul>\n<li><span style=\"color: #ffffff;\">Cabines de distribution et de transformation de l&#8217;\u00e9nergie \u00e9lectrique <\/span><\/li>\n<li><span style=\"color: #ffffff;\">Instruments de mesure et contr\u00f4les sur le terrain<\/span><\/li>\n<li><span style=\"color: #ffffff;\">Pose de c\u00e2bles et de signaux BT\/MV\/AT <\/span><\/li>\n<li><span style=\"color: #ffffff;\">Raccordement des \u00e9quipements et instruments \u00e9lectriques <\/span><\/li>\n<li><span style=\"color: #ffffff;\">\u00c9talonnage des instruments <\/span><\/li>\n<li><span style=\"color: #ffffff;\">Syst\u00e8mes d&#8217;automatisation et de contr\u00f4le \u00e0 distance <\/span><\/li>\n<li><span style=\"color: #ffffff;\">Syst\u00e8mes de d\u00e9tection et d&#8217;extinction d&#8217;incendie<\/span><\/li>\n<\/ul>\n<\/div>\n<\/div>\n<\/div>\n<\/div>\n<\/section>\n<section class=\"fw-main-row \">\n<div class=\"fw-container unyson_content\">\n<div class=\"container\">\n<div class=\"fw-row\">\n<div class=\"fw-col-xs-12 \"><\/div>\n<\/div>\n<div class=\"fw-row\">\n<div class=\"fw-col-xs-12 \">\n<div class=\"fw-divider-space space-15x\"><\/div>\n<\/div>\n<\/div>\n<div class=\"fw-row\">\n<div class=\"fw-col-xs-12 \">\n<div class=\"fw-divider-space space-15x\"><img loading=\"lazy\" class=\"alignnone size-full wp-image-6328\" src=\"https:\/\/www.cestarorossi.it\/aggiornato\/wp-content\/uploads\/2022\/09\/cestaro-rossi-saldatura.jpg\" alt=\"\" width=\"1500\" height=\"1001\" srcset=\"https:\/\/www.cestarorossi.it\/aggiornato\/wp-content\/uploads\/2022\/09\/cestaro-rossi-saldatura.jpg 1500w, https:\/\/www.cestarorossi.it\/aggiornato\/wp-content\/uploads\/2022\/09\/cestaro-rossi-saldatura-300x200.jpg 300w, https:\/\/www.cestarorossi.it\/aggiornato\/wp-content\/uploads\/2022\/09\/cestaro-rossi-saldatura-1024x683.jpg 1024w, https:\/\/www.cestarorossi.it\/aggiornato\/wp-content\/uploads\/2022\/09\/cestaro-rossi-saldatura-768x513.jpg 768w, https:\/\/www.cestarorossi.it\/aggiornato\/wp-content\/uploads\/2022\/09\/cestaro-rossi-saldatura-770x513.jpg 770w\" sizes=\"(max-width: 1500px) 100vw, 1500px\" \/><\/div>\n<\/div>\n<\/div>\n<div class=\"fw-row\">\n<div class=\"fw-col-xs-12 \">\n<div class=\"fw-divider-space space-15x\"><\/div>\n<\/div>\n<\/div>\n<div class=\"fw-row\"><\/div>\n<div class=\"fw-row\">\n<div class=\"fw-col-xs-12 \">\n<div class=\"fw-divider-space space-15x\"><\/div>\n<\/div>\n<\/div>\n<\/div>\n<\/div>\n<\/section>\n<section class=\"fw-main-row \">\n<div class=\"fw-container unyson_content\">\n<div class=\"container\">\n<div class=\"fw-row\">\n<div class=\"fw-col-xs-12 fw-col-sm-3 \">\n<div class=\"fw-divider-line\">\n<hr \/>\n<\/div>\n<\/div>\n<div class=\"fw-col-xs-12 fw-col-sm-8 \">\n<h5>Selon les besoins du client, notre soci\u00e9t\u00e9 peut :<\/h5>\n<\/div>\n<\/div>\n<\/div>\n<\/div>\n<\/section>\n<section class=\"fw-main-row \">\n<div class=\"fw-container unyson_content\">\n<div class=\"container\">\n<div class=\"fw-row\">\n<div class=\"fw-col-xs-12 fw-col-sm-2 \"><\/div>\n<div class=\"fw-col-xs-12 fw-col-sm-9 \">\n<ul>\n<li>effectuer uniquement et exclusivement les travaux m\u00e9caniques et\/ou \u00e9lectro-instrumentaux qui lui sont confi\u00e9s par contrat<\/li>\n<li>R\u00e9aliser des travaux m\u00e9caniques et\/ou \u00e9lectro-instrumentaux et agir en tant que &#8220;ma\u00eetre d&#8217;\u0153uvre&#8221; \u00e0 la demande du client, avec la responsabilit\u00e9 de coordonner le travail des autres entrepreneurs impliqu\u00e9s.<\/li>\n<li>Assumer l&#8217;enti\u00e8re responsabilit\u00e9 de la construction et de l&#8217;assemblage sur une base cl\u00e9 en main pour toutes les activit\u00e9s n\u00e9cessaires \u00e0 la livraison de l&#8217;usine finie et pr\u00eate \u00e0 fonctionner.<\/li>\n<\/ul>\n<\/div>\n<\/div>\n<\/div>\n<\/div>\n<\/section>\n<section class=\"fw-main-row \">\n<div class=\"fw-container unyson_content\">\n<div class=\"container\">\n<div class=\"fw-row\">\n<div class=\"fw-col-xs-12 \">\n<div class=\"fw-divider-space space-40x\"><\/div>\n<\/div>\n<\/div>\n<\/div>\n<\/div>\n<\/section>\n<section class=\"fw-main-row \">\n<div class=\"fw-container unyson_content\">\n<div class=\"container\">\n<div class=\"fw-row\">\n<div class=\"fw-col-xs-12 fw-col-sm-3 \">\n<blockquote>\n<h2 style=\"text-align: left;\"><strong><em><span style=\"color: #256f6b;\">NOS TRAVAUX<\/span><\/em><\/strong><\/h2>\n<h4 style=\"text-align: left;\"><em><span style=\"color: #256f6b;\">LES PLUS IMPORTANTES DE CES DERNI\u00c8RES ANN\u00c9ES<\/span><\/em><\/h4>\n<\/blockquote>\n<h2 style=\"text-align: left;\"><\/h2>\n<\/div>\n<div class=\"fw-col-xs-12 fw-col-sm-4 \">\n<ul>\n<li><strong>Iter Organisation &#8211; Saint Paul-lez-Durance (France)<\/strong> &#8211; ann\u00e9es 2018 &#8211; 2020 &#8211; Contrat pour la construction m\u00e9canique, \u00e9lectrique et d&#8217;instrumentation de l&#8217;\u00e9quilibre de l&#8217;usine 1 et 2 de la nouvelle centrale nucl\u00e9aire de fusion.<\/li>\n<li><strong>Raffinerie Total de La mede (France<\/strong> ) &#8211; ann\u00e9es 2017-2018 &#8211; Construction d&#8217;une nouvelle unit\u00e9 de pr\u00e9traitement des hydrocarbures avec fourniture, pr\u00e9fabrication et montage des tuyauteries et charpentes m\u00e9talliques, montage des \u00e9quipements, CND, peinture et isolation.<\/li>\n<li><strong>Kinetics Technology SpA &#8211; Groupe Maire Tecnimont &#8211; Raffinerie de Milazzo<\/strong> &#8211; ann\u00e9es 2017-2018 &#8211; Assemblages \u00e9lectriques et instrumentaux pour la construction de la nouvelle usine de soufre.<\/li>\n<li><strong>Groupe Masol &#8211; Livorno<\/strong> &#8211; ann\u00e9es 2016-2018 &#8211; Construction de la nouvelle unit\u00e9 Biodisel dans l&#8217;usine de production de Livorno avec fourniture, pr\u00e9fabrication et montage des tuyaux et de la charpenterie m\u00e9tallique, montage des \u00e9quipements, CND, peinture et isolation.<\/li>\n<li><strong>Groupe Masol &#8211; Livorno<\/strong> &#8211; ann\u00e9es 2016-2018 &#8211; Construction de la nouvelle unit\u00e9 Biodisel dans l&#8217;usine de production de Livorno avec fourniture, pr\u00e9fabrication et montage des tuyaux et de la charpenterie m\u00e9tallique, montage des \u00e9quipements, CND, peinture et isolation.<\/li>\n<li><strong>Foster Wheeler<\/strong> &#8211; Raffinerie de Milazzo &#8211; ann\u00e9e 2015 &#8211; Revamping Electrical and Instrumentation Plant FCC Raffinerie de Milazzo<\/li>\n<\/ul>\n<\/div>\n<div class=\"fw-col-xs-12 fw-col-sm-4 \">\n<ul>\n<li><strong>ENAV &#8211; A\u00e9roport Ciampino &#8211; Rome<\/strong> &#8211; Ann\u00e9e 2014 &#8211; Contrat pour la conception, la fourniture et l&#8217;installation de la nouvelle cabine \u00e9lectrique MV\/LV \u00e0 l&#8217;int\u00e9rieur de l&#8217;a\u00e9roport Ciampino de Rome Sanofi Aventis &#8211; Usine pharmaceutique de Brindisi &#8211; Ann\u00e9e 2011 &#8211; Travaux d&#8217;\u00e9lectricit\u00e9-instrumentation pour la construction de la nouvelle usine &#8220;Spiramicina<\/li>\n<li><strong>ENI Raffineria<\/strong> di TARANTO ann\u00e9e 2010 Revamping des usines CDU et EST ENI Raffineria di TARANTO ann\u00e9e 2011 Revamping des usines PLATFORMING<\/li>\n<li><strong>ENI Raffineria di TARANTO<\/strong> ann\u00e9es 2008-2009 Construction et montage de la nouvelle usine de soufre (RSU 2900 &#8211; Client SIIRTEC NIGI ) en tant qu&#8217;entrepreneur unique pour toutes les activit\u00e9s connexes (travaux m\u00e9caniques, travaux \u00e9lectro-instrumentaux, montage et mise en service des machines tournantes, travaux civils, peinture, \u00e9chafaudages, isolation, etc.)<\/li>\n<li><strong>Centrale \u00e9lectrique \u00e0 gaz ALSTOM<\/strong> 2007-2008-2009. Travaux de construction et de montage m\u00e9caniques, travaux \u00e9lectro-instrumentaux, travaux de construction de r\u00e9seaux de distribution \u00e9lectrique, travaux de montage d&#8217;\u00e9quipements \u00e9lectriques, travaux de montage de panneaux \u00e9lectriques, etc.<\/li>\n<li><strong>RAFFINERIE DE MILAZZO<\/strong> &#8211; ann\u00e9e 2012 Revamping de l&#8217;installation VACUUM<\/li>\n<\/ul>\n<\/div>\n<\/div>\n<\/div>\n<\/div>\n<\/section>\n<section class=\"fw-main-row \">\n<div class=\"fw-container unyson_content\">\n<div class=\"container\">\n<div class=\"fw-row\">\n<div class=\"fw-col-xs-12 \">\n<div class=\"fw-divider-space space-20x\"><\/div>\n<\/div>\n<\/div>\n<div class=\"fw-row\">\n<div class=\"fw-col-xs-12 fw-col-sm-4 \"><\/div>\n<div class=\"fw-col-xs-12 fw-col-sm-4 \">\n<p style=\"text-align: center;\"><a class=\"fw-btn fw-btn-1 \" href=\"https:\/\/www.cestarorossi.it\/aggiornato\/wp-content\/uploads\/2022\/12\/Cestaro-Rossi_PRINCIPAUX-TRAVAUX-EFFECTUES.pdf\" target=\"_blank\" rel=\"noopener\"><br \/>\nPARCOURIR LA GALERIE<br \/>\n<\/a><\/p>\n<\/div>\n<div class=\"fw-col-xs-12 fw-col-sm-4 \"><\/div>\n<\/div>\n<\/div>\n<\/div>\n<\/section>\n<p><!-- 92fc1fbcaf2e781eaddef941909bb5aa --><\/p>\n","protected":false},"excerpt":{"rendered":"<p>CONSTRUCTIONS ET MONTAGES INSTALLATIONS MODERNISATION INSTALLATIONS EXISTANTES PR\u00c9FABRICATION Programmation et coordination activite\u0301s Structures en Acier Tuyaux et Acier au carbone et en alliage d\u2019acier de<span class=\"excerpt-more\"><a href=\"https:\/\/www.cestarorossi.it\/fr\/histoire\/ingenierie-des-installations\/\" class=\"more-link\"> [&hellip;] <span class=\"screen-reader-text\">Structure des installations<\/span><\/a><\/span><\/p>\n","protected":false},"author":1,"featured_media":0,"parent":6446,"menu_order":0,"comment_status":"closed","ping_status":"closed","template":"page-wo-sidebar.php","meta":[],"yoast_head":"<!-- This site is optimized with the Yoast SEO plugin v19.14 - https:\/\/yoast.com\/wordpress\/plugins\/seo\/ -->\r\n<title>Structure des installations - CestaroRossi<\/title>\r\n<meta name=\"robots\" content=\"index, follow, max-snippet:-1, max-image-preview:large, max-video-preview:-1\" \/>\r\n<link rel=\"canonical\" href=\"https:\/\/www.cestarorossi.it\/fr\/histoire\/ingenierie-des-installations\/\" \/>\r\n<meta property=\"og:locale\" content=\"fr_FR\" \/>\r\n<meta property=\"og:type\" content=\"article\" \/>\r\n<meta property=\"og:title\" content=\"Structure des installations - CestaroRossi\" \/>\r\n<meta property=\"og:description\" content=\"CONSTRUCTIONS ET MONTAGES INSTALLATIONS MODERNISATION INSTALLATIONS EXISTANTES PR\u00c9FABRICATION Programmation et coordination activite\u0301s Structures en Acier Tuyaux et Acier au carbone et en alliage d\u2019acier de [&hellip;] Structure des installations\" \/>\r\n<meta property=\"og:url\" content=\"https:\/\/www.cestarorossi.it\/fr\/histoire\/ingenierie-des-installations\/\" \/>\r\n<meta property=\"og:site_name\" content=\"CestaroRossi\" \/>\r\n<meta property=\"article:modified_time\" content=\"2023-01-20T09:25:27+00:00\" \/>\r\n<meta property=\"og:image\" content=\"https:\/\/www.cestarorossi.it\/aggiornato\/wp-content\/uploads\/2023\/01\/Cestaro-Rossi_PREFABBRICAZIONE-1200x640-2.jpeg\" \/>\r\n<meta name=\"twitter:card\" content=\"summary_large_image\" \/>\r\n<meta name=\"twitter:label1\" content=\"Dur\u00e9e de lecture estim\u00e9e\" \/>\n\t<meta name=\"twitter:data1\" content=\"4 minutes\" \/>\r\n<script type=\"application\/ld+json\" class=\"yoast-schema-graph\">{\"@context\":\"https:\/\/schema.org\",\"@graph\":[{\"@type\":\"WebPage\",\"@id\":\"https:\/\/www.cestarorossi.it\/fr\/histoire\/ingenierie-des-installations\/\",\"url\":\"https:\/\/www.cestarorossi.it\/fr\/histoire\/ingenierie-des-installations\/\",\"name\":\"Structure des installations - CestaroRossi\",\"isPartOf\":{\"@id\":\"https:\/\/www.cestarorossi.it\/en\/#website\"},\"datePublished\":\"2022-07-10T15:30:25+00:00\",\"dateModified\":\"2023-01-20T09:25:27+00:00\",\"breadcrumb\":{\"@id\":\"https:\/\/www.cestarorossi.it\/fr\/histoire\/ingenierie-des-installations\/#breadcrumb\"},\"inLanguage\":\"fr-FR\",\"potentialAction\":[{\"@type\":\"ReadAction\",\"target\":[\"https:\/\/www.cestarorossi.it\/fr\/histoire\/ingenierie-des-installations\/\"]}]},{\"@type\":\"BreadcrumbList\",\"@id\":\"https:\/\/www.cestarorossi.it\/fr\/histoire\/ingenierie-des-installations\/#breadcrumb\",\"itemListElement\":[{\"@type\":\"ListItem\",\"position\":1,\"name\":\"Home\",\"item\":\"https:\/\/www.cestarorossi.it\/fr\/\"},{\"@type\":\"ListItem\",\"position\":2,\"name\":\"Histoire\",\"item\":\"https:\/\/www.cestarorossi.it\/fr\/histoire\/\"},{\"@type\":\"ListItem\",\"position\":3,\"name\":\"Structure des installations\"}]},{\"@type\":\"WebSite\",\"@id\":\"https:\/\/www.cestarorossi.it\/en\/#website\",\"url\":\"https:\/\/www.cestarorossi.it\/en\/\",\"name\":\"CestaroRossi\",\"description\":\"Construction and maintenance in industrial plants since 1921 - italy\",\"publisher\":{\"@id\":\"https:\/\/www.cestarorossi.it\/en\/#organization\"},\"potentialAction\":[{\"@type\":\"SearchAction\",\"target\":{\"@type\":\"EntryPoint\",\"urlTemplate\":\"https:\/\/www.cestarorossi.it\/en\/?s={search_term_string}\"},\"query-input\":\"required name=search_term_string\"}],\"inLanguage\":\"fr-FR\"},{\"@type\":\"Organization\",\"@id\":\"https:\/\/www.cestarorossi.it\/en\/#organization\",\"name\":\"CestaroRossi\",\"url\":\"https:\/\/www.cestarorossi.it\/en\/\",\"logo\":{\"@type\":\"ImageObject\",\"inLanguage\":\"fr-FR\",\"@id\":\"https:\/\/www.cestarorossi.it\/en\/#\/schema\/logo\/image\/\",\"url\":\"https:\/\/www.cestarorossi.it\/aggiornato\/wp-content\/uploads\/2022\/07\/Cestaro-Rossi_logo-colori.png\",\"contentUrl\":\"https:\/\/www.cestarorossi.it\/aggiornato\/wp-content\/uploads\/2022\/07\/Cestaro-Rossi_logo-colori.png\",\"width\":343,\"height\":63,\"caption\":\"CestaroRossi\"},\"image\":{\"@id\":\"https:\/\/www.cestarorossi.it\/en\/#\/schema\/logo\/image\/\"}}]}<\/script>\r\n<!-- \/ Yoast SEO plugin. -->","yoast_head_json":{"title":"Structure des installations - CestaroRossi","robots":{"index":"index","follow":"follow","max-snippet":"max-snippet:-1","max-image-preview":"max-image-preview:large","max-video-preview":"max-video-preview:-1"},"canonical":"https:\/\/www.cestarorossi.it\/fr\/histoire\/ingenierie-des-installations\/","og_locale":"fr_FR","og_type":"article","og_title":"Structure des installations - CestaroRossi","og_description":"CONSTRUCTIONS ET MONTAGES INSTALLATIONS MODERNISATION INSTALLATIONS EXISTANTES PR\u00c9FABRICATION Programmation et coordination activite\u0301s Structures en Acier Tuyaux et Acier au carbone et en alliage d\u2019acier de [&hellip;] Structure des installations","og_url":"https:\/\/www.cestarorossi.it\/fr\/histoire\/ingenierie-des-installations\/","og_site_name":"CestaroRossi","article_modified_time":"2023-01-20T09:25:27+00:00","og_image":[{"url":"https:\/\/www.cestarorossi.it\/aggiornato\/wp-content\/uploads\/2023\/01\/Cestaro-Rossi_PREFABBRICAZIONE-1200x640-2.jpeg"}],"twitter_card":"summary_large_image","twitter_misc":{"Dur\u00e9e de lecture estim\u00e9e":"4 minutes"},"schema":{"@context":"https:\/\/schema.org","@graph":[{"@type":"WebPage","@id":"https:\/\/www.cestarorossi.it\/fr\/histoire\/ingenierie-des-installations\/","url":"https:\/\/www.cestarorossi.it\/fr\/histoire\/ingenierie-des-installations\/","name":"Structure des installations - CestaroRossi","isPartOf":{"@id":"https:\/\/www.cestarorossi.it\/en\/#website"},"datePublished":"2022-07-10T15:30:25+00:00","dateModified":"2023-01-20T09:25:27+00:00","breadcrumb":{"@id":"https:\/\/www.cestarorossi.it\/fr\/histoire\/ingenierie-des-installations\/#breadcrumb"},"inLanguage":"fr-FR","potentialAction":[{"@type":"ReadAction","target":["https:\/\/www.cestarorossi.it\/fr\/histoire\/ingenierie-des-installations\/"]}]},{"@type":"BreadcrumbList","@id":"https:\/\/www.cestarorossi.it\/fr\/histoire\/ingenierie-des-installations\/#breadcrumb","itemListElement":[{"@type":"ListItem","position":1,"name":"Home","item":"https:\/\/www.cestarorossi.it\/fr\/"},{"@type":"ListItem","position":2,"name":"Histoire","item":"https:\/\/www.cestarorossi.it\/fr\/histoire\/"},{"@type":"ListItem","position":3,"name":"Structure des installations"}]},{"@type":"WebSite","@id":"https:\/\/www.cestarorossi.it\/en\/#website","url":"https:\/\/www.cestarorossi.it\/en\/","name":"CestaroRossi","description":"Construction and maintenance in industrial plants since 1921 - italy","publisher":{"@id":"https:\/\/www.cestarorossi.it\/en\/#organization"},"potentialAction":[{"@type":"SearchAction","target":{"@type":"EntryPoint","urlTemplate":"https:\/\/www.cestarorossi.it\/en\/?s={search_term_string}"},"query-input":"required name=search_term_string"}],"inLanguage":"fr-FR"},{"@type":"Organization","@id":"https:\/\/www.cestarorossi.it\/en\/#organization","name":"CestaroRossi","url":"https:\/\/www.cestarorossi.it\/en\/","logo":{"@type":"ImageObject","inLanguage":"fr-FR","@id":"https:\/\/www.cestarorossi.it\/en\/#\/schema\/logo\/image\/","url":"https:\/\/www.cestarorossi.it\/aggiornato\/wp-content\/uploads\/2022\/07\/Cestaro-Rossi_logo-colori.png","contentUrl":"https:\/\/www.cestarorossi.it\/aggiornato\/wp-content\/uploads\/2022\/07\/Cestaro-Rossi_logo-colori.png","width":343,"height":63,"caption":"CestaroRossi"},"image":{"@id":"https:\/\/www.cestarorossi.it\/en\/#\/schema\/logo\/image\/"}}]}},"_links":{"self":[{"href":"https:\/\/www.cestarorossi.it\/fr\/wp-json\/wp\/v2\/pages\/6473"}],"collection":[{"href":"https:\/\/www.cestarorossi.it\/fr\/wp-json\/wp\/v2\/pages"}],"about":[{"href":"https:\/\/www.cestarorossi.it\/fr\/wp-json\/wp\/v2\/types\/page"}],"author":[{"embeddable":true,"href":"https:\/\/www.cestarorossi.it\/fr\/wp-json\/wp\/v2\/users\/1"}],"replies":[{"embeddable":true,"href":"https:\/\/www.cestarorossi.it\/fr\/wp-json\/wp\/v2\/comments?post=6473"}],"version-history":[{"count":12,"href":"https:\/\/www.cestarorossi.it\/fr\/wp-json\/wp\/v2\/pages\/6473\/revisions"}],"predecessor-version":[{"id":7334,"href":"https:\/\/www.cestarorossi.it\/fr\/wp-json\/wp\/v2\/pages\/6473\/revisions\/7334"}],"up":[{"embeddable":true,"href":"https:\/\/www.cestarorossi.it\/fr\/wp-json\/wp\/v2\/pages\/6446"}],"wp:attachment":[{"href":"https:\/\/www.cestarorossi.it\/fr\/wp-json\/wp\/v2\/media?parent=6473"}],"curies":[{"name":"wp","href":"https:\/\/api.w.org\/{rel}","templated":true}]}}