{"id":6449,"date":"2022-07-10T11:39:40","date_gmt":"2022-07-10T09:39:40","guid":{"rendered":"https:\/\/www.cestarorossi.it\/reduire-les-delais-et-les-couts\/"},"modified":"2022-07-10T11:39:40","modified_gmt":"2022-07-10T09:39:40","slug":"reduire-les-delais-et-les-couts","status":"publish","type":"page","link":"https:\/\/www.cestarorossi.it\/fr\/reduire-les-delais-et-les-couts\/","title":{"rendered":"R\u00e9duire les d\u00e9lais et les co\u00fbts"},"content":{"rendered":"<section class=\"fw-main-row \">\n\t<span class=\"bg-image-overlay \"><\/span><\/p>\n<div class=\"fw-container unyson_content\">\n<div class=\"container\">\n<div class=\"fw-row\">\n<div class=\"fw-col-xs-12 \">\n<div class=\"fw-heading fw-heading-h1 fw-heading-center fw-heading-w-subtitle fw-heading-alternate \">\n<h1 style=\"font-weight:;color:\" class=\"fw-special-title\"><span>R\u00c9DUCTION DU TEMPS ET DES CO\u00dbTS<\/span><\/h1>\n<div class=\"fw-special-subtitle\">M\u00c9THODOLOGIE<\/div>\n<\/p><\/div>\n<div class=\"fw-divider-space space-25x\"><\/div>\n<\/div>\n<\/div><\/div>\n<\/p><\/div>\n<\/section>\n<section class=\"fw-main-row \">\n\t<span class=\"bg-image-overlay \"><\/span><\/p>\n<div class=\"fw-container unyson_content\">\n<div class=\"container\">\n<div class=\"fw-row\">\n<div class=\"fw-col-xs-12 \">\n\t<span class=\"unyson-media-image\"><img loading=\"lazy\" src=\"https:\/\/www.effort-studio.it\/cestaro\/wp-content\/uploads\/2022\/07\/Cestaro-rossi-impianti-2-1200x640.jpg\" alt=\"https:\/\/www.effort-studio.it\/cestaro\/wp-content\/uploads\/2022\/07\/Cestaro-rossi-impianti-2-1200x640.jpg\" width=\"1200\" height=\"640\"><\/span>\t<\/p>\n<div class=\"fw-divider-line\">\n<hr>\n<\/div>\n<\/div>\n<\/div><\/div>\n<\/p><\/div>\n<\/section>\n<section class=\"fw-main-row \">\n\t<span class=\"bg-image-overlay \"><\/span><\/p>\n<div class=\"fw-container unyson_content\">\n<div class=\"container\">\n<div class=\"fw-row\">\n<div class=\"fw-col-xs-12 fw-col-sm-4 \">\n<blockquote>\n<h2 style=\"text-align: left\"><em><br \/>\n  <strong><br \/>\n    <span style=\"color: #256f6b\">LES MESURES PRISES POUR R\u00c9DUIRE LA<\/span><br \/>\n  <\/strong><br \/>\n<\/em><em><br \/>\n  <strong><br \/>\n    <span style=\"color: #256f6b\"> CO\u00dbTS ET D\u00c9LAIS D&#8217;INTERVENTION<\/span><br \/>\n  <\/strong><br \/>\n<\/em><\/h2>\n<\/blockquote>\n<\/div>\n<div class=\"fw-col-xs-12 fw-col-sm-8 \">\n<p><strong>Avant le d\u00e9but de l&#8217;arr\u00eat<\/strong><\/p>\n<ul>\n<li style=\"list-style-type: none\">\n<ul class=\"listing\">\n<li>Commencez le montage des structures d&#8217;\u00e9chafaudages m\u00e9talliques au moins 30 jours avant la mise en service.<\/li>\n<li>Pr\u00e9sence sur le site des superviseurs et des coordinateurs au moins 15 jours avant le d\u00e9marrage pour \u00e9tudier les activit\u00e9s \u00e0 r\u00e9aliser, organiser le travail et la documentation.<\/li>\n<\/ul>\n<\/li>\n<\/ul>\n<p><strong>Pendant la p\u00e9riode de l&#8217;arr\u00eat<\/strong><\/p>\n<ul>\n<li style=\"list-style-type: none\">\n<ul class=\"listing\">\n<li>Utilisation de deux aires de lavage lorsque cela est possible<\/li>\n<li>Lavage des \u00e9quipements pendant les 2e et 3e \u00e9quipes<\/li>\n<li>Boulonnage et remplissage des \u00e9quipements avec de l&#8217;eau pour les essais pendant les 2e et 3e \u00e9quipes<\/li>\n<li>Utilisation de personnel polyvalent : soudeurs\/tubiers, aiguilleurs\/colonneurs, charpentiers\/tubiers, \u00e9lectriciens\/instrumentalistes.<\/li>\n<\/ul>\n<\/li>\n<\/ul>\n<\/div>\n<\/div><\/div>\n<\/p><\/div>\n<\/section>\n<section class=\"fw-main-row \">\n\t<span class=\"bg-image-overlay \"><\/span><\/p>\n<div class=\"fw-container unyson_content\">\n<div class=\"container\">\n<div class=\"fw-row\">\n<div class=\"fw-col-xs-12 \">\n<div class=\"fw-divider-space space-05x\"><\/div>\n<\/div>\n<\/div>\n<div class=\"fw-row\">\n<div class=\"fw-col-xs-12 \">\n<div class=\"fw-divider-space space-20x\"><\/div>\n<\/div>\n<\/div>\n<div class=\"fw-row\">\n<div class=\"fw-col-xs-12 fw-col-sm-4 \">\n\t<\/div>\n<div class=\"fw-col-xs-12 fw-col-sm-4 \">\n<div class=\"fw-divider-space space-15x\"><\/div>\n<p style=\"text-align: center\"><a href=\"https:\/\/www.effort-studio.it\/cestaro\/wp-content\/uploads\/2022\/07\/Cestaro-Rossi_brochure_Fermate_impianti.pdf\" target=\"_blank\" class=\"fw-btn fw-btn-1 \" rel=\"noopener\"><br \/>\n\t<span>NOS NUM\u00c9ROS<\/span><br \/>\n<\/a>\n<\/p>\n<\/div>\n<div class=\"fw-col-xs-12 fw-col-sm-4 \">\n\t<\/div>\n<\/div>\n<div class=\"fw-row\">\n<div class=\"fw-col-xs-12 \">\n<div class=\"fw-divider-space space-05x\"><\/div>\n<\/div>\n<\/div><\/div>\n<\/p><\/div>\n<\/section>\n<p><!-- 7002c37a12ed475d3d67cc2f9ec8fe78 --><\/p>\n","protected":false},"excerpt":{"rendered":"<p>R\u00c9DUCTION DU TEMPS ET DES CO\u00dbTS M\u00c9THODOLOGIE LES MESURES PRISES POUR R\u00c9DUIRE LA CO\u00dbTS ET D\u00c9LAIS D&#8217;INTERVENTION Avant le d\u00e9but de l&#8217;arr\u00eat Commencez le montage<span class=\"excerpt-more\"><a href=\"https:\/\/www.cestarorossi.it\/fr\/reduire-les-delais-et-les-couts\/\" class=\"more-link\"> [&hellip;] <span class=\"screen-reader-text\">R\u00e9duire les d\u00e9lais et les co\u00fbts<\/span><\/a><\/span><\/p>\n","protected":false},"author":1,"featured_media":0,"parent":0,"menu_order":0,"comment_status":"closed","ping_status":"closed","template":"page-wo-sidebar.php","meta":[],"yoast_head":"<!-- This site is optimized with the Yoast SEO plugin v19.14 - https:\/\/yoast.com\/wordpress\/plugins\/seo\/ -->\r\n<title>R\u00e9duire les d\u00e9lais et les co\u00fbts - CestaroRossi<\/title>\r\n<meta name=\"robots\" content=\"index, follow, max-snippet:-1, max-image-preview:large, max-video-preview:-1\" \/>\r\n<link rel=\"canonical\" href=\"https:\/\/www.cestarorossi.it\/fr\/reduire-les-delais-et-les-couts\/\" \/>\r\n<meta property=\"og:locale\" content=\"fr_FR\" \/>\r\n<meta property=\"og:type\" content=\"article\" \/>\r\n<meta property=\"og:title\" content=\"R\u00e9duire les d\u00e9lais et les co\u00fbts - CestaroRossi\" \/>\r\n<meta property=\"og:description\" content=\"R\u00c9DUCTION DU TEMPS ET DES CO\u00dbTS M\u00c9THODOLOGIE LES MESURES PRISES POUR R\u00c9DUIRE LA CO\u00dbTS ET D\u00c9LAIS D&#8217;INTERVENTION Avant le d\u00e9but de l&#8217;arr\u00eat Commencez le montage [&hellip;] R\u00e9duire les d\u00e9lais et les co\u00fbts\" \/>\r\n<meta property=\"og:url\" content=\"https:\/\/www.cestarorossi.it\/fr\/reduire-les-delais-et-les-couts\/\" \/>\r\n<meta property=\"og:site_name\" content=\"CestaroRossi\" \/>\r\n<meta property=\"og:image\" content=\"https:\/\/www.effort-studio.it\/cestaro\/wp-content\/uploads\/2022\/07\/Cestaro-rossi-impianti-2-1200x640.jpg\" \/>\r\n<meta name=\"twitter:card\" content=\"summary_large_image\" \/>\r\n<meta name=\"twitter:label1\" content=\"Dur\u00e9e de lecture estim\u00e9e\" \/>\n\t<meta name=\"twitter:data1\" content=\"1 minute\" \/>\r\n<script type=\"application\/ld+json\" class=\"yoast-schema-graph\">{\"@context\":\"https:\/\/schema.org\",\"@graph\":[{\"@type\":\"WebPage\",\"@id\":\"https:\/\/www.cestarorossi.it\/fr\/reduire-les-delais-et-les-couts\/\",\"url\":\"https:\/\/www.cestarorossi.it\/fr\/reduire-les-delais-et-les-couts\/\",\"name\":\"R\u00e9duire les d\u00e9lais et les co\u00fbts - CestaroRossi\",\"isPartOf\":{\"@id\":\"https:\/\/www.cestarorossi.it\/en\/#website\"},\"datePublished\":\"2022-07-10T09:39:40+00:00\",\"dateModified\":\"2022-07-10T09:39:40+00:00\",\"breadcrumb\":{\"@id\":\"https:\/\/www.cestarorossi.it\/fr\/reduire-les-delais-et-les-couts\/#breadcrumb\"},\"inLanguage\":\"fr-FR\",\"potentialAction\":[{\"@type\":\"ReadAction\",\"target\":[\"https:\/\/www.cestarorossi.it\/fr\/reduire-les-delais-et-les-couts\/\"]}]},{\"@type\":\"BreadcrumbList\",\"@id\":\"https:\/\/www.cestarorossi.it\/fr\/reduire-les-delais-et-les-couts\/#breadcrumb\",\"itemListElement\":[{\"@type\":\"ListItem\",\"position\":1,\"name\":\"Home\",\"item\":\"https:\/\/www.cestarorossi.it\/fr\/\"},{\"@type\":\"ListItem\",\"position\":2,\"name\":\"R\u00e9duire les d\u00e9lais et les co\u00fbts\"}]},{\"@type\":\"WebSite\",\"@id\":\"https:\/\/www.cestarorossi.it\/en\/#website\",\"url\":\"https:\/\/www.cestarorossi.it\/en\/\",\"name\":\"CestaroRossi\",\"description\":\"Construction and maintenance in industrial plants since 1921 - italy\",\"publisher\":{\"@id\":\"https:\/\/www.cestarorossi.it\/en\/#organization\"},\"potentialAction\":[{\"@type\":\"SearchAction\",\"target\":{\"@type\":\"EntryPoint\",\"urlTemplate\":\"https:\/\/www.cestarorossi.it\/en\/?s={search_term_string}\"},\"query-input\":\"required name=search_term_string\"}],\"inLanguage\":\"fr-FR\"},{\"@type\":\"Organization\",\"@id\":\"https:\/\/www.cestarorossi.it\/en\/#organization\",\"name\":\"CestaroRossi\",\"url\":\"https:\/\/www.cestarorossi.it\/en\/\",\"logo\":{\"@type\":\"ImageObject\",\"inLanguage\":\"fr-FR\",\"@id\":\"https:\/\/www.cestarorossi.it\/en\/#\/schema\/logo\/image\/\",\"url\":\"https:\/\/www.cestarorossi.it\/aggiornato\/wp-content\/uploads\/2022\/07\/Cestaro-Rossi_logo-colori.png\",\"contentUrl\":\"https:\/\/www.cestarorossi.it\/aggiornato\/wp-content\/uploads\/2022\/07\/Cestaro-Rossi_logo-colori.png\",\"width\":343,\"height\":63,\"caption\":\"CestaroRossi\"},\"image\":{\"@id\":\"https:\/\/www.cestarorossi.it\/en\/#\/schema\/logo\/image\/\"}}]}<\/script>\r\n<!-- \/ Yoast SEO plugin. -->","yoast_head_json":{"title":"R\u00e9duire les d\u00e9lais et les co\u00fbts - CestaroRossi","robots":{"index":"index","follow":"follow","max-snippet":"max-snippet:-1","max-image-preview":"max-image-preview:large","max-video-preview":"max-video-preview:-1"},"canonical":"https:\/\/www.cestarorossi.it\/fr\/reduire-les-delais-et-les-couts\/","og_locale":"fr_FR","og_type":"article","og_title":"R\u00e9duire les d\u00e9lais et les co\u00fbts - CestaroRossi","og_description":"R\u00c9DUCTION DU TEMPS ET DES CO\u00dbTS M\u00c9THODOLOGIE LES MESURES PRISES POUR R\u00c9DUIRE LA CO\u00dbTS ET D\u00c9LAIS D&#8217;INTERVENTION Avant le d\u00e9but de l&#8217;arr\u00eat Commencez le montage [&hellip;] R\u00e9duire les d\u00e9lais et les co\u00fbts","og_url":"https:\/\/www.cestarorossi.it\/fr\/reduire-les-delais-et-les-couts\/","og_site_name":"CestaroRossi","og_image":[{"url":"https:\/\/www.effort-studio.it\/cestaro\/wp-content\/uploads\/2022\/07\/Cestaro-rossi-impianti-2-1200x640.jpg"}],"twitter_card":"summary_large_image","twitter_misc":{"Dur\u00e9e de lecture estim\u00e9e":"1 minute"},"schema":{"@context":"https:\/\/schema.org","@graph":[{"@type":"WebPage","@id":"https:\/\/www.cestarorossi.it\/fr\/reduire-les-delais-et-les-couts\/","url":"https:\/\/www.cestarorossi.it\/fr\/reduire-les-delais-et-les-couts\/","name":"R\u00e9duire les d\u00e9lais et les co\u00fbts - CestaroRossi","isPartOf":{"@id":"https:\/\/www.cestarorossi.it\/en\/#website"},"datePublished":"2022-07-10T09:39:40+00:00","dateModified":"2022-07-10T09:39:40+00:00","breadcrumb":{"@id":"https:\/\/www.cestarorossi.it\/fr\/reduire-les-delais-et-les-couts\/#breadcrumb"},"inLanguage":"fr-FR","potentialAction":[{"@type":"ReadAction","target":["https:\/\/www.cestarorossi.it\/fr\/reduire-les-delais-et-les-couts\/"]}]},{"@type":"BreadcrumbList","@id":"https:\/\/www.cestarorossi.it\/fr\/reduire-les-delais-et-les-couts\/#breadcrumb","itemListElement":[{"@type":"ListItem","position":1,"name":"Home","item":"https:\/\/www.cestarorossi.it\/fr\/"},{"@type":"ListItem","position":2,"name":"R\u00e9duire les d\u00e9lais et les co\u00fbts"}]},{"@type":"WebSite","@id":"https:\/\/www.cestarorossi.it\/en\/#website","url":"https:\/\/www.cestarorossi.it\/en\/","name":"CestaroRossi","description":"Construction and maintenance in industrial plants since 1921 - italy","publisher":{"@id":"https:\/\/www.cestarorossi.it\/en\/#organization"},"potentialAction":[{"@type":"SearchAction","target":{"@type":"EntryPoint","urlTemplate":"https:\/\/www.cestarorossi.it\/en\/?s={search_term_string}"},"query-input":"required name=search_term_string"}],"inLanguage":"fr-FR"},{"@type":"Organization","@id":"https:\/\/www.cestarorossi.it\/en\/#organization","name":"CestaroRossi","url":"https:\/\/www.cestarorossi.it\/en\/","logo":{"@type":"ImageObject","inLanguage":"fr-FR","@id":"https:\/\/www.cestarorossi.it\/en\/#\/schema\/logo\/image\/","url":"https:\/\/www.cestarorossi.it\/aggiornato\/wp-content\/uploads\/2022\/07\/Cestaro-Rossi_logo-colori.png","contentUrl":"https:\/\/www.cestarorossi.it\/aggiornato\/wp-content\/uploads\/2022\/07\/Cestaro-Rossi_logo-colori.png","width":343,"height":63,"caption":"CestaroRossi"},"image":{"@id":"https:\/\/www.cestarorossi.it\/en\/#\/schema\/logo\/image\/"}}]}},"_links":{"self":[{"href":"https:\/\/www.cestarorossi.it\/fr\/wp-json\/wp\/v2\/pages\/6449"}],"collection":[{"href":"https:\/\/www.cestarorossi.it\/fr\/wp-json\/wp\/v2\/pages"}],"about":[{"href":"https:\/\/www.cestarorossi.it\/fr\/wp-json\/wp\/v2\/types\/page"}],"author":[{"embeddable":true,"href":"https:\/\/www.cestarorossi.it\/fr\/wp-json\/wp\/v2\/users\/1"}],"replies":[{"embeddable":true,"href":"https:\/\/www.cestarorossi.it\/fr\/wp-json\/wp\/v2\/comments?post=6449"}],"version-history":[{"count":0,"href":"https:\/\/www.cestarorossi.it\/fr\/wp-json\/wp\/v2\/pages\/6449\/revisions"}],"wp:attachment":[{"href":"https:\/\/www.cestarorossi.it\/fr\/wp-json\/wp\/v2\/media?parent=6449"}],"curies":[{"name":"wp","href":"https:\/\/api.w.org\/{rel}","templated":true}]}}