{"id":6445,"date":"2022-07-10T11:20:00","date_gmt":"2022-07-10T09:20:00","guid":{"rendered":"https:\/\/www.cestarorossi.it\/etablissements\/"},"modified":"2026-03-11T10:24:01","modified_gmt":"2026-03-11T09:24:01","slug":"etablissements","status":"publish","type":"page","link":"https:\/\/www.cestarorossi.it\/fr\/etablissements\/","title":{"rendered":"\u00c9tablissements"},"content":{"rendered":"<section class=\"fw-main-row \">\n<div class=\"fw-container unyson_content\">\n<div class=\"container\">\n<div class=\"fw-row\">\n<div class=\"fw-col-xs-12 \">\n<p><span class=\"unyson-media-image\"><img loading=\"lazy\" src=\"https:\/\/www.cestarorossi.it\/aggiornato\/wp-content\/uploads\/2022\/07\/Cestaro-Rossi-Officina-bari_1-2000x1010.jpg\" alt=\"https:\/\/www.cestarorossi.it\/aggiornato\/wp-content\/uploads\/2022\/07\/Cestaro-Rossi-Officina-bari_1-2000x1010.jpg\" width=\"2000\" height=\"1010\" \/><\/span><\/p>\n<div class=\"fw-divider-space space-10x\"><\/div>\n<\/div>\n<\/div>\n<div class=\"fw-row\">\n<div class=\"fw-col-xs-12 \">\n<h6 style=\"text-align: center;\">Le groupe dispose de deux usines, d&#8217;une superficie totale d&#8217;environ 3 000 m\u00e8tres carr\u00e9s sur une surface d&#8217;environ 16 000 m\u00e8tres carr\u00e9s, strat\u00e9giquement situ\u00e9es dans la zone industrielle de Bari, \u00e0 proximit\u00e9 du p\u00e9riph\u00e9rique et donc avec des acc\u00e8s faciles.<\/h6>\n<p style=\"text-align: center;\"><strong>Toutes les activit\u00e9s de soutien et\/ou compl\u00e9mentaires aux travaux effectu\u00e9s sur les sites externes y sont r\u00e9alis\u00e9es :<\/strong><\/p>\n<\/div>\n<\/div>\n<div class=\"fw-row\">\n<div class=\"fw-col-xs-12 fw-col-sm-3 \"><\/div>\n<div class=\"fw-col-xs-12 fw-col-sm-6 \">\n<ul>\n<li>Pr\u00e9fabrication de tuyaux de tout mat\u00e9riau et de toute \u00e9paisseur<\/li>\n<li>Pr\u00e9fabrication de la charpente m\u00e9tallique<\/li>\n<li>Retubage de faisceaux de tubes<\/li>\n<li>Construction et montage de tableaux de distribution BT et MT<\/li>\n<li>Entretien\/r\u00e9paration de l&#8217;\u00e9quipement<\/li>\n<li>Entretien des moyens et des \u00e9quipements<\/li>\n<\/ul>\n<\/div>\n<\/div>\n<\/div>\n<div>\n<div class=\"fw-row\">\n<div class=\"fw-col-xs-12 \">\n<h6><\/h6>\n<h6 style=\"text-align: center;\"><strong>En plus, l\u2019entreprise entretient un partenariat avec Somefi S.r.l. en Toscane, soci\u00e9t\u00e9 d\u00e9tenue \u00e0 60 % par Cestaro Rossi, qui dispose d\u2019une installation couverte de 2 000 m\u00b2 d\u00e9di\u00e9e \u00e0 la pr\u00e9fabrication de tuyauterie en acier inoxydable AISI.<\/strong><\/h6>\n<\/div>\n<\/div>\n<\/div>\n<\/div>\n<\/section>\n<p><!-- fc5106957301cb5d5dadfd25254d026f --><\/p>\n","protected":false},"excerpt":{"rendered":"<p>Le groupe dispose de deux usines, d&#8217;une superficie totale d&#8217;environ 3 000 m\u00e8tres carr\u00e9s sur une surface d&#8217;environ 16 000 m\u00e8tres carr\u00e9s, strat\u00e9giquement situ\u00e9es dans<span class=\"excerpt-more\"><a href=\"https:\/\/www.cestarorossi.it\/fr\/etablissements\/\" class=\"more-link\"> [&hellip;] <span class=\"screen-reader-text\">\u00c9tablissements<\/span><\/a><\/span><\/p>\n","protected":false},"author":1,"featured_media":0,"parent":0,"menu_order":0,"comment_status":"closed","ping_status":"closed","template":"page-wo-sidebar.php","meta":[],"yoast_head":"<!-- This site is optimized with the Yoast SEO plugin v19.14 - https:\/\/yoast.com\/wordpress\/plugins\/seo\/ -->\r\n<title>\u00c9tablissements - CestaroRossi<\/title>\r\n<meta name=\"robots\" content=\"index, follow, max-snippet:-1, max-image-preview:large, max-video-preview:-1\" \/>\r\n<link rel=\"canonical\" href=\"https:\/\/www.cestarorossi.it\/fr\/etablissements\/\" \/>\r\n<meta property=\"og:locale\" content=\"fr_FR\" \/>\r\n<meta property=\"og:type\" content=\"article\" \/>\r\n<meta property=\"og:title\" content=\"\u00c9tablissements - CestaroRossi\" \/>\r\n<meta property=\"og:description\" content=\"Le groupe dispose de deux usines, d&#8217;une superficie totale d&#8217;environ 3 000 m\u00e8tres carr\u00e9s sur une surface d&#8217;environ 16 000 m\u00e8tres carr\u00e9s, strat\u00e9giquement situ\u00e9es dans [&hellip;] \u00c9tablissements\" \/>\r\n<meta property=\"og:url\" content=\"https:\/\/www.cestarorossi.it\/fr\/etablissements\/\" \/>\r\n<meta property=\"og:site_name\" content=\"CestaroRossi\" \/>\r\n<meta property=\"article:modified_time\" content=\"2026-03-11T09:24:01+00:00\" \/>\r\n<meta property=\"og:image\" content=\"https:\/\/www.cestarorossi.it\/aggiornato\/wp-content\/uploads\/2022\/07\/Cestaro-Rossi-Officina-bari_1-2000x1010.jpg\" \/>\r\n<meta name=\"twitter:card\" content=\"summary_large_image\" \/>\r\n<meta name=\"twitter:label1\" content=\"Dur\u00e9e de lecture estim\u00e9e\" \/>\n\t<meta name=\"twitter:data1\" content=\"2 minutes\" \/>\r\n<script type=\"application\/ld+json\" class=\"yoast-schema-graph\">{\"@context\":\"https:\/\/schema.org\",\"@graph\":[{\"@type\":\"WebPage\",\"@id\":\"https:\/\/www.cestarorossi.it\/fr\/etablissements\/\",\"url\":\"https:\/\/www.cestarorossi.it\/fr\/etablissements\/\",\"name\":\"\u00c9tablissements - CestaroRossi\",\"isPartOf\":{\"@id\":\"https:\/\/www.cestarorossi.it\/en\/#website\"},\"datePublished\":\"2022-07-10T09:20:00+00:00\",\"dateModified\":\"2026-03-11T09:24:01+00:00\",\"breadcrumb\":{\"@id\":\"https:\/\/www.cestarorossi.it\/fr\/etablissements\/#breadcrumb\"},\"inLanguage\":\"fr-FR\",\"potentialAction\":[{\"@type\":\"ReadAction\",\"target\":[\"https:\/\/www.cestarorossi.it\/fr\/etablissements\/\"]}]},{\"@type\":\"BreadcrumbList\",\"@id\":\"https:\/\/www.cestarorossi.it\/fr\/etablissements\/#breadcrumb\",\"itemListElement\":[{\"@type\":\"ListItem\",\"position\":1,\"name\":\"Home\",\"item\":\"https:\/\/www.cestarorossi.it\/fr\/\"},{\"@type\":\"ListItem\",\"position\":2,\"name\":\"\u00c9tablissements\"}]},{\"@type\":\"WebSite\",\"@id\":\"https:\/\/www.cestarorossi.it\/en\/#website\",\"url\":\"https:\/\/www.cestarorossi.it\/en\/\",\"name\":\"CestaroRossi\",\"description\":\"Construction and maintenance in industrial plants since 1921 - italy\",\"publisher\":{\"@id\":\"https:\/\/www.cestarorossi.it\/en\/#organization\"},\"potentialAction\":[{\"@type\":\"SearchAction\",\"target\":{\"@type\":\"EntryPoint\",\"urlTemplate\":\"https:\/\/www.cestarorossi.it\/en\/?s={search_term_string}\"},\"query-input\":\"required name=search_term_string\"}],\"inLanguage\":\"fr-FR\"},{\"@type\":\"Organization\",\"@id\":\"https:\/\/www.cestarorossi.it\/en\/#organization\",\"name\":\"CestaroRossi\",\"url\":\"https:\/\/www.cestarorossi.it\/en\/\",\"logo\":{\"@type\":\"ImageObject\",\"inLanguage\":\"fr-FR\",\"@id\":\"https:\/\/www.cestarorossi.it\/en\/#\/schema\/logo\/image\/\",\"url\":\"https:\/\/www.cestarorossi.it\/aggiornato\/wp-content\/uploads\/2022\/07\/Cestaro-Rossi_logo-colori.png\",\"contentUrl\":\"https:\/\/www.cestarorossi.it\/aggiornato\/wp-content\/uploads\/2022\/07\/Cestaro-Rossi_logo-colori.png\",\"width\":343,\"height\":63,\"caption\":\"CestaroRossi\"},\"image\":{\"@id\":\"https:\/\/www.cestarorossi.it\/en\/#\/schema\/logo\/image\/\"}}]}<\/script>\r\n<!-- \/ Yoast SEO plugin. -->","yoast_head_json":{"title":"\u00c9tablissements - CestaroRossi","robots":{"index":"index","follow":"follow","max-snippet":"max-snippet:-1","max-image-preview":"max-image-preview:large","max-video-preview":"max-video-preview:-1"},"canonical":"https:\/\/www.cestarorossi.it\/fr\/etablissements\/","og_locale":"fr_FR","og_type":"article","og_title":"\u00c9tablissements - CestaroRossi","og_description":"Le groupe dispose de deux usines, d&#8217;une superficie totale d&#8217;environ 3 000 m\u00e8tres carr\u00e9s sur une surface d&#8217;environ 16 000 m\u00e8tres carr\u00e9s, strat\u00e9giquement situ\u00e9es dans [&hellip;] \u00c9tablissements","og_url":"https:\/\/www.cestarorossi.it\/fr\/etablissements\/","og_site_name":"CestaroRossi","article_modified_time":"2026-03-11T09:24:01+00:00","og_image":[{"url":"https:\/\/www.cestarorossi.it\/aggiornato\/wp-content\/uploads\/2022\/07\/Cestaro-Rossi-Officina-bari_1-2000x1010.jpg"}],"twitter_card":"summary_large_image","twitter_misc":{"Dur\u00e9e de lecture estim\u00e9e":"2 minutes"},"schema":{"@context":"https:\/\/schema.org","@graph":[{"@type":"WebPage","@id":"https:\/\/www.cestarorossi.it\/fr\/etablissements\/","url":"https:\/\/www.cestarorossi.it\/fr\/etablissements\/","name":"\u00c9tablissements - CestaroRossi","isPartOf":{"@id":"https:\/\/www.cestarorossi.it\/en\/#website"},"datePublished":"2022-07-10T09:20:00+00:00","dateModified":"2026-03-11T09:24:01+00:00","breadcrumb":{"@id":"https:\/\/www.cestarorossi.it\/fr\/etablissements\/#breadcrumb"},"inLanguage":"fr-FR","potentialAction":[{"@type":"ReadAction","target":["https:\/\/www.cestarorossi.it\/fr\/etablissements\/"]}]},{"@type":"BreadcrumbList","@id":"https:\/\/www.cestarorossi.it\/fr\/etablissements\/#breadcrumb","itemListElement":[{"@type":"ListItem","position":1,"name":"Home","item":"https:\/\/www.cestarorossi.it\/fr\/"},{"@type":"ListItem","position":2,"name":"\u00c9tablissements"}]},{"@type":"WebSite","@id":"https:\/\/www.cestarorossi.it\/en\/#website","url":"https:\/\/www.cestarorossi.it\/en\/","name":"CestaroRossi","description":"Construction and maintenance in industrial plants since 1921 - italy","publisher":{"@id":"https:\/\/www.cestarorossi.it\/en\/#organization"},"potentialAction":[{"@type":"SearchAction","target":{"@type":"EntryPoint","urlTemplate":"https:\/\/www.cestarorossi.it\/en\/?s={search_term_string}"},"query-input":"required name=search_term_string"}],"inLanguage":"fr-FR"},{"@type":"Organization","@id":"https:\/\/www.cestarorossi.it\/en\/#organization","name":"CestaroRossi","url":"https:\/\/www.cestarorossi.it\/en\/","logo":{"@type":"ImageObject","inLanguage":"fr-FR","@id":"https:\/\/www.cestarorossi.it\/en\/#\/schema\/logo\/image\/","url":"https:\/\/www.cestarorossi.it\/aggiornato\/wp-content\/uploads\/2022\/07\/Cestaro-Rossi_logo-colori.png","contentUrl":"https:\/\/www.cestarorossi.it\/aggiornato\/wp-content\/uploads\/2022\/07\/Cestaro-Rossi_logo-colori.png","width":343,"height":63,"caption":"CestaroRossi"},"image":{"@id":"https:\/\/www.cestarorossi.it\/en\/#\/schema\/logo\/image\/"}}]}},"_links":{"self":[{"href":"https:\/\/www.cestarorossi.it\/fr\/wp-json\/wp\/v2\/pages\/6445"}],"collection":[{"href":"https:\/\/www.cestarorossi.it\/fr\/wp-json\/wp\/v2\/pages"}],"about":[{"href":"https:\/\/www.cestarorossi.it\/fr\/wp-json\/wp\/v2\/types\/page"}],"author":[{"embeddable":true,"href":"https:\/\/www.cestarorossi.it\/fr\/wp-json\/wp\/v2\/users\/1"}],"replies":[{"embeddable":true,"href":"https:\/\/www.cestarorossi.it\/fr\/wp-json\/wp\/v2\/comments?post=6445"}],"version-history":[{"count":2,"href":"https:\/\/www.cestarorossi.it\/fr\/wp-json\/wp\/v2\/pages\/6445\/revisions"}],"predecessor-version":[{"id":8692,"href":"https:\/\/www.cestarorossi.it\/fr\/wp-json\/wp\/v2\/pages\/6445\/revisions\/8692"}],"wp:attachment":[{"href":"https:\/\/www.cestarorossi.it\/fr\/wp-json\/wp\/v2\/media?parent=6445"}],"curies":[{"name":"wp","href":"https:\/\/api.w.org\/{rel}","templated":true}]}}