{"id":6441,"date":"2022-07-10T11:49:17","date_gmt":"2022-07-10T09:49:17","guid":{"rendered":"https:\/\/www.cestarorossi.it\/entretien-des-structures-marines\/"},"modified":"2023-01-20T10:32:10","modified_gmt":"2023-01-20T09:32:10","slug":"entretien-des-structures-marines","status":"publish","type":"page","link":"https:\/\/www.cestarorossi.it\/fr\/entretien-des-structures-marines\/","title":{"rendered":"Entretien structures marines"},"content":{"rendered":"<section class=\"fw-main-row \">\n<div class=\"fw-container unyson_content\">\n<div class=\"container\">\n<div class=\"fw-row\">\n<div class=\"fw-col-xs-12 \">\n<div class=\"fw-heading fw-heading-h1 fw-heading-center fw-heading-w-subtitle fw-heading-alternate \">\n<h1 class=\"fw-special-title\" style=\"text-align: center;\">ENTRETIEN STRUCTURES MARINES<\/h1>\n<div class=\"fw-special-subtitle\" style=\"text-align: center;\">M\u00c9THODOLOGIE<\/div>\n<p>\u00a0<\/p>\n<\/div>\n<\/div>\n<\/div>\n<\/div>\n<\/div>\n<\/section>\n<section class=\"fw-main-row \">\n<div class=\"fw-container unyson_content\">\n<div class=\"container\">\n<div class=\"fw-row\">\n<div class=\"fw-col-xs-12 \"><img loading=\"lazy\" class=\"alignnone size-full wp-image-7341\" src=\"https:\/\/www.cestarorossi.it\/aggiornato\/wp-content\/uploads\/2023\/01\/cestaro-rossi-marina-1200x640-1.jpeg\" alt=\"\" width=\"1200\" height=\"640\" srcset=\"https:\/\/www.cestarorossi.it\/aggiornato\/wp-content\/uploads\/2023\/01\/cestaro-rossi-marina-1200x640-1.jpeg 1200w, https:\/\/www.cestarorossi.it\/aggiornato\/wp-content\/uploads\/2023\/01\/cestaro-rossi-marina-1200x640-1-300x160.jpeg 300w, https:\/\/www.cestarorossi.it\/aggiornato\/wp-content\/uploads\/2023\/01\/cestaro-rossi-marina-1200x640-1-1024x546.jpeg 1024w, https:\/\/www.cestarorossi.it\/aggiornato\/wp-content\/uploads\/2023\/01\/cestaro-rossi-marina-1200x640-1-768x410.jpeg 768w\" sizes=\"(max-width: 1200px) 100vw, 1200px\" \/><br \/>\n<p>\u00a0<\/p>\n<div class=\"fw-divider-space space-15x\">\u00a0<\/div>\n<\/div>\n<\/div>\n<\/div>\n<\/div>\n<\/section>\n<section class=\"fw-main-row \">\n<div class=\"fw-container unyson_content\">\n<div class=\"container\">\n<div class=\"fw-row\">\n<div class=\"fw-col-xs-12 fw-col-sm-4 \">\n<blockquote>\n<h2 style=\"text-align: left;\"><em><strong><span style=\"color: #256f6b;\">JET\u00c9ES P\u00c9TROLI\u00c8RES<\/span><\/strong><\/em><\/h2>\n<\/blockquote>\n<\/div>\n<div class=\"fw-col-xs-12 fw-col-sm-8 \">\n<ul>\n<li>Entretien, restauration, remplacement des tuyaux et accessoires<\/li>\n<li>Maintenance \u00e9lectrique et instrumentale<\/li>\n<li>Entretien de la charpente m\u00e9tallique<\/li>\n<li>Entretien m\u00e9canique, \u00e9lectrique et instrumental des postes d&#8217;amarrage<\/li>\n<li>Entretien \/ r\u00e9vision et\/ou remplacement des bras de chargement et de d\u00e9chargement des produits<\/li>\n<\/ul>\n<\/div>\n<\/div>\n<\/div>\n<\/div>\n<\/section>\n<section class=\"fw-main-row \">\n<div class=\"fw-container unyson_content\">\n<div class=\"container\">\n<div class=\"fw-row\">\n<div class=\"fw-col-xs-12 fw-col-sm-4 \">\n<blockquote>\n<h2 style=\"text-align: left;\"><em><strong><span style=\"color: #256f6b;\">CHAMP DE BOU\u00c9ES\u00a0<\/span><\/strong><\/em><\/h2>\n<\/blockquote>\n<\/div>\n<div class=\"fw-col-xs-12 fw-col-sm-8 \">\n<ul class=\"listing\">\n<li>Entretien des pontons de bou\u00e9e<\/li>\n<li>D\u00e9montage, remplacement et test des cordes de connexion navire\/ponton (champ de bou\u00e9es 16&#8243;)<\/li>\n<li>D\u00e9montage\/r\u00e9vision et\/ou remplacement des vannes d&#8217;arr\u00eat<\/li>\n<li>D\u00e9montage, remplacement et test des tuyaux de raccordement des bou\u00e9es de ponton au collecteur sous-marin (champ de bou\u00e9es 20&#8243;)<\/li>\n<li>D\u00e9montage\/r\u00e9vision et\/ou remplacement des vannes d&#8217;arr\u00eat et de non-retour sur le collecteur sous-marin<\/li>\n<li>Remplacement des tuyaux d&#8217;arrosage flottants<\/li>\n<li>Inspection de maintenance des bou\u00e9es d&#8217;amarrage<\/li>\n<\/ul>\n<\/div>\n<\/div>\n<\/div>\n<\/div>\n<\/section>\n<section class=\"fw-main-row \">\n<div class=\"fw-container unyson_content\">\n<div class=\"container\">\n<div class=\"fw-row\">\n<div class=\"fw-col-xs-12 fw-col-sm-4 \">\n<blockquote>\n<h2 style=\"text-align: left;\"><em><strong><span style=\"color: #256f6b;\">PLATEFORME OFFSHORE<\/span><\/strong><\/em><\/h2>\n<\/blockquote>\n<\/div>\n<div class=\"fw-col-xs-12 fw-col-sm-8 \">\n<p><strong>Plateforme offshore pour la r\u00e9ception\/exp\u00e9dition de produits<\/strong><\/p>\n<ul class=\"listing\">\n<li>Entretien de la tuyauterie et accessoires (vannes, etc.)<\/li>\n<li>Entretien structures en charpente m\u00e9tallique<\/li>\n<li>Entretien syst\u00e8me de raccordement avec bateaux<\/li>\n<\/ul>\n<p><strong>Toutes les interventions sont effectu\u00e9es avec l\u2019aide de moyens navals, pontons flottants pour le soul\u00e8vement et le transport, unit\u00e9 de plongeurs sous-marins sp\u00e9cialis\u00e9s pour les travaux sous-marins, unit\u00e9 d\u2019intervention imm\u00e9diate anti-pollution.<\/strong><\/p>\n<ul>\n<li style=\"list-style-type: none;\">\u00a0<\/li>\n<\/ul>\n<\/div>\n<\/div>\n<\/div>\n<\/div>\n<\/section>\n<p><!-- a7db5fcadfd4109913b452105e73cdd8 --><\/p>\n\n\n<figure class=\"wp-container-2 wp-block-gallery-1 wp-block-gallery has-nested-images columns-2 is-cropped\">\n<figure class=\"wp-block-image size-large\"><img loading=\"lazy\" width=\"1067\" height=\"661\" data-id=\"3917\"  src=\"https:\/\/www.effort-studio.it\/cestaro\/wp-content\/uploads\/2022\/07\/Cestaro-Rossi-Manutenzione-Piattaforma.jpeg\" alt=\"\" class=\"wp-image-3917\" srcset=\"https:\/\/www.cestarorossi.it\/aggiornato\/wp-content\/uploads\/2022\/07\/Cestaro-Rossi-Manutenzione-Piattaforma.jpeg 1067w, https:\/\/www.cestarorossi.it\/aggiornato\/wp-content\/uploads\/2022\/07\/Cestaro-Rossi-Manutenzione-Piattaforma-300x186.jpeg 300w, https:\/\/www.cestarorossi.it\/aggiornato\/wp-content\/uploads\/2022\/07\/Cestaro-Rossi-Manutenzione-Piattaforma-1024x634.jpeg 1024w, https:\/\/www.cestarorossi.it\/aggiornato\/wp-content\/uploads\/2022\/07\/Cestaro-Rossi-Manutenzione-Piattaforma-768x476.jpeg 768w, https:\/\/www.cestarorossi.it\/aggiornato\/wp-content\/uploads\/2022\/07\/Cestaro-Rossi-Manutenzione-Piattaforma-18x12.jpeg 18w, https:\/\/www.cestarorossi.it\/aggiornato\/wp-content\/uploads\/2022\/07\/Cestaro-Rossi-Manutenzione-Piattaforma-600x372.jpeg 600w\" sizes=\"(max-width: 1067px) 100vw, 1067px\" \/><\/figure>\n\n\n\n<figure class=\"wp-block-image size-large\"><img loading=\"lazy\" width=\"1067\" height=\"800\" data-id=\"3916\"  src=\"https:\/\/www.effort-studio.it\/cestaro\/wp-content\/uploads\/2022\/07\/Cestaro-Rossi-taranto-manutenzione-boa-ormeggio1.jpeg\" alt=\"\" class=\"wp-image-3916\" srcset=\"https:\/\/www.cestarorossi.it\/aggiornato\/wp-content\/uploads\/2022\/07\/Cestaro-Rossi-taranto-manutenzione-boa-ormeggio1.jpeg 1067w, https:\/\/www.cestarorossi.it\/aggiornato\/wp-content\/uploads\/2022\/07\/Cestaro-Rossi-taranto-manutenzione-boa-ormeggio1-300x225.jpeg 300w, https:\/\/www.cestarorossi.it\/aggiornato\/wp-content\/uploads\/2022\/07\/Cestaro-Rossi-taranto-manutenzione-boa-ormeggio1-1024x768.jpeg 1024w, https:\/\/www.cestarorossi.it\/aggiornato\/wp-content\/uploads\/2022\/07\/Cestaro-Rossi-taranto-manutenzione-boa-ormeggio1-768x576.jpeg 768w, https:\/\/www.cestarorossi.it\/aggiornato\/wp-content\/uploads\/2022\/07\/Cestaro-Rossi-taranto-manutenzione-boa-ormeggio1-16x12.jpeg 16w, https:\/\/www.cestarorossi.it\/aggiornato\/wp-content\/uploads\/2022\/07\/Cestaro-Rossi-taranto-manutenzione-boa-ormeggio1-600x450.jpeg 600w\" sizes=\"(max-width: 1067px) 100vw, 1067px\" \/><\/figure>\n\n\n\n<figure class=\"wp-block-image size-large\"><img loading=\"lazy\" width=\"1067\" height=\"800\" data-id=\"3915\"  src=\"https:\/\/www.effort-studio.it\/cestaro\/wp-content\/uploads\/2022\/07\/Cestaro-Rossi-taranto-manutenzione-boa-ormeggio2.jpeg\" alt=\"\" class=\"wp-image-3915\" srcset=\"https:\/\/www.cestarorossi.it\/aggiornato\/wp-content\/uploads\/2022\/07\/Cestaro-Rossi-taranto-manutenzione-boa-ormeggio2.jpeg 1067w, https:\/\/www.cestarorossi.it\/aggiornato\/wp-content\/uploads\/2022\/07\/Cestaro-Rossi-taranto-manutenzione-boa-ormeggio2-300x225.jpeg 300w, https:\/\/www.cestarorossi.it\/aggiornato\/wp-content\/uploads\/2022\/07\/Cestaro-Rossi-taranto-manutenzione-boa-ormeggio2-1024x768.jpeg 1024w, https:\/\/www.cestarorossi.it\/aggiornato\/wp-content\/uploads\/2022\/07\/Cestaro-Rossi-taranto-manutenzione-boa-ormeggio2-768x576.jpeg 768w, https:\/\/www.cestarorossi.it\/aggiornato\/wp-content\/uploads\/2022\/07\/Cestaro-Rossi-taranto-manutenzione-boa-ormeggio2-16x12.jpeg 16w, https:\/\/www.cestarorossi.it\/aggiornato\/wp-content\/uploads\/2022\/07\/Cestaro-Rossi-taranto-manutenzione-boa-ormeggio2-600x450.jpeg 600w\" sizes=\"(max-width: 1067px) 100vw, 1067px\" \/><\/figure>\n\n\n\n<figure class=\"wp-block-image size-large\"><img loading=\"lazy\" width=\"1057\" height=\"800\" data-id=\"3914\"  src=\"https:\/\/www.effort-studio.it\/cestaro\/wp-content\/uploads\/2022\/07\/Cestaro-Rossi-taranto-sostituzione-manifold-sealine1.jpeg\" alt=\"\" class=\"wp-image-3914\" srcset=\"https:\/\/www.cestarorossi.it\/aggiornato\/wp-content\/uploads\/2022\/07\/Cestaro-Rossi-taranto-sostituzione-manifold-sealine1.jpeg 1057w, https:\/\/www.cestarorossi.it\/aggiornato\/wp-content\/uploads\/2022\/07\/Cestaro-Rossi-taranto-sostituzione-manifold-sealine1-300x227.jpeg 300w, https:\/\/www.cestarorossi.it\/aggiornato\/wp-content\/uploads\/2022\/07\/Cestaro-Rossi-taranto-sostituzione-manifold-sealine1-1024x775.jpeg 1024w, https:\/\/www.cestarorossi.it\/aggiornato\/wp-content\/uploads\/2022\/07\/Cestaro-Rossi-taranto-sostituzione-manifold-sealine1-768x581.jpeg 768w, https:\/\/www.cestarorossi.it\/aggiornato\/wp-content\/uploads\/2022\/07\/Cestaro-Rossi-taranto-sostituzione-manifold-sealine1-16x12.jpeg 16w, https:\/\/www.cestarorossi.it\/aggiornato\/wp-content\/uploads\/2022\/07\/Cestaro-Rossi-taranto-sostituzione-manifold-sealine1-600x454.jpeg 600w\" sizes=\"(max-width: 1057px) 100vw, 1057px\" \/><\/figure>\n\n\n\n<figure class=\"wp-block-image size-large\"><img loading=\"lazy\" width=\"1067\" height=\"800\" data-id=\"3913\"  src=\"https:\/\/www.effort-studio.it\/cestaro\/wp-content\/uploads\/2022\/07\/Cestaro-Rossi-taranto-sostituzione-manifold-sealine3.jpeg\" alt=\"\" class=\"wp-image-3913\" srcset=\"https:\/\/www.cestarorossi.it\/aggiornato\/wp-content\/uploads\/2022\/07\/Cestaro-Rossi-taranto-sostituzione-manifold-sealine3.jpeg 1067w, https:\/\/www.cestarorossi.it\/aggiornato\/wp-content\/uploads\/2022\/07\/Cestaro-Rossi-taranto-sostituzione-manifold-sealine3-300x225.jpeg 300w, https:\/\/www.cestarorossi.it\/aggiornato\/wp-content\/uploads\/2022\/07\/Cestaro-Rossi-taranto-sostituzione-manifold-sealine3-1024x768.jpeg 1024w, https:\/\/www.cestarorossi.it\/aggiornato\/wp-content\/uploads\/2022\/07\/Cestaro-Rossi-taranto-sostituzione-manifold-sealine3-768x576.jpeg 768w, https:\/\/www.cestarorossi.it\/aggiornato\/wp-content\/uploads\/2022\/07\/Cestaro-Rossi-taranto-sostituzione-manifold-sealine3-16x12.jpeg 16w, https:\/\/www.cestarorossi.it\/aggiornato\/wp-content\/uploads\/2022\/07\/Cestaro-Rossi-taranto-sostituzione-manifold-sealine3-600x450.jpeg 600w\" sizes=\"(max-width: 1067px) 100vw, 1067px\" \/><\/figure>\n\n\n\n<figure class=\"wp-block-image size-large\"><img loading=\"lazy\" width=\"860\" height=\"430\" data-id=\"3912\"  src=\"https:\/\/www.effort-studio.it\/cestaro\/wp-content\/uploads\/2022\/07\/cestaro-rossi-marina.jpeg\" alt=\"\" class=\"wp-image-3912\" srcset=\"https:\/\/www.cestarorossi.it\/aggiornato\/wp-content\/uploads\/2022\/07\/cestaro-rossi-marina.jpeg 860w, https:\/\/www.cestarorossi.it\/aggiornato\/wp-content\/uploads\/2022\/07\/cestaro-rossi-marina-300x150.jpeg 300w, https:\/\/www.cestarorossi.it\/aggiornato\/wp-content\/uploads\/2022\/07\/cestaro-rossi-marina-768x384.jpeg 768w, https:\/\/www.cestarorossi.it\/aggiornato\/wp-content\/uploads\/2022\/07\/cestaro-rossi-marina-18x9.jpeg 18w, https:\/\/www.cestarorossi.it\/aggiornato\/wp-content\/uploads\/2022\/07\/cestaro-rossi-marina-600x300.jpeg 600w\" sizes=\"(max-width: 860px) 100vw, 860px\" \/><\/figure>\n<\/figure>\n","protected":false},"excerpt":{"rendered":"<p>ENTRETIEN STRUCTURES MARINES M\u00c9THODOLOGIE \u00a0 \u00a0 \u00a0 JET\u00c9ES P\u00c9TROLI\u00c8RES Entretien, restauration, remplacement des tuyaux et accessoires Maintenance \u00e9lectrique et instrumentale Entretien de la charpente m\u00e9tallique<span class=\"excerpt-more\"><a href=\"https:\/\/www.cestarorossi.it\/fr\/entretien-des-structures-marines\/\" class=\"more-link\"> [&hellip;] <span class=\"screen-reader-text\">Entretien structures marines<\/span><\/a><\/span><\/p>\n","protected":false},"author":1,"featured_media":0,"parent":0,"menu_order":0,"comment_status":"closed","ping_status":"closed","template":"page-wo-sidebar.php","meta":[],"yoast_head":"<!-- This site is optimized with the Yoast SEO plugin v19.14 - https:\/\/yoast.com\/wordpress\/plugins\/seo\/ -->\r\n<title>Entretien structures marines - CestaroRossi<\/title>\r\n<meta name=\"robots\" content=\"index, follow, max-snippet:-1, max-image-preview:large, max-video-preview:-1\" \/>\r\n<link rel=\"canonical\" href=\"https:\/\/www.cestarorossi.it\/de\/wartung-von-meereskonstruktionen\/\" \/>\r\n<meta property=\"og:locale\" content=\"fr_FR\" \/>\r\n<meta property=\"og:type\" content=\"article\" \/>\r\n<meta property=\"og:title\" content=\"Entretien structures marines - CestaroRossi\" \/>\r\n<meta property=\"og:description\" content=\"ENTRETIEN STRUCTURES MARINES M\u00c9THODOLOGIE \u00a0 \u00a0 \u00a0 JET\u00c9ES P\u00c9TROLI\u00c8RES Entretien, restauration, remplacement des tuyaux et accessoires Maintenance \u00e9lectrique et instrumentale Entretien de la charpente m\u00e9tallique [&hellip;] Entretien structures marines\" \/>\r\n<meta property=\"og:url\" content=\"https:\/\/www.cestarorossi.it\/de\/wartung-von-meereskonstruktionen\/\" \/>\r\n<meta property=\"og:site_name\" content=\"CestaroRossi\" \/>\r\n<meta property=\"article:modified_time\" content=\"2023-01-20T09:32:10+00:00\" \/>\r\n<meta property=\"og:image\" content=\"https:\/\/www.cestarorossi.it\/aggiornato\/wp-content\/uploads\/2023\/01\/cestaro-rossi-marina-1200x640-1.jpeg\" \/>\r\n<meta name=\"twitter:card\" content=\"summary_large_image\" \/>\r\n<meta name=\"twitter:label1\" content=\"Dur\u00e9e de lecture estim\u00e9e\" \/>\n\t<meta name=\"twitter:data1\" content=\"3 minutes\" \/>\r\n<script type=\"application\/ld+json\" class=\"yoast-schema-graph\">{\"@context\":\"https:\/\/schema.org\",\"@graph\":[{\"@type\":\"WebPage\",\"@id\":\"https:\/\/www.cestarorossi.it\/de\/wartung-von-meereskonstruktionen\/\",\"url\":\"https:\/\/www.cestarorossi.it\/de\/wartung-von-meereskonstruktionen\/\",\"name\":\"Entretien structures marines - CestaroRossi\",\"isPartOf\":{\"@id\":\"https:\/\/www.cestarorossi.it\/en\/#website\"},\"datePublished\":\"2022-07-10T09:49:17+00:00\",\"dateModified\":\"2023-01-20T09:32:10+00:00\",\"breadcrumb\":{\"@id\":\"https:\/\/www.cestarorossi.it\/de\/wartung-von-meereskonstruktionen\/#breadcrumb\"},\"inLanguage\":\"fr-FR\",\"potentialAction\":[{\"@type\":\"ReadAction\",\"target\":[\"https:\/\/www.cestarorossi.it\/de\/wartung-von-meereskonstruktionen\/\"]}]},{\"@type\":\"BreadcrumbList\",\"@id\":\"https:\/\/www.cestarorossi.it\/de\/wartung-von-meereskonstruktionen\/#breadcrumb\",\"itemListElement\":[{\"@type\":\"ListItem\",\"position\":1,\"name\":\"Home\",\"item\":\"https:\/\/www.cestarorossi.it\/fr\/\"},{\"@type\":\"ListItem\",\"position\":2,\"name\":\"Entretien structures marines\"}]},{\"@type\":\"WebSite\",\"@id\":\"https:\/\/www.cestarorossi.it\/en\/#website\",\"url\":\"https:\/\/www.cestarorossi.it\/en\/\",\"name\":\"CestaroRossi\",\"description\":\"Construction and maintenance in industrial plants since 1921 - italy\",\"publisher\":{\"@id\":\"https:\/\/www.cestarorossi.it\/en\/#organization\"},\"potentialAction\":[{\"@type\":\"SearchAction\",\"target\":{\"@type\":\"EntryPoint\",\"urlTemplate\":\"https:\/\/www.cestarorossi.it\/en\/?s={search_term_string}\"},\"query-input\":\"required name=search_term_string\"}],\"inLanguage\":\"fr-FR\"},{\"@type\":\"Organization\",\"@id\":\"https:\/\/www.cestarorossi.it\/en\/#organization\",\"name\":\"CestaroRossi\",\"url\":\"https:\/\/www.cestarorossi.it\/en\/\",\"logo\":{\"@type\":\"ImageObject\",\"inLanguage\":\"fr-FR\",\"@id\":\"https:\/\/www.cestarorossi.it\/en\/#\/schema\/logo\/image\/\",\"url\":\"https:\/\/www.cestarorossi.it\/aggiornato\/wp-content\/uploads\/2022\/07\/Cestaro-Rossi_logo-colori.png\",\"contentUrl\":\"https:\/\/www.cestarorossi.it\/aggiornato\/wp-content\/uploads\/2022\/07\/Cestaro-Rossi_logo-colori.png\",\"width\":343,\"height\":63,\"caption\":\"CestaroRossi\"},\"image\":{\"@id\":\"https:\/\/www.cestarorossi.it\/en\/#\/schema\/logo\/image\/\"}}]}<\/script>\r\n<!-- \/ Yoast SEO plugin. -->","yoast_head_json":{"title":"Entretien structures marines - CestaroRossi","robots":{"index":"index","follow":"follow","max-snippet":"max-snippet:-1","max-image-preview":"max-image-preview:large","max-video-preview":"max-video-preview:-1"},"canonical":"https:\/\/www.cestarorossi.it\/de\/wartung-von-meereskonstruktionen\/","og_locale":"fr_FR","og_type":"article","og_title":"Entretien structures marines - CestaroRossi","og_description":"ENTRETIEN STRUCTURES MARINES M\u00c9THODOLOGIE \u00a0 \u00a0 \u00a0 JET\u00c9ES P\u00c9TROLI\u00c8RES Entretien, restauration, remplacement des tuyaux et accessoires Maintenance \u00e9lectrique et instrumentale Entretien de la charpente m\u00e9tallique [&hellip;] Entretien structures marines","og_url":"https:\/\/www.cestarorossi.it\/de\/wartung-von-meereskonstruktionen\/","og_site_name":"CestaroRossi","article_modified_time":"2023-01-20T09:32:10+00:00","og_image":[{"url":"https:\/\/www.cestarorossi.it\/aggiornato\/wp-content\/uploads\/2023\/01\/cestaro-rossi-marina-1200x640-1.jpeg"}],"twitter_card":"summary_large_image","twitter_misc":{"Dur\u00e9e de lecture estim\u00e9e":"3 minutes"},"schema":{"@context":"https:\/\/schema.org","@graph":[{"@type":"WebPage","@id":"https:\/\/www.cestarorossi.it\/de\/wartung-von-meereskonstruktionen\/","url":"https:\/\/www.cestarorossi.it\/de\/wartung-von-meereskonstruktionen\/","name":"Entretien structures marines - CestaroRossi","isPartOf":{"@id":"https:\/\/www.cestarorossi.it\/en\/#website"},"datePublished":"2022-07-10T09:49:17+00:00","dateModified":"2023-01-20T09:32:10+00:00","breadcrumb":{"@id":"https:\/\/www.cestarorossi.it\/de\/wartung-von-meereskonstruktionen\/#breadcrumb"},"inLanguage":"fr-FR","potentialAction":[{"@type":"ReadAction","target":["https:\/\/www.cestarorossi.it\/de\/wartung-von-meereskonstruktionen\/"]}]},{"@type":"BreadcrumbList","@id":"https:\/\/www.cestarorossi.it\/de\/wartung-von-meereskonstruktionen\/#breadcrumb","itemListElement":[{"@type":"ListItem","position":1,"name":"Home","item":"https:\/\/www.cestarorossi.it\/fr\/"},{"@type":"ListItem","position":2,"name":"Entretien structures marines"}]},{"@type":"WebSite","@id":"https:\/\/www.cestarorossi.it\/en\/#website","url":"https:\/\/www.cestarorossi.it\/en\/","name":"CestaroRossi","description":"Construction and maintenance in industrial plants since 1921 - italy","publisher":{"@id":"https:\/\/www.cestarorossi.it\/en\/#organization"},"potentialAction":[{"@type":"SearchAction","target":{"@type":"EntryPoint","urlTemplate":"https:\/\/www.cestarorossi.it\/en\/?s={search_term_string}"},"query-input":"required name=search_term_string"}],"inLanguage":"fr-FR"},{"@type":"Organization","@id":"https:\/\/www.cestarorossi.it\/en\/#organization","name":"CestaroRossi","url":"https:\/\/www.cestarorossi.it\/en\/","logo":{"@type":"ImageObject","inLanguage":"fr-FR","@id":"https:\/\/www.cestarorossi.it\/en\/#\/schema\/logo\/image\/","url":"https:\/\/www.cestarorossi.it\/aggiornato\/wp-content\/uploads\/2022\/07\/Cestaro-Rossi_logo-colori.png","contentUrl":"https:\/\/www.cestarorossi.it\/aggiornato\/wp-content\/uploads\/2022\/07\/Cestaro-Rossi_logo-colori.png","width":343,"height":63,"caption":"CestaroRossi"},"image":{"@id":"https:\/\/www.cestarorossi.it\/en\/#\/schema\/logo\/image\/"}}]}},"_links":{"self":[{"href":"https:\/\/www.cestarorossi.it\/fr\/wp-json\/wp\/v2\/pages\/6441"}],"collection":[{"href":"https:\/\/www.cestarorossi.it\/fr\/wp-json\/wp\/v2\/pages"}],"about":[{"href":"https:\/\/www.cestarorossi.it\/fr\/wp-json\/wp\/v2\/types\/page"}],"author":[{"embeddable":true,"href":"https:\/\/www.cestarorossi.it\/fr\/wp-json\/wp\/v2\/users\/1"}],"replies":[{"embeddable":true,"href":"https:\/\/www.cestarorossi.it\/fr\/wp-json\/wp\/v2\/comments?post=6441"}],"version-history":[{"count":9,"href":"https:\/\/www.cestarorossi.it\/fr\/wp-json\/wp\/v2\/pages\/6441\/revisions"}],"predecessor-version":[{"id":7345,"href":"https:\/\/www.cestarorossi.it\/fr\/wp-json\/wp\/v2\/pages\/6441\/revisions\/7345"}],"wp:attachment":[{"href":"https:\/\/www.cestarorossi.it\/fr\/wp-json\/wp\/v2\/media?parent=6441"}],"curies":[{"name":"wp","href":"https:\/\/api.w.org\/{rel}","templated":true}]}}