{"id":6438,"date":"2022-07-10T11:51:04","date_gmt":"2022-07-10T09:51:04","guid":{"rendered":"https:\/\/www.cestarorossi.it\/unites-cles\/"},"modified":"2023-01-20T12:22:13","modified_gmt":"2023-01-20T11:22:13","slug":"unites-cles","status":"publish","type":"page","link":"https:\/\/www.cestarorossi.it\/fr\/unites-cles\/","title":{"rendered":"Les unites essentielles"},"content":{"rendered":"<section class=\"fw-main-row \">\n<div class=\"fw-container unyson_content\">\n<div class=\"container\">\n<div class=\"fw-row\">\n<div class=\"fw-col-xs-12 \">\n<div class=\"fw-heading fw-heading-h1 fw-heading-center fw-heading-w-subtitle fw-heading-alternate \">\n<h1 class=\"fw-special-title\" style=\"text-align: center;\">LES UNITES ESSENTIELLES<\/h1>\n<div class=\"fw-special-subtitle\" style=\"text-align: center;\">M\u00c9THODOLOGIE<\/div>\n<p><\/p>\n<\/div>\n<\/div>\n<\/div>\n<\/div>\n<\/div>\n<\/section>\n<section class=\"fw-main-row \">\n<div class=\"fw-container unyson_content\">\n<div class=\"container\">\n<div class=\"fw-row\">\n<div class=\"fw-col-xs-12 \"><span class=\"unyson-media-image\"><img loading=\"lazy\" class=\"alignnone size-full wp-image-7346\" src=\"https:\/\/www.cestarorossi.it\/aggiornato\/wp-content\/uploads\/2023\/01\/Cestaro-rossi-impianti-8-1200x640-1.jpeg\" alt=\"\" width=\"1200\" height=\"640\" srcset=\"https:\/\/www.cestarorossi.it\/aggiornato\/wp-content\/uploads\/2023\/01\/Cestaro-rossi-impianti-8-1200x640-1.jpeg 1200w, https:\/\/www.cestarorossi.it\/aggiornato\/wp-content\/uploads\/2023\/01\/Cestaro-rossi-impianti-8-1200x640-1-300x160.jpeg 300w, https:\/\/www.cestarorossi.it\/aggiornato\/wp-content\/uploads\/2023\/01\/Cestaro-rossi-impianti-8-1200x640-1-1024x546.jpeg 1024w, https:\/\/www.cestarorossi.it\/aggiornato\/wp-content\/uploads\/2023\/01\/Cestaro-rossi-impianti-8-1200x640-1-768x410.jpeg 768w\" sizes=\"(max-width: 1200px) 100vw, 1200px\" \/>&nbsp;<\/span><\/div>\n<\/div>\n<\/div>\n<\/div>\n<\/section>\n<section class=\"fw-main-row \">\n<div class=\"fw-container unyson_content\">\n<div class=\"container\">\n<div class=\"fw-row\">\n<div class=\"fw-col-xs-12 fw-col-sm-4 \">\n<blockquote>\n<h2>&nbsp;<\/h2>\n<h2 style=\"text-align: left;\"><em><strong><span style=\"color: #256f6b;\">LES UNITES ESSENTIELLES<\/span><\/strong><\/em><\/h2>\n<\/blockquote>\n<\/div>\n<div class=\"fw-col-xs-12 fw-col-sm-8 \">\n<p><strong>Les unites essentielles de la direction technique pour les activites d\u2019entretien et d\u2019amelioration<\/strong><\/p>\n<p><strong>Groupe de contr\u00f4leurs de travaux<\/strong><\/p>\n<p>Techniciens sp\u00e9cialis\u00e9s hautement professionnels qui se d\u00e9dient \u00e0:<\/p>\n<ul class=\"listing\">\n<li>Programmation de travaux particuliers en accord avec les Chefs de Chantiers<\/li>\n<li>Examen de l\u2019Historique des Donn\u00e9es<\/li>\n<li>Contr\u00f4le et surveillance de la gestion des chantiers<\/li>\n<li>Programmation du personnel n\u00e9cessaire<\/li>\n<li>Programmation des \u00e9quipements et moyens n\u00e9cessaires<\/li>\n<li>Etudes sp\u00e9cifiques des \u00e9quipements, instruments, soul\u00e8vements particuliers, structures provisoires selon les n\u00e9cessit\u00e9s d\u2019ex\u00e9cution<\/li>\n<li>Mise \u00e0 jour en temps r\u00e9el de l\u2019avancement des travaux<\/li>\n<li>Actions correctives pour rem\u00e9dier \u00e0 d\u2019\u00e9ventuels d\u00e9lais dans les temps pr\u00e9vus et programm\u00e9s<\/li>\n<li>Elaboration et mise \u00e0 jour de la base de donn\u00e9es de l\u2019entreprise<\/li>\n<\/ul>\n<\/div>\n<\/div>\n<\/div>\n<\/div>\n<\/section>\n<section class=\"fw-main-row \">\n<div class=\"fw-container unyson_content\">\n<div class=\"container\">\n<div class=\"fw-row\">\n<div class=\"fw-col-xs-12 fw-col-sm-4 \">\n<blockquote>\n<h2 style=\"text-align: left;\"><em><strong><span style=\"color: #256f6b;\">UNIT\u00c9 DE&nbsp;<\/span><\/strong><\/em><em><strong><span style=\"color: #256f6b;\">\u00c9<\/span><\/strong><\/em><em><strong><span style=\"color: #256f6b;\">TUDES<\/span><\/strong><\/em><\/h2>\n<\/blockquote>\n<\/div>\n<div class=\"fw-col-xs-12 fw-col-sm-8 \">\n<p><strong>Cette unit\u00e9, en fonction des exigences op\u00e9rationnelles et des travaux \u00e0 effectuer s\u2019occupe:<\/strong><\/p>\n<ul class=\"listing\">\n<li>De l\u2019\u00e9tude de sollicitations et \u00e9laboration de dessins et protocoles d\u2019accord pour ce qui concerne les modifications d\u2019appareillages \u00e0 pression requises par le client, en accord avec les normes UNI EN 13445-3, VSR 95, ASME<\/li>\n<li>Des v\u00e9rifications structurelles et de l\u2019ex\u00e9cution des dessins apr\u00e8s l\u2019\u00e9tude de sollicitations \u00e0 travers la m\u00e9thode des<\/li>\n<li>El\u00e9ments Finis<\/li>\n<li>Etude et r\u00e9alisation de moyens et \u00e9quipements particuliers sp\u00e9cifiques pour les exigences op\u00e9rationnelles de l\u2019entreprise.<\/li>\n<li>Calculs de v\u00e9rification pour soul\u00e8vements particuliers<\/li>\n<li>Analyse Modale pour v\u00e9rification \/ \u00e9tude de syst\u00e8mes de fixation pour machines rotationnelles<\/li>\n<li>Etude et r\u00e9alisation de structures provisoires en charpente m\u00e9tallique pour conditions op\u00e9rationnelles particuli\u00e8res<\/li>\n<li>Etudes d\u2019installation \u00e9lectrique<\/li>\n<\/ul>\n<\/div>\n<\/div>\n<\/div>\n<\/div>\n<\/section>\n<p><!-- caa3adf0f6942c7cfba4149e092d3ee3 --><\/p>\n\n\n<figure class=\"wp-container-2 wp-block-gallery-1 wp-block-gallery has-nested-images columns-default is-cropped\">\n<figure class=\"wp-block-image size-full\"><img loading=\"lazy\" width=\"600\" height=\"500\" data-id=\"7466\"  src=\"https:\/\/www.cestarorossi.it\/aggiornato\/wp-content\/uploads\/2023\/01\/1-cestaro-rossi-UNITA\u0300-CHIAVE-12-1.jpeg\" alt=\"\" class=\"wp-image-7466\" srcset=\"https:\/\/www.cestarorossi.it\/aggiornato\/wp-content\/uploads\/2023\/01\/1-cestaro-rossi-UNITA\u0300-CHIAVE-12-1.jpeg 600w, https:\/\/www.cestarorossi.it\/aggiornato\/wp-content\/uploads\/2023\/01\/1-cestaro-rossi-UNITA\u0300-CHIAVE-12-1-300x250.jpeg 300w\" sizes=\"(max-width: 600px) 100vw, 600px\" \/><\/figure>\n\n\n\n<figure class=\"wp-block-image size-full\"><img loading=\"lazy\" width=\"600\" height=\"500\" data-id=\"7461\"  src=\"https:\/\/www.cestarorossi.it\/aggiornato\/wp-content\/uploads\/2023\/01\/2-cestaro-rossi-UNITA\u0300-CHIAVE-11.jpeg\" alt=\"\" class=\"wp-image-7461\" srcset=\"https:\/\/www.cestarorossi.it\/aggiornato\/wp-content\/uploads\/2023\/01\/2-cestaro-rossi-UNITA\u0300-CHIAVE-11.jpeg 600w, https:\/\/www.cestarorossi.it\/aggiornato\/wp-content\/uploads\/2023\/01\/2-cestaro-rossi-UNITA\u0300-CHIAVE-11-300x250.jpeg 300w\" sizes=\"(max-width: 600px) 100vw, 600px\" \/><\/figure>\n\n\n\n<figure class=\"wp-block-image size-full\"><img loading=\"lazy\" width=\"600\" height=\"500\" data-id=\"7457\"  src=\"https:\/\/www.cestarorossi.it\/aggiornato\/wp-content\/uploads\/2023\/01\/3-cestaro-rossi-UNITA\u0300-CHIAVE-10.jpeg\" alt=\"\" class=\"wp-image-7457\" srcset=\"https:\/\/www.cestarorossi.it\/aggiornato\/wp-content\/uploads\/2023\/01\/3-cestaro-rossi-UNITA\u0300-CHIAVE-10.jpeg 600w, https:\/\/www.cestarorossi.it\/aggiornato\/wp-content\/uploads\/2023\/01\/3-cestaro-rossi-UNITA\u0300-CHIAVE-10-300x250.jpeg 300w\" sizes=\"(max-width: 600px) 100vw, 600px\" \/><\/figure>\n\n\n\n<figure class=\"wp-block-image size-full\"><img loading=\"lazy\" width=\"600\" height=\"500\" data-id=\"7453\"  src=\"https:\/\/www.cestarorossi.it\/aggiornato\/wp-content\/uploads\/2023\/01\/4-cestaro-rossi-UNITA\u0300-CHIAVE-9.jpeg\" alt=\"\" class=\"wp-image-7453\" srcset=\"https:\/\/www.cestarorossi.it\/aggiornato\/wp-content\/uploads\/2023\/01\/4-cestaro-rossi-UNITA\u0300-CHIAVE-9.jpeg 600w, https:\/\/www.cestarorossi.it\/aggiornato\/wp-content\/uploads\/2023\/01\/4-cestaro-rossi-UNITA\u0300-CHIAVE-9-300x250.jpeg 300w\" sizes=\"(max-width: 600px) 100vw, 600px\" \/><\/figure>\n\n\n\n<figure class=\"wp-block-image size-full\"><img loading=\"lazy\" width=\"600\" height=\"500\" data-id=\"7449\"  src=\"https:\/\/www.cestarorossi.it\/aggiornato\/wp-content\/uploads\/2023\/01\/5-cestaro-rossi-UNITA\u0300-CHIAVE-8.jpeg\" alt=\"\" class=\"wp-image-7449\" srcset=\"https:\/\/www.cestarorossi.it\/aggiornato\/wp-content\/uploads\/2023\/01\/5-cestaro-rossi-UNITA\u0300-CHIAVE-8.jpeg 600w, https:\/\/www.cestarorossi.it\/aggiornato\/wp-content\/uploads\/2023\/01\/5-cestaro-rossi-UNITA\u0300-CHIAVE-8-300x250.jpeg 300w\" sizes=\"(max-width: 600px) 100vw, 600px\" \/><\/figure>\n\n\n\n<figure class=\"wp-block-image size-full\"><img loading=\"lazy\" width=\"600\" height=\"500\" data-id=\"7445\"  src=\"https:\/\/www.cestarorossi.it\/aggiornato\/wp-content\/uploads\/2023\/01\/6-cestaro-rossi-UNITA\u0300-CHIAVE-7.jpeg\" alt=\"\" class=\"wp-image-7445\" srcset=\"https:\/\/www.cestarorossi.it\/aggiornato\/wp-content\/uploads\/2023\/01\/6-cestaro-rossi-UNITA\u0300-CHIAVE-7.jpeg 600w, https:\/\/www.cestarorossi.it\/aggiornato\/wp-content\/uploads\/2023\/01\/6-cestaro-rossi-UNITA\u0300-CHIAVE-7-300x250.jpeg 300w\" sizes=\"(max-width: 600px) 100vw, 600px\" \/><\/figure>\n\n\n\n<figure class=\"wp-block-image size-full\"><img loading=\"lazy\" width=\"600\" height=\"500\" data-id=\"7441\"  src=\"https:\/\/www.cestarorossi.it\/aggiornato\/wp-content\/uploads\/2023\/01\/7-cestaro-rossi-UNITA\u0300-CHIAVE-6.jpeg\" alt=\"\" class=\"wp-image-7441\" srcset=\"https:\/\/www.cestarorossi.it\/aggiornato\/wp-content\/uploads\/2023\/01\/7-cestaro-rossi-UNITA\u0300-CHIAVE-6.jpeg 600w, https:\/\/www.cestarorossi.it\/aggiornato\/wp-content\/uploads\/2023\/01\/7-cestaro-rossi-UNITA\u0300-CHIAVE-6-300x250.jpeg 300w\" sizes=\"(max-width: 600px) 100vw, 600px\" \/><\/figure>\n\n\n\n<figure class=\"wp-block-image size-full\"><img loading=\"lazy\" width=\"600\" height=\"500\" data-id=\"7437\"  src=\"https:\/\/www.cestarorossi.it\/aggiornato\/wp-content\/uploads\/2023\/01\/8-cestaro-rossi-UNITA\u0300-CHIAVE-5.jpeg\" alt=\"\" class=\"wp-image-7437\" srcset=\"https:\/\/www.cestarorossi.it\/aggiornato\/wp-content\/uploads\/2023\/01\/8-cestaro-rossi-UNITA\u0300-CHIAVE-5.jpeg 600w, https:\/\/www.cestarorossi.it\/aggiornato\/wp-content\/uploads\/2023\/01\/8-cestaro-rossi-UNITA\u0300-CHIAVE-5-300x250.jpeg 300w\" sizes=\"(max-width: 600px) 100vw, 600px\" \/><\/figure>\n\n\n\n<figure class=\"wp-block-image size-full\"><img loading=\"lazy\" width=\"600\" height=\"500\" data-id=\"7433\"  src=\"https:\/\/www.cestarorossi.it\/aggiornato\/wp-content\/uploads\/2023\/01\/9-cestaro-rossi-UNITA\u0300-CHIAVE-4.jpeg\" alt=\"\" class=\"wp-image-7433\" srcset=\"https:\/\/www.cestarorossi.it\/aggiornato\/wp-content\/uploads\/2023\/01\/9-cestaro-rossi-UNITA\u0300-CHIAVE-4.jpeg 600w, https:\/\/www.cestarorossi.it\/aggiornato\/wp-content\/uploads\/2023\/01\/9-cestaro-rossi-UNITA\u0300-CHIAVE-4-300x250.jpeg 300w\" sizes=\"(max-width: 600px) 100vw, 600px\" \/><\/figure>\n\n\n\n<figure class=\"wp-block-image size-full\"><img loading=\"lazy\" width=\"599\" height=\"500\" data-id=\"7429\"  src=\"https:\/\/www.cestarorossi.it\/aggiornato\/wp-content\/uploads\/2023\/01\/10-cestaro-rossi-UNITA\u0300-CHIAVE-3.jpeg\" alt=\"\" class=\"wp-image-7429\" srcset=\"https:\/\/www.cestarorossi.it\/aggiornato\/wp-content\/uploads\/2023\/01\/10-cestaro-rossi-UNITA\u0300-CHIAVE-3.jpeg 599w, https:\/\/www.cestarorossi.it\/aggiornato\/wp-content\/uploads\/2023\/01\/10-cestaro-rossi-UNITA\u0300-CHIAVE-3-300x250.jpeg 300w\" sizes=\"(max-width: 599px) 100vw, 599px\" \/><\/figure>\n\n\n\n<figure class=\"wp-block-image size-full\"><img loading=\"lazy\" width=\"600\" height=\"500\" data-id=\"7425\"  src=\"https:\/\/www.cestarorossi.it\/aggiornato\/wp-content\/uploads\/2023\/01\/11-cestaro-rossi-UNITA\u0300-CHIAVE-2.jpeg\" alt=\"\" class=\"wp-image-7425\" srcset=\"https:\/\/www.cestarorossi.it\/aggiornato\/wp-content\/uploads\/2023\/01\/11-cestaro-rossi-UNITA\u0300-CHIAVE-2.jpeg 600w, https:\/\/www.cestarorossi.it\/aggiornato\/wp-content\/uploads\/2023\/01\/11-cestaro-rossi-UNITA\u0300-CHIAVE-2-300x250.jpeg 300w\" sizes=\"(max-width: 600px) 100vw, 600px\" \/><\/figure>\n\n\n\n<figure class=\"wp-block-image size-full\"><img loading=\"lazy\" width=\"600\" height=\"500\" data-id=\"7421\"  src=\"https:\/\/www.cestarorossi.it\/aggiornato\/wp-content\/uploads\/2023\/01\/12-cestaro-rossi-UNITA\u0300-CHIAVE-1.jpeg\" alt=\"\" class=\"wp-image-7421\" srcset=\"https:\/\/www.cestarorossi.it\/aggiornato\/wp-content\/uploads\/2023\/01\/12-cestaro-rossi-UNITA\u0300-CHIAVE-1.jpeg 600w, https:\/\/www.cestarorossi.it\/aggiornato\/wp-content\/uploads\/2023\/01\/12-cestaro-rossi-UNITA\u0300-CHIAVE-1-300x250.jpeg 300w\" sizes=\"(max-width: 600px) 100vw, 600px\" \/><\/figure>\n<\/figure>\n","protected":false},"excerpt":{"rendered":"<p>LES UNITES ESSENTIELLES M\u00c9THODOLOGIE &nbsp; &nbsp; LES UNITES ESSENTIELLES Les unites essentielles de la direction technique pour les activites d\u2019entretien et d\u2019amelioration Groupe de contr\u00f4leurs<span class=\"excerpt-more\"><a href=\"https:\/\/www.cestarorossi.it\/fr\/unites-cles\/\" class=\"more-link\"> [&hellip;] <span class=\"screen-reader-text\">Les unites essentielles<\/span><\/a><\/span><\/p>\n","protected":false},"author":1,"featured_media":0,"parent":0,"menu_order":0,"comment_status":"closed","ping_status":"closed","template":"page-wo-sidebar.php","meta":[],"yoast_head":"<!-- This site is optimized with the Yoast SEO plugin v19.14 - https:\/\/yoast.com\/wordpress\/plugins\/seo\/ -->\r\n<title>Les unites essentielles - CestaroRossi<\/title>\r\n<meta name=\"robots\" content=\"index, follow, max-snippet:-1, max-image-preview:large, max-video-preview:-1\" \/>\r\n<link rel=\"canonical\" href=\"https:\/\/www.cestarorossi.it\/fr\/unites-cles\/\" \/>\r\n<meta property=\"og:locale\" content=\"fr_FR\" \/>\r\n<meta property=\"og:type\" content=\"article\" \/>\r\n<meta property=\"og:title\" content=\"Les unites essentielles - CestaroRossi\" \/>\r\n<meta property=\"og:description\" content=\"LES UNITES ESSENTIELLES M\u00c9THODOLOGIE &nbsp; &nbsp; LES UNITES ESSENTIELLES Les unites essentielles de la direction technique pour les activites d\u2019entretien et d\u2019amelioration Groupe de contr\u00f4leurs [&hellip;] Les unites essentielles\" \/>\r\n<meta property=\"og:url\" content=\"https:\/\/www.cestarorossi.it\/fr\/unites-cles\/\" \/>\r\n<meta property=\"og:site_name\" content=\"CestaroRossi\" \/>\r\n<meta property=\"article:modified_time\" content=\"2023-01-20T11:22:13+00:00\" \/>\r\n<meta property=\"og:image\" content=\"https:\/\/www.cestarorossi.it\/aggiornato\/wp-content\/uploads\/2023\/01\/Cestaro-rossi-impianti-8-1200x640-1.jpeg\" \/>\r\n<meta name=\"twitter:card\" content=\"summary_large_image\" \/>\r\n<meta name=\"twitter:label1\" content=\"Dur\u00e9e de lecture estim\u00e9e\" \/>\n\t<meta name=\"twitter:data1\" content=\"4 minutes\" \/>\r\n<script type=\"application\/ld+json\" class=\"yoast-schema-graph\">{\"@context\":\"https:\/\/schema.org\",\"@graph\":[{\"@type\":\"WebPage\",\"@id\":\"https:\/\/www.cestarorossi.it\/fr\/unites-cles\/\",\"url\":\"https:\/\/www.cestarorossi.it\/fr\/unites-cles\/\",\"name\":\"Les unites essentielles - CestaroRossi\",\"isPartOf\":{\"@id\":\"https:\/\/www.cestarorossi.it\/en\/#website\"},\"datePublished\":\"2022-07-10T09:51:04+00:00\",\"dateModified\":\"2023-01-20T11:22:13+00:00\",\"breadcrumb\":{\"@id\":\"https:\/\/www.cestarorossi.it\/fr\/unites-cles\/#breadcrumb\"},\"inLanguage\":\"fr-FR\",\"potentialAction\":[{\"@type\":\"ReadAction\",\"target\":[\"https:\/\/www.cestarorossi.it\/fr\/unites-cles\/\"]}]},{\"@type\":\"BreadcrumbList\",\"@id\":\"https:\/\/www.cestarorossi.it\/fr\/unites-cles\/#breadcrumb\",\"itemListElement\":[{\"@type\":\"ListItem\",\"position\":1,\"name\":\"Home\",\"item\":\"https:\/\/www.cestarorossi.it\/fr\/\"},{\"@type\":\"ListItem\",\"position\":2,\"name\":\"Les unites essentielles\"}]},{\"@type\":\"WebSite\",\"@id\":\"https:\/\/www.cestarorossi.it\/en\/#website\",\"url\":\"https:\/\/www.cestarorossi.it\/en\/\",\"name\":\"CestaroRossi\",\"description\":\"Construction and maintenance in industrial plants since 1921 - italy\",\"publisher\":{\"@id\":\"https:\/\/www.cestarorossi.it\/en\/#organization\"},\"potentialAction\":[{\"@type\":\"SearchAction\",\"target\":{\"@type\":\"EntryPoint\",\"urlTemplate\":\"https:\/\/www.cestarorossi.it\/en\/?s={search_term_string}\"},\"query-input\":\"required name=search_term_string\"}],\"inLanguage\":\"fr-FR\"},{\"@type\":\"Organization\",\"@id\":\"https:\/\/www.cestarorossi.it\/en\/#organization\",\"name\":\"CestaroRossi\",\"url\":\"https:\/\/www.cestarorossi.it\/en\/\",\"logo\":{\"@type\":\"ImageObject\",\"inLanguage\":\"fr-FR\",\"@id\":\"https:\/\/www.cestarorossi.it\/en\/#\/schema\/logo\/image\/\",\"url\":\"https:\/\/www.cestarorossi.it\/aggiornato\/wp-content\/uploads\/2022\/07\/Cestaro-Rossi_logo-colori.png\",\"contentUrl\":\"https:\/\/www.cestarorossi.it\/aggiornato\/wp-content\/uploads\/2022\/07\/Cestaro-Rossi_logo-colori.png\",\"width\":343,\"height\":63,\"caption\":\"CestaroRossi\"},\"image\":{\"@id\":\"https:\/\/www.cestarorossi.it\/en\/#\/schema\/logo\/image\/\"}}]}<\/script>\r\n<!-- \/ Yoast SEO plugin. -->","yoast_head_json":{"title":"Les unites essentielles - CestaroRossi","robots":{"index":"index","follow":"follow","max-snippet":"max-snippet:-1","max-image-preview":"max-image-preview:large","max-video-preview":"max-video-preview:-1"},"canonical":"https:\/\/www.cestarorossi.it\/fr\/unites-cles\/","og_locale":"fr_FR","og_type":"article","og_title":"Les unites essentielles - CestaroRossi","og_description":"LES UNITES ESSENTIELLES M\u00c9THODOLOGIE &nbsp; &nbsp; LES UNITES ESSENTIELLES Les unites essentielles de la direction technique pour les activites d\u2019entretien et d\u2019amelioration Groupe de contr\u00f4leurs [&hellip;] Les unites essentielles","og_url":"https:\/\/www.cestarorossi.it\/fr\/unites-cles\/","og_site_name":"CestaroRossi","article_modified_time":"2023-01-20T11:22:13+00:00","og_image":[{"url":"https:\/\/www.cestarorossi.it\/aggiornato\/wp-content\/uploads\/2023\/01\/Cestaro-rossi-impianti-8-1200x640-1.jpeg"}],"twitter_card":"summary_large_image","twitter_misc":{"Dur\u00e9e de lecture estim\u00e9e":"4 minutes"},"schema":{"@context":"https:\/\/schema.org","@graph":[{"@type":"WebPage","@id":"https:\/\/www.cestarorossi.it\/fr\/unites-cles\/","url":"https:\/\/www.cestarorossi.it\/fr\/unites-cles\/","name":"Les unites essentielles - CestaroRossi","isPartOf":{"@id":"https:\/\/www.cestarorossi.it\/en\/#website"},"datePublished":"2022-07-10T09:51:04+00:00","dateModified":"2023-01-20T11:22:13+00:00","breadcrumb":{"@id":"https:\/\/www.cestarorossi.it\/fr\/unites-cles\/#breadcrumb"},"inLanguage":"fr-FR","potentialAction":[{"@type":"ReadAction","target":["https:\/\/www.cestarorossi.it\/fr\/unites-cles\/"]}]},{"@type":"BreadcrumbList","@id":"https:\/\/www.cestarorossi.it\/fr\/unites-cles\/#breadcrumb","itemListElement":[{"@type":"ListItem","position":1,"name":"Home","item":"https:\/\/www.cestarorossi.it\/fr\/"},{"@type":"ListItem","position":2,"name":"Les unites essentielles"}]},{"@type":"WebSite","@id":"https:\/\/www.cestarorossi.it\/en\/#website","url":"https:\/\/www.cestarorossi.it\/en\/","name":"CestaroRossi","description":"Construction and maintenance in industrial plants since 1921 - italy","publisher":{"@id":"https:\/\/www.cestarorossi.it\/en\/#organization"},"potentialAction":[{"@type":"SearchAction","target":{"@type":"EntryPoint","urlTemplate":"https:\/\/www.cestarorossi.it\/en\/?s={search_term_string}"},"query-input":"required name=search_term_string"}],"inLanguage":"fr-FR"},{"@type":"Organization","@id":"https:\/\/www.cestarorossi.it\/en\/#organization","name":"CestaroRossi","url":"https:\/\/www.cestarorossi.it\/en\/","logo":{"@type":"ImageObject","inLanguage":"fr-FR","@id":"https:\/\/www.cestarorossi.it\/en\/#\/schema\/logo\/image\/","url":"https:\/\/www.cestarorossi.it\/aggiornato\/wp-content\/uploads\/2022\/07\/Cestaro-Rossi_logo-colori.png","contentUrl":"https:\/\/www.cestarorossi.it\/aggiornato\/wp-content\/uploads\/2022\/07\/Cestaro-Rossi_logo-colori.png","width":343,"height":63,"caption":"CestaroRossi"},"image":{"@id":"https:\/\/www.cestarorossi.it\/en\/#\/schema\/logo\/image\/"}}]}},"_links":{"self":[{"href":"https:\/\/www.cestarorossi.it\/fr\/wp-json\/wp\/v2\/pages\/6438"}],"collection":[{"href":"https:\/\/www.cestarorossi.it\/fr\/wp-json\/wp\/v2\/pages"}],"about":[{"href":"https:\/\/www.cestarorossi.it\/fr\/wp-json\/wp\/v2\/types\/page"}],"author":[{"embeddable":true,"href":"https:\/\/www.cestarorossi.it\/fr\/wp-json\/wp\/v2\/users\/1"}],"replies":[{"embeddable":true,"href":"https:\/\/www.cestarorossi.it\/fr\/wp-json\/wp\/v2\/comments?post=6438"}],"version-history":[{"count":9,"href":"https:\/\/www.cestarorossi.it\/fr\/wp-json\/wp\/v2\/pages\/6438\/revisions"}],"predecessor-version":[{"id":7475,"href":"https:\/\/www.cestarorossi.it\/fr\/wp-json\/wp\/v2\/pages\/6438\/revisions\/7475"}],"wp:attachment":[{"href":"https:\/\/www.cestarorossi.it\/fr\/wp-json\/wp\/v2\/media?parent=6438"}],"curies":[{"name":"wp","href":"https:\/\/api.w.org\/{rel}","templated":true}]}}