{"id":6437,"date":"2022-07-10T11:29:13","date_gmt":"2022-07-10T09:29:13","guid":{"rendered":"https:\/\/www.cestarorossi.it\/nos-chiffres\/"},"modified":"2022-07-10T11:29:13","modified_gmt":"2022-07-10T09:29:13","slug":"nos-chiffres","status":"publish","type":"page","link":"https:\/\/www.cestarorossi.it\/fr\/nos-chiffres\/","title":{"rendered":"Nos chiffres"},"content":{"rendered":"<section class=\"fw-main-row \">\n\t<span class=\"bg-image-overlay \"><\/span><\/p>\n<div class=\"fw-container unyson_content\">\n<div class=\"container\">\n<div class=\"fw-row\">\n<div class=\"fw-col-xs-12 \">\n<h4 style=\"text-align: center\">T\u00c9L\u00c9CHARGEZ ICI LE PDF DES DERNIERS &#8220;ARR\u00caTS D&#8217;USINE&#8221;.<\/h4>\n<\/div>\n<\/div>\n<div class=\"fw-row\">\n<div class=\"fw-col-xs-12 \">\n<div class=\"fw-divider-space space-15x\"><\/div>\n<\/div>\n<\/div>\n<div class=\"fw-row\">\n<div class=\"fw-col-xs-12 fw-col-sm-4 \">\n\t<\/div>\n<div class=\"fw-col-xs-12 fw-col-sm-6 \">\n\t<span class=\"unyson-media-image\"><a href=\"https:\/\/www.effort-studio.it\/cestaro\/wp-content\/uploads\/2022\/07\/Cestaro-Rossi_brochure_Fermate_impianti.pdf\" target=\"_blank\" rel=\"noopener\"><img loading=\"lazy\" src=\"https:\/\/www.effort-studio.it\/cestaro\/wp-content\/uploads\/2022\/07\/Cestaro-Rossi_brochure_Fermate_impianti-cop-310x430.jpg\" alt=\"https:\/\/www.effort-studio.it\/cestaro\/wp-content\/uploads\/2022\/07\/Cestaro-Rossi_brochure_Fermate_impianti-cop-310x430.jpg\" width=\"310\" height=\"430\"><\/a><\/span><\/div>\n<\/div>\n<div class=\"fw-row\">\n<div class=\"fw-col-xs-12 \">\n<div class=\"fw-divider-space space-15x\"><\/div>\n<\/div>\n<\/div><\/div>\n<\/p><\/div>\n<\/section>\n<p><!-- ff30c608bf2d548d6677ca37e6345e49 --><\/p>\n","protected":false},"excerpt":{"rendered":"<p>T\u00c9L\u00c9CHARGEZ ICI LE PDF DES DERNIERS &#8220;ARR\u00caTS D&#8217;USINE&#8221;.<\/p>\n","protected":false},"author":1,"featured_media":0,"parent":0,"menu_order":0,"comment_status":"closed","ping_status":"closed","template":"page-wo-sidebar.php","meta":[],"yoast_head":"<!-- This site is optimized with the Yoast SEO plugin v19.14 - https:\/\/yoast.com\/wordpress\/plugins\/seo\/ -->\r\n<title>Nos chiffres - CestaroRossi<\/title>\r\n<meta name=\"robots\" content=\"index, follow, max-snippet:-1, max-image-preview:large, max-video-preview:-1\" \/>\r\n<link rel=\"canonical\" href=\"https:\/\/www.cestarorossi.it\/fr\/nos-chiffres\/\" \/>\r\n<meta property=\"og:locale\" content=\"fr_FR\" \/>\r\n<meta property=\"og:type\" content=\"article\" \/>\r\n<meta property=\"og:title\" content=\"Nos chiffres - CestaroRossi\" \/>\r\n<meta property=\"og:description\" content=\"T\u00c9L\u00c9CHARGEZ ICI LE PDF DES DERNIERS &#8220;ARR\u00caTS D&#8217;USINE&#8221;.\" \/>\r\n<meta property=\"og:url\" content=\"https:\/\/www.cestarorossi.it\/fr\/nos-chiffres\/\" \/>\r\n<meta property=\"og:site_name\" content=\"CestaroRossi\" \/>\r\n<meta property=\"og:image\" content=\"https:\/\/www.effort-studio.it\/cestaro\/wp-content\/uploads\/2022\/07\/Cestaro-Rossi_brochure_Fermate_impianti-cop-310x430.jpg\" \/>\r\n<meta name=\"twitter:card\" content=\"summary_large_image\" \/>\r\n<script type=\"application\/ld+json\" class=\"yoast-schema-graph\">{\"@context\":\"https:\/\/schema.org\",\"@graph\":[{\"@type\":\"WebPage\",\"@id\":\"https:\/\/www.cestarorossi.it\/fr\/nos-chiffres\/\",\"url\":\"https:\/\/www.cestarorossi.it\/fr\/nos-chiffres\/\",\"name\":\"Nos chiffres - CestaroRossi\",\"isPartOf\":{\"@id\":\"https:\/\/www.cestarorossi.it\/en\/#website\"},\"datePublished\":\"2022-07-10T09:29:13+00:00\",\"dateModified\":\"2022-07-10T09:29:13+00:00\",\"breadcrumb\":{\"@id\":\"https:\/\/www.cestarorossi.it\/fr\/nos-chiffres\/#breadcrumb\"},\"inLanguage\":\"fr-FR\",\"potentialAction\":[{\"@type\":\"ReadAction\",\"target\":[\"https:\/\/www.cestarorossi.it\/fr\/nos-chiffres\/\"]}]},{\"@type\":\"BreadcrumbList\",\"@id\":\"https:\/\/www.cestarorossi.it\/fr\/nos-chiffres\/#breadcrumb\",\"itemListElement\":[{\"@type\":\"ListItem\",\"position\":1,\"name\":\"Home\",\"item\":\"https:\/\/www.cestarorossi.it\/fr\/\"},{\"@type\":\"ListItem\",\"position\":2,\"name\":\"Nos chiffres\"}]},{\"@type\":\"WebSite\",\"@id\":\"https:\/\/www.cestarorossi.it\/en\/#website\",\"url\":\"https:\/\/www.cestarorossi.it\/en\/\",\"name\":\"CestaroRossi\",\"description\":\"Construction and maintenance in industrial plants since 1921 - italy\",\"publisher\":{\"@id\":\"https:\/\/www.cestarorossi.it\/en\/#organization\"},\"potentialAction\":[{\"@type\":\"SearchAction\",\"target\":{\"@type\":\"EntryPoint\",\"urlTemplate\":\"https:\/\/www.cestarorossi.it\/en\/?s={search_term_string}\"},\"query-input\":\"required name=search_term_string\"}],\"inLanguage\":\"fr-FR\"},{\"@type\":\"Organization\",\"@id\":\"https:\/\/www.cestarorossi.it\/en\/#organization\",\"name\":\"CestaroRossi\",\"url\":\"https:\/\/www.cestarorossi.it\/en\/\",\"logo\":{\"@type\":\"ImageObject\",\"inLanguage\":\"fr-FR\",\"@id\":\"https:\/\/www.cestarorossi.it\/en\/#\/schema\/logo\/image\/\",\"url\":\"https:\/\/www.cestarorossi.it\/aggiornato\/wp-content\/uploads\/2022\/07\/Cestaro-Rossi_logo-colori.png\",\"contentUrl\":\"https:\/\/www.cestarorossi.it\/aggiornato\/wp-content\/uploads\/2022\/07\/Cestaro-Rossi_logo-colori.png\",\"width\":343,\"height\":63,\"caption\":\"CestaroRossi\"},\"image\":{\"@id\":\"https:\/\/www.cestarorossi.it\/en\/#\/schema\/logo\/image\/\"}}]}<\/script>\r\n<!-- \/ Yoast SEO plugin. -->","yoast_head_json":{"title":"Nos chiffres - CestaroRossi","robots":{"index":"index","follow":"follow","max-snippet":"max-snippet:-1","max-image-preview":"max-image-preview:large","max-video-preview":"max-video-preview:-1"},"canonical":"https:\/\/www.cestarorossi.it\/fr\/nos-chiffres\/","og_locale":"fr_FR","og_type":"article","og_title":"Nos chiffres - CestaroRossi","og_description":"T\u00c9L\u00c9CHARGEZ ICI LE PDF DES DERNIERS &#8220;ARR\u00caTS D&#8217;USINE&#8221;.","og_url":"https:\/\/www.cestarorossi.it\/fr\/nos-chiffres\/","og_site_name":"CestaroRossi","og_image":[{"url":"https:\/\/www.effort-studio.it\/cestaro\/wp-content\/uploads\/2022\/07\/Cestaro-Rossi_brochure_Fermate_impianti-cop-310x430.jpg"}],"twitter_card":"summary_large_image","schema":{"@context":"https:\/\/schema.org","@graph":[{"@type":"WebPage","@id":"https:\/\/www.cestarorossi.it\/fr\/nos-chiffres\/","url":"https:\/\/www.cestarorossi.it\/fr\/nos-chiffres\/","name":"Nos chiffres - CestaroRossi","isPartOf":{"@id":"https:\/\/www.cestarorossi.it\/en\/#website"},"datePublished":"2022-07-10T09:29:13+00:00","dateModified":"2022-07-10T09:29:13+00:00","breadcrumb":{"@id":"https:\/\/www.cestarorossi.it\/fr\/nos-chiffres\/#breadcrumb"},"inLanguage":"fr-FR","potentialAction":[{"@type":"ReadAction","target":["https:\/\/www.cestarorossi.it\/fr\/nos-chiffres\/"]}]},{"@type":"BreadcrumbList","@id":"https:\/\/www.cestarorossi.it\/fr\/nos-chiffres\/#breadcrumb","itemListElement":[{"@type":"ListItem","position":1,"name":"Home","item":"https:\/\/www.cestarorossi.it\/fr\/"},{"@type":"ListItem","position":2,"name":"Nos chiffres"}]},{"@type":"WebSite","@id":"https:\/\/www.cestarorossi.it\/en\/#website","url":"https:\/\/www.cestarorossi.it\/en\/","name":"CestaroRossi","description":"Construction and maintenance in industrial plants since 1921 - italy","publisher":{"@id":"https:\/\/www.cestarorossi.it\/en\/#organization"},"potentialAction":[{"@type":"SearchAction","target":{"@type":"EntryPoint","urlTemplate":"https:\/\/www.cestarorossi.it\/en\/?s={search_term_string}"},"query-input":"required name=search_term_string"}],"inLanguage":"fr-FR"},{"@type":"Organization","@id":"https:\/\/www.cestarorossi.it\/en\/#organization","name":"CestaroRossi","url":"https:\/\/www.cestarorossi.it\/en\/","logo":{"@type":"ImageObject","inLanguage":"fr-FR","@id":"https:\/\/www.cestarorossi.it\/en\/#\/schema\/logo\/image\/","url":"https:\/\/www.cestarorossi.it\/aggiornato\/wp-content\/uploads\/2022\/07\/Cestaro-Rossi_logo-colori.png","contentUrl":"https:\/\/www.cestarorossi.it\/aggiornato\/wp-content\/uploads\/2022\/07\/Cestaro-Rossi_logo-colori.png","width":343,"height":63,"caption":"CestaroRossi"},"image":{"@id":"https:\/\/www.cestarorossi.it\/en\/#\/schema\/logo\/image\/"}}]}},"_links":{"self":[{"href":"https:\/\/www.cestarorossi.it\/fr\/wp-json\/wp\/v2\/pages\/6437"}],"collection":[{"href":"https:\/\/www.cestarorossi.it\/fr\/wp-json\/wp\/v2\/pages"}],"about":[{"href":"https:\/\/www.cestarorossi.it\/fr\/wp-json\/wp\/v2\/types\/page"}],"author":[{"embeddable":true,"href":"https:\/\/www.cestarorossi.it\/fr\/wp-json\/wp\/v2\/users\/1"}],"replies":[{"embeddable":true,"href":"https:\/\/www.cestarorossi.it\/fr\/wp-json\/wp\/v2\/comments?post=6437"}],"version-history":[{"count":0,"href":"https:\/\/www.cestarorossi.it\/fr\/wp-json\/wp\/v2\/pages\/6437\/revisions"}],"wp:attachment":[{"href":"https:\/\/www.cestarorossi.it\/fr\/wp-json\/wp\/v2\/media?parent=6437"}],"curies":[{"name":"wp","href":"https:\/\/api.w.org\/{rel}","templated":true}]}}