{"id":6429,"date":"2022-07-19T09:19:07","date_gmt":"2022-07-19T07:19:07","guid":{"rendered":"https:\/\/www.cestarorossi.it\/politique-en-matiere-de-cookies\/"},"modified":"2022-07-19T09:19:07","modified_gmt":"2022-07-19T07:19:07","slug":"politique-en-matiere-de-cookies","status":"publish","type":"page","link":"https:\/\/www.cestarorossi.it\/fr\/politique-en-matiere-de-cookies\/","title":{"rendered":"Politique en mati\u00e8re de cookies"},"content":{"rendered":"<section class=\"fw-main-row \">\n\t<span class=\"bg-image-overlay \"><\/span><\/p>\n<div class=\"fw-container unyson_content\">\n<div class=\"container\">\n<div class=\"fw-row\">\n<div class=\"fw-col-xs-12 \">\n<p><strong>Politique en mati\u00e8re de cookies<\/strong><\/p>\n<p>1. Qu&#8217;est-ce qu&#8217;un cookie ?<\/p>\n<p>2. Comment d\u00e9sactiver les cookies ?<\/p>\n<p>Un cookie est un petit fichier texte qui est stock\u00e9 par l&#8217;ordinateur lorsqu&#8217;un site web est visit\u00e9 par un utilisateur. Le texte stocke des informations que le site est capable de lire lorsqu&#8217;il est consult\u00e9 ult\u00e9rieurement. Certains de ces cookies sont n\u00e9cessaires au bon fonctionnement du site, tandis que d&#8217;autres sont utiles au visiteur car ils peuvent stocker en toute s\u00e9curit\u00e9, par exemple, le nom d&#8217;utilisateur ou les param\u00e8tres linguistiques. L&#8217;avantage d&#8217;avoir des cookies install\u00e9s sur votre ordinateur est que vous ne devez plus remplir les m\u00eames informations chaque fois que vous voulez acc\u00e9der \u00e0 un site d\u00e9j\u00e0 visit\u00e9.<\/p>\n<p><strong>Pourquoi Cestaro Rossi utilise-t-il des cookies ?<\/strong><\/p>\n<p>Cestaro Rossi utilise des cookies afin d&#8217;offrir \u00e0 ses clients une exp\u00e9rience de navigation agr\u00e9able sur son site. Cestaro Rossi utilise des cookies pour que vous n&#8217;ayez pas \u00e0 recevoir ou \u00e0 saisir les m\u00eames informations \u00e0 chaque fois que vous visitez le site. Les cookies sont \u00e9galement utilis\u00e9s pour optimiser les performances du site web. Pour de plus amples informations, veuillez consulter notre politique de confidentialit\u00e9.<\/p>\n<p>Comment puis-je d\u00e9sactiver les cookies ?<\/p>\n<p>Vous pouvez modifier votre navigateur pour d\u00e9sactiver les cookies au moyen d&#8217;une proc\u00e9dure tr\u00e8s simple.<\/p>\n<p>Firefox :<\/p>\n<p>Ouvrez Firefox<br \/>Appuyez sur la touche &#8220;Alt&#8221; de votre clavier<br \/>Dans la barre d&#8217;outils situ\u00e9e en haut du navigateur, s\u00e9lectionnez &#8220;Outils&#8221;, puis &#8220;Options&#8221;.<br \/>S\u00e9lectionnez ensuite l&#8217;onglet &#8220;Confidentialit\u00e9&#8221;.<br \/>Allez dans &#8220;Param\u00e8tres de l&#8217;historique&#8221;, puis dans &#8220;Utiliser les param\u00e8tres personnalis\u00e9s&#8221;. D\u00e9cochez la case &#8220;Accepter les cookies des sites&#8221; et enregistrez vos pr\u00e9f\u00e9rences.<\/p>\n<p>Internet Explorer :<\/p>\n<p>Ouvrir Internet Explorer<br \/>Cliquez sur le bouton &#8220;Outils&#8221;, puis sur &#8220;Options Internet&#8221;.<br \/>S\u00e9lectionnez l&#8217;onglet &#8220;Confidentialit\u00e9&#8221; et d\u00e9placez le curseur vers le niveau de confidentialit\u00e9 que vous souhaitez d\u00e9finir (vers le haut pour bloquer tous les cookies ou vers le bas pour autoriser tous les cookies).<br \/>Cliquez ensuite sur OK.<\/p>\n<p>Google Chrome :<\/p>\n<p>Ouvrez Google Chrome<br \/>Cliquez sur l&#8217;ic\u00f4ne &#8220;Outils&#8221;.<br \/>S\u00e9lectionnez &#8220;Param\u00e8tres&#8221;, puis &#8220;Param\u00e8tres avanc\u00e9s&#8221;.<br \/>S\u00e9lectionnez &#8220;Param\u00e8tres de contenu&#8221; sous &#8220;Confidentialit\u00e9&#8221;.<br \/>Sous l&#8217;onglet &#8220;Cookies&#8221;, vous pouvez d\u00e9sactiver les cookies et enregistrer vos pr\u00e9f\u00e9rences.<\/p>\n<p>Safari :<\/p>\n<p>Ouvrir Safari<br \/>Choisissez &#8221; Pr\u00e9f\u00e9rences &#8221; dans la barre d&#8217;outils, puis s\u00e9lectionnez le panneau &#8221; S\u00e9curit\u00e9 &#8221; dans la bo\u00eete de dialogue suivante<br \/>Sous &#8220;Accepter les cookies&#8221;, vous pouvez indiquer si et quand Safari doit enregistrer les cookies des sites web. Pour plus d&#8217;informations, cliquez sur le bouton Aide (marqu\u00e9 d&#8217;un point d&#8217;interrogation).<br \/>Pour plus d&#8217;informations sur les cookies qui sont stock\u00e9s sur votre ordinateur, cliquez sur &#8220;Afficher les cookies&#8221;.<\/p>\n<p>Les diff\u00e9rents types de cookies<\/p>\n<p><strong>Essentiels<\/strong><\/p>\n<p>Les cookies &#8220;essentiels&#8221; sont les cookies qui sont strictement n\u00e9cessaires pour permettre des fonctionnalit\u00e9s sp\u00e9cifiques requises. Par exemple, les sites de commerce \u00e9lectronique (o\u00f9 le consommateur dispose d&#8217;un panier) ne fonctionnent pas sans l&#8217;utilisation de cookies et la fonctionnalit\u00e9 du site, comme l&#8217;ajout d&#8217;articles au panier et le passage \u00e0 la caisse, serait affect\u00e9e. Les cookies qui sont essentiels \u00e0 l&#8217;utilisation d&#8217;un site web sont exempt\u00e9s en vertu de la directive europ\u00e9enne, mais nous tenons \u00e0 ce que vous en soyez pleinement inform\u00e9.<\/p>\n<p><strong>Ce site utilise des cookies techniques d\u00e9finis comme essentiels.<\/strong><\/p>\n<p><strong>Fonctionnel<\/strong><\/p>\n<p>Les cookies &#8220;fonctionnels&#8221; sont utilis\u00e9s pour fournir des services ou pour m\u00e9moriser des param\u00e8tres afin d&#8217;am\u00e9liorer votre visite et votre exp\u00e9rience sur notre site.<\/p>\n<p><strong>Ce site utilise des cookies d\u00e9finis comme fonctionnels.<\/strong><\/p>\n<p><strong>Surveillance ou tierce partie.<\/strong><\/p>\n<p><strong>Ce site n&#8217;utilise PAS de cookies d\u00e9finis comme des cookies de suivi.<\/strong><\/p>\n<p><strong>Comportemental<\/strong><\/p>\n<p>Les cookies &#8220;comportementaux&#8221; sont des cookies utilis\u00e9s pour collecter des donn\u00e9es sur les habitudes et les pr\u00e9f\u00e9rences de navigation.<\/p>\n<p><strong>Ce site n&#8217;utilise PAS de cookies d\u00e9finis comme comportementaux.<\/strong><\/p>\n<p>Cookies de session et cookies persistants<\/p>\n<p>La distinction entre les cookies de session et les cookies persistants peut \u00eatre faite sur la base de leur persistance sur le terminal de l&#8217;utilisateur. Ceux qui sont automatiquement supprim\u00e9s \u00e0 la fin de chaque navigation sont appel\u00e9s &#8221; cookies de session &#8221; et sont utilis\u00e9s par ce site : si, en revanche, ils ont une dur\u00e9e de vie plus longue, ils sont appel\u00e9s cookies permanents.<\/p>\n<p>&nbsp;<\/p>\n<\/div>\n<\/div><\/div>\n<\/p><\/div>\n<\/section>\n<p><!-- 1a677be6e73e178e8b1fb987e3aef30d --><\/p>\n","protected":false},"excerpt":{"rendered":"<p>Politique en mati\u00e8re de cookies 1. Qu&#8217;est-ce qu&#8217;un cookie ? 2. Comment d\u00e9sactiver les cookies ? Un cookie est un petit fichier texte qui est<span class=\"excerpt-more\"><a href=\"https:\/\/www.cestarorossi.it\/fr\/politique-en-matiere-de-cookies\/\" class=\"more-link\"> [&hellip;] <span class=\"screen-reader-text\">Politique en mati\u00e8re de cookies<\/span><\/a><\/span><\/p>\n","protected":false},"author":1,"featured_media":0,"parent":0,"menu_order":0,"comment_status":"closed","ping_status":"closed","template":"page-wo-sidebar.php","meta":[],"yoast_head":"<!-- This site is optimized with the Yoast SEO plugin v19.14 - https:\/\/yoast.com\/wordpress\/plugins\/seo\/ -->\r\n<title>Politique en mati\u00e8re de cookies - CestaroRossi<\/title>\r\n<meta name=\"robots\" content=\"index, follow, max-snippet:-1, max-image-preview:large, max-video-preview:-1\" \/>\r\n<link rel=\"canonical\" href=\"https:\/\/www.cestarorossi.it\/fr\/politique-en-matiere-de-cookies\/\" \/>\r\n<meta property=\"og:locale\" content=\"fr_FR\" \/>\r\n<meta property=\"og:type\" content=\"article\" \/>\r\n<meta property=\"og:title\" content=\"Politique en mati\u00e8re de cookies - CestaroRossi\" \/>\r\n<meta property=\"og:description\" content=\"Politique en mati\u00e8re de cookies 1. Qu&#8217;est-ce qu&#8217;un cookie ? 2. Comment d\u00e9sactiver les cookies ? Un cookie est un petit fichier texte qui est [&hellip;] Politique en mati\u00e8re de cookies\" \/>\r\n<meta property=\"og:url\" content=\"https:\/\/www.cestarorossi.it\/fr\/politique-en-matiere-de-cookies\/\" \/>\r\n<meta property=\"og:site_name\" content=\"CestaroRossi\" \/>\r\n<meta name=\"twitter:card\" content=\"summary_large_image\" \/>\r\n<meta name=\"twitter:label1\" content=\"Dur\u00e9e de lecture estim\u00e9e\" \/>\n\t<meta name=\"twitter:data1\" content=\"4 minutes\" \/>\r\n<script type=\"application\/ld+json\" class=\"yoast-schema-graph\">{\"@context\":\"https:\/\/schema.org\",\"@graph\":[{\"@type\":\"WebPage\",\"@id\":\"https:\/\/www.cestarorossi.it\/fr\/politique-en-matiere-de-cookies\/\",\"url\":\"https:\/\/www.cestarorossi.it\/fr\/politique-en-matiere-de-cookies\/\",\"name\":\"Politique en mati\u00e8re de cookies - CestaroRossi\",\"isPartOf\":{\"@id\":\"https:\/\/www.cestarorossi.it\/en\/#website\"},\"datePublished\":\"2022-07-19T07:19:07+00:00\",\"dateModified\":\"2022-07-19T07:19:07+00:00\",\"breadcrumb\":{\"@id\":\"https:\/\/www.cestarorossi.it\/fr\/politique-en-matiere-de-cookies\/#breadcrumb\"},\"inLanguage\":\"fr-FR\",\"potentialAction\":[{\"@type\":\"ReadAction\",\"target\":[\"https:\/\/www.cestarorossi.it\/fr\/politique-en-matiere-de-cookies\/\"]}]},{\"@type\":\"BreadcrumbList\",\"@id\":\"https:\/\/www.cestarorossi.it\/fr\/politique-en-matiere-de-cookies\/#breadcrumb\",\"itemListElement\":[{\"@type\":\"ListItem\",\"position\":1,\"name\":\"Home\",\"item\":\"https:\/\/www.cestarorossi.it\/fr\/\"},{\"@type\":\"ListItem\",\"position\":2,\"name\":\"Politique en mati\u00e8re de cookies\"}]},{\"@type\":\"WebSite\",\"@id\":\"https:\/\/www.cestarorossi.it\/en\/#website\",\"url\":\"https:\/\/www.cestarorossi.it\/en\/\",\"name\":\"CestaroRossi\",\"description\":\"Construction and maintenance in industrial plants since 1921 - italy\",\"publisher\":{\"@id\":\"https:\/\/www.cestarorossi.it\/en\/#organization\"},\"potentialAction\":[{\"@type\":\"SearchAction\",\"target\":{\"@type\":\"EntryPoint\",\"urlTemplate\":\"https:\/\/www.cestarorossi.it\/en\/?s={search_term_string}\"},\"query-input\":\"required name=search_term_string\"}],\"inLanguage\":\"fr-FR\"},{\"@type\":\"Organization\",\"@id\":\"https:\/\/www.cestarorossi.it\/en\/#organization\",\"name\":\"CestaroRossi\",\"url\":\"https:\/\/www.cestarorossi.it\/en\/\",\"logo\":{\"@type\":\"ImageObject\",\"inLanguage\":\"fr-FR\",\"@id\":\"https:\/\/www.cestarorossi.it\/en\/#\/schema\/logo\/image\/\",\"url\":\"https:\/\/www.cestarorossi.it\/aggiornato\/wp-content\/uploads\/2022\/07\/Cestaro-Rossi_logo-colori.png\",\"contentUrl\":\"https:\/\/www.cestarorossi.it\/aggiornato\/wp-content\/uploads\/2022\/07\/Cestaro-Rossi_logo-colori.png\",\"width\":343,\"height\":63,\"caption\":\"CestaroRossi\"},\"image\":{\"@id\":\"https:\/\/www.cestarorossi.it\/en\/#\/schema\/logo\/image\/\"}}]}<\/script>\r\n<!-- \/ Yoast SEO plugin. -->","yoast_head_json":{"title":"Politique en mati\u00e8re de cookies - CestaroRossi","robots":{"index":"index","follow":"follow","max-snippet":"max-snippet:-1","max-image-preview":"max-image-preview:large","max-video-preview":"max-video-preview:-1"},"canonical":"https:\/\/www.cestarorossi.it\/fr\/politique-en-matiere-de-cookies\/","og_locale":"fr_FR","og_type":"article","og_title":"Politique en mati\u00e8re de cookies - CestaroRossi","og_description":"Politique en mati\u00e8re de cookies 1. Qu&#8217;est-ce qu&#8217;un cookie ? 2. Comment d\u00e9sactiver les cookies ? Un cookie est un petit fichier texte qui est [&hellip;] Politique en mati\u00e8re de cookies","og_url":"https:\/\/www.cestarorossi.it\/fr\/politique-en-matiere-de-cookies\/","og_site_name":"CestaroRossi","twitter_card":"summary_large_image","twitter_misc":{"Dur\u00e9e de lecture estim\u00e9e":"4 minutes"},"schema":{"@context":"https:\/\/schema.org","@graph":[{"@type":"WebPage","@id":"https:\/\/www.cestarorossi.it\/fr\/politique-en-matiere-de-cookies\/","url":"https:\/\/www.cestarorossi.it\/fr\/politique-en-matiere-de-cookies\/","name":"Politique en mati\u00e8re de cookies - CestaroRossi","isPartOf":{"@id":"https:\/\/www.cestarorossi.it\/en\/#website"},"datePublished":"2022-07-19T07:19:07+00:00","dateModified":"2022-07-19T07:19:07+00:00","breadcrumb":{"@id":"https:\/\/www.cestarorossi.it\/fr\/politique-en-matiere-de-cookies\/#breadcrumb"},"inLanguage":"fr-FR","potentialAction":[{"@type":"ReadAction","target":["https:\/\/www.cestarorossi.it\/fr\/politique-en-matiere-de-cookies\/"]}]},{"@type":"BreadcrumbList","@id":"https:\/\/www.cestarorossi.it\/fr\/politique-en-matiere-de-cookies\/#breadcrumb","itemListElement":[{"@type":"ListItem","position":1,"name":"Home","item":"https:\/\/www.cestarorossi.it\/fr\/"},{"@type":"ListItem","position":2,"name":"Politique en mati\u00e8re de cookies"}]},{"@type":"WebSite","@id":"https:\/\/www.cestarorossi.it\/en\/#website","url":"https:\/\/www.cestarorossi.it\/en\/","name":"CestaroRossi","description":"Construction and maintenance in industrial plants since 1921 - italy","publisher":{"@id":"https:\/\/www.cestarorossi.it\/en\/#organization"},"potentialAction":[{"@type":"SearchAction","target":{"@type":"EntryPoint","urlTemplate":"https:\/\/www.cestarorossi.it\/en\/?s={search_term_string}"},"query-input":"required name=search_term_string"}],"inLanguage":"fr-FR"},{"@type":"Organization","@id":"https:\/\/www.cestarorossi.it\/en\/#organization","name":"CestaroRossi","url":"https:\/\/www.cestarorossi.it\/en\/","logo":{"@type":"ImageObject","inLanguage":"fr-FR","@id":"https:\/\/www.cestarorossi.it\/en\/#\/schema\/logo\/image\/","url":"https:\/\/www.cestarorossi.it\/aggiornato\/wp-content\/uploads\/2022\/07\/Cestaro-Rossi_logo-colori.png","contentUrl":"https:\/\/www.cestarorossi.it\/aggiornato\/wp-content\/uploads\/2022\/07\/Cestaro-Rossi_logo-colori.png","width":343,"height":63,"caption":"CestaroRossi"},"image":{"@id":"https:\/\/www.cestarorossi.it\/en\/#\/schema\/logo\/image\/"}}]}},"_links":{"self":[{"href":"https:\/\/www.cestarorossi.it\/fr\/wp-json\/wp\/v2\/pages\/6429"}],"collection":[{"href":"https:\/\/www.cestarorossi.it\/fr\/wp-json\/wp\/v2\/pages"}],"about":[{"href":"https:\/\/www.cestarorossi.it\/fr\/wp-json\/wp\/v2\/types\/page"}],"author":[{"embeddable":true,"href":"https:\/\/www.cestarorossi.it\/fr\/wp-json\/wp\/v2\/users\/1"}],"replies":[{"embeddable":true,"href":"https:\/\/www.cestarorossi.it\/fr\/wp-json\/wp\/v2\/comments?post=6429"}],"version-history":[{"count":0,"href":"https:\/\/www.cestarorossi.it\/fr\/wp-json\/wp\/v2\/pages\/6429\/revisions"}],"wp:attachment":[{"href":"https:\/\/www.cestarorossi.it\/fr\/wp-json\/wp\/v2\/media?parent=6429"}],"curies":[{"name":"wp","href":"https:\/\/api.w.org\/{rel}","templated":true}]}}