{"id":6427,"date":"2022-07-10T10:56:40","date_gmt":"2022-07-10T08:56:40","guid":{"rendered":"https:\/\/www.cestarorossi.it\/prix\/"},"modified":"2025-01-13T10:34:25","modified_gmt":"2025-01-13T09:34:25","slug":"prix","status":"publish","type":"page","link":"https:\/\/www.cestarorossi.it\/fr\/prix\/","title":{"rendered":"Prix"},"content":{"rendered":"<p><section class=\"fw-main-row \"  >\n\t<span class=\"bg-image-overlay \" style=\"\"><\/span>\n\t<div class=\"fw-container unyson_content\">\n\t\t\t\t<div class=\"container\">\n\t\t\t\t<div class=\"fw-row\">\n\t<div class=\"fw-col-xs-12 fw-col-sm-4   \"  >\n\t<blockquote><h2 style=\"text-align: left;\"><strong><em><span style=\"color: #256f6b;\">CULTURE DE S\u00c9CURIT\u00c9<\/span><\/em><\/strong><\/h2><\/blockquote>\n\n\t<div class=\"fw-divider-space space-30x\"><\/div>\n<\/div>\n<div class=\"fw-col-xs-12 fw-col-sm-8   \"  >\n\t<p>L\u2019objectif de notre entreprise a toujours \u00e9t\u00e9 de poursuivre et de transmettre une culture de la s\u00e9curit\u00e9 \u00e0 tous nos employ\u00e9s. La culture de la s\u00e9curit\u00e9 fait partie de notre ADN, de notre patrimoine culturel depuis les ann\u00e9es 1950, lorsque nous avons commenc\u00e9 \u00e0 l\u2019insuffler et \u00e0 l\u2019int\u00e9grer \u00e0 notre savoir-faire dans les raffineries et les usines p\u00e9trochimiques. Notre entreprise estime que son existence et sa survie sur le march\u00e9 sont \u00e9troitement li\u00e9es \u00e0 la garantie que toutes ses activit\u00e9s sont men\u00e9es dans le respect de la s\u00e9curit\u00e9 au sens large.<\/p><\/div>\n<\/div>\n\n\t\t\t\t<\/div>\n\t\t\t<\/div>\n<\/section>\n<section class=\"fw-main-row  section-bg-image-parallax\" style=\"background-image:url(https:\/\/www.cestarorossi.it\/aggiornato\/wp-content\/uploads\/2022\/07\/Cestaro-Rossi-BANNER-award.jpg);background-position: center center;background-repeat: repeat;background-attachment:scroll;background-size:initial;\" >\n\t<span class=\"bg-image-overlay \" style=\"\"><\/span>\n\t<div class=\"fw-container-fluid-no unyson_fullwidth\">\n\t\t\t\t<div class=\"container has-container\">\n\t\t\t\t<div class=\"fw-row\">\n\t<div class=\"fw-col-xs-12   \"  >\n\t\n\n\t<div class=\"fw-divider-space space-50x\"><\/div>\n<\/div>\n<\/div>\n\n<div class=\"fw-row\">\n\t<div class=\"fw-col-xs-12   \"  >\n\t\n\n\t<div class=\"fw-divider-space space-50x\"><\/div>\n<\/div>\n<\/div>\n\n<div class=\"fw-row\">\n\t<div class=\"fw-col-xs-12   \"  >\n\t\n\n\t<div class=\"fw-divider-space space-50x\"><\/div>\n<\/div>\n<\/div>\n\n<div class=\"fw-row\">\n\t<div class=\"fw-col-xs-12   \"  >\n\t\n\n\t<div class=\"fw-divider-space space-50x\"><\/div>\n<\/div>\n<\/div>\n\n<div class=\"fw-row\">\n\t<div class=\"fw-col-xs-12   \"  >\n\t\n\n\t<div class=\"fw-divider-space space-50x\"><\/div>\n<\/div>\n<\/div>\n\n\t\t\t\t<\/div>\n\t\t\t<\/div>\n<\/section>\n<section class=\"fw-main-row \"  >\n\t<span class=\"bg-image-overlay \" style=\"\"><\/span>\n\t<div class=\"fw-container unyson_content\">\n\t\t\t\t<div class=\"container\">\n\t\t\t\t<div class=\"fw-row\">\n\t<div class=\"fw-col-xs-12   \"  >\n\t\n\n\t<div class=\"fw-divider-space space-30x\"><\/div>\n<\/div>\n<\/div>\n\n<div class=\"fw-row\">\n\t<div class=\"fw-col-xs-12 fw-col-sm-8   \"  >\n\t<blockquote><h2 style=\"text-align: left;\"><em><strong><span style=\"color: #256f6b;\">LA VALEUR DE LA S\u00c9CURIT\u00c9<\/span><\/strong><\/em><\/h2><ul><li><h6 style=\"text-align: left;\"><em>Engager le personnel techniquement qualifi\u00e9 appropri\u00e9 pour les t\u00e2ches assign\u00e9es.<\/em><\/h6><\/li><li style=\"text-align: left;\"><h6><em>Utiliser l\u2019\u00e9quipement le plus appropri\u00e9, en veillant \u00e0 son efficacit\u00e9 et \u00e0 son int\u00e9grit\u00e9 \u00e0 tout moment.<\/em><\/h6><\/li><li style=\"text-align: left;\"><h6><em>V\u00e9rifier la bonne application des proc\u00e9dures d\u2019ex\u00e9cution mises en place lors de l\u2019ex\u00e9cution des travaux.<\/em><\/h6><\/li><li style=\"text-align: left;\"><h6 style=\"text-align: left;\"><em>Travailler en toute s\u00e9curit\u00e9 et dans le respect des lois, des normes et des proc\u00e9dures de notre entreprise signifie pr\u00e9server notre atout le plus important, \u00e0 savoir nos techniciens et nos travailleurs.<\/em><\/h6><\/li><\/ul><\/blockquote><\/div>\n<div class=\"fw-col-xs-12 fw-col-sm-3   \"  >\n\t<span class=\"unyson-media-image\"><img src=\"https:\/\/www.cestarorossi.it\/aggiornato\/wp-content\/uploads\/2022\/07\/Cestaro-Rossi-Eni-Safety-award-529x749.jpg\" alt=\"Cestaro-Rossi-Eni-Safety-award\" width=\"529\" height=\"749\" \/><\/span><\/div>\n<\/div>\n\n\t\t\t\t<\/div>\n\t\t\t<\/div>\n<\/section>\n<section class=\"fw-main-row \" style=\"background-color:#edf1f5;background-position: center center;background-repeat: repeat;background-attachment:scroll;background-size:initial;\" >\n\t<span class=\"bg-image-overlay \" style=\"\"><\/span>\n\t<div class=\"fw-container unyson_content\">\n\t\t\t\t<div class=\"container\">\n\t\t\t\t<div class=\"fw-row\">\n\t<div class=\"fw-col-xs-12   \"  >\n\t\n\n\t<div class=\"fw-divider-space space-35x\"><\/div>\n<\/div>\n<\/div>\n\n<div class=\"fw-row\">\n\t<div class=\"fw-col-xs-12 fw-col-sm-4   \"  >\n\t<blockquote><h2 style=\"text-align: left;\"><strong><em><span style=\"color: #256f6b;\">CERTIFICATS<\/span><\/em><\/strong><\/h2><\/blockquote><\/div>\n<div class=\"fw-col-xs-12 fw-col-sm-4   \"  >\n\t<ul><li>FEB 2018 Ver Report Cestaro Rossi HUMAN R<\/li><li>ACHILLES NORWAY DENMARK 05DEC2017<\/li><li>CERTIFICAT D\u2019EXCELLENCE CRIBIS<\/li><li>DUN&amp;BRADSTREET \u2013 2017<\/li><li>CERTIFICAT DE M\u00c9RITE ACHILLES (2015)<\/li><\/ul><\/div>\n<div class=\"fw-col-xs-12 fw-col-sm-4   \"  >\n\t<ul><li>Prix HSEQ \u2013 2012<\/li><li>OXOCHIMIE \u2013 2012<\/li><li>Certificat de m\u00e9rite RdR (2012)<\/li><li>Certificat de m\u00e9rite RdR (17-22\/05\/2010)<\/li><li>Certificat de m\u00e9rite RdR (3-7\/05\/2010)<\/li><\/ul><\/div>\n<\/div>\n\n<div class=\"fw-row\">\n\t<div class=\"fw-col-xs-12   \"  >\n\t\n\n\t<div class=\"fw-divider-space space-35x\"><\/div>\n<\/div>\n<\/div>\n\n\t\t\t\t<\/div>\n\t\t\t<\/div>\n<\/section>\n<section class=\"fw-main-row \"  >\n\t<span class=\"bg-image-overlay \" style=\"\"><\/span>\n\t<div class=\"fw-container unyson_content\">\n\t\t\t\t<div class=\"container\">\n\t\t\t\t<div class=\"fw-row\">\n\t<div class=\"fw-col-xs-12   \"  >\n\t\n\n\t<div class=\"fw-divider-space space-35x\"><\/div>\n<\/div>\n<\/div>\n\n<div class=\"fw-row\">\n\t<div class=\"fw-col-xs-12 fw-col-sm-4   \"  >\n\t<blockquote><h2 style=\"text-align: left;\"><strong><em><span style=\"color: #256f6b;\">LETTRES DE R\u00c9F\u00c9RENCE<\/span><\/em><\/strong><\/h2><\/blockquote><\/div>\n<div class=\"fw-col-xs-12 fw-col-sm-4   \"  >\n\t<ul><li>CERTIFICATE OF APPRECIATION ITER PROJECT - FUSION NUCLEAR POWER PLANT - 19 DECEMBER 2024<\/li><li>AWARD TOTAL LA MEDE PRE-TREATMENT PLANT 16JAN2020<\/li><li>Entreprise historique \u2013 Prix CCIAA du 27SET2019<\/li><li>TAR MILAZZO 14NOV2018<\/li><li>TOTAL LA MEDE 27FEB2018<\/li><li>GUNVOR \u2013 TAR 2018<\/li><li>TOTAL LA MEDE -2017<\/li><li>VERSALIS MANTOVA \u2013 TAR 2017<\/li><li>STATOIL \u2013 TAR 2016<\/li><li>ARCELOR MITTAL-2016<\/li><li>ENI LIVORNO-TAR 2016<\/li><li>ISAB \u2013 TAR 2015<\/li><li>PRIX ENI DE LA S\u00c9CURIT\u00c9 \u2013 2014<\/li><\/ul><\/div>\n<div class=\"fw-col-xs-12 fw-col-sm-4   \"  >\n\t<ul><li>SARPOM TRECATE \u2013 GOUDRON 2014<\/li><li>TOTAL GRANDPUITS \u2013 TAR 2014<\/li><li>Raffinerie de Rome (2013)<\/li><li>\u00c9NERGIE FUTURE 2012<\/li><li>OXOCHIMIE 2012<\/li><li>ENI 2009 ENI pour l\u2019usine de Traverse 2006<\/li><li>NAPHTACHIMIE 2002<\/li><li>NAPHTACHIMIE 2001<\/li><li>TAMOIL 2001<\/li><li>Raffinerie de Rome (2000)<\/li><li>Citation-AGIP 1996<\/li><\/ul><\/div>\n<\/div>\n\n<div class=\"fw-row\">\n\t<div class=\"fw-col-xs-12   \"  >\n\t\n\n\t<div class=\"fw-divider-space space-35x\"><\/div>\n<\/div>\n<\/div>\n\n\t\t\t\t<\/div>\n\t\t\t<\/div>\n<\/section>\n<section class=\"fw-main-row \"  >\n\t<span class=\"bg-image-overlay \" style=\"\"><\/span>\n\t<div class=\"fw-container unyson_content\">\n\t\t\t\t<div class=\"container\">\n\t\t\t\t<div class=\"fw-row\">\n\t<div class=\"fw-col-xs-12   \"  >\n\t\n\n\t<div class=\"fw-divider-space space-15x\"><\/div>\n<span class=\"unyson-media-image\"><img src=\"https:\/\/www.cestarorossi.it\/aggiornato\/wp-content\/uploads\/2025\/01\/CR-award-encomi-1-1500x2000.jpg\" alt=\"https:\/\/www.cestarorossi.it\/aggiornato\/wp-content\/uploads\/2025\/01\/CR-award-encomi-1-1500x2000.jpg\" width=\"1500\" height=\"2000\" \/><\/span>\n\n\t<div class=\"fw-divider-space space-15x\"><\/div>\n<span class=\"unyson-media-image\"><img src=\"https:\/\/www.cestarorossi.it\/aggiornato\/wp-content\/uploads\/2022\/07\/Cestaro-Rossi_AWARDS_2-1500x2052.jpg\" alt=\"Cestaro Rossi - Awards\" width=\"1500\" height=\"2052\" \/><\/span><\/div>\n<\/div>\n\n\t\t\t\t<\/div>\n\t\t\t<\/div>\n<\/section>\n<\/p>\n","protected":false},"excerpt":{"rendered":"<p>CULTURE DE S\u00c9CURIT\u00c9 L\u2019objectif de notre entreprise a toujours \u00e9t\u00e9 de poursuivre et de transmettre une culture de la s\u00e9curit\u00e9 \u00e0 tous nos employ\u00e9s. La<span class=\"excerpt-more\"><a href=\"https:\/\/www.cestarorossi.it\/fr\/prix\/\" class=\"more-link\"> [&hellip;] <span class=\"screen-reader-text\">Prix<\/span><\/a><\/span><\/p>\n","protected":false},"author":1,"featured_media":0,"parent":0,"menu_order":0,"comment_status":"closed","ping_status":"closed","template":"page-wo-sidebar.php","meta":[],"yoast_head":"<!-- This site is optimized with the Yoast SEO plugin v19.14 - https:\/\/yoast.com\/wordpress\/plugins\/seo\/ -->\r\n<title>Prix - CestaroRossi<\/title>\r\n<meta name=\"description\" content=\"L\u2019objectif de notre entreprise a toujours \u00e9t\u00e9 de poursuivre et de transmettre une culture de la s\u00e9curit\u00e9 \u00e0 tous nos employ\u00e9s. La culture de la s\u00e9curit\u00e9 fait partie de notre ADN, de notre patrimoine culturel depuis les ann\u00e9es 1950, lorsque nous avons commenc\u00e9 \u00e0 l\u2019insuffler et \u00e0 l\u2019int\u00e9grer \u00e0 notre savoir-faire dans les raffineries et les usines p\u00e9trochimiques.\" \/>\r\n<meta name=\"robots\" content=\"index, follow, max-snippet:-1, max-image-preview:large, max-video-preview:-1\" \/>\r\n<link rel=\"canonical\" href=\"https:\/\/www.cestarorossi.it\/fr\/prix\/\" \/>\r\n<meta property=\"og:locale\" content=\"fr_FR\" \/>\r\n<meta property=\"og:type\" content=\"article\" \/>\r\n<meta property=\"og:title\" content=\"Prix - CestaroRossi\" \/>\r\n<meta property=\"og:description\" content=\"L\u2019objectif de notre entreprise a toujours \u00e9t\u00e9 de poursuivre et de transmettre une culture de la s\u00e9curit\u00e9 \u00e0 tous nos employ\u00e9s. La culture de la s\u00e9curit\u00e9 fait partie de notre ADN, de notre patrimoine culturel depuis les ann\u00e9es 1950, lorsque nous avons commenc\u00e9 \u00e0 l\u2019insuffler et \u00e0 l\u2019int\u00e9grer \u00e0 notre savoir-faire dans les raffineries et les usines p\u00e9trochimiques.\" \/>\r\n<meta property=\"og:url\" content=\"https:\/\/www.cestarorossi.it\/fr\/prix\/\" \/>\r\n<meta property=\"og:site_name\" content=\"CestaroRossi\" \/>\r\n<meta property=\"article:modified_time\" content=\"2025-01-13T09:34:25+00:00\" \/>\r\n<meta property=\"og:image\" content=\"https:\/\/www.cestarorossi.it\/aggiornato\/wp-content\/uploads\/2022\/07\/Cestaro-Rossi-Eni-Safety-award-529x749.jpg\" \/>\r\n<meta name=\"twitter:card\" content=\"summary_large_image\" \/>\r\n<meta name=\"twitter:label1\" content=\"Dur\u00e9e de lecture estim\u00e9e\" \/>\n\t<meta name=\"twitter:data1\" content=\"3 minutes\" \/>\r\n<script type=\"application\/ld+json\" class=\"yoast-schema-graph\">{\"@context\":\"https:\/\/schema.org\",\"@graph\":[{\"@type\":\"WebPage\",\"@id\":\"https:\/\/www.cestarorossi.it\/fr\/prix\/\",\"url\":\"https:\/\/www.cestarorossi.it\/fr\/prix\/\",\"name\":\"Prix - CestaroRossi\",\"isPartOf\":{\"@id\":\"https:\/\/www.cestarorossi.it\/en\/#website\"},\"datePublished\":\"2022-07-10T08:56:40+00:00\",\"dateModified\":\"2025-01-13T09:34:25+00:00\",\"description\":\"L\u2019objectif de notre entreprise a toujours \u00e9t\u00e9 de poursuivre et de transmettre une culture de la s\u00e9curit\u00e9 \u00e0 tous nos employ\u00e9s. La culture de la s\u00e9curit\u00e9 fait partie de notre ADN, de notre patrimoine culturel depuis les ann\u00e9es 1950, lorsque nous avons commenc\u00e9 \u00e0 l\u2019insuffler et \u00e0 l\u2019int\u00e9grer \u00e0 notre savoir-faire dans les raffineries et les usines p\u00e9trochimiques.\",\"breadcrumb\":{\"@id\":\"https:\/\/www.cestarorossi.it\/fr\/prix\/#breadcrumb\"},\"inLanguage\":\"fr-FR\",\"potentialAction\":[{\"@type\":\"ReadAction\",\"target\":[\"https:\/\/www.cestarorossi.it\/fr\/prix\/\"]}]},{\"@type\":\"BreadcrumbList\",\"@id\":\"https:\/\/www.cestarorossi.it\/fr\/prix\/#breadcrumb\",\"itemListElement\":[{\"@type\":\"ListItem\",\"position\":1,\"name\":\"Home\",\"item\":\"https:\/\/www.cestarorossi.it\/fr\/\"},{\"@type\":\"ListItem\",\"position\":2,\"name\":\"Prix\"}]},{\"@type\":\"WebSite\",\"@id\":\"https:\/\/www.cestarorossi.it\/en\/#website\",\"url\":\"https:\/\/www.cestarorossi.it\/en\/\",\"name\":\"CestaroRossi\",\"description\":\"Construction and maintenance in industrial plants since 1921 - italy\",\"publisher\":{\"@id\":\"https:\/\/www.cestarorossi.it\/en\/#organization\"},\"potentialAction\":[{\"@type\":\"SearchAction\",\"target\":{\"@type\":\"EntryPoint\",\"urlTemplate\":\"https:\/\/www.cestarorossi.it\/en\/?s={search_term_string}\"},\"query-input\":\"required name=search_term_string\"}],\"inLanguage\":\"fr-FR\"},{\"@type\":\"Organization\",\"@id\":\"https:\/\/www.cestarorossi.it\/en\/#organization\",\"name\":\"CestaroRossi\",\"url\":\"https:\/\/www.cestarorossi.it\/en\/\",\"logo\":{\"@type\":\"ImageObject\",\"inLanguage\":\"fr-FR\",\"@id\":\"https:\/\/www.cestarorossi.it\/en\/#\/schema\/logo\/image\/\",\"url\":\"https:\/\/www.cestarorossi.it\/aggiornato\/wp-content\/uploads\/2022\/07\/Cestaro-Rossi_logo-colori.png\",\"contentUrl\":\"https:\/\/www.cestarorossi.it\/aggiornato\/wp-content\/uploads\/2022\/07\/Cestaro-Rossi_logo-colori.png\",\"width\":343,\"height\":63,\"caption\":\"CestaroRossi\"},\"image\":{\"@id\":\"https:\/\/www.cestarorossi.it\/en\/#\/schema\/logo\/image\/\"}}]}<\/script>\r\n<!-- \/ Yoast SEO plugin. -->","yoast_head_json":{"title":"Prix - CestaroRossi","description":"L\u2019objectif de notre entreprise a toujours \u00e9t\u00e9 de poursuivre et de transmettre une culture de la s\u00e9curit\u00e9 \u00e0 tous nos employ\u00e9s. La culture de la s\u00e9curit\u00e9 fait partie de notre ADN, de notre patrimoine culturel depuis les ann\u00e9es 1950, lorsque nous avons commenc\u00e9 \u00e0 l\u2019insuffler et \u00e0 l\u2019int\u00e9grer \u00e0 notre savoir-faire dans les raffineries et les usines p\u00e9trochimiques.","robots":{"index":"index","follow":"follow","max-snippet":"max-snippet:-1","max-image-preview":"max-image-preview:large","max-video-preview":"max-video-preview:-1"},"canonical":"https:\/\/www.cestarorossi.it\/fr\/prix\/","og_locale":"fr_FR","og_type":"article","og_title":"Prix - CestaroRossi","og_description":"L\u2019objectif de notre entreprise a toujours \u00e9t\u00e9 de poursuivre et de transmettre une culture de la s\u00e9curit\u00e9 \u00e0 tous nos employ\u00e9s. La culture de la s\u00e9curit\u00e9 fait partie de notre ADN, de notre patrimoine culturel depuis les ann\u00e9es 1950, lorsque nous avons commenc\u00e9 \u00e0 l\u2019insuffler et \u00e0 l\u2019int\u00e9grer \u00e0 notre savoir-faire dans les raffineries et les usines p\u00e9trochimiques.","og_url":"https:\/\/www.cestarorossi.it\/fr\/prix\/","og_site_name":"CestaroRossi","article_modified_time":"2025-01-13T09:34:25+00:00","og_image":[{"url":"https:\/\/www.cestarorossi.it\/aggiornato\/wp-content\/uploads\/2022\/07\/Cestaro-Rossi-Eni-Safety-award-529x749.jpg"}],"twitter_card":"summary_large_image","twitter_misc":{"Dur\u00e9e de lecture estim\u00e9e":"3 minutes"},"schema":{"@context":"https:\/\/schema.org","@graph":[{"@type":"WebPage","@id":"https:\/\/www.cestarorossi.it\/fr\/prix\/","url":"https:\/\/www.cestarorossi.it\/fr\/prix\/","name":"Prix - CestaroRossi","isPartOf":{"@id":"https:\/\/www.cestarorossi.it\/en\/#website"},"datePublished":"2022-07-10T08:56:40+00:00","dateModified":"2025-01-13T09:34:25+00:00","description":"L\u2019objectif de notre entreprise a toujours \u00e9t\u00e9 de poursuivre et de transmettre une culture de la s\u00e9curit\u00e9 \u00e0 tous nos employ\u00e9s. La culture de la s\u00e9curit\u00e9 fait partie de notre ADN, de notre patrimoine culturel depuis les ann\u00e9es 1950, lorsque nous avons commenc\u00e9 \u00e0 l\u2019insuffler et \u00e0 l\u2019int\u00e9grer \u00e0 notre savoir-faire dans les raffineries et les usines p\u00e9trochimiques.","breadcrumb":{"@id":"https:\/\/www.cestarorossi.it\/fr\/prix\/#breadcrumb"},"inLanguage":"fr-FR","potentialAction":[{"@type":"ReadAction","target":["https:\/\/www.cestarorossi.it\/fr\/prix\/"]}]},{"@type":"BreadcrumbList","@id":"https:\/\/www.cestarorossi.it\/fr\/prix\/#breadcrumb","itemListElement":[{"@type":"ListItem","position":1,"name":"Home","item":"https:\/\/www.cestarorossi.it\/fr\/"},{"@type":"ListItem","position":2,"name":"Prix"}]},{"@type":"WebSite","@id":"https:\/\/www.cestarorossi.it\/en\/#website","url":"https:\/\/www.cestarorossi.it\/en\/","name":"CestaroRossi","description":"Construction and maintenance in industrial plants since 1921 - italy","publisher":{"@id":"https:\/\/www.cestarorossi.it\/en\/#organization"},"potentialAction":[{"@type":"SearchAction","target":{"@type":"EntryPoint","urlTemplate":"https:\/\/www.cestarorossi.it\/en\/?s={search_term_string}"},"query-input":"required name=search_term_string"}],"inLanguage":"fr-FR"},{"@type":"Organization","@id":"https:\/\/www.cestarorossi.it\/en\/#organization","name":"CestaroRossi","url":"https:\/\/www.cestarorossi.it\/en\/","logo":{"@type":"ImageObject","inLanguage":"fr-FR","@id":"https:\/\/www.cestarorossi.it\/en\/#\/schema\/logo\/image\/","url":"https:\/\/www.cestarorossi.it\/aggiornato\/wp-content\/uploads\/2022\/07\/Cestaro-Rossi_logo-colori.png","contentUrl":"https:\/\/www.cestarorossi.it\/aggiornato\/wp-content\/uploads\/2022\/07\/Cestaro-Rossi_logo-colori.png","width":343,"height":63,"caption":"CestaroRossi"},"image":{"@id":"https:\/\/www.cestarorossi.it\/en\/#\/schema\/logo\/image\/"}}]}},"_links":{"self":[{"href":"https:\/\/www.cestarorossi.it\/fr\/wp-json\/wp\/v2\/pages\/6427"}],"collection":[{"href":"https:\/\/www.cestarorossi.it\/fr\/wp-json\/wp\/v2\/pages"}],"about":[{"href":"https:\/\/www.cestarorossi.it\/fr\/wp-json\/wp\/v2\/types\/page"}],"author":[{"embeddable":true,"href":"https:\/\/www.cestarorossi.it\/fr\/wp-json\/wp\/v2\/users\/1"}],"replies":[{"embeddable":true,"href":"https:\/\/www.cestarorossi.it\/fr\/wp-json\/wp\/v2\/comments?post=6427"}],"version-history":[{"count":9,"href":"https:\/\/www.cestarorossi.it\/fr\/wp-json\/wp\/v2\/pages\/6427\/revisions"}],"predecessor-version":[{"id":8491,"href":"https:\/\/www.cestarorossi.it\/fr\/wp-json\/wp\/v2\/pages\/6427\/revisions\/8491"}],"wp:attachment":[{"href":"https:\/\/www.cestarorossi.it\/fr\/wp-json\/wp\/v2\/media?parent=6427"}],"curies":[{"name":"wp","href":"https:\/\/api.w.org\/{rel}","templated":true}]}}