{"id":6422,"date":"2022-07-10T11:20:34","date_gmt":"2022-07-10T09:20:34","guid":{"rendered":"https:\/\/www.cestarorossi.it\/equipement\/"},"modified":"2022-07-10T11:20:34","modified_gmt":"2022-07-10T09:20:34","slug":"equipement","status":"publish","type":"page","link":"https:\/\/www.cestarorossi.it\/fr\/equipement\/","title":{"rendered":"\u00c9quipement"},"content":{"rendered":"<section class=\"fw-main-row \">\n\t<span class=\"bg-image-overlay \"><\/span><\/p>\n<div class=\"fw-container unyson_content\">\n<div class=\"container\">\n<div class=\"fw-row\">\n<div class=\"fw-col-xs-12 \">\n\t<span class=\"unyson-media-image\"><img loading=\"lazy\" src=\"https:\/\/www.cestarorossi.it\/aggiornato\/wp-content\/uploads\/2022\/09\/CR_Autogru-1-1500x628-1-1500x628.jpg\" alt=\"https:\/\/www.cestarorossi.it\/aggiornato\/wp-content\/uploads\/2022\/09\/CR_Autogru-1-1500x628-1-1500x628.jpg\" width=\"1500\" height=\"628\"><\/span><\/div>\n<\/div>\n<div class=\"fw-row\">\n<div class=\"fw-col-xs-12 \">\n<div class=\"fw-divider-space space-15x\"><\/div>\n<h5 style=\"text-align: center\">Le groupe Cestaro Rossi dispose d&#8217;un vaste parc d&#8217;\u00e9quipements et de v\u00e9hicules adapt\u00e9s \u00e0 la r\u00e9alisation de ses activit\u00e9s dans toutes les conditions environnementales.<\/h5>\n<div class=\"fw-divider-space space-15x\"><\/div>\n<\/div>\n<\/div>\n<div class=\"fw-row\">\n<div class=\"fw-col-xs-12 fw-col-sm-3 \">\n\t<\/div>\n<div class=\"fw-col-xs-12 fw-col-sm-15 \">\n<ul>\n<li>n. 2 grues de 230T<\/li>\n<li>n. 1 Grue 180T<\/li>\n<li>n. 1 Grue 120T<\/li>\n<li>n. 1 Grue 110T<\/li>\n<li>n. 2 grues 90T<\/li>\n<li>n. 1 Grue 75T<\/li>\n<li>n. 1 Grue 60T<\/li>\n<li>n. 1 Grue 35T<\/li>\n<li>n. 7 Grue 30T<\/li>\n<li>n. 2 grues 25T<\/li>\n<li>n. 1 Grue 15T<\/li>\n<li>n. 1 Grue 12T<\/li>\n<li>n. 1 Grue 10T<\/li>\n<li>n. 1 Grue 9T<\/li>\n<\/ul>\n<\/div>\n<div class=\"fw-col-xs-12 fw-col-sm-6 \">\n<ul>\n<li>n. 2 grues \u00e9lectriques de 3,2 tonnes<\/li>\n<li>n. 1 Grues \u00e9lectriques 6T<\/li>\n<li>n. 6 Grues \u00e9lectriques 10T<\/li>\n<li>n. 1 \u00e9l\u00e9vateur t\u00e9lescopique 12T (blackbird)<\/li>\n<li>n. 9 \u00e9l\u00e9vateur t\u00e9lescopique 2.5T (blackbird)<\/li>\n<li>n. 17 Ascenseurs hydrauliques<\/li>\n<li>n. 3 Palan \u00e9lectrique<\/li>\n<li>n. 18 Plates-formes hydrauliques automotrices pour des hauteurs allant jusqu&#8217;\u00e0 26 m\u00e8tres<\/li>\n<li>n. 1 Nacelles \u00e9l\u00e9vatrices sur camion<\/li>\n<li>n. 10 Poids lourds<\/li>\n<li>n. 74 Vans<\/li>\n<li>n. 2 bus IVECO n\u00b0. 93 Voitures \/ V\u00e9hicules tout-terrain<\/li>\n<li>n. 7 Extracteurs de faisceaux a\u00e9riens<\/li>\n<\/ul>\n<\/div>\n<\/div>\n<div class=\"fw-row\">\n<div class=\"fw-col-xs-12 \">\n<div class=\"fw-divider-space space-15x\"><\/div>\n<\/div>\n<\/div><\/div>\n<\/p><\/div>\n<\/section>\n<section class=\"fw-main-row \">\n\t<span class=\"bg-image-overlay \"><\/span><\/p>\n<div class=\"fw-container unyson_content\">\n<div class=\"container\">\n<div class=\"fw-row\">\n<div class=\"fw-col-xs-12 fw-col-sm-6 \">\n\t<span class=\"unyson-media-image\"><img loading=\"lazy\" src=\"https:\/\/www.cestarorossi.it\/aggiornato\/wp-content\/uploads\/2022\/07\/CR_attrezzature_1B-1300x744.jpg\" alt=\"https:\/\/www.cestarorossi.it\/aggiornato\/wp-content\/uploads\/2022\/07\/CR_attrezzature_1B-1300x744.jpg\" width=\"1300\" height=\"744\"><\/span><\/p>\n<div class=\"fw-divider-space space-15x\"><\/div>\n<\/div>\n<div class=\"fw-col-xs-12 fw-col-sm-6 \">\n\t<span class=\"unyson-media-image\"><img loading=\"lazy\" src=\"https:\/\/www.cestarorossi.it\/aggiornato\/wp-content\/uploads\/2022\/07\/CR_attrezzature_1A-1300x744.jpg\" alt=\"https:\/\/www.cestarorossi.it\/aggiornato\/wp-content\/uploads\/2022\/07\/CR_attrezzature_1A-1300x744.jpg\" width=\"1300\" height=\"744\"><\/span><\/p>\n<div class=\"fw-divider-space space-15x\"><\/div>\n<\/div>\n<\/div>\n<div class=\"fw-row\">\n<div class=\"fw-col-xs-12 fw-col-sm-2 \">\n\t<\/div>\n<div class=\"fw-col-xs-12 fw-col-sm-4 \">\n<ul>\n<li>n. 1 Extracteur de faisceaux de tubes sur camion<\/li>\n<li>n. 1 Extracteur de faisceaux de tubes autopropuls\u00e9<\/li>\n<li>n. 4 Transporteurs de serviettes<\/li>\n<li>n. 15 Groupes \u00e9lectrog\u00e8nes jusqu&#8217;\u00e0 150 kVA<\/li>\n<li>n. 6 Groupes \u00e9lectrog\u00e8nes jusqu&#8217;\u00e0 250 kVA<\/li>\n<li>n. 1 Groupes \u00e9lectrog\u00e8nes jusqu&#8217;\u00e0 350 kVA<\/li>\n<li>n. 2 Groupes \u00e9lectrog\u00e8nes jusqu&#8217;\u00e0 500 kVA<\/li>\n<li>n. 134 Postes de soudage \u00e0 moteur 250\/500 A<\/li>\n<li>n. 218 Soudeuses \u00e9lectriques 250\/600 A<\/li>\n<li>n. 54 Motocompresseurs 1500\/6000 l\/m<\/li>\n<li>n. 3 Machines de traitement thermique 80\/160 kVA no. 3 \u00c9quipement pour la pose de c\u00e2bles \u00e9lectriques (treuils) Non. 600 bo\u00eetes \u00e0 outils pour les tuyauteurs, les charpentiers, les soudeurs, les monteurs, les \u00e9lectriciens et les fabricants d&#8217;instruments.<\/li>\n<\/ul>\n<\/div>\n<div class=\"fw-col-xs-12 fw-col-sm-4 \">\n<ul>\n<li>n. 1 Laboratoire enti\u00e8rement \u00e9quip\u00e9 pour l&#8217;\u00e9talonnage des instruments non. 230 Multim\u00e8tres, Calibrateurs, Configurateurs, Fourneaux<\/li>\n<li>n. 52 Compteurs d&#8217;isolement jusqu&#8217;\u00e0 5 kV No. 1 Essai \u00e0 haute tension 80\/160 kV<\/li>\n<li>n. 3 Conseil des fibres<\/li>\n<li>n. 2 OTDR (Optical Time Domain Reflectometer) pour l&#8217;analyse et le diagnostic des fibres optiques<\/li>\n<li>n. 31 Groupes de pompage pour l&#8217;\u00e9preuve hydraulique<\/li>\n<li>n. 2 Motopompes pour le lavage A.P. 100\/2000 Bar.<\/li>\n<li>n. 3 Machines hydrodynamiques<\/li>\n<li>n. 4 V\u00e9hicules avec remorque \u00e0 plateau surbaiss\u00e9 1 000 m\u00b2 Boxes pour bureaux, stockage, vestiaires, cantines, toilettes<\/li>\n<\/ul>\n<\/div>\n<div class=\"fw-col-xs-12 fw-col-sm-2 \">\n\t<\/div>\n<\/div><\/div>\n<\/p><\/div>\n<\/section>\n<p><!-- 9d4221b421c88c4f177f4d250406d389 --><\/p>\n","protected":false},"excerpt":{"rendered":"<p>Le groupe Cestaro Rossi dispose d&#8217;un vaste parc d&#8217;\u00e9quipements et de v\u00e9hicules adapt\u00e9s \u00e0 la r\u00e9alisation de ses activit\u00e9s dans toutes les conditions environnementales. n.<span class=\"excerpt-more\"><a href=\"https:\/\/www.cestarorossi.it\/fr\/equipement\/\" class=\"more-link\"> [&hellip;] <span class=\"screen-reader-text\">\u00c9quipement<\/span><\/a><\/span><\/p>\n","protected":false},"author":1,"featured_media":0,"parent":0,"menu_order":0,"comment_status":"closed","ping_status":"closed","template":"page-wo-sidebar.php","meta":[],"yoast_head":"<!-- This site is optimized with the Yoast SEO plugin v19.14 - https:\/\/yoast.com\/wordpress\/plugins\/seo\/ -->\r\n<title>\u00c9quipement - CestaroRossi<\/title>\r\n<meta name=\"robots\" content=\"index, follow, max-snippet:-1, max-image-preview:large, max-video-preview:-1\" \/>\r\n<link rel=\"canonical\" href=\"https:\/\/www.cestarorossi.it\/fr\/equipement\/\" \/>\r\n<meta property=\"og:locale\" content=\"fr_FR\" \/>\r\n<meta property=\"og:type\" content=\"article\" \/>\r\n<meta property=\"og:title\" content=\"\u00c9quipement - CestaroRossi\" \/>\r\n<meta property=\"og:description\" content=\"Le groupe Cestaro Rossi dispose d&#8217;un vaste parc d&#8217;\u00e9quipements et de v\u00e9hicules adapt\u00e9s \u00e0 la r\u00e9alisation de ses activit\u00e9s dans toutes les conditions environnementales. n. [&hellip;] \u00c9quipement\" \/>\r\n<meta property=\"og:url\" content=\"https:\/\/www.cestarorossi.it\/fr\/equipement\/\" \/>\r\n<meta property=\"og:site_name\" content=\"CestaroRossi\" \/>\r\n<meta property=\"og:image\" content=\"https:\/\/www.cestarorossi.it\/aggiornato\/wp-content\/uploads\/2022\/09\/CR_Autogru-1-1500x628-1-1500x628.jpg\" \/>\r\n<meta name=\"twitter:card\" content=\"summary_large_image\" \/>\r\n<meta name=\"twitter:label1\" content=\"Dur\u00e9e de lecture estim\u00e9e\" \/>\n\t<meta name=\"twitter:data1\" content=\"1 minute\" \/>\r\n<script type=\"application\/ld+json\" class=\"yoast-schema-graph\">{\"@context\":\"https:\/\/schema.org\",\"@graph\":[{\"@type\":\"WebPage\",\"@id\":\"https:\/\/www.cestarorossi.it\/fr\/equipement\/\",\"url\":\"https:\/\/www.cestarorossi.it\/fr\/equipement\/\",\"name\":\"\u00c9quipement - CestaroRossi\",\"isPartOf\":{\"@id\":\"https:\/\/www.cestarorossi.it\/en\/#website\"},\"datePublished\":\"2022-07-10T09:20:34+00:00\",\"dateModified\":\"2022-07-10T09:20:34+00:00\",\"breadcrumb\":{\"@id\":\"https:\/\/www.cestarorossi.it\/fr\/equipement\/#breadcrumb\"},\"inLanguage\":\"fr-FR\",\"potentialAction\":[{\"@type\":\"ReadAction\",\"target\":[\"https:\/\/www.cestarorossi.it\/fr\/equipement\/\"]}]},{\"@type\":\"BreadcrumbList\",\"@id\":\"https:\/\/www.cestarorossi.it\/fr\/equipement\/#breadcrumb\",\"itemListElement\":[{\"@type\":\"ListItem\",\"position\":1,\"name\":\"Home\",\"item\":\"https:\/\/www.cestarorossi.it\/fr\/\"},{\"@type\":\"ListItem\",\"position\":2,\"name\":\"\u00c9quipement\"}]},{\"@type\":\"WebSite\",\"@id\":\"https:\/\/www.cestarorossi.it\/en\/#website\",\"url\":\"https:\/\/www.cestarorossi.it\/en\/\",\"name\":\"CestaroRossi\",\"description\":\"Construction and maintenance in industrial plants since 1921 - italy\",\"publisher\":{\"@id\":\"https:\/\/www.cestarorossi.it\/en\/#organization\"},\"potentialAction\":[{\"@type\":\"SearchAction\",\"target\":{\"@type\":\"EntryPoint\",\"urlTemplate\":\"https:\/\/www.cestarorossi.it\/en\/?s={search_term_string}\"},\"query-input\":\"required name=search_term_string\"}],\"inLanguage\":\"fr-FR\"},{\"@type\":\"Organization\",\"@id\":\"https:\/\/www.cestarorossi.it\/en\/#organization\",\"name\":\"CestaroRossi\",\"url\":\"https:\/\/www.cestarorossi.it\/en\/\",\"logo\":{\"@type\":\"ImageObject\",\"inLanguage\":\"fr-FR\",\"@id\":\"https:\/\/www.cestarorossi.it\/en\/#\/schema\/logo\/image\/\",\"url\":\"https:\/\/www.cestarorossi.it\/aggiornato\/wp-content\/uploads\/2022\/07\/Cestaro-Rossi_logo-colori.png\",\"contentUrl\":\"https:\/\/www.cestarorossi.it\/aggiornato\/wp-content\/uploads\/2022\/07\/Cestaro-Rossi_logo-colori.png\",\"width\":343,\"height\":63,\"caption\":\"CestaroRossi\"},\"image\":{\"@id\":\"https:\/\/www.cestarorossi.it\/en\/#\/schema\/logo\/image\/\"}}]}<\/script>\r\n<!-- \/ Yoast SEO plugin. -->","yoast_head_json":{"title":"\u00c9quipement - CestaroRossi","robots":{"index":"index","follow":"follow","max-snippet":"max-snippet:-1","max-image-preview":"max-image-preview:large","max-video-preview":"max-video-preview:-1"},"canonical":"https:\/\/www.cestarorossi.it\/fr\/equipement\/","og_locale":"fr_FR","og_type":"article","og_title":"\u00c9quipement - CestaroRossi","og_description":"Le groupe Cestaro Rossi dispose d&#8217;un vaste parc d&#8217;\u00e9quipements et de v\u00e9hicules adapt\u00e9s \u00e0 la r\u00e9alisation de ses activit\u00e9s dans toutes les conditions environnementales. n. [&hellip;] \u00c9quipement","og_url":"https:\/\/www.cestarorossi.it\/fr\/equipement\/","og_site_name":"CestaroRossi","og_image":[{"url":"https:\/\/www.cestarorossi.it\/aggiornato\/wp-content\/uploads\/2022\/09\/CR_Autogru-1-1500x628-1-1500x628.jpg"}],"twitter_card":"summary_large_image","twitter_misc":{"Dur\u00e9e de lecture estim\u00e9e":"1 minute"},"schema":{"@context":"https:\/\/schema.org","@graph":[{"@type":"WebPage","@id":"https:\/\/www.cestarorossi.it\/fr\/equipement\/","url":"https:\/\/www.cestarorossi.it\/fr\/equipement\/","name":"\u00c9quipement - CestaroRossi","isPartOf":{"@id":"https:\/\/www.cestarorossi.it\/en\/#website"},"datePublished":"2022-07-10T09:20:34+00:00","dateModified":"2022-07-10T09:20:34+00:00","breadcrumb":{"@id":"https:\/\/www.cestarorossi.it\/fr\/equipement\/#breadcrumb"},"inLanguage":"fr-FR","potentialAction":[{"@type":"ReadAction","target":["https:\/\/www.cestarorossi.it\/fr\/equipement\/"]}]},{"@type":"BreadcrumbList","@id":"https:\/\/www.cestarorossi.it\/fr\/equipement\/#breadcrumb","itemListElement":[{"@type":"ListItem","position":1,"name":"Home","item":"https:\/\/www.cestarorossi.it\/fr\/"},{"@type":"ListItem","position":2,"name":"\u00c9quipement"}]},{"@type":"WebSite","@id":"https:\/\/www.cestarorossi.it\/en\/#website","url":"https:\/\/www.cestarorossi.it\/en\/","name":"CestaroRossi","description":"Construction and maintenance in industrial plants since 1921 - italy","publisher":{"@id":"https:\/\/www.cestarorossi.it\/en\/#organization"},"potentialAction":[{"@type":"SearchAction","target":{"@type":"EntryPoint","urlTemplate":"https:\/\/www.cestarorossi.it\/en\/?s={search_term_string}"},"query-input":"required name=search_term_string"}],"inLanguage":"fr-FR"},{"@type":"Organization","@id":"https:\/\/www.cestarorossi.it\/en\/#organization","name":"CestaroRossi","url":"https:\/\/www.cestarorossi.it\/en\/","logo":{"@type":"ImageObject","inLanguage":"fr-FR","@id":"https:\/\/www.cestarorossi.it\/en\/#\/schema\/logo\/image\/","url":"https:\/\/www.cestarorossi.it\/aggiornato\/wp-content\/uploads\/2022\/07\/Cestaro-Rossi_logo-colori.png","contentUrl":"https:\/\/www.cestarorossi.it\/aggiornato\/wp-content\/uploads\/2022\/07\/Cestaro-Rossi_logo-colori.png","width":343,"height":63,"caption":"CestaroRossi"},"image":{"@id":"https:\/\/www.cestarorossi.it\/en\/#\/schema\/logo\/image\/"}}]}},"_links":{"self":[{"href":"https:\/\/www.cestarorossi.it\/fr\/wp-json\/wp\/v2\/pages\/6422"}],"collection":[{"href":"https:\/\/www.cestarorossi.it\/fr\/wp-json\/wp\/v2\/pages"}],"about":[{"href":"https:\/\/www.cestarorossi.it\/fr\/wp-json\/wp\/v2\/types\/page"}],"author":[{"embeddable":true,"href":"https:\/\/www.cestarorossi.it\/fr\/wp-json\/wp\/v2\/users\/1"}],"replies":[{"embeddable":true,"href":"https:\/\/www.cestarorossi.it\/fr\/wp-json\/wp\/v2\/comments?post=6422"}],"version-history":[{"count":0,"href":"https:\/\/www.cestarorossi.it\/fr\/wp-json\/wp\/v2\/pages\/6422\/revisions"}],"wp:attachment":[{"href":"https:\/\/www.cestarorossi.it\/fr\/wp-json\/wp\/v2\/media?parent=6422"}],"curies":[{"name":"wp","href":"https:\/\/api.w.org\/{rel}","templated":true}]}}