{"id":6418,"date":"2022-07-10T11:37:38","date_gmt":"2022-07-10T09:37:38","guid":{"rendered":"https:\/\/www.cestarorossi.it\/installations-darret-dactivite\/"},"modified":"2022-07-10T11:37:38","modified_gmt":"2022-07-10T09:37:38","slug":"installations-darret-dactivite","status":"publish","type":"page","link":"https:\/\/www.cestarorossi.it\/fr\/installations-darret-dactivite\/","title":{"rendered":"Installations d&#8217;arr\u00eat d&#8217;activit\u00e9"},"content":{"rendered":"<section class=\"fw-main-row \">\n\t<span class=\"bg-image-overlay \"><\/span><\/p>\n<div class=\"fw-container unyson_content\">\n<div class=\"container\">\n<div class=\"fw-row\">\n<div class=\"fw-col-xs-12 \">\n<div class=\"fw-heading fw-heading-h1 fw-heading-center fw-heading-w-subtitle fw-heading-alternate \">\n<h1 style=\"font-weight:;color:\" class=\"fw-special-title\"><span>ACTIVIT\u00c9S D&#8217;ARR\u00caT DE L&#8217;USINE<\/span><\/h1>\n<div class=\"fw-special-subtitle\">M\u00c9THODOLOGIE<\/div>\n<\/p><\/div>\n<div class=\"fw-divider-space space-25x\"><\/div>\n<\/div>\n<\/div><\/div>\n<\/p><\/div>\n<\/section>\n<section class=\"fw-main-row \">\n\t<span class=\"bg-image-overlay \"><\/span><\/p>\n<div class=\"fw-container unyson_content\">\n<div class=\"container\">\n<div class=\"fw-row\">\n<div class=\"fw-col-xs-12 \">\n\t<span class=\"unyson-media-image\"><img loading=\"lazy\" src=\"https:\/\/www.effort-studio.it\/cestaro\/wp-content\/uploads\/2022\/07\/Cestaro-rossi-impianti-1-1200x640.jpg\" alt=\"https:\/\/www.effort-studio.it\/cestaro\/wp-content\/uploads\/2022\/07\/Cestaro-rossi-impianti-1-1200x640.jpg\" width=\"1200\" height=\"640\"><\/span>\t<\/p>\n<div class=\"fw-divider-line\">\n<hr>\n<\/div>\n<\/div>\n<\/div><\/div>\n<\/p><\/div>\n<\/section>\n<section class=\"fw-main-row \">\n\t<span class=\"bg-image-overlay \"><\/span><\/p>\n<div class=\"fw-container unyson_content\">\n<div class=\"container\">\n<div class=\"fw-row\">\n<div class=\"fw-col-xs-12 fw-col-sm-4 \">\n<blockquote>\n<h2 style=\"text-align: left\"><em><strong><span style=\"color: #256f6b\">LES ACTIVIT\u00c9S R\u00c9ALIS\u00c9ES PENDANT L&#8217;ARR\u00caT DE L&#8217;USINE<\/span><\/strong><\/em><\/h2>\n<\/blockquote>\n<h2 style=\"text-align: left\"><\/h2>\n<\/div>\n<div class=\"fw-col-xs-12 fw-col-sm-8 \">\n<ul>\n<li>Activit\u00e9s de soutien aux unit\u00e9s op\u00e9rationnelles du client pour la remise en \u00e9tat et l&#8217;isolation des installations et des \u00e9quipements.<\/li>\n<li>Pr\u00e9fabrication et assemblage de tuyaux<\/li>\n<li>Entretien des raccords et des vannes<\/li>\n<li>Entretien des \u00e9quipements (\u00e9changeurs de chaleur, a\u00e9ror\u00e9frig\u00e9rants, appareils \u00e0 pression, colonnes, etc.)<\/li>\n<li>\u00c9quipement de lavage \u00e0 l&#8217;eau sous haute pression<\/li>\n<li>Remplacement des faisceaux de tubes<\/li>\n<li>Retubage de faisceaux de tubes<\/li>\n<li>Entretien et restauration des fours<\/li>\n<li>Entretien et restauration des g\u00e9n\u00e9rateurs de vapeur<\/li>\n<li>Restauration et remplacement des parties internes des \u00e9quipements (plaques \u00e0 colonnes)<\/li>\n<li>Restauration de l&#8217;\u00e9paisseur avec rev\u00eatement de soudure, etc.)<\/li>\n<li>Restauration partielle de l&#8217;\u00e9quipement avec remplacement partiel des pi\u00e8ces (bandeaux de colonne, t\u00eates ou fonds de colonne, etc.).<\/li>\n<li>Entretien des vannes<\/li>\n<li>R\u00e9vision et maintenance de l&#8217;instrumentation \u00e9lectronique et pneumatique dans la salle de contr\u00f4le et sur le terrain.<\/li>\n<li>Pose\/remplacement de c\u00e2bles \u00e9lectriques<\/li>\n<li>R\u00e9vision et maintenance des tableaux de distribution MT et BT<\/li>\n<li>Maintenance des \u00e9quipements de distribution et de contr\u00f4le dans les sous-stations \u00e9lectriques<\/li>\n<li>Entretien du r\u00e9seau de distribution d&#8217;\u00e9lectricit\u00e9<\/li>\n<li>Entretien et r\u00e9vision des transformateurs \u00e9lectriques<\/li>\n<li>Entretien\/r\u00e9vision\/\u00e9talonnage et test des soupapes de s\u00e9curit\u00e9<\/li>\n<li>Activit\u00e9s de soutien aux unit\u00e9s d&#8217;exploitation du client pour la restauration des circuits et la mise en service des installations.<\/li>\n<\/ul>\n<\/div>\n<\/div><\/div>\n<\/p><\/div>\n<\/section>\n<section class=\"fw-main-row \">\n\t<span class=\"bg-image-overlay \"><\/span><\/p>\n<div class=\"fw-container unyson_content\">\n<div class=\"container\">\n<div class=\"fw-row\">\n<div class=\"fw-col-xs-12 \">\n<div class=\"fw-divider-space space-05x\"><\/div>\n<\/div>\n<\/div>\n<div class=\"fw-row\">\n<div class=\"fw-col-xs-12 \">\n<div class=\"fw-divider-space space-20x\"><\/div>\n<\/div>\n<\/div>\n<div class=\"fw-row\">\n<div class=\"fw-col-xs-12 fw-col-sm-4 \">\n\t<\/div>\n<div class=\"fw-col-xs-12 fw-col-sm-4 \">\n<div class=\"fw-divider-space space-15x\"><\/div>\n<p style=\"text-align: center\"><a href=\"https:\/\/www.effort-studio.it\/cestaro\/wp-content\/uploads\/2022\/07\/Cestaro-Rossi_brochure_Fermate_impianti.pdf\" target=\"_blank\" class=\"fw-btn fw-btn-1 \" rel=\"noopener\"><br \/>\n\t<span>NOS NUM\u00c9ROS<\/span><br \/>\n<\/a>\n<\/p>\n<\/div>\n<div class=\"fw-col-xs-12 fw-col-sm-4 \">\n\t<\/div>\n<\/div>\n<div class=\"fw-row\">\n<div class=\"fw-col-xs-12 \">\n<div class=\"fw-divider-space space-05x\"><\/div>\n<\/div>\n<\/div><\/div>\n<\/p><\/div>\n<\/section>\n<p><!-- f2662e0f54dd1d83806ba1db68c6331e --><\/p>\n","protected":false},"excerpt":{"rendered":"<p>ACTIVIT\u00c9S D&#8217;ARR\u00caT DE L&#8217;USINE M\u00c9THODOLOGIE LES ACTIVIT\u00c9S R\u00c9ALIS\u00c9ES PENDANT L&#8217;ARR\u00caT DE L&#8217;USINE Activit\u00e9s de soutien aux unit\u00e9s op\u00e9rationnelles du client pour la remise en \u00e9tat<span class=\"excerpt-more\"><a href=\"https:\/\/www.cestarorossi.it\/fr\/installations-darret-dactivite\/\" class=\"more-link\"> [&hellip;] <span class=\"screen-reader-text\">Installations d&#8217;arr\u00eat d&#8217;activit\u00e9<\/span><\/a><\/span><\/p>\n","protected":false},"author":1,"featured_media":0,"parent":0,"menu_order":0,"comment_status":"closed","ping_status":"closed","template":"page-wo-sidebar.php","meta":[],"yoast_head":"<!-- This site is optimized with the Yoast SEO plugin v19.14 - https:\/\/yoast.com\/wordpress\/plugins\/seo\/ -->\r\n<title>Installations d&#039;arr\u00eat d&#039;activit\u00e9 - CestaroRossi<\/title>\r\n<meta name=\"robots\" content=\"index, follow, max-snippet:-1, max-image-preview:large, max-video-preview:-1\" \/>\r\n<link rel=\"canonical\" href=\"https:\/\/www.cestarorossi.it\/fr\/installations-darret-dactivite\/\" \/>\r\n<meta property=\"og:locale\" content=\"fr_FR\" \/>\r\n<meta property=\"og:type\" content=\"article\" \/>\r\n<meta property=\"og:title\" content=\"Installations d&#039;arr\u00eat d&#039;activit\u00e9 - CestaroRossi\" \/>\r\n<meta property=\"og:description\" content=\"ACTIVIT\u00c9S D&#8217;ARR\u00caT DE L&#8217;USINE M\u00c9THODOLOGIE LES ACTIVIT\u00c9S R\u00c9ALIS\u00c9ES PENDANT L&#8217;ARR\u00caT DE L&#8217;USINE Activit\u00e9s de soutien aux unit\u00e9s op\u00e9rationnelles du client pour la remise en \u00e9tat [&hellip;] Installations d&#8217;arr\u00eat d&#8217;activit\u00e9\" \/>\r\n<meta property=\"og:url\" content=\"https:\/\/www.cestarorossi.it\/fr\/installations-darret-dactivite\/\" \/>\r\n<meta property=\"og:site_name\" content=\"CestaroRossi\" \/>\r\n<meta property=\"og:image\" content=\"https:\/\/www.effort-studio.it\/cestaro\/wp-content\/uploads\/2022\/07\/Cestaro-rossi-impianti-1-1200x640.jpg\" \/>\r\n<meta name=\"twitter:card\" content=\"summary_large_image\" \/>\r\n<meta name=\"twitter:label1\" content=\"Dur\u00e9e de lecture estim\u00e9e\" \/>\n\t<meta name=\"twitter:data1\" content=\"1 minute\" \/>\r\n<script type=\"application\/ld+json\" class=\"yoast-schema-graph\">{\"@context\":\"https:\/\/schema.org\",\"@graph\":[{\"@type\":\"WebPage\",\"@id\":\"https:\/\/www.cestarorossi.it\/fr\/installations-darret-dactivite\/\",\"url\":\"https:\/\/www.cestarorossi.it\/fr\/installations-darret-dactivite\/\",\"name\":\"Installations d'arr\u00eat d'activit\u00e9 - CestaroRossi\",\"isPartOf\":{\"@id\":\"https:\/\/www.cestarorossi.it\/en\/#website\"},\"datePublished\":\"2022-07-10T09:37:38+00:00\",\"dateModified\":\"2022-07-10T09:37:38+00:00\",\"breadcrumb\":{\"@id\":\"https:\/\/www.cestarorossi.it\/fr\/installations-darret-dactivite\/#breadcrumb\"},\"inLanguage\":\"fr-FR\",\"potentialAction\":[{\"@type\":\"ReadAction\",\"target\":[\"https:\/\/www.cestarorossi.it\/fr\/installations-darret-dactivite\/\"]}]},{\"@type\":\"BreadcrumbList\",\"@id\":\"https:\/\/www.cestarorossi.it\/fr\/installations-darret-dactivite\/#breadcrumb\",\"itemListElement\":[{\"@type\":\"ListItem\",\"position\":1,\"name\":\"Home\",\"item\":\"https:\/\/www.cestarorossi.it\/fr\/\"},{\"@type\":\"ListItem\",\"position\":2,\"name\":\"Installations d&#8217;arr\u00eat d&#8217;activit\u00e9\"}]},{\"@type\":\"WebSite\",\"@id\":\"https:\/\/www.cestarorossi.it\/en\/#website\",\"url\":\"https:\/\/www.cestarorossi.it\/en\/\",\"name\":\"CestaroRossi\",\"description\":\"Construction and maintenance in industrial plants since 1921 - italy\",\"publisher\":{\"@id\":\"https:\/\/www.cestarorossi.it\/en\/#organization\"},\"potentialAction\":[{\"@type\":\"SearchAction\",\"target\":{\"@type\":\"EntryPoint\",\"urlTemplate\":\"https:\/\/www.cestarorossi.it\/en\/?s={search_term_string}\"},\"query-input\":\"required name=search_term_string\"}],\"inLanguage\":\"fr-FR\"},{\"@type\":\"Organization\",\"@id\":\"https:\/\/www.cestarorossi.it\/en\/#organization\",\"name\":\"CestaroRossi\",\"url\":\"https:\/\/www.cestarorossi.it\/en\/\",\"logo\":{\"@type\":\"ImageObject\",\"inLanguage\":\"fr-FR\",\"@id\":\"https:\/\/www.cestarorossi.it\/en\/#\/schema\/logo\/image\/\",\"url\":\"https:\/\/www.cestarorossi.it\/aggiornato\/wp-content\/uploads\/2022\/07\/Cestaro-Rossi_logo-colori.png\",\"contentUrl\":\"https:\/\/www.cestarorossi.it\/aggiornato\/wp-content\/uploads\/2022\/07\/Cestaro-Rossi_logo-colori.png\",\"width\":343,\"height\":63,\"caption\":\"CestaroRossi\"},\"image\":{\"@id\":\"https:\/\/www.cestarorossi.it\/en\/#\/schema\/logo\/image\/\"}}]}<\/script>\r\n<!-- \/ Yoast SEO plugin. -->","yoast_head_json":{"title":"Installations d'arr\u00eat d'activit\u00e9 - CestaroRossi","robots":{"index":"index","follow":"follow","max-snippet":"max-snippet:-1","max-image-preview":"max-image-preview:large","max-video-preview":"max-video-preview:-1"},"canonical":"https:\/\/www.cestarorossi.it\/fr\/installations-darret-dactivite\/","og_locale":"fr_FR","og_type":"article","og_title":"Installations d'arr\u00eat d'activit\u00e9 - CestaroRossi","og_description":"ACTIVIT\u00c9S D&#8217;ARR\u00caT DE L&#8217;USINE M\u00c9THODOLOGIE LES ACTIVIT\u00c9S R\u00c9ALIS\u00c9ES PENDANT L&#8217;ARR\u00caT DE L&#8217;USINE Activit\u00e9s de soutien aux unit\u00e9s op\u00e9rationnelles du client pour la remise en \u00e9tat [&hellip;] Installations d&#8217;arr\u00eat d&#8217;activit\u00e9","og_url":"https:\/\/www.cestarorossi.it\/fr\/installations-darret-dactivite\/","og_site_name":"CestaroRossi","og_image":[{"url":"https:\/\/www.effort-studio.it\/cestaro\/wp-content\/uploads\/2022\/07\/Cestaro-rossi-impianti-1-1200x640.jpg"}],"twitter_card":"summary_large_image","twitter_misc":{"Dur\u00e9e de lecture estim\u00e9e":"1 minute"},"schema":{"@context":"https:\/\/schema.org","@graph":[{"@type":"WebPage","@id":"https:\/\/www.cestarorossi.it\/fr\/installations-darret-dactivite\/","url":"https:\/\/www.cestarorossi.it\/fr\/installations-darret-dactivite\/","name":"Installations d'arr\u00eat d'activit\u00e9 - CestaroRossi","isPartOf":{"@id":"https:\/\/www.cestarorossi.it\/en\/#website"},"datePublished":"2022-07-10T09:37:38+00:00","dateModified":"2022-07-10T09:37:38+00:00","breadcrumb":{"@id":"https:\/\/www.cestarorossi.it\/fr\/installations-darret-dactivite\/#breadcrumb"},"inLanguage":"fr-FR","potentialAction":[{"@type":"ReadAction","target":["https:\/\/www.cestarorossi.it\/fr\/installations-darret-dactivite\/"]}]},{"@type":"BreadcrumbList","@id":"https:\/\/www.cestarorossi.it\/fr\/installations-darret-dactivite\/#breadcrumb","itemListElement":[{"@type":"ListItem","position":1,"name":"Home","item":"https:\/\/www.cestarorossi.it\/fr\/"},{"@type":"ListItem","position":2,"name":"Installations d&#8217;arr\u00eat d&#8217;activit\u00e9"}]},{"@type":"WebSite","@id":"https:\/\/www.cestarorossi.it\/en\/#website","url":"https:\/\/www.cestarorossi.it\/en\/","name":"CestaroRossi","description":"Construction and maintenance in industrial plants since 1921 - italy","publisher":{"@id":"https:\/\/www.cestarorossi.it\/en\/#organization"},"potentialAction":[{"@type":"SearchAction","target":{"@type":"EntryPoint","urlTemplate":"https:\/\/www.cestarorossi.it\/en\/?s={search_term_string}"},"query-input":"required name=search_term_string"}],"inLanguage":"fr-FR"},{"@type":"Organization","@id":"https:\/\/www.cestarorossi.it\/en\/#organization","name":"CestaroRossi","url":"https:\/\/www.cestarorossi.it\/en\/","logo":{"@type":"ImageObject","inLanguage":"fr-FR","@id":"https:\/\/www.cestarorossi.it\/en\/#\/schema\/logo\/image\/","url":"https:\/\/www.cestarorossi.it\/aggiornato\/wp-content\/uploads\/2022\/07\/Cestaro-Rossi_logo-colori.png","contentUrl":"https:\/\/www.cestarorossi.it\/aggiornato\/wp-content\/uploads\/2022\/07\/Cestaro-Rossi_logo-colori.png","width":343,"height":63,"caption":"CestaroRossi"},"image":{"@id":"https:\/\/www.cestarorossi.it\/en\/#\/schema\/logo\/image\/"}}]}},"_links":{"self":[{"href":"https:\/\/www.cestarorossi.it\/fr\/wp-json\/wp\/v2\/pages\/6418"}],"collection":[{"href":"https:\/\/www.cestarorossi.it\/fr\/wp-json\/wp\/v2\/pages"}],"about":[{"href":"https:\/\/www.cestarorossi.it\/fr\/wp-json\/wp\/v2\/types\/page"}],"author":[{"embeddable":true,"href":"https:\/\/www.cestarorossi.it\/fr\/wp-json\/wp\/v2\/users\/1"}],"replies":[{"embeddable":true,"href":"https:\/\/www.cestarorossi.it\/fr\/wp-json\/wp\/v2\/comments?post=6418"}],"version-history":[{"count":0,"href":"https:\/\/www.cestarorossi.it\/fr\/wp-json\/wp\/v2\/pages\/6418\/revisions"}],"wp:attachment":[{"href":"https:\/\/www.cestarorossi.it\/fr\/wp-json\/wp\/v2\/media?parent=6418"}],"curies":[{"name":"wp","href":"https:\/\/api.w.org\/{rel}","templated":true}]}}