{"id":5093,"date":"2016-11-14T09:58:14","date_gmt":"2016-11-14T08:58:14","guid":{"rendered":"https:\/\/www.cestarorossi.it\/aggiornato\/contacts\/"},"modified":"2023-07-17T11:14:36","modified_gmt":"2023-07-17T09:14:36","slug":"contacts","status":"publish","type":"page","link":"https:\/\/www.cestarorossi.it\/fr\/contacts\/","title":{"rendered":"Contacts"},"content":{"rendered":"<p><section class=\"fw-main-row \"  >\n\t<span class=\"bg-image-overlay \" style=\"\"><\/span>\n\t<div class=\"fw-container unyson_content\">\n\t\t\t\t<div class=\"container\">\n\t\t\t\t<div class=\"fw-row\">\n\t<div class=\"fw-col-xs-12   \"  >\n\t\n\n\t<div class=\"fw-divider-space space-50x\"><\/div>\n<\/div>\n<\/div>\n\n<div class=\"fw-row\">\n\t<div class=\"fw-col-xs-12   \"  >\n\t<div class=\"fw-heading fw-heading-h3 fw-heading-center fw-subtitle-above fw-heading-w-subtitle fw-heading-alternate \">\n\t\t\t<div class=\"fw-special-subtitle\">NOS CONTACTS<\/div>\n\t\t\t<h3 style='font-weight:;color:' class='fw-special-title'><span>CONTACTEZ-NOUS<\/span><\/h3>\t<\/div><\/div>\n<\/div>\n\n<div class=\"fw-row\">\n\t<div class=\"fw-col-xs-12 fw-col-sm-2   \"  >\n\t<\/div>\n<div class=\"fw-col-xs-12 fw-col-sm-8   \"  >\n\t<p style=\"text-align: center;\">Pour plus d\u2019informations, contactez-nous par t\u00e9l\u00e9phone ou envoyez un e-mail \u00e0 nos bureaux.<\/p><\/div>\n<div class=\"fw-col-xs-12 fw-col-sm-2   \"  >\n\t<\/div>\n<\/div>\n\n<div class=\"fw-row\">\n\t<div class=\"fw-col-xs-12   \"  >\n\t\n\n\t<div class=\"fw-divider-space space-10x\"><\/div>\n<\/div>\n<\/div>\n\n\t\t\t\t<\/div>\n\t\t\t<\/div>\n<\/section>\n<section class=\"fw-main-row  energy_drop_shadow\"  >\n\t<span class=\"bg-image-overlay \" style=\"\"><\/span>\n\t<div class=\"fw-container unyson_content\">\n\t\t\t\t<div class=\"container\">\n\t\t\t\t<div class=\"fw-row\">\n\t<div class=\"fw-col-xs-12   \"  >\n\t\n\n\t<div class=\"fw-divider-space space-15x\"><\/div>\n<\/div>\n<\/div>\n\n<div class=\"fw-row\">\n\t<div class=\"fw-col-xs-12 fw-col-sm-4 fw-col-sm-3 col-sm-offset-2  \"  >\n\t<div class=\"fw-iconbox clearfix fw-iconbox-2  ib-type1\">\n\t<div class=\"fw-iconbox-image \"><a href=\"#\">\t\t<i class=\"flaticon-placeholder\"><\/i><\/a>\t<\/div>\n\t<div class=\"fw-iconbox-aside\">\n\t\t<div class=\"fw-iconbox-title\">\n\t\t\t<h3><a href=\"#\">SI\u00c8GE ADMINISTRATIF<\/a><\/h3>\n\t\t<\/div>\n\t\t\t\t<div class=\"fw-iconbox-text\">\n\t\t\t<div><div>Via Enrico Toti, 62 - 70125 Bari - Italy<\/div><\/div>\n\t\t<\/div>\n\t\t\t<\/div>\n<\/div>\n\n\t<div class=\"fw-divider-space space-10x\"><\/div>\n<\/div>\n<div class=\"fw-col-xs-12 fw-col-sm-4 fw-col-sm-3  \"  >\n\t<div class=\"fw-iconbox clearfix fw-iconbox-2  ib-type1\">\n\t<div class=\"fw-iconbox-image \"><a href=\"#\">\t\t<i class=\"flaticon-phone-call\"><\/i><\/a>\t<\/div>\n\t<div class=\"fw-iconbox-aside\">\n\t\t<div class=\"fw-iconbox-title\">\n\t\t\t<h3><a href=\"#\">TELEPHONE<\/a><\/h3>\n\t\t<\/div>\n\t\t\t\t<div class=\"fw-iconbox-text\">\n\t\t\t<div><div>T\u00e9l. bureaux: +39 080.5421066<\/div>\n<div>Fax bureau: +39 080 5427668<\/div><\/div>\n\t\t<\/div>\n\t\t\t<\/div>\n<\/div>\n\n\t<div class=\"fw-divider-space space-10x\"><\/div>\n<\/div>\n<div class=\"fw-col-xs-12 fw-col-sm-4 fw-col-sm-3  \"  >\n\t<div class=\"fw-iconbox clearfix fw-iconbox-2  ib-type1\">\n\t<div class=\"fw-iconbox-image \"><a href=\"#\">\t\t<i class=\"flaticon-mail\"><\/i><\/a>\t<\/div>\n\t<div class=\"fw-iconbox-aside\">\n\t\t<div class=\"fw-iconbox-title\">\n\t\t\t<h3><a href=\"#\">E-MAIL<\/a><\/h3>\n\t\t<\/div>\n\t\t\t\t<div class=\"fw-iconbox-text\">\n\t\t\t<div><a href=\"mailto:commerciale@cestarorossi.com\">commerciale@cestarorossi.com<\/a><\/div>\n\t\t<\/div>\n\t\t\t<\/div>\n<\/div>\n\n\t<div class=\"fw-divider-space space-15x\"><\/div>\n<\/div>\n<\/div>\n\n\t\t\t\t<\/div>\n\t\t\t<\/div>\n<\/section>\n<section class=\"fw-main-row \" style=\"background-image:url(https:\/\/www.cestarorossi.it\/aggiornato\/wp-content\/uploads\/2016\/11\/contact-form-bg.jpg);background-position: center center;background-repeat: no-repeat;background-attachment:scroll;background-size:initial;\" >\n\t<span class=\"bg-image-overlay \" style=\"\"><\/span>\n\t<div class=\"fw-container unyson_content\">\n\t\t\t\t<div class=\"container\">\n\t\t\t\t<div class=\"fw-row\">\n\t<div class=\"fw-col-xs-12   \"  >\n\t\n\n\t<div class=\"fw-divider-space space-20x\"><\/div>\n<\/div>\n<\/div>\n\n<div class=\"fw-row\">\n\t<div class=\"fw-col-xs-12   \"  >\n\t<div class=\"fw-heading fw-heading-h3 fw-heading-center fw-subtitle-above fw-heading-w-subtitle  \">\n\t\t\t<div class=\"fw-special-subtitle\"> ENVOYEZ VOTRE DEMANDE<\/div>\n\t\t\t<h3 style='font-weight:;color:' class='fw-special-title'><span>FORMULAIRE DE CONTACT<\/span><\/h3>\t<\/div><\/div>\n<\/div>\n\n<div class=\"fw-row\">\n\t<div class=\"fw-col-xs-12 fw-col-sm-2   \"  >\n\t<\/div>\n<div class=\"fw-col-xs-12 fw-col-sm-8   \"  >\n\t<div class=\"shortcode-widget-area\"><aside id=\"text-3\" class=\"widget-odd widget-last widget-first widget-1 col-md-12 col-sm-12 widget widget_text\">\t\t\t<div class=\"textwidget\"><div>\n<div class=\"wpcf7 no-js\" id=\"wpcf7-f1804-o1\" lang=\"en-US\" dir=\"ltr\">\n<div class=\"screen-reader-response\"><p role=\"status\" aria-live=\"polite\" aria-atomic=\"true\"><\/p> <ul><\/ul><\/div>\n<form action=\"\/fr\/wp-json\/wp\/v2\/pages\/5093#wpcf7-f1804-o1\" method=\"post\" class=\"wpcf7-form init\" aria-label=\"Contact form\" novalidate=\"novalidate\" data-status=\"init\">\n<div style=\"display: none;\">\n<input type=\"hidden\" name=\"_wpcf7\" value=\"1804\" \/>\n<input type=\"hidden\" name=\"_wpcf7_version\" value=\"5.7.7\" \/>\n<input type=\"hidden\" name=\"_wpcf7_locale\" value=\"en_US\" \/>\n<input type=\"hidden\" name=\"_wpcf7_unit_tag\" value=\"wpcf7-f1804-o1\" \/>\n<input type=\"hidden\" name=\"_wpcf7_container_post\" value=\"0\" \/>\n<input type=\"hidden\" name=\"_wpcf7_posted_data_hash\" value=\"\" \/>\n<\/div>\n<div class=\"row\">\n\t<div class=\"col-md-6\">\n\t\t<div class=\"fields\">\n\t\t\t<p><span class=\"wpcf7-form-control-wrap\" data-name=\"your-name\"><input size=\"40\" class=\"wpcf7-form-control wpcf7-text wpcf7-validates-as-required\" aria-required=\"true\" aria-invalid=\"false\" placeholder=\"Enter your Name\" value=\"\" type=\"text\" name=\"your-name\" \/><\/span>\n\t\t\t<\/p>\n\t\t<\/div>\n\t<\/div>\n\t<div class=\"col-md-6\">\n\t\t<div class=\"fields\">\n\t\t\t<p><span class=\"wpcf7-form-control-wrap\" data-name=\"your-email\"><input size=\"40\" class=\"wpcf7-form-control wpcf7-text wpcf7-email wpcf7-validates-as-required wpcf7-validates-as-email\" aria-required=\"true\" aria-invalid=\"false\" placeholder=\"Enter your E-mail\" value=\"\" type=\"email\" name=\"your-email\" \/><\/span>\n\t\t\t<\/p>\n\t\t<\/div>\n\t<\/div>\n<\/div>\n<div class=\"fields\">\n\t<p><span class=\"wpcf7-form-control-wrap\" data-name=\"your-subject\"><input size=\"40\" class=\"wpcf7-form-control wpcf7-text\" aria-invalid=\"false\" placeholder=\"Enter your Subject\" value=\"\" type=\"text\" name=\"your-subject\" \/><\/span>\n\t<\/p>\n<\/div>\n<div class=\"fields\">\n\t<p><span class=\"wpcf7-form-control-wrap\" data-name=\"your-message\"><textarea cols=\"40\" rows=\"10\" class=\"wpcf7-form-control wpcf7-textarea\" aria-invalid=\"false\" placeholder=\"Enter your Message...\" name=\"your-message\"><\/textarea><\/span>\n\t<\/p>\n<\/div>\n<div class=\"fields submit\">\n\t<p><input class=\"wpcf7-form-control has-spinner wpcf7-submit\" type=\"submit\" value=\"Send Message\" \/>\n\t<\/p>\n<\/div><div class=\"wpcf7-response-output\" aria-hidden=\"true\"><\/div>\n<\/form>\n<\/div>\n<\/div><\/div>\n\t\t<\/aside><\/div>\n<\/div>\n<\/div>\n\n<div class=\"fw-row\">\n\t<div class=\"fw-col-xs-12   \"  >\n\t\n\n\t<div class=\"fw-divider-space space-50x\"><\/div>\n<\/div>\n<\/div>\n\n\t\t\t\t<\/div>\n\t\t\t<\/div>\n<\/section>\n<section class=\"fw-main-row \"  >\n\t<span class=\"bg-image-overlay \" style=\"\"><\/span>\n\t<div class=\"fw-container unyson_content\">\n\t\t\t\t<div class=\"container\">\n\t\t\t\t<div class=\"fw-row\">\n\t<div class=\"fw-col-xs-12   \"  >\n\t<span class=\"unyson-media-image\"><a href=\"https:\/\/goo.gl\/maps\/Se3Eqti7C8tHKyfUA\" target=\"_blank\" ><img src=\"https:\/\/www.cestarorossi.it\/aggiornato\/wp-content\/uploads\/2022\/07\/mappa-cestaro-rossi-1024x506-1-1200x500.jpeg\" alt=\"mappa-cestaro-rossi-1024x506\" width=\"1200\" height=\"500\" \/><\/a><\/span><\/div>\n<\/div>\n\n\t\t\t\t<\/div>\n\t\t\t<\/div>\n<\/section>\n<\/p>\n","protected":false},"excerpt":{"rendered":"<p>CONNECTER AVEC NOUS NOS CONTACTS Cum sociis natoque penatibus et magnis dis parturient montes, nascetur ridiculus mus. Fusce tempus odio vitae nibh semper, ac venenatis massa mollis. Proin tempus, mauris eu facilisis feugiat, nisi augue faucibus. HEAD OFFICE 1116 15th St, Sacramento, California, CA 95814, USA CALL US Support : 0800 123 4567 Office : 0800 123&#8230;<\/p>\n","protected":false},"author":1,"featured_media":0,"parent":0,"menu_order":0,"comment_status":"closed","ping_status":"closed","template":"","meta":[],"yoast_head":"<!-- This site is optimized with the Yoast SEO plugin v19.14 - https:\/\/yoast.com\/wordpress\/plugins\/seo\/ -->\r\n<title>Contacts - CestaroRossi<\/title>\r\n<meta name=\"robots\" content=\"index, follow, max-snippet:-1, max-image-preview:large, max-video-preview:-1\" \/>\r\n<link rel=\"canonical\" href=\"https:\/\/www.cestarorossi.it\/fr\/contacts\/\" \/>\r\n<meta property=\"og:locale\" content=\"fr_FR\" \/>\r\n<meta property=\"og:type\" content=\"article\" \/>\r\n<meta property=\"og:title\" content=\"Contacts - CestaroRossi\" \/>\r\n<meta property=\"og:description\" content=\"CONNECTER AVEC NOUS NOS CONTACTS Cum sociis natoque penatibus et magnis dis parturient montes, nascetur ridiculus mus. Fusce tempus odio vitae nibh semper, ac venenatis massa mollis. Proin tempus, mauris eu facilisis feugiat, nisi augue faucibus. HEAD OFFICE 1116 15th St, Sacramento, California, CA 95814, USA CALL US Support : 0800 123 4567 Office : 0800 123...\" \/>\r\n<meta property=\"og:url\" content=\"https:\/\/www.cestarorossi.it\/fr\/contacts\/\" \/>\r\n<meta property=\"og:site_name\" content=\"CestaroRossi\" \/>\r\n<meta property=\"article:modified_time\" content=\"2023-07-17T09:14:36+00:00\" \/>\r\n<meta property=\"og:image\" content=\"https:\/\/www.cestarorossi.it\/aggiornato\/wp-content\/uploads\/2022\/07\/mappa-cestaro-rossi-1024x506-1-1200x500.jpeg\" \/>\r\n<meta name=\"twitter:card\" content=\"summary_large_image\" \/>\r\n<meta name=\"twitter:label1\" content=\"Est. reading time\" \/>\n\t<meta name=\"twitter:data1\" content=\"1 minute\" \/>\r\n<script type=\"application\/ld+json\" class=\"yoast-schema-graph\">{\"@context\":\"https:\/\/schema.org\",\"@graph\":[{\"@type\":\"WebPage\",\"@id\":\"https:\/\/www.cestarorossi.it\/fr\/contacts\/\",\"url\":\"https:\/\/www.cestarorossi.it\/fr\/contacts\/\",\"name\":\"Contacts - CestaroRossi\",\"isPartOf\":{\"@id\":\"https:\/\/www.cestarorossi.it\/en\/#website\"},\"datePublished\":\"2016-11-14T08:58:14+00:00\",\"dateModified\":\"2023-07-17T09:14:36+00:00\",\"breadcrumb\":{\"@id\":\"https:\/\/www.cestarorossi.it\/fr\/contacts\/#breadcrumb\"},\"inLanguage\":\"fr-FR\",\"potentialAction\":[{\"@type\":\"ReadAction\",\"target\":[\"https:\/\/www.cestarorossi.it\/fr\/contacts\/\"]}]},{\"@type\":\"BreadcrumbList\",\"@id\":\"https:\/\/www.cestarorossi.it\/fr\/contacts\/#breadcrumb\",\"itemListElement\":[{\"@type\":\"ListItem\",\"position\":1,\"name\":\"Home\",\"item\":\"https:\/\/www.cestarorossi.it\/fr\/\"},{\"@type\":\"ListItem\",\"position\":2,\"name\":\"Contacts\"}]},{\"@type\":\"WebSite\",\"@id\":\"https:\/\/www.cestarorossi.it\/en\/#website\",\"url\":\"https:\/\/www.cestarorossi.it\/en\/\",\"name\":\"CestaroRossi\",\"description\":\"Construction and maintenance in industrial plants since 1921 - italy\",\"publisher\":{\"@id\":\"https:\/\/www.cestarorossi.it\/en\/#organization\"},\"potentialAction\":[{\"@type\":\"SearchAction\",\"target\":{\"@type\":\"EntryPoint\",\"urlTemplate\":\"https:\/\/www.cestarorossi.it\/en\/?s={search_term_string}\"},\"query-input\":\"required name=search_term_string\"}],\"inLanguage\":\"fr-FR\"},{\"@type\":\"Organization\",\"@id\":\"https:\/\/www.cestarorossi.it\/en\/#organization\",\"name\":\"CestaroRossi\",\"url\":\"https:\/\/www.cestarorossi.it\/en\/\",\"logo\":{\"@type\":\"ImageObject\",\"inLanguage\":\"fr-FR\",\"@id\":\"https:\/\/www.cestarorossi.it\/en\/#\/schema\/logo\/image\/\",\"url\":\"https:\/\/www.cestarorossi.it\/aggiornato\/wp-content\/uploads\/2022\/07\/Cestaro-Rossi_logo-colori.png\",\"contentUrl\":\"https:\/\/www.cestarorossi.it\/aggiornato\/wp-content\/uploads\/2022\/07\/Cestaro-Rossi_logo-colori.png\",\"width\":343,\"height\":63,\"caption\":\"CestaroRossi\"},\"image\":{\"@id\":\"https:\/\/www.cestarorossi.it\/en\/#\/schema\/logo\/image\/\"}}]}<\/script>\r\n<!-- \/ Yoast SEO plugin. -->","yoast_head_json":{"title":"Contacts - CestaroRossi","robots":{"index":"index","follow":"follow","max-snippet":"max-snippet:-1","max-image-preview":"max-image-preview:large","max-video-preview":"max-video-preview:-1"},"canonical":"https:\/\/www.cestarorossi.it\/fr\/contacts\/","og_locale":"fr_FR","og_type":"article","og_title":"Contacts - CestaroRossi","og_description":"CONNECTER AVEC NOUS NOS CONTACTS Cum sociis natoque penatibus et magnis dis parturient montes, nascetur ridiculus mus. Fusce tempus odio vitae nibh semper, ac venenatis massa mollis. Proin tempus, mauris eu facilisis feugiat, nisi augue faucibus. HEAD OFFICE 1116 15th St, Sacramento, California, CA 95814, USA CALL US Support : 0800 123 4567 Office : 0800 123...","og_url":"https:\/\/www.cestarorossi.it\/fr\/contacts\/","og_site_name":"CestaroRossi","article_modified_time":"2023-07-17T09:14:36+00:00","og_image":[{"url":"https:\/\/www.cestarorossi.it\/aggiornato\/wp-content\/uploads\/2022\/07\/mappa-cestaro-rossi-1024x506-1-1200x500.jpeg"}],"twitter_card":"summary_large_image","twitter_misc":{"Est. reading time":"1 minute"},"schema":{"@context":"https:\/\/schema.org","@graph":[{"@type":"WebPage","@id":"https:\/\/www.cestarorossi.it\/fr\/contacts\/","url":"https:\/\/www.cestarorossi.it\/fr\/contacts\/","name":"Contacts - CestaroRossi","isPartOf":{"@id":"https:\/\/www.cestarorossi.it\/en\/#website"},"datePublished":"2016-11-14T08:58:14+00:00","dateModified":"2023-07-17T09:14:36+00:00","breadcrumb":{"@id":"https:\/\/www.cestarorossi.it\/fr\/contacts\/#breadcrumb"},"inLanguage":"fr-FR","potentialAction":[{"@type":"ReadAction","target":["https:\/\/www.cestarorossi.it\/fr\/contacts\/"]}]},{"@type":"BreadcrumbList","@id":"https:\/\/www.cestarorossi.it\/fr\/contacts\/#breadcrumb","itemListElement":[{"@type":"ListItem","position":1,"name":"Home","item":"https:\/\/www.cestarorossi.it\/fr\/"},{"@type":"ListItem","position":2,"name":"Contacts"}]},{"@type":"WebSite","@id":"https:\/\/www.cestarorossi.it\/en\/#website","url":"https:\/\/www.cestarorossi.it\/en\/","name":"CestaroRossi","description":"Construction and maintenance in industrial plants since 1921 - italy","publisher":{"@id":"https:\/\/www.cestarorossi.it\/en\/#organization"},"potentialAction":[{"@type":"SearchAction","target":{"@type":"EntryPoint","urlTemplate":"https:\/\/www.cestarorossi.it\/en\/?s={search_term_string}"},"query-input":"required name=search_term_string"}],"inLanguage":"fr-FR"},{"@type":"Organization","@id":"https:\/\/www.cestarorossi.it\/en\/#organization","name":"CestaroRossi","url":"https:\/\/www.cestarorossi.it\/en\/","logo":{"@type":"ImageObject","inLanguage":"fr-FR","@id":"https:\/\/www.cestarorossi.it\/en\/#\/schema\/logo\/image\/","url":"https:\/\/www.cestarorossi.it\/aggiornato\/wp-content\/uploads\/2022\/07\/Cestaro-Rossi_logo-colori.png","contentUrl":"https:\/\/www.cestarorossi.it\/aggiornato\/wp-content\/uploads\/2022\/07\/Cestaro-Rossi_logo-colori.png","width":343,"height":63,"caption":"CestaroRossi"},"image":{"@id":"https:\/\/www.cestarorossi.it\/en\/#\/schema\/logo\/image\/"}}]}},"_links":{"self":[{"href":"https:\/\/www.cestarorossi.it\/fr\/wp-json\/wp\/v2\/pages\/5093"}],"collection":[{"href":"https:\/\/www.cestarorossi.it\/fr\/wp-json\/wp\/v2\/pages"}],"about":[{"href":"https:\/\/www.cestarorossi.it\/fr\/wp-json\/wp\/v2\/types\/page"}],"author":[{"embeddable":true,"href":"https:\/\/www.cestarorossi.it\/fr\/wp-json\/wp\/v2\/users\/1"}],"replies":[{"embeddable":true,"href":"https:\/\/www.cestarorossi.it\/fr\/wp-json\/wp\/v2\/comments?post=5093"}],"version-history":[{"count":8,"href":"https:\/\/www.cestarorossi.it\/fr\/wp-json\/wp\/v2\/pages\/5093\/revisions"}],"predecessor-version":[{"id":7804,"href":"https:\/\/www.cestarorossi.it\/fr\/wp-json\/wp\/v2\/pages\/5093\/revisions\/7804"}],"wp:attachment":[{"href":"https:\/\/www.cestarorossi.it\/fr\/wp-json\/wp\/v2\/media?parent=5093"}],"curies":[{"name":"wp","href":"https:\/\/api.w.org\/{rel}","templated":true}]}}