{"id":8406,"date":"2024-12-20T17:19:51","date_gmt":"2024-12-20T16:19:51","guid":{"rendered":"https:\/\/www.cestarorossi.it\/?page_id=8406"},"modified":"2025-11-17T10:36:41","modified_gmt":"2025-11-17T09:36:41","slug":"sostenibilita","status":"publish","type":"page","link":"https:\/\/www.cestarorossi.it\/en\/sostenibilita\/","title":{"rendered":"SOSTENIBILITA\u2019"},"content":{"rendered":"<section class=\"fw-main-row \"  >\n\t<span class=\"bg-image-overlay \" style=\"\"><\/span>\n\t<div class=\"fw-container unyson_content\">\n\t\t\t\t<div class=\"container\">\n\t\t\t\t<div class=\"fw-row\">\n\t<div class=\"fw-col-xs-12   \"  >\n\t<span class=\"unyson-media-image\"><img src=\"https:\/\/www.cestarorossi.it\/aggiornato\/wp-content\/uploads\/2024\/12\/CR-sostenibilita-1200x800.jpg\" alt=\"https:\/\/www.cestarorossi.it\/aggiornato\/wp-content\/uploads\/2024\/12\/CR-sostenibilita-1200x800.jpg\" width=\"1200\" height=\"800\" \/><\/span>\n\n\t<div class=\"fw-divider-space space-20x\"><\/div>\n<\/div>\n<\/div>\n\n<div class=\"fw-row\">\n\t<div class=\"fw-col-xs-12   \"  >\n\t<p>Nell\u2019ultimo decennio il <strong>concetto di sostenibilit\u00e0<\/strong> ha registrato una profonda evoluzione che, partendo da una visione centrata preminentemente sugli aspetti ecologici, \u00e8 approdata verso un significato pi\u00f9 globale, che tenesse conto, oltre che della dimensione ambientale, di quella economica e di quella sociale. All\u2019interno di questa nuova visione globale \u00e8 pur sempre implicito il messaggio fondatore che vede la sostenibilit\u00e0 come la condizione di uno sviluppo in grado di <strong>\u201cassicurare il soddisfacimento dei bisogni della generazione presente senza compromettere la possibilit\u00e0 delle generazioni future di realizzare i propri\u201d<\/strong>.<br \/>Alla luce di queste prospettive, per una societ\u00e0 in pieno sviluppo come la <strong>Cestaro Rossi<\/strong> \u00e8 diventato fondamentale assicurare il soddisfacimento di bisogni presenti e futuri, all\u2019interno di tutti i propri processi. In questo scenario, il piano di sostenibilit\u00e0 della Cestaro Rossi ha indirizzato la sua strategia <strong>in linea con l\u2019Agenda 2030 dell\u2019ONU<\/strong>, abbracciando tutti gli ambiti<strong> ESG \u2013 Environmental, Social e Governance<\/strong> \u2013 e tenendo in considerazione i loro impatti sul azienda e quelli dell\u2019azienda stessa sulle persone, sulle comunit\u00e0 e sull\u2019ambiente.<\/p><\/div>\n<\/div>\n\n<div class=\"fw-row\">\n\t<div class=\"fw-col-xs-12   \"  >\n\t\n\n\t<div class=\"fw-divider-space space-20x\"><\/div>\n<\/div>\n<\/div>\n\n<div class=\"fw-row\">\n\t<div class=\"fw-col-xs-12 fw-col-sm-8   \"  >\n\t<p>Un contributo fondamentale a progetti in ambito <strong>ESG<\/strong> lo si \u00e8 ottenuto attraverso iniziative nell\u2019ambito della <strong>Supply Chain<\/strong> legate a:<br \/>\u2022 <strong>acquisto dal 2019 di gru elettriche JMG<\/strong>, completamente controllabili da remoto, ad impatto ambientale zero e dimensioni estremamente ridotte per renderle idonee a lavorare in spazi angusti e ambienti al chiuso, permettendo cos\u00ec un\u2019operativit\u00e0 priva di emissioni nocive per gli addetti ai lavori, caratteristica vincente in ambito di sicurezza e salute dei lavoratori;<br \/>\u2022 <strong>acquisto dal 2020 di autogru LIEBHERR<\/strong> di nuova generazione dotate di sensoristica e innovative soluzioni elettroniche ed informatiche che le inquadrano perfettamente anche nella sfera dell\u2019Industria 4.0, paradigma su cui l\u2019azienda si sta muovendo attivamente.<\/p><\/div>\n<div class=\"fw-col-xs-12 fw-col-sm-4   \"  >\n\t<span class=\"unyson-media-image\"><img src=\"https:\/\/www.cestarorossi.it\/aggiornato\/wp-content\/uploads\/2024\/12\/Cestaro-Rossi-gru-670x384.jpg\" alt=\"https:\/\/www.cestarorossi.it\/aggiornato\/wp-content\/uploads\/2024\/12\/Cestaro-Rossi-gru-670x384.jpg\" width=\"670\" height=\"384\" \/><\/span><\/div>\n<\/div>\n\n<div class=\"fw-row\">\n\t<div class=\"fw-col-xs-12   \"  >\n\t<p><strong>Tali gru sono inoltre dotate:<\/strong><\/p><ul><li>di un singolo motore capace di movimentare sia il carro che la torre, con conseguente riduzione in termini di consumi di combustibile (per il minor peso) e di interventi di manutenzione<\/li><li>collegamento ad albero cardanico che garantisce un elevato rendimento, ed ulteriore ottimizzazione dei consumi di carburante.<\/li><li>programma ECOmode, con cui i consumi vengono ulteriormente ridotti (la trazione delle pompe, con motore al minimo pu\u00f2 essere disinserita e riavviata automaticamente)<\/li><li>utilizzo, ove possibile, di elettro saldatrici e compressori d'aria elettrici anzich\u00e9 a motore<\/li><li>utilizzo, ove possibile, di combustibile HVO\/XTL ovvero carburante diesel sintetico prodotto da materie prime sostenibili<\/li><li>uso di prodotti e materiali sostenibili come acciaio prodotto con fonti energetiche sostenibili, uso di supporti modulari certificati EPD (Environmental Product Declaration) a basso impatto ambientale, miscele di cemento con aggregati riciclati, vernici ecologiche, imballaggi riciclabili<\/li><li>utilizzo di prodotti e materiali sostenibili e riciclati<\/li><li>uso di materiali locali, ove applicabile, per ridurre l'impatto dei lunghi trasporti e per sostenere le economie locali.<\/li><\/ul><\/div>\n<\/div>\n\n<div class=\"fw-row\">\n\t<div class=\"fw-col-xs-12 fw-col-sm-4   \"  >\n\t<span class=\"unyson-media-image\"><img src=\"https:\/\/www.cestarorossi.it\/aggiornato\/wp-content\/uploads\/2024\/12\/CR-sostenibilita-2-670x384.jpg\" alt=\"https:\/\/www.cestarorossi.it\/aggiornato\/wp-content\/uploads\/2024\/12\/CR-sostenibilita-2-670x384.jpg\" width=\"670\" height=\"384\" \/><\/span><\/div>\n<div class=\"fw-col-xs-12 fw-col-sm-8   \"  >\n\t<p>Sempre nella prospettiva di contribuire alla mitigazione e adattamento del cambiamento climatico, la Cestaro Rossi \u00e8 da tempo impegnata a supportare i suoi clienti e fornitori nella complessit\u00e0 della transizione energetica e verso la decarbonizzazione delle attivit\u00e0 produttive, dando quindi un contributo specifico alla riduzione delle emissioni di gas serra e a sostegno dell\u2019adattamento ai cambiamenti climatici.<\/p><\/div>\n<\/div>\n\n<div class=\"fw-row\">\n\t<div class=\"fw-col-xs-12   \"  >\n\t\n\n\t<div class=\"fw-divider-space space-20x\"><\/div>\n<\/div>\n<\/div>\n\n<div class=\"fw-row\">\n\t<div class=\"fw-col-xs-12 fw-col-sm-9   \"  >\n\t<p><strong>In questo ambito la Cestaro Rossi:<\/strong><br \/>\u2022 <strong>partecipa a progetti di trasformazione<\/strong> delle raffinerie tradizionali in bioraffinerie, le quali sono alimentate prevalentemente da materie prime di scarto risultanti da oli esausti di cucina, grassi animali e altre biomasse, consentendo di produrre biocarburanti Hydrotreated Vegetable Oil (HVO) in grado di abbattere una grossa percentuali delle emissioni di CO2eq rispetto al mix di fossile di riferimento<br \/>\u2022 <strong>sviluppa progetti interni e installazione di impianti fotovoltaici<\/strong> per contribuire all\u2019utilizzo di fonti energetici rinnovabili, con una potenza attualmente installata di circa 1000 KWp<br \/>\u2022 <strong>aderisce a progetti di decarbonizzazione,<\/strong> acquistando energia certificata dal \u201cSistema di Garanzie di Origine\u201d del GSE in base alla Direttiva CE 2008\/28, come proveniente al 100% da fonti rinnovabili<br \/>Oltre alle tematiche di natura ambientale, la <strong>Cestaro Rossi<\/strong> \u00e8 pienamente consapevole che le persone ovvero i dipendenti, i lavoratori, i clienti, i fornitori, i distributori, i venditori, gli investitori sono, senza dubbio, cruciali per la sua organizzazione e la reciproca crescita in conoscenza, prosperit\u00e0 e benessere.<\/p><\/div>\n<div class=\"fw-col-xs-12 fw-col-sm-2   \"  >\n\t\n\n\t<div class=\"fw-divider-space space-20x\"><\/div>\n<span class=\"unyson-media-image\"><img src=\"https:\/\/www.cestarorossi.it\/aggiornato\/wp-content\/uploads\/2024\/12\/logo-enel-energia-300x300.jpg\" alt=\"https:\/\/www.cestarorossi.it\/aggiornato\/wp-content\/uploads\/2024\/12\/logo-enel-energia-300x300.jpg\" width=\"300\" height=\"300\" \/><\/span><\/div>\n<\/div>\n\n<div class=\"fw-row\">\n\t<div class=\"fw-col-xs-12   \"  >\n\t\n\n\t<div class=\"fw-divider-space space-20x\"><\/div>\n<\/div>\n<\/div>\n\n<div class=\"fw-row\">\n\t<div class=\"fw-col-xs-12   \"  >\n\t<p>Le questioni sociali influenzano, inoltre, la reputazione e la fiducia dell\u2019azienda, ed hanno un impatto diretto sulla capacit\u00e0 di attrarre e trattenere talenti, promuovere un ambiente di lavoro sicuro e inclusivo, e contribuire positivamente alle comunit\u00e0 in cui l\u2019azienda opera.<br \/>La <strong>Cestaro Rossi<\/strong> ha quindi scelto di investire sul valore delle persone, sia lato capitale umano (per esempio la conoscenza individuale, le capacit\u00e0, le competenze, \u2026) che lato capitale sociale (per esempio la condivisione di norme, valori, \u2026). Concentrandosi sui dipendenti, pilastro fondamentale su cui la Cestaro Rossi fonda le proprie attivit\u00e0, l\u2019azienda offre loro un ambiente sicuro, con condizioni di lavoro stimolanti, meritocratiche, rispettose dei diritti e non discriminanti. Inoltre, la Cestaro Rossi favorisce, stimola e incentiva la crescita professionale dei propri dipendenti e ne promuove il benessere.<\/p><p>Ed \u00e8 proprio per dare una veste concreta a questo impegno e a questa sua sensibilit\u00e0, che all\u2019inizio del 2022 la Cestaro Rossi ha deciso di intraprendere il percorso di <strong>certificazione per la SA8000<\/strong>, che si \u00e8 concluso a Maggio del 2023 con l\u2019ottenimento del <strong>Certificato SA 8000:2014<\/strong>. Pilastro di questa certificazione \u00e8 la Politica per la Responsabilit\u00e0 Sociale, che illustra gli obiettivi della Cestaro Rossi in tale ambito e di cui ne \u00e8 stata data diffusione interna ed esterna tramite il nostro sito web www.cestarorossi.it.<\/p><p>Quale ulteriore passo per manifestare la volont\u00e0 di operare in maniera sempre pi\u00f9 responsabile e di integrare a tutti gli effetti la sostenibilit\u00e0 nel proprio business, la Cestaro Rossi a recentemente implementato un sistema di Governance dedicato alla supervisione e alla gestione di queste tematiche a livello globale. A questo scopo il CdA della Cestaro Rossi ha deliberato a giugno 2024 la creazione di una struttura interna per la gestione delle tematiche ESG, guidata dalla nuova figura del <strong>Chief Sustainability Officer.<\/strong> Questa nuova struttura ha la responsabilit\u00e0 di proporre, coordinare e avviare i progetti e le iniziative in ambito di responsabilit\u00e0 sociale, monitorare i piani di azione delle diverse unit\u00e0 organizzative, anche alla luce delle best practice rilevabili dal mercato, esaminare le informative e le richieste degli stakeholder sui temi di sostenibilit\u00e0 (ad es. la gestione di piattaforme informatiche su tematiche ESG come Open es, Ecovadis, Synesgy etc. ) e coordinare le attivit\u00e0 di redazione della prima stesura del <strong>Report di Sostenibilit\u00e0<\/strong> della Cestaro Rossi.<\/p><\/div>\n<\/div>\n\n<div class=\"fw-row\">\n\t<div class=\"fw-col-xs-12   \"  >\n\t\n\n\t<div class=\"fw-divider-space space-20x\"><\/div>\n<\/div>\n<\/div>\n\n<div class=\"fw-row\">\n\t<div class=\"fw-col-xs-12   \"  >\n\t<span class=\"unyson-media-image\"><img src=\"https:\/\/www.cestarorossi.it\/aggiornato\/wp-content\/uploads\/2024\/12\/CR-sostenibilita-marchi-1475x372.jpg\" alt=\"https:\/\/www.cestarorossi.it\/aggiornato\/wp-content\/uploads\/2024\/12\/CR-sostenibilita-marchi-1475x372.jpg\" width=\"1475\" height=\"372\" \/><\/span>\n\n\t<div class=\"fw-divider-space space-20x\"><\/div>\n<\/div>\n<\/div>\n\n<div class=\"fw-row\">\n\t<div class=\"fw-col-xs-12   \"  >\n\t\n\n\t<div class=\"fw-divider-space space-40x\"><\/div>\n<\/div>\n<\/div>\n\n<div class=\"fw-row\">\n\t<div class=\"fw-col-xs-12   \"  >\n\t<span class=\"unyson-media-image\"><img src=\"https:\/\/www.cestarorossi.it\/aggiornato\/wp-content\/uploads\/2025\/11\/CR-grafico-pag_sostenibilita-1475x797.jpg\" alt=\"https:\/\/www.cestarorossi.it\/aggiornato\/wp-content\/uploads\/2025\/11\/CR-grafico-pag_sostenibilita-1475x797.jpg\" width=\"1475\" height=\"797\" \/><\/span>\n\n\t<div class=\"fw-divider-space space-40x\"><\/div>\n<\/div>\n<\/div>\n\n<div class=\"fw-row\">\n\t<div class=\"fw-col-xs-12   \"  >\n\t<p><strong>INNOVAZIONE<\/strong><\/p><p>&nbsp;<\/p><ul><li>2022 e 2023: Progetti per Preparazione ed esecuzione TAR 2022 e 2023 presso la Raffineria TotalEnergies di Anversa. L'importanza di tali progetti \u00e8 la \"CONTINUITA\u2019'\": avere per pi\u00f9 anni la possibilit\u00e0 di mantenere uno staff presso il nostro Cliente ci consente, oltre ad una ovvia crescita nella conoscenza delle sue specifiche tecniche, delle persone che compongono lo staff del Cliente, degli impianti etc. soprattutto permette ai nostri uomini di pensare ad un vero e proprio trasferimento nell'area di intervento con le proprie famiglie, il che implica la garanzia di restare sull'impianto e non disperdere queste preziose esperienze<\/li><li>2022 e 2023: <strong>Progetti EPC<\/strong>. Nell\u2019ambito della riconversione delle Raffinerie, abbiamo realizzato un importante progetto EPC, con la nostra partner di ingegneria PPC S.r.l., per la progettazione, fornitura e costruzione del nuovo impianto Degumming nella Green Refinery di Venezia. Tale commessa ci ha consentito di accrescere la nostra esperienza come EPC Contractor e di aggiudicarci quindi i contratti EPC per il nuovo impianto PTU della futura Green Refinery ENI di Livorno e l\u2019impianto interconnecting sempre nella Green Refinery di Venezia, progetti che realizzeremo nei prossimi mesi<\/li><li>2024 <strong>Data Center<\/strong>. Stiamo completando la costruzione elettro-meccanica dell\u2019impianto di raffreddamento relativo al Green Data Center ENI di Sannazzaro de\u2019 Burgondi, importante progetto che ci consentir\u00e0 di proporci come partner per la costruzione di futuri Data Center sul tutto il territorio Europeo<\/li><\/ul><\/div>\n<\/div>\n\n<div class=\"fw-row\">\n\t<div class=\"fw-col-xs-12   \"  >\n\t\n\n\t<div class=\"fw-divider-space space-40x\"><\/div>\n<\/div>\n<\/div>\n\n<div class=\"fw-row\">\n\t<div class=\"fw-col-xs-12   \"  >\n\t<span class=\"unyson-media-image\"><a href=\"https:\/\/www.cestarorossi.it\/aggiornato\/wp-content\/uploads\/2025\/11\/Cestaro-Rossi_Principali_Lavori_ITA_2025_web.pdf\" target=\"_blank\" ><img src=\"https:\/\/www.cestarorossi.it\/aggiornato\/wp-content\/uploads\/2024\/07\/Cestaro-Rossi_main-work_ENG_2024_web-1-565x800.jpg\" alt=\"https:\/\/www.cestarorossi.it\/aggiornato\/wp-content\/uploads\/2024\/07\/Cestaro-Rossi_main-work_ENG_2024_web-1-565x800.jpg\" width=\"565\" height=\"800\" \/><\/a><\/span><\/div>\n<\/div>\n\n\t\t\t\t<\/div>\n\t\t\t<\/div>\n<\/section>\n\n","protected":false},"excerpt":{"rendered":"<p>Nell\u2019ultimo decennio il concetto di sostenibilit\u00e0 ha registrato una profonda evoluzione che, partendo da una visione centrata preminentemente sugli aspetti ecologici, \u00e8 approdata verso un<span class=\"excerpt-more\"><a href=\"https:\/\/www.cestarorossi.it\/en\/sostenibilita\/\" class=\"more-link\"> [&hellip;] <span class=\"screen-reader-text\">SOSTENIBILITA\u2019<\/span><\/a><\/span><\/p>\n","protected":false},"author":1,"featured_media":0,"parent":0,"menu_order":0,"comment_status":"closed","ping_status":"closed","template":"page-wo-sidebar.php","meta":[],"yoast_head":"<!-- This site is optimized with the Yoast SEO plugin v19.14 - https:\/\/yoast.com\/wordpress\/plugins\/seo\/ -->\r\n<title>SOSTENIBILITA\u2019 - CestaroRossi<\/title>\r\n<meta name=\"robots\" content=\"index, follow, max-snippet:-1, max-image-preview:large, max-video-preview:-1\" \/>\r\n<link rel=\"canonical\" href=\"https:\/\/www.cestarorossi.it\/sostenibilita\/\" \/>\r\n<meta property=\"og:locale\" content=\"en_US\" \/>\r\n<meta property=\"og:type\" content=\"article\" \/>\r\n<meta property=\"og:title\" content=\"SOSTENIBILITA\u2019 - CestaroRossi\" \/>\r\n<meta property=\"og:description\" content=\"Nell\u2019ultimo decennio il concetto di sostenibilit\u00e0 ha registrato una profonda evoluzione che, partendo da una visione centrata preminentemente sugli aspetti ecologici, \u00e8 approdata verso un [&hellip;] SOSTENIBILITA\u2019\" \/>\r\n<meta property=\"og:url\" content=\"https:\/\/www.cestarorossi.it\/sostenibilita\/\" \/>\r\n<meta property=\"og:site_name\" content=\"CestaroRossi\" \/>\r\n<meta property=\"article:modified_time\" content=\"2025-11-17T09:36:41+00:00\" \/>\r\n<meta property=\"og:image\" content=\"https:\/\/www.cestarorossi.it\/aggiornato\/wp-content\/uploads\/2024\/12\/CR-sostenibilita-1200x800.jpg\" \/>\r\n<meta name=\"twitter:card\" content=\"summary_large_image\" \/>\r\n<meta name=\"twitter:label1\" content=\"Est. reading time\" \/>\n\t<meta name=\"twitter:data1\" content=\"9 minutes\" \/>\r\n<script type=\"application\/ld+json\" class=\"yoast-schema-graph\">{\"@context\":\"https:\/\/schema.org\",\"@graph\":[{\"@type\":\"WebPage\",\"@id\":\"https:\/\/www.cestarorossi.it\/sostenibilita\/\",\"url\":\"https:\/\/www.cestarorossi.it\/sostenibilita\/\",\"name\":\"SOSTENIBILITA\u2019 - CestaroRossi\",\"isPartOf\":{\"@id\":\"https:\/\/www.cestarorossi.it\/en\/#website\"},\"datePublished\":\"2024-12-20T16:19:51+00:00\",\"dateModified\":\"2025-11-17T09:36:41+00:00\",\"breadcrumb\":{\"@id\":\"https:\/\/www.cestarorossi.it\/sostenibilita\/#breadcrumb\"},\"inLanguage\":\"en-US\",\"potentialAction\":[{\"@type\":\"ReadAction\",\"target\":[\"https:\/\/www.cestarorossi.it\/sostenibilita\/\"]}]},{\"@type\":\"BreadcrumbList\",\"@id\":\"https:\/\/www.cestarorossi.it\/sostenibilita\/#breadcrumb\",\"itemListElement\":[{\"@type\":\"ListItem\",\"position\":1,\"name\":\"Home\",\"item\":\"https:\/\/www.cestarorossi.it\/en\/\"},{\"@type\":\"ListItem\",\"position\":2,\"name\":\"SOSTENIBILITA\u2019\"}]},{\"@type\":\"WebSite\",\"@id\":\"https:\/\/www.cestarorossi.it\/en\/#website\",\"url\":\"https:\/\/www.cestarorossi.it\/en\/\",\"name\":\"CestaroRossi\",\"description\":\"Construction and maintenance in industrial plants since 1921 - italy\",\"publisher\":{\"@id\":\"https:\/\/www.cestarorossi.it\/en\/#organization\"},\"potentialAction\":[{\"@type\":\"SearchAction\",\"target\":{\"@type\":\"EntryPoint\",\"urlTemplate\":\"https:\/\/www.cestarorossi.it\/en\/?s={search_term_string}\"},\"query-input\":\"required name=search_term_string\"}],\"inLanguage\":\"en-US\"},{\"@type\":\"Organization\",\"@id\":\"https:\/\/www.cestarorossi.it\/en\/#organization\",\"name\":\"CestaroRossi\",\"url\":\"https:\/\/www.cestarorossi.it\/en\/\",\"logo\":{\"@type\":\"ImageObject\",\"inLanguage\":\"en-US\",\"@id\":\"https:\/\/www.cestarorossi.it\/en\/#\/schema\/logo\/image\/\",\"url\":\"https:\/\/www.cestarorossi.it\/aggiornato\/wp-content\/uploads\/2022\/07\/Cestaro-Rossi_logo-colori.png\",\"contentUrl\":\"https:\/\/www.cestarorossi.it\/aggiornato\/wp-content\/uploads\/2022\/07\/Cestaro-Rossi_logo-colori.png\",\"width\":343,\"height\":63,\"caption\":\"CestaroRossi\"},\"image\":{\"@id\":\"https:\/\/www.cestarorossi.it\/en\/#\/schema\/logo\/image\/\"}}]}<\/script>\r\n<!-- \/ Yoast SEO plugin. -->","yoast_head_json":{"title":"SOSTENIBILITA\u2019 - CestaroRossi","robots":{"index":"index","follow":"follow","max-snippet":"max-snippet:-1","max-image-preview":"max-image-preview:large","max-video-preview":"max-video-preview:-1"},"canonical":"https:\/\/www.cestarorossi.it\/sostenibilita\/","og_locale":"en_US","og_type":"article","og_title":"SOSTENIBILITA\u2019 - CestaroRossi","og_description":"Nell\u2019ultimo decennio il concetto di sostenibilit\u00e0 ha registrato una profonda evoluzione che, partendo da una visione centrata preminentemente sugli aspetti ecologici, \u00e8 approdata verso un [&hellip;] SOSTENIBILITA\u2019","og_url":"https:\/\/www.cestarorossi.it\/sostenibilita\/","og_site_name":"CestaroRossi","article_modified_time":"2025-11-17T09:36:41+00:00","og_image":[{"url":"https:\/\/www.cestarorossi.it\/aggiornato\/wp-content\/uploads\/2024\/12\/CR-sostenibilita-1200x800.jpg"}],"twitter_card":"summary_large_image","twitter_misc":{"Est. reading time":"9 minutes"},"schema":{"@context":"https:\/\/schema.org","@graph":[{"@type":"WebPage","@id":"https:\/\/www.cestarorossi.it\/sostenibilita\/","url":"https:\/\/www.cestarorossi.it\/sostenibilita\/","name":"SOSTENIBILITA\u2019 - CestaroRossi","isPartOf":{"@id":"https:\/\/www.cestarorossi.it\/en\/#website"},"datePublished":"2024-12-20T16:19:51+00:00","dateModified":"2025-11-17T09:36:41+00:00","breadcrumb":{"@id":"https:\/\/www.cestarorossi.it\/sostenibilita\/#breadcrumb"},"inLanguage":"en-US","potentialAction":[{"@type":"ReadAction","target":["https:\/\/www.cestarorossi.it\/sostenibilita\/"]}]},{"@type":"BreadcrumbList","@id":"https:\/\/www.cestarorossi.it\/sostenibilita\/#breadcrumb","itemListElement":[{"@type":"ListItem","position":1,"name":"Home","item":"https:\/\/www.cestarorossi.it\/en\/"},{"@type":"ListItem","position":2,"name":"SOSTENIBILITA\u2019"}]},{"@type":"WebSite","@id":"https:\/\/www.cestarorossi.it\/en\/#website","url":"https:\/\/www.cestarorossi.it\/en\/","name":"CestaroRossi","description":"Construction and maintenance in industrial plants since 1921 - italy","publisher":{"@id":"https:\/\/www.cestarorossi.it\/en\/#organization"},"potentialAction":[{"@type":"SearchAction","target":{"@type":"EntryPoint","urlTemplate":"https:\/\/www.cestarorossi.it\/en\/?s={search_term_string}"},"query-input":"required name=search_term_string"}],"inLanguage":"en-US"},{"@type":"Organization","@id":"https:\/\/www.cestarorossi.it\/en\/#organization","name":"CestaroRossi","url":"https:\/\/www.cestarorossi.it\/en\/","logo":{"@type":"ImageObject","inLanguage":"en-US","@id":"https:\/\/www.cestarorossi.it\/en\/#\/schema\/logo\/image\/","url":"https:\/\/www.cestarorossi.it\/aggiornato\/wp-content\/uploads\/2022\/07\/Cestaro-Rossi_logo-colori.png","contentUrl":"https:\/\/www.cestarorossi.it\/aggiornato\/wp-content\/uploads\/2022\/07\/Cestaro-Rossi_logo-colori.png","width":343,"height":63,"caption":"CestaroRossi"},"image":{"@id":"https:\/\/www.cestarorossi.it\/en\/#\/schema\/logo\/image\/"}}]}},"_links":{"self":[{"href":"https:\/\/www.cestarorossi.it\/en\/wp-json\/wp\/v2\/pages\/8406"}],"collection":[{"href":"https:\/\/www.cestarorossi.it\/en\/wp-json\/wp\/v2\/pages"}],"about":[{"href":"https:\/\/www.cestarorossi.it\/en\/wp-json\/wp\/v2\/types\/page"}],"author":[{"embeddable":true,"href":"https:\/\/www.cestarorossi.it\/en\/wp-json\/wp\/v2\/users\/1"}],"replies":[{"embeddable":true,"href":"https:\/\/www.cestarorossi.it\/en\/wp-json\/wp\/v2\/comments?post=8406"}],"version-history":[{"count":31,"href":"https:\/\/www.cestarorossi.it\/en\/wp-json\/wp\/v2\/pages\/8406\/revisions"}],"predecessor-version":[{"id":8639,"href":"https:\/\/www.cestarorossi.it\/en\/wp-json\/wp\/v2\/pages\/8406\/revisions\/8639"}],"wp:attachment":[{"href":"https:\/\/www.cestarorossi.it\/en\/wp-json\/wp\/v2\/media?parent=8406"}],"curies":[{"name":"wp","href":"https:\/\/api.w.org\/{rel}","templated":true}]}}