{"id":8445,"date":"2024-12-20T17:19:51","date_gmt":"2024-12-20T16:19:51","guid":{"rendered":"https:\/\/www.cestarorossi.it\/nachhaltigkeit\/"},"modified":"2025-11-17T11:16:10","modified_gmt":"2025-11-17T10:16:10","slug":"nachhaltigkeit","status":"publish","type":"page","link":"https:\/\/www.cestarorossi.it\/de\/nachhaltigkeit\/","title":{"rendered":"NACHHALTIGKEIT"},"content":{"rendered":"<section class=\"fw-main-row \">\n\t<span class=\"bg-image-overlay \"><\/span><\/p>\n<div class=\"fw-container unyson_content\">\n<div class=\"container\">\n<div class=\"fw-row\">\n<div class=\"fw-col-xs-12 \">\n\t<span class=\"unyson-media-image\"><img loading=\"lazy\" src=\"https:\/\/www.cestarorossi.it\/aggiornato\/wp-content\/uploads\/2024\/12\/CR-sostenibilita-1200x800.jpg\" alt=\"https:\/\/www.cestarorossi.it\/aggiornato\/wp-content\/uploads\/2024\/12\/CR-sostenibilita-1200x800.jpg\" width=\"1200\" height=\"800\"><\/span><\/p>\n<div class=\"fw-divider-space space-20x\"><\/div>\n<\/div>\n<\/div>\n<div class=\"fw-row\">\n<div class=\"fw-col-xs-12 \">\n<p>In den letzten zehn Jahren hat das <strong>Konzept der Nachhaltigkeit<\/strong> eine tiefgreifende Entwicklung durchlaufen. Ausgehend von einer Vision, die sich in erster Linie auf \u00f6kologische Aspekte konzentrierte, hat es sich zu einer globaleren Bedeutung entwickelt, die nicht nur die Umweltdimension, sondern auch die wirtschaftliche und soziale Dimension ber\u00fccksichtigt.<br \/>In dieser neuen globalen Vision ist die grundlegende Botschaft enthalten, dass Nachhaltigkeit die Bedingung f\u00fcr eine Entwicklung ist, die in der Lage ist, <strong>&#8220;die Befriedigung der Bed\u00fcrfnisse der heutigen Generation zu gew\u00e4hrleisten, ohne die F\u00e4higkeit zuk\u00fcnftiger Generationen zu gef\u00e4hrden, ihre eigenen Bed\u00fcrfnisse zu verwirklichen&#8221;.<\/strong> Angesichts dieser Perspektiven ist es f\u00fcr eine sich entwickelnde Gesellschaft wie<strong>Cestaro Rossi<\/strong> unerl\u00e4sslich geworden, die Befriedigung gegenw\u00e4rtiger und zuk\u00fcnftiger Bed\u00fcrfnisse in all ihren Prozessen sicherzustellen. Vor diesem Hintergrund hat Cestaro Rossi mit seinem Nachhaltigkeitsplan seine Strategie <strong>auf die Agenda 2030 der Vereinten Nationen<\/strong> ausgerichtet. Er umfasst alle<strong> ESG-Bereiche &#8211; Umwelt, Soziales und Governance<\/strong> &#8211; und ber\u00fccksichtigt deren Auswirkungen auf das Unternehmen sowie die Auswirkungen des Unternehmens auf Menschen, Gemeinschaften und die Umwelt.  <\/p>\n<\/div>\n<\/div>\n<div class=\"fw-row\">\n<div class=\"fw-col-xs-12 \">\n<div class=\"fw-divider-space space-20x\"><\/div>\n<\/div>\n<\/div>\n<div class=\"fw-row\">\n<div class=\"fw-col-xs-12 fw-col-sm-8 \">\n<p>Ein wichtiger Beitrag zu Projekten in  <strong>ESG<\/strong> wurde durch Initiativen innerhalb der  <strong>Supply Chain<\/strong> im Zusammenhang mit:<br \/>&#8211; <strong>Kauf von JMG-Elektrokr\u00e4nen ab 2019<\/strong>, die vollst\u00e4ndig ferngesteuert werden k\u00f6nnen, keine Umweltauswirkungen haben und extrem kleine Abmessungen aufweisen, so dass sie f\u00fcr Arbeiten in engen R\u00e4umen und Innenr\u00e4umen geeignet sind und somit ohne sch\u00e4dliche Emissionen f\u00fcr die Arbeiter arbeiten k\u00f6nnen, was im Bereich der Gesundheit und Sicherheit der Arbeiter ein Gewinn ist;<br \/>&#8211; <strong>Kauf von LIEBHERR-Kr\u00e4nen<\/strong> der neuen Generation <strong>ab 2020<\/strong>, die mit Sensoren und innovativen elektronischen und IT-L\u00f6sungen ausgestattet sind, die auch perfekt in den Bereich der Industrie 4.0, ein Paradigma, auf das sich das Unternehmen aktiv zubewegt.<\/p>\n<\/div>\n<div class=\"fw-col-xs-12 fw-col-sm-4 \">\n\t<span class=\"unyson-media-image\"><img loading=\"lazy\" src=\"https:\/\/www.cestarorossi.it\/aggiornato\/wp-content\/uploads\/2024\/12\/Cestaro-Rossi-gru-670x384.jpg\" alt=\"https:\/\/www.cestarorossi.it\/aggiornato\/wp-content\/uploads\/2024\/12\/Cestaro-Rossi-gru-670x384.jpg\" width=\"670\" height=\"384\"><\/span><\/div>\n<\/div>\n<div class=\"fw-row\">\n<div class=\"fw-col-xs-12 \">\n<p><strong>Solche Kr\u00e4ne sind ebenfalls ausgestattet:<\/strong><\/p>\n<ul>\n<li>ein einziger Motor, der sowohl den Wagen als auch den Turm bewegen kann, was zu einem geringeren Kraftstoffverbrauch (aufgrund des geringeren Gewichts) und einem geringeren Wartungsbedarf f\u00fchrt<\/li>\n<li>Kardanwellenverbindung f\u00fcr hohe Effizienz und weitere Optimierung des Kraftstoffverbrauchs.<\/li>\n<li>ECOmode-Programm, mit dem der Verbrauch weiter gesenkt wird (der Pumpenantrieb kann im Leerlauf abgeschaltet und automatisch wieder gestartet werden)<\/li>\n<li>Verwendung von Elektroschwei\u00dfger\u00e4ten und Luftkompressoren anstelle von motorbetriebenen Ger\u00e4ten, wo dies m\u00f6glich ist<\/li>\n<li>Verwendung von HVO\/XTL-Kraftstoff oder synthetischem Dieselkraftstoff aus nachwachsenden Rohstoffen, soweit m\u00f6glich<\/li>\n<li>Verwendung von nachhaltigen Produkten und Materialien wie Stahl aus nachhaltigen Energiequellen, Verwendung von umweltfreundlichen EPD-zertifizierten (Environmental Product Declaration) modularen Substraten, Zementmischungen mit recycelten Zuschlagstoffen, umweltfreundlichen Farben, recycelbaren Verpackungen<\/li>\n<li>Verwendung von nachhaltigen und recycelten Produkten und Materialien<\/li>\n<li>Verwendung lokaler Materialien, wo dies m\u00f6glich ist, um die Auswirkungen langer Transportwege zu verringern und die lokale Wirtschaft zu unterst\u00fctzen.<\/li>\n<\/ul>\n<\/div>\n<\/div>\n<div class=\"fw-row\">\n<div class=\"fw-col-xs-12 fw-col-sm-4 \">\n\t<span class=\"unyson-media-image\"><img loading=\"lazy\" src=\"https:\/\/www.cestarorossi.it\/aggiornato\/wp-content\/uploads\/2024\/12\/CR-sostenibilita-2-670x384.jpg\" alt=\"https:\/\/www.cestarorossi.it\/aggiornato\/wp-content\/uploads\/2024\/12\/CR-sostenibilita-2-670x384.jpg\" width=\"670\" height=\"384\"><\/span><\/div>\n<div class=\"fw-col-xs-12 fw-col-sm-8 \">\n<p>Auch um einen Beitrag zur Eind\u00e4mmung des Klimawandels und zur Anpassung an diesen zu leisten, setzt sich Cestaro Rossi seit langem daf\u00fcr ein, seine Kunden und Lieferanten in der Komplexit\u00e4t der Energiewende und bei der Dekarbonisierung der Produktion zu unterst\u00fctzen und damit einen konkreten Beitrag zur Reduzierung der Treibhausgasemissionen und zur Anpassung an den Klimawandel zu leisten.<\/p>\n<\/div>\n<\/div>\n<div class=\"fw-row\">\n<div class=\"fw-col-xs-12 \">\n<div class=\"fw-divider-space space-20x\"><\/div>\n<\/div>\n<\/div>\n<div class=\"fw-row\">\n<div class=\"fw-col-xs-12 fw-col-sm-9 \">\n<p>C<strong>estaro Rossi:<\/strong> &#8211; <strong>beteiligt sich an Projekten zur Umwandlung<\/strong> traditioneller Raffinerien in Bioraffinerien, die haupts\u00e4chlich mit Abfallrohstoffen aus Altspeise\u00f6l, tierischen Fetten und anderen Biomassen betrieben werden und die Herstellung von Biokraftstoffen aus hydriertem Pflanzen\u00f6l (HVO) erm\u00f6glichen, die einen gro\u00dfen Prozentsatz der CO2eq-Emissionen im Vergleich zum fossilen Referenzmix reduzieren k\u00f6nnen <br \/>&#8211; <br \/>e<strong>ntwickelt firmeneigene Projekte und installiert Photovoltaikanlagen<\/strong>, um zur Nutzung erneuerbarer Energiequellen beizutragen, mit einer derzeit installierten Kapazit\u00e4t von etwa 1000 KWp &#8211;<strong>h\u00e4lt sich an Dekarbonisierungsprojekte und<\/strong> kauft Energie, die durch das GSE &#8220;System der Herkunftsnachweise&#8221; gem\u00e4\u00df der EU-Richtlinie 2008\/28 zertifiziert ist,<br \/>zu 100 % aus erneuerbaren Energiequellen stammt. Neben den Umweltaspekten ist sich <strong>Cestaro Rossi<\/strong> bewusst, dass die Menschen, d.h. die Angestellten, Arbeiter, Kunden, Lieferanten, H\u00e4ndler, Verk\u00e4ufer und Investoren, zweifellos von entscheidender Bedeutung f\u00fcr die Organisation und das gegenseitige Wachstum von Wissen, Wohlstand und Wohlbefinden sind. <\/p>\n<\/div>\n<div class=\"fw-col-xs-12 fw-col-sm-2 \">\n<div class=\"fw-divider-space space-20x\"><\/div>\n<p><span class=\"unyson-media-image\"><img loading=\"lazy\" src=\"https:\/\/www.cestarorossi.it\/aggiornato\/wp-content\/uploads\/2024\/12\/logo-enel-energia-300x300.jpg\" alt=\"https:\/\/www.cestarorossi.it\/aggiornato\/wp-content\/uploads\/2024\/12\/logo-enel-energia-300x300.jpg\" width=\"300\" height=\"300\"><\/span><\/div>\n<\/div>\n<div class=\"fw-row\">\n<div class=\"fw-col-xs-12 \">\n<div class=\"fw-divider-space space-20x\"><\/div>\n<\/div>\n<\/div>\n<div class=\"fw-row\">\n<div class=\"fw-col-xs-12 \">\n<p>Soziale Belange beeinflussen auch den Ruf und das Vertrauen des Unternehmens und wirken sich direkt auf seine F\u00e4higkeit aus, Talente anzuziehen und zu halten, ein sicheres und integratives Arbeitsumfeld zu f\u00f6rdern und einen positiven Beitrag zu den Gemeinden zu leisten, in denen das Unternehmen t\u00e4tig ist.<strong>Cestaro Rossi<\/strong> hat sich daher entschieden, in den Wert der Menschen zu investieren, sowohl auf der Seite des Humankapitals (z.B. individuelles Wissen, F\u00e4higkeiten, Kompetenzen, &#8230;) als auch auf der Seite des Sozialkapitals (z.B. gemeinsame Normen, Werte, &#8230;). Cestaro Rossi konzentriert sich auf seine Mitarbeiter, den Grundpfeiler seiner T\u00e4tigkeit, und bietet ihnen ein sicheres Umfeld mit anregenden, leistungsorientierten, die Rechte achtenden und nicht diskriminierenden Arbeitsbedingungen. Dar\u00fcber hinaus ermutigt, stimuliert und f\u00f6rdert Cestaro Rossi die berufliche Entwicklung seiner Mitarbeiter und f\u00f6rdert ihr Wohlbefinden.  <\/p>\n<p>Und genau um diesem Engagement und dieser Sensibilit\u00e4t eine konkrete Form zu geben, hat Cestaro Rossi Anfang 2022 beschlossen, den Weg der <strong>SA8000-Zertifizierung<\/strong> einzuschlagen, der im Mai 2023 mit der Verleihung des <strong>SA 8000:2014-Zertifikats<\/strong> endet <strong>.<\/strong> Die S\u00e4ule dieser Zertifizierung ist die Politik der sozialen Verantwortung, in der die Ziele von Cestaro Rossi in diesem Bereich festgelegt sind und die intern und extern \u00fcber unsere Website www.cestarorossi.it verbreitet wurde.<\/p>\n<p>Als weiteren Schritt, um seine Bereitschaft zu demonstrieren, zunehmend verantwortungsbewusst zu agieren und Nachhaltigkeit vollst\u00e4ndig in sein Gesch\u00e4ft zu integrieren, hat Cestaro Rossi k\u00fcrzlich ein Governance-System eingef\u00fchrt, das sich der \u00dcberwachung und dem Management dieser Themen auf globaler Ebene widmet. Zu diesem Zweck hat der Verwaltungsrat von Cestaro Rossi im Juni 2024 beschlossen, eine interne Struktur f\u00fcr das Management von ESG-Themen zu schaffen, die von der neuen Figur des   <strong>Chief Sustainability Officer.<\/strong>  Diese neue Struktur hat die Aufgabe, Projekte und Initiativen im Bereich der sozialen Verantwortung vorzuschlagen, zu koordinieren und auf den Weg zu bringen, die Aktionspl\u00e4ne der verschiedenen Organisationseinheiten zu \u00fcberwachen, auch im Hinblick auf die besten Praktiken, die auf dem Markt zu finden sind, die Informationen und Anfragen von Stakeholdern zu Nachhaltigkeitsfragen zu pr\u00fcfen (z.B. die Verwaltung von IT-Plattformen zu ESG-Themen wie Open es, Ecovadis, Synesgy, etc. ) und koordinieren die Redaktionsaktivit\u00e4ten des ersten Entwurfs des  <strong>Bericht zur Nachhaltigkeit<\/strong>  von Cestaro Rossi.<\/p>\n<\/div>\n<\/div>\n<div class=\"fw-row\">\n<div class=\"fw-col-xs-12 \">\n<div class=\"fw-divider-space space-20x\"><\/div>\n<\/div>\n<\/div>\n<div class=\"fw-row\">\n<div class=\"fw-col-xs-12 \">\n\t<span class=\"unyson-media-image\"><img loading=\"lazy\" src=\"https:\/\/www.cestarorossi.it\/aggiornato\/wp-content\/uploads\/2024\/12\/CR-sostenibilita-marchi-1475x372.jpg\" alt=\"https:\/\/www.cestarorossi.it\/aggiornato\/wp-content\/uploads\/2024\/12\/CR-sostenibilita-marchi-1475x372.jpg\" width=\"1475\" height=\"372\"><\/span><\/p>\n<div class=\"fw-divider-space space-20x\"><\/div>\n<\/div>\n<\/div>\n<div class=\"fw-row\">\n<div class=\"fw-col-xs-12 \">\n<div class=\"fw-divider-space space-40x\"><\/div>\n<\/div>\n<\/div>\n<div class=\"fw-row\">\n<div class=\"fw-col-xs-12 \">\n\t<span class=\"unyson-media-image\"><img loading=\"lazy\" src=\"https:\/\/www.cestarorossi.it\/aggiornato\/wp-content\/uploads\/2025\/11\/CR-grafico-pag_sostenibilita-1475x797.jpg\" alt=\"https:\/\/www.cestarorossi.it\/aggiornato\/wp-content\/uploads\/2025\/11\/CR-grafico-pag_sostenibilita-1475x797.jpg\" width=\"1475\" height=\"797\"><\/span><\/p>\n<div class=\"fw-divider-space space-40x\"><\/div>\n<\/div>\n<\/div>\n<div class=\"fw-row\">\n<div class=\"fw-col-xs-12 \">\n<p><strong>INNOVATION<\/strong><\/p>\n<p>&nbsp;<\/p>\n<ul>\n<li>2022 und 2023: Vorbereitung und Durchf\u00fchrung von Projekten f\u00fcr TAR 2022 und 2023 in der TotalEnergies-Raffinerie in Antwerpen. Die Bedeutung dieser Projekte liegt in der &#8220;KONTINUIT\u00c4T&#8221;: Die M\u00f6glichkeit, einen Mitarbeiter \u00fcber mehrere Jahre bei unserem Kunden zu besch\u00e4ftigen, erm\u00f6glicht es uns, neben einem offensichtlichen Wissenszuwachs in Bezug auf die technischen Spezifikationen, die Mitarbeiter des Kunden, die Anlagen usw. vor allem, dass unsere M\u00e4nner \u00fcber einen echten Umzug in das Einsatzgebiet mit ihren Familien nachdenken k\u00f6nnen, was die Garantie beinhaltet, in der Anlage zu bleiben und diese wertvollen Erfahrungen nicht zu zerstreuen  <\/li>\n<li>2022 und 2023: <strong>EPC-Projekte<\/strong>. Im Rahmen der Umstellung der Raffinerie haben wir mit unserem Engineering-Partner PPC S.r.l. ein wichtiges EPC-Projekt f\u00fcr die Planung, Lieferung und den Bau der neuen Entschleimungsanlage in der Gr\u00fcnen Raffinerie von Venedig durchgef\u00fchrt. Dieser Auftrag hat es uns erm\u00f6glicht, unsere Erfahrung als EPC-Auftragnehmer zu erweitern und somit die EPC-Auftr\u00e4ge f\u00fcr die neue PTU-Anlage der zuk\u00fcnftigen Gr\u00fcnen Raffinerie von ENI in Livorno und die Verbindungsanlage in der Gr\u00fcnen Raffinerie von Venedig zu gewinnen, Projekte, die wir in den kommenden Monaten realisieren werden.  <\/li>\n<li>2024 <strong>Datenzentrum<\/strong>. Wir schlie\u00dfen die elektromechanische Konstruktion der K\u00fchlanlage f\u00fcr das ENI Green Data Centre in Sannazzaro de&#8217; Burgondi ab, ein wichtiges Projekt, das es uns erm\u00f6glicht, uns als Partner f\u00fcr den Bau zuk\u00fcnftiger Rechenzentren in ganz Europa anzubieten. <\/li>\n<\/ul>\n<\/div>\n<\/div>\n<div class=\"fw-row\">\n<div class=\"fw-col-xs-12 \">\n<div class=\"fw-divider-space space-40x\"><\/div>\n<\/div>\n<\/div>\n<div class=\"fw-row\">\n<div class=\"fw-col-xs-12 \">\n\t<span class=\"unyson-media-image\"><a href=\"https:\/\/www.cestarorossi.it\/aggiornato\/wp-content\/uploads\/2025\/11\/Cestaro-Rossi_Principali_Lavori_ITA_2025_web.pdf\" target=\"_blank\" rel=\"noopener\"><img loading=\"lazy\" src=\"https:\/\/www.cestarorossi.it\/aggiornato\/wp-content\/uploads\/2024\/07\/Cestaro-Rossi_main-work_ENG_2024_web-1-565x800.jpg\" alt=\"https:\/\/www.cestarorossi.it\/aggiornato\/wp-content\/uploads\/2024\/07\/Cestaro-Rossi_main-work_ENG_2024_web-1-565x800.jpg\" width=\"565\" height=\"800\"><\/a><\/span><\/div>\n<\/div><\/div>\n<\/p><\/div>\n<\/section>\n<p><!-- c92da7d4f687ec6627d285e3de8624a7 --><\/p>\n","protected":false},"excerpt":{"rendered":"<p>In den letzten zehn Jahren hat das Konzept der Nachhaltigkeit eine tiefgreifende Entwicklung durchlaufen. Ausgehend von einer Vision, die sich in erster Linie auf \u00f6kologische<span class=\"excerpt-more\"><a href=\"https:\/\/www.cestarorossi.it\/de\/nachhaltigkeit\/\" class=\"more-link\"> [&hellip;] <span class=\"screen-reader-text\">NACHHALTIGKEIT<\/span><\/a><\/span><\/p>\n","protected":false},"author":1,"featured_media":0,"parent":0,"menu_order":0,"comment_status":"closed","ping_status":"closed","template":"page-wo-sidebar.php","meta":[],"yoast_head":"<!-- This site is optimized with the Yoast SEO plugin v19.14 - https:\/\/yoast.com\/wordpress\/plugins\/seo\/ -->\r\n<title>NACHHALTIGKEIT - CestaroRossi<\/title>\r\n<meta name=\"robots\" content=\"index, follow, max-snippet:-1, max-image-preview:large, max-video-preview:-1\" \/>\r\n<link rel=\"canonical\" href=\"https:\/\/www.cestarorossi.it\/de\/nachhaltigkeit\/\" \/>\r\n<meta property=\"og:locale\" content=\"de_DE\" \/>\r\n<meta property=\"og:type\" content=\"article\" \/>\r\n<meta property=\"og:title\" content=\"NACHHALTIGKEIT - CestaroRossi\" \/>\r\n<meta property=\"og:description\" content=\"In den letzten zehn Jahren hat das Konzept der Nachhaltigkeit eine tiefgreifende Entwicklung durchlaufen. Ausgehend von einer Vision, die sich in erster Linie auf \u00f6kologische [&hellip;] NACHHALTIGKEIT\" \/>\r\n<meta property=\"og:url\" content=\"https:\/\/www.cestarorossi.it\/de\/nachhaltigkeit\/\" \/>\r\n<meta property=\"og:site_name\" content=\"CestaroRossi\" \/>\r\n<meta property=\"article:modified_time\" content=\"2025-11-17T10:16:10+00:00\" \/>\r\n<meta property=\"og:image\" content=\"https:\/\/www.cestarorossi.it\/aggiornato\/wp-content\/uploads\/2024\/12\/CR-sostenibilita-1200x800.jpg\" \/>\r\n<meta name=\"twitter:card\" content=\"summary_large_image\" \/>\r\n<meta name=\"twitter:label1\" content=\"Gesch\u00e4tzte Lesezeit\" \/>\n\t<meta name=\"twitter:data1\" content=\"7\u00a0Minuten\" \/>\r\n<script type=\"application\/ld+json\" class=\"yoast-schema-graph\">{\"@context\":\"https:\/\/schema.org\",\"@graph\":[{\"@type\":\"WebPage\",\"@id\":\"https:\/\/www.cestarorossi.it\/de\/nachhaltigkeit\/\",\"url\":\"https:\/\/www.cestarorossi.it\/de\/nachhaltigkeit\/\",\"name\":\"NACHHALTIGKEIT - CestaroRossi\",\"isPartOf\":{\"@id\":\"https:\/\/www.cestarorossi.it\/en\/#website\"},\"datePublished\":\"2024-12-20T16:19:51+00:00\",\"dateModified\":\"2025-11-17T10:16:10+00:00\",\"breadcrumb\":{\"@id\":\"https:\/\/www.cestarorossi.it\/de\/nachhaltigkeit\/#breadcrumb\"},\"inLanguage\":\"de\",\"potentialAction\":[{\"@type\":\"ReadAction\",\"target\":[\"https:\/\/www.cestarorossi.it\/de\/nachhaltigkeit\/\"]}]},{\"@type\":\"BreadcrumbList\",\"@id\":\"https:\/\/www.cestarorossi.it\/de\/nachhaltigkeit\/#breadcrumb\",\"itemListElement\":[{\"@type\":\"ListItem\",\"position\":1,\"name\":\"Home\",\"item\":\"https:\/\/www.cestarorossi.it\/de\/\"},{\"@type\":\"ListItem\",\"position\":2,\"name\":\"NACHHALTIGKEIT\"}]},{\"@type\":\"WebSite\",\"@id\":\"https:\/\/www.cestarorossi.it\/en\/#website\",\"url\":\"https:\/\/www.cestarorossi.it\/en\/\",\"name\":\"CestaroRossi\",\"description\":\"Construction and maintenance in industrial plants since 1921 - italy\",\"publisher\":{\"@id\":\"https:\/\/www.cestarorossi.it\/en\/#organization\"},\"potentialAction\":[{\"@type\":\"SearchAction\",\"target\":{\"@type\":\"EntryPoint\",\"urlTemplate\":\"https:\/\/www.cestarorossi.it\/en\/?s={search_term_string}\"},\"query-input\":\"required name=search_term_string\"}],\"inLanguage\":\"de\"},{\"@type\":\"Organization\",\"@id\":\"https:\/\/www.cestarorossi.it\/en\/#organization\",\"name\":\"CestaroRossi\",\"url\":\"https:\/\/www.cestarorossi.it\/en\/\",\"logo\":{\"@type\":\"ImageObject\",\"inLanguage\":\"de\",\"@id\":\"https:\/\/www.cestarorossi.it\/en\/#\/schema\/logo\/image\/\",\"url\":\"https:\/\/www.cestarorossi.it\/aggiornato\/wp-content\/uploads\/2022\/07\/Cestaro-Rossi_logo-colori.png\",\"contentUrl\":\"https:\/\/www.cestarorossi.it\/aggiornato\/wp-content\/uploads\/2022\/07\/Cestaro-Rossi_logo-colori.png\",\"width\":343,\"height\":63,\"caption\":\"CestaroRossi\"},\"image\":{\"@id\":\"https:\/\/www.cestarorossi.it\/en\/#\/schema\/logo\/image\/\"}}]}<\/script>\r\n<!-- \/ Yoast SEO plugin. -->","yoast_head_json":{"title":"NACHHALTIGKEIT - CestaroRossi","robots":{"index":"index","follow":"follow","max-snippet":"max-snippet:-1","max-image-preview":"max-image-preview:large","max-video-preview":"max-video-preview:-1"},"canonical":"https:\/\/www.cestarorossi.it\/de\/nachhaltigkeit\/","og_locale":"de_DE","og_type":"article","og_title":"NACHHALTIGKEIT - CestaroRossi","og_description":"In den letzten zehn Jahren hat das Konzept der Nachhaltigkeit eine tiefgreifende Entwicklung durchlaufen. Ausgehend von einer Vision, die sich in erster Linie auf \u00f6kologische [&hellip;] NACHHALTIGKEIT","og_url":"https:\/\/www.cestarorossi.it\/de\/nachhaltigkeit\/","og_site_name":"CestaroRossi","article_modified_time":"2025-11-17T10:16:10+00:00","og_image":[{"url":"https:\/\/www.cestarorossi.it\/aggiornato\/wp-content\/uploads\/2024\/12\/CR-sostenibilita-1200x800.jpg"}],"twitter_card":"summary_large_image","twitter_misc":{"Gesch\u00e4tzte Lesezeit":"7\u00a0Minuten"},"schema":{"@context":"https:\/\/schema.org","@graph":[{"@type":"WebPage","@id":"https:\/\/www.cestarorossi.it\/de\/nachhaltigkeit\/","url":"https:\/\/www.cestarorossi.it\/de\/nachhaltigkeit\/","name":"NACHHALTIGKEIT - CestaroRossi","isPartOf":{"@id":"https:\/\/www.cestarorossi.it\/en\/#website"},"datePublished":"2024-12-20T16:19:51+00:00","dateModified":"2025-11-17T10:16:10+00:00","breadcrumb":{"@id":"https:\/\/www.cestarorossi.it\/de\/nachhaltigkeit\/#breadcrumb"},"inLanguage":"de","potentialAction":[{"@type":"ReadAction","target":["https:\/\/www.cestarorossi.it\/de\/nachhaltigkeit\/"]}]},{"@type":"BreadcrumbList","@id":"https:\/\/www.cestarorossi.it\/de\/nachhaltigkeit\/#breadcrumb","itemListElement":[{"@type":"ListItem","position":1,"name":"Home","item":"https:\/\/www.cestarorossi.it\/de\/"},{"@type":"ListItem","position":2,"name":"NACHHALTIGKEIT"}]},{"@type":"WebSite","@id":"https:\/\/www.cestarorossi.it\/en\/#website","url":"https:\/\/www.cestarorossi.it\/en\/","name":"CestaroRossi","description":"Construction and maintenance in industrial plants since 1921 - italy","publisher":{"@id":"https:\/\/www.cestarorossi.it\/en\/#organization"},"potentialAction":[{"@type":"SearchAction","target":{"@type":"EntryPoint","urlTemplate":"https:\/\/www.cestarorossi.it\/en\/?s={search_term_string}"},"query-input":"required name=search_term_string"}],"inLanguage":"de"},{"@type":"Organization","@id":"https:\/\/www.cestarorossi.it\/en\/#organization","name":"CestaroRossi","url":"https:\/\/www.cestarorossi.it\/en\/","logo":{"@type":"ImageObject","inLanguage":"de","@id":"https:\/\/www.cestarorossi.it\/en\/#\/schema\/logo\/image\/","url":"https:\/\/www.cestarorossi.it\/aggiornato\/wp-content\/uploads\/2022\/07\/Cestaro-Rossi_logo-colori.png","contentUrl":"https:\/\/www.cestarorossi.it\/aggiornato\/wp-content\/uploads\/2022\/07\/Cestaro-Rossi_logo-colori.png","width":343,"height":63,"caption":"CestaroRossi"},"image":{"@id":"https:\/\/www.cestarorossi.it\/en\/#\/schema\/logo\/image\/"}}]}},"_links":{"self":[{"href":"https:\/\/www.cestarorossi.it\/de\/wp-json\/wp\/v2\/pages\/8445"}],"collection":[{"href":"https:\/\/www.cestarorossi.it\/de\/wp-json\/wp\/v2\/pages"}],"about":[{"href":"https:\/\/www.cestarorossi.it\/de\/wp-json\/wp\/v2\/types\/page"}],"author":[{"embeddable":true,"href":"https:\/\/www.cestarorossi.it\/de\/wp-json\/wp\/v2\/users\/1"}],"replies":[{"embeddable":true,"href":"https:\/\/www.cestarorossi.it\/de\/wp-json\/wp\/v2\/comments?post=8445"}],"version-history":[{"count":6,"href":"https:\/\/www.cestarorossi.it\/de\/wp-json\/wp\/v2\/pages\/8445\/revisions"}],"predecessor-version":[{"id":8653,"href":"https:\/\/www.cestarorossi.it\/de\/wp-json\/wp\/v2\/pages\/8445\/revisions\/8653"}],"wp:attachment":[{"href":"https:\/\/www.cestarorossi.it\/de\/wp-json\/wp\/v2\/media?parent=8445"}],"curies":[{"name":"wp","href":"https:\/\/api.w.org\/{rel}","templated":true}]}}