{"id":7095,"date":"2022-12-28T16:51:31","date_gmt":"2022-12-28T15:51:31","guid":{"rendered":"https:\/\/www.cestarorossi.it\/?page_id=7095"},"modified":"2022-12-28T17:14:12","modified_gmt":"2022-12-28T16:14:12","slug":"01-testo-home-tedesco","status":"publish","type":"page","link":"https:\/\/www.cestarorossi.it\/de\/01-testo-home-tedesco\/","title":{"rendered":"01 testo home tedesco"},"content":{"rendered":"<section class=\"fw-main-row \"  >\n\t<span class=\"bg-image-overlay \" style=\"\"><\/span>\n\t<div class=\"fw-container unyson_content\">\n\t\t\t\t<div class=\"container\">\n\t\t\t\t<div class=\"fw-row\">\n\t<div class=\"fw-col-xs-12   \"  >\n\t<p>100 ANNI DI GRANDI IMPRESE<\/p><p>Da 100 anni forniamo un servizio sempre pi\u00f9 completo nell'ambito delle costruzioni e manutenzioni impiantistiche, dall'area meccanica all'area elettro-strumentale e civile, dall'esecuzione dello specifico lavoro alla totale gestione e coordinamento delle attivit\u00e0 connesse.<\/p><p>IL GRUPPO<br \/>La CESTARO ROSSI nasce a Bari nel 1921 come \"Officine Meccaniche Liguro-Lombarde Cestaro e Rossi &amp; c. s.n.c.\"<\/p><p>LEGGI<\/p><p>IMPIANTISTICA<br \/>Il dinamico adeguamento gestionale ed operativo rende oggi il Gruppo sempre pi\u00f9 completo e competitivo nel settore...<\/p><p>FERMATE IMPIANTI<br \/>La nostra azienda vanta una consolidata esperienza per gli interventi di manutenzione straordinaria (Turnaround)...<\/p><p>REALIZZIAMO LAVORI STRAORDINARI, QUI ALCUNI DEI NOSTRI PROGETTI.<br \/>Le esperienze acquisite nell'area della manutenzione e in quella dell\u2019impiantistica industriale avanzata, ci consentono di offrire un servizio personalizzato e flessibile in base alle esigenze della committenza.<\/p><p>PERCH\u00c8 SCEGLIERCI<br \/>OFFRIAMO UN SERVIZIO DI QUALIT\u00c0<br \/>Il dinamico adeguamento gestionale ed operativo rende oggi il Gruppo sempre pi\u00f9 completo e competitivo nel settore delle costruzioni e manutenzioni degli impianti industriali.<\/p><p>IL GRUPPO<br \/>Offriamo un servizio sempre pi\u00f9 completo nell'ambito delle costruzioni e manutenzioni impiantistiche...<\/p><p>IMPIANTISTICA<br \/>Il dinamico adeguamento gestionale ed operativo rende oggi il Gruppo sempre pi\u00f9 completo e competitivo nel settore...<\/p><p>FERMATE IMPIANTI<br \/>La nostra azienda vanta una consolidata esperienza per gli interventi di manutenzione straordinaria (Turnaround)...<\/p><p>AWARDS<br \/>La cultura della sicurezza fa parte del nostro DNA e del nostro patrimonio culturale integrata nel nostro know how.<\/p><p>ANNI DI ATTIVIT\u00c0<\/p><p>DIPENDENTI<\/p><p>M\u20ac FATTURATO ANNUO<\/p><p>CONTRATTI LONG TERM<\/p><p>PRESENZE IN EUROPA<\/p><p>DAL PROGETTO ALLA REALIZZAZIONE<br \/>I SERVIZI CHE OFFRIAMO<br \/>Programmazione e realizzazione di impianti affidati con il coordinamento, in qualit\u00e0 di \"main contractor\", delle attivit\u00e0 di altre aziende appaltatrici.<br \/>Programmazione e realizzazione \"turn key\" di tutti i lavori previsti per la realizzazione delle commesse appaltate con un servizio integrato di GLOBAL SERVICE.<\/p><p>FERMATE IMPIANTI<\/p><p>MANUTENZIONE SERBATOI<\/p><p>COSTRUZIONE SKID<\/p><p>IMPIANTISTICA<\/p><p>UNIT\u00c0 CHIAVE<\/p><p>NEWS DAL BLOG<br \/>ARTICOLI RECENTI<br \/>Resta aggiornato su tutte le nostre recenti attivit\u00e0 nel campo dell'impiantistica industriale.<\/p><p>Fabio Dalla Serra Presidente<br \/>Founder &amp; CEO<br \/>Nato a Bari nel 1968, \u00e8 Presidente e Legale Rappresentante della CESTARO ROSSI dal 1994. Laureato in Giurisprudenza all\u2019Universit\u00e0 di Bari, supervisiona l\u2019area legale e l\u2019area tecnico-produttiva della Societ\u00e0. \u00c8 impegnato anche nel dare impulso e coordinare le attivit\u00e0 aziendali finalizzate all\u2019efficientamento energetico ed alla transizione energetica.<\/p><p>Michele Dalla Serra Amm.re Delegato<br \/>Founder &amp; CEO<br \/>Nato a Bari nel 1964, \u00e8 Amministratore Delegato della CESTARO ROSSI dal 1993. Laureato in Economia e Commercio all\u2019Universit\u00e0 di Bari, supervisione l\u2019area amministrativo-finanziaria della Societ\u00e0. Si dedica anche all\u2019attuazione degli standard di Sostenibilit\u00e0 che la CESTARO ROSSI si \u00e8 prefissata di perseguire.<\/p><p>Giovanni Dalla Serra Consigliere<br \/>Founder &amp; CEO<br \/>Nato a Bari nel 1960, \u00e8 laureato in Medicina all\u2019Universit\u00e0 di Bari. Svolge l\u2019attivit\u00e0 di Medico chirurgo, ma collabora alla gestione dell\u2019Azienda di Famiglia ricoprendo la carica di Consigliere del C.d.A. dal 1999.<\/p><p>Giuseppe Sassi - Amministratore Delegato<br \/>CDA<br \/>Nato a Bari nel 1962, \u00e8 Amministratore delegato dal 2010, ma \u00e8 presente in Azienda sin dal 1982. E\u2019 Responsabile dell\u2019area amministrativa e della Gestione del Personale, comprese le funzioni datoriali previste dal D.Lgs. 81\/2008.<\/p><p>Andrea Gemignani Amministratore Delegato<br \/>CDA<br \/>Nato a Livorno nel 1963, \u00e8 Amministratore delegato dal 2017. Collabora con la CESTARO ROSSI dal 2015, dopo aver svolto una lunga esperienza imprenditoriale sempre nel settore impiantistico meccanico ed elettrostrumentale. \u00c8 responsabile dell\u2019area commerciale della Societ\u00e0.<\/p><p>I NOSTRI CONTATTI<br \/>Per informazioni contattaci telefonicamente o manda un'e-mail presso i nostri uffici.<\/p><p>SEDE LEGALE<br \/>Via Vitantonio Debellis, 37 Bari - Italy<br \/>TELEFONO<br \/>Tel uffici: +39 080.5421066<br \/>Fax uffici: +39 080 5427668<br \/>E-MAIL<br \/>commerciale@cestarorossi.com<\/p><p>INVIA LA TUA RICHIESTA<br \/>MODULO CONTATTI<\/p><\/div>\n<\/div>\n\n\t\t\t\t<\/div>\n\t\t\t<\/div>\n<\/section>\n\n","protected":false},"excerpt":{"rendered":"<p>100 ANNI DI GRANDI IMPRESEDa 100 anni forniamo un servizio sempre pi\u00f9 completo nell&#8217;ambito delle costruzioni e manutenzioni impiantistiche, dall&#8217;area meccanica all&#8217;area elettro-strumentale e civile,<span class=\"excerpt-more\"><a href=\"https:\/\/www.cestarorossi.it\/de\/01-testo-home-tedesco\/\" class=\"more-link\"> [&hellip;] <span class=\"screen-reader-text\">01 testo home tedesco<\/span><\/a><\/span><\/p>\n","protected":false},"author":1,"featured_media":0,"parent":0,"menu_order":0,"comment_status":"closed","ping_status":"closed","template":"page-wo-sidebar.php","meta":[],"yoast_head":"<!-- This site is optimized with the Yoast SEO plugin v19.14 - https:\/\/yoast.com\/wordpress\/plugins\/seo\/ -->\r\n<title>01 testo home tedesco - CestaroRossi<\/title>\r\n<meta name=\"robots\" content=\"index, follow, max-snippet:-1, max-image-preview:large, max-video-preview:-1\" \/>\r\n<link rel=\"canonical\" href=\"https:\/\/www.cestarorossi.it\/01-testo-home-tedesco\/\" \/>\r\n<meta property=\"og:locale\" content=\"de_DE\" \/>\r\n<meta property=\"og:type\" content=\"article\" \/>\r\n<meta property=\"og:title\" content=\"01 testo home tedesco - CestaroRossi\" \/>\r\n<meta property=\"og:description\" content=\"100 ANNI DI GRANDI IMPRESEDa 100 anni forniamo un servizio sempre pi\u00f9 completo nell&#039;ambito delle costruzioni e manutenzioni impiantistiche, dall&#039;area meccanica all&#039;area elettro-strumentale e civile, [&hellip;] 01 testo home tedesco\" \/>\r\n<meta property=\"og:url\" content=\"https:\/\/www.cestarorossi.it\/01-testo-home-tedesco\/\" \/>\r\n<meta property=\"og:site_name\" content=\"CestaroRossi\" \/>\r\n<meta property=\"article:modified_time\" content=\"2022-12-28T16:14:12+00:00\" \/>\r\n<meta name=\"twitter:card\" content=\"summary_large_image\" \/>\r\n<meta name=\"twitter:label1\" content=\"Gesch\u00e4tzte Lesezeit\" \/>\n\t<meta name=\"twitter:data1\" content=\"3\u00a0Minuten\" \/>\r\n<script type=\"application\/ld+json\" class=\"yoast-schema-graph\">{\"@context\":\"https:\/\/schema.org\",\"@graph\":[{\"@type\":\"WebPage\",\"@id\":\"https:\/\/www.cestarorossi.it\/01-testo-home-tedesco\/\",\"url\":\"https:\/\/www.cestarorossi.it\/01-testo-home-tedesco\/\",\"name\":\"01 testo home tedesco - CestaroRossi\",\"isPartOf\":{\"@id\":\"https:\/\/www.cestarorossi.it\/en\/#website\"},\"datePublished\":\"2022-12-28T15:51:31+00:00\",\"dateModified\":\"2022-12-28T16:14:12+00:00\",\"breadcrumb\":{\"@id\":\"https:\/\/www.cestarorossi.it\/01-testo-home-tedesco\/#breadcrumb\"},\"inLanguage\":\"de\",\"potentialAction\":[{\"@type\":\"ReadAction\",\"target\":[\"https:\/\/www.cestarorossi.it\/01-testo-home-tedesco\/\"]}]},{\"@type\":\"BreadcrumbList\",\"@id\":\"https:\/\/www.cestarorossi.it\/01-testo-home-tedesco\/#breadcrumb\",\"itemListElement\":[{\"@type\":\"ListItem\",\"position\":1,\"name\":\"Home\",\"item\":\"https:\/\/www.cestarorossi.it\/de\/\"},{\"@type\":\"ListItem\",\"position\":2,\"name\":\"01 testo home tedesco\"}]},{\"@type\":\"WebSite\",\"@id\":\"https:\/\/www.cestarorossi.it\/en\/#website\",\"url\":\"https:\/\/www.cestarorossi.it\/en\/\",\"name\":\"CestaroRossi\",\"description\":\"Construction and maintenance in industrial plants since 1921 - italy\",\"publisher\":{\"@id\":\"https:\/\/www.cestarorossi.it\/en\/#organization\"},\"potentialAction\":[{\"@type\":\"SearchAction\",\"target\":{\"@type\":\"EntryPoint\",\"urlTemplate\":\"https:\/\/www.cestarorossi.it\/en\/?s={search_term_string}\"},\"query-input\":\"required name=search_term_string\"}],\"inLanguage\":\"de\"},{\"@type\":\"Organization\",\"@id\":\"https:\/\/www.cestarorossi.it\/en\/#organization\",\"name\":\"CestaroRossi\",\"url\":\"https:\/\/www.cestarorossi.it\/en\/\",\"logo\":{\"@type\":\"ImageObject\",\"inLanguage\":\"de\",\"@id\":\"https:\/\/www.cestarorossi.it\/en\/#\/schema\/logo\/image\/\",\"url\":\"https:\/\/www.cestarorossi.it\/aggiornato\/wp-content\/uploads\/2022\/07\/Cestaro-Rossi_logo-colori.png\",\"contentUrl\":\"https:\/\/www.cestarorossi.it\/aggiornato\/wp-content\/uploads\/2022\/07\/Cestaro-Rossi_logo-colori.png\",\"width\":343,\"height\":63,\"caption\":\"CestaroRossi\"},\"image\":{\"@id\":\"https:\/\/www.cestarorossi.it\/en\/#\/schema\/logo\/image\/\"}}]}<\/script>\r\n<!-- \/ Yoast SEO plugin. -->","yoast_head_json":{"title":"01 testo home tedesco - CestaroRossi","robots":{"index":"index","follow":"follow","max-snippet":"max-snippet:-1","max-image-preview":"max-image-preview:large","max-video-preview":"max-video-preview:-1"},"canonical":"https:\/\/www.cestarorossi.it\/01-testo-home-tedesco\/","og_locale":"de_DE","og_type":"article","og_title":"01 testo home tedesco - CestaroRossi","og_description":"100 ANNI DI GRANDI IMPRESEDa 100 anni forniamo un servizio sempre pi\u00f9 completo nell'ambito delle costruzioni e manutenzioni impiantistiche, dall'area meccanica all'area elettro-strumentale e civile, [&hellip;] 01 testo home tedesco","og_url":"https:\/\/www.cestarorossi.it\/01-testo-home-tedesco\/","og_site_name":"CestaroRossi","article_modified_time":"2022-12-28T16:14:12+00:00","twitter_card":"summary_large_image","twitter_misc":{"Gesch\u00e4tzte Lesezeit":"3\u00a0Minuten"},"schema":{"@context":"https:\/\/schema.org","@graph":[{"@type":"WebPage","@id":"https:\/\/www.cestarorossi.it\/01-testo-home-tedesco\/","url":"https:\/\/www.cestarorossi.it\/01-testo-home-tedesco\/","name":"01 testo home tedesco - CestaroRossi","isPartOf":{"@id":"https:\/\/www.cestarorossi.it\/en\/#website"},"datePublished":"2022-12-28T15:51:31+00:00","dateModified":"2022-12-28T16:14:12+00:00","breadcrumb":{"@id":"https:\/\/www.cestarorossi.it\/01-testo-home-tedesco\/#breadcrumb"},"inLanguage":"de","potentialAction":[{"@type":"ReadAction","target":["https:\/\/www.cestarorossi.it\/01-testo-home-tedesco\/"]}]},{"@type":"BreadcrumbList","@id":"https:\/\/www.cestarorossi.it\/01-testo-home-tedesco\/#breadcrumb","itemListElement":[{"@type":"ListItem","position":1,"name":"Home","item":"https:\/\/www.cestarorossi.it\/de\/"},{"@type":"ListItem","position":2,"name":"01 testo home tedesco"}]},{"@type":"WebSite","@id":"https:\/\/www.cestarorossi.it\/en\/#website","url":"https:\/\/www.cestarorossi.it\/en\/","name":"CestaroRossi","description":"Construction and maintenance in industrial plants since 1921 - italy","publisher":{"@id":"https:\/\/www.cestarorossi.it\/en\/#organization"},"potentialAction":[{"@type":"SearchAction","target":{"@type":"EntryPoint","urlTemplate":"https:\/\/www.cestarorossi.it\/en\/?s={search_term_string}"},"query-input":"required name=search_term_string"}],"inLanguage":"de"},{"@type":"Organization","@id":"https:\/\/www.cestarorossi.it\/en\/#organization","name":"CestaroRossi","url":"https:\/\/www.cestarorossi.it\/en\/","logo":{"@type":"ImageObject","inLanguage":"de","@id":"https:\/\/www.cestarorossi.it\/en\/#\/schema\/logo\/image\/","url":"https:\/\/www.cestarorossi.it\/aggiornato\/wp-content\/uploads\/2022\/07\/Cestaro-Rossi_logo-colori.png","contentUrl":"https:\/\/www.cestarorossi.it\/aggiornato\/wp-content\/uploads\/2022\/07\/Cestaro-Rossi_logo-colori.png","width":343,"height":63,"caption":"CestaroRossi"},"image":{"@id":"https:\/\/www.cestarorossi.it\/en\/#\/schema\/logo\/image\/"}}]}},"_links":{"self":[{"href":"https:\/\/www.cestarorossi.it\/de\/wp-json\/wp\/v2\/pages\/7095"}],"collection":[{"href":"https:\/\/www.cestarorossi.it\/de\/wp-json\/wp\/v2\/pages"}],"about":[{"href":"https:\/\/www.cestarorossi.it\/de\/wp-json\/wp\/v2\/types\/page"}],"author":[{"embeddable":true,"href":"https:\/\/www.cestarorossi.it\/de\/wp-json\/wp\/v2\/users\/1"}],"replies":[{"embeddable":true,"href":"https:\/\/www.cestarorossi.it\/de\/wp-json\/wp\/v2\/comments?post=7095"}],"version-history":[{"count":2,"href":"https:\/\/www.cestarorossi.it\/de\/wp-json\/wp\/v2\/pages\/7095\/revisions"}],"predecessor-version":[{"id":7097,"href":"https:\/\/www.cestarorossi.it\/de\/wp-json\/wp\/v2\/pages\/7095\/revisions\/7097"}],"wp:attachment":[{"href":"https:\/\/www.cestarorossi.it\/de\/wp-json\/wp\/v2\/media?parent=7095"}],"curies":[{"name":"wp","href":"https:\/\/api.w.org\/{rel}","templated":true}]}}