{"id":7057,"date":"2022-07-10T10:22:32","date_gmt":"2022-07-10T08:22:32","guid":{"rendered":"https:\/\/www.cestarorossi.it\/geschichte\/"},"modified":"2024-01-22T18:29:53","modified_gmt":"2024-01-22T17:29:53","slug":"geschichte","status":"publish","type":"page","link":"https:\/\/www.cestarorossi.it\/de\/geschichte\/","title":{"rendered":"Geschichte"},"content":{"rendered":"\r\n<figure class=\"wp-block-embed is-type-video is-provider-youtube wp-block-embed-youtube wp-embed-aspect-16-9 wp-has-aspect-ratio\">\r\n<div class=\"wp-block-embed__wrapper\">\u00a0<\/div>\r\n<\/figure>\r\n<div>\u00a0<\/div>\r\n<div><a href=\"https:\/\/www.youtube.com\/watch?v=-xwIvMteCwA&amp;ab_channel=CestaroRossi\" target=\"_blank\" rel=\"noopener\"><img loading=\"lazy\" class=\"aligncenter wp-image-7960\" src=\"https:\/\/www.cestarorossi.it\/aggiornato\/wp-content\/uploads\/2024\/01\/cr-youtube-video.jpg\" alt=\"\" width=\"907\" height=\"413\" \/><\/a><\/div>\r\n\r\n\r\n\r\n<div class=\"wp-container-1 wp-block-group\"><div class=\"wp-block-group__inner-container\">\u00a0<\/div><\/div>\r\n\r\n<section class=\"fw-main-row \">\r\n<div class=\"fw-container unyson_content\">\r\n<div class=\"container\">\r\n<div class=\"fw-row\">\r\n<div class=\"fw-col-xs-12 \">\r\n<div class=\"fw-heading fw-heading-h1 fw-heading-center fw-heading-w-subtitle fw-heading-alternate \">\r\n<h1 class=\"fw-special-title\" style=\"text-align: center;\">UNSERE GESCHICHTE<\/h1>\r\n<div class=\"fw-special-subtitle\" style=\"text-align: center;\">EINHUNDERT JAHRE GROSSE ERFOLGE<\/div>\r\n<div>\u00a0<\/div>\r\n<\/div>\r\n<\/div>\r\n<\/div>\r\n<div class=\"fw-row\">\r\n<div class=\"fw-col-xs-12 \">\r\n<div class=\"fw-divider-line\"><hr \/><\/div>\r\n<\/div>\r\n<\/div>\r\n<\/div>\r\n<\/div>\r\n<\/section>\r\n<section class=\"fw-main-row \">\r\n<div class=\"fw-container unyson_content\">\r\n<div class=\"container\">\r\n<div class=\"fw-row\">\r\n<div class=\"fw-col-xs-12 fw-col-sm-3 \">\r\n<blockquote>\r\n<h2 style=\"text-align: left;\"><strong><em><span style=\"color: #256f6b;\">1921<\/span><\/em><\/strong><\/h2>\r\n<h4 style=\"text-align: left;\"><strong><em><span style=\"color: #256f6b;\">DIE GR\u00dcNDUNG<\/span><\/em><\/strong><\/h4>\r\n<\/blockquote>\r\n<h2 style=\"text-align: left;\">\u00a0<\/h2>\r\n<div class=\"fw-divider-line\"><hr \/><\/div>\r\n<\/div>\r\n<div class=\"fw-col-xs-12 fw-col-sm-8 \">\r\n<p>CESTARO ROSSI wurde 1921 in Bari als &#8220;Officine Meccaniche Liguro-Lombarde Cestaro e Rossi &amp; c. s.n.c.&#8221; gegr\u00fcndet, Pioniere mit dem typischen Pioniergeist einer Branche, die damals noch in den Kinderschuhen steckte, der Industrie. Die ersten Auftr\u00e4ge betrafen die Installation und Wartung von Gro\u00dfdieselmotoren, die f\u00fcr die Stromerzeugung und die Herstellung von Maschinen f\u00fcr die \u00d6l-, Wein- und Weichmacherindustrie ben\u00f6tigt werden.<\/p>\r\n<\/div>\r\n<\/div>\r\n<\/div>\r\n<\/div>\r\n<\/section>\r\n<section class=\"fw-main-row \">\r\n<div class=\"fw-container unyson_content\">\r\n<div class=\"container\">\r\n<div class=\"fw-row\">\r\n<div class=\"fw-col-xs-12 fw-col-sm-3 \">\u00a0<\/div>\r\n<div class=\"fw-col-xs-12 fw-col-sm-6 \"><span class=\"unyson-media-image\"><img loading=\"lazy\" src=\"https:\/\/www.cestarorossi.it\/aggiornato\/wp-content\/uploads\/2022\/07\/CESTARO-ROSSI-fondatori-764x810.png\" alt=\"https:\/\/www.cestarorossi.it\/aggiornato\/wp-content\/uploads\/2022\/07\/CESTARO-ROSSI-fondatori-764x810.png\" width=\"764\" height=\"810\" \/><\/span><\/div>\r\n<div class=\"fw-col-xs-12 fw-col-sm-3 \">\u00a0<\/div>\r\n<\/div>\r\n<\/div>\r\n<\/div>\r\n<\/section>\r\n<section class=\"fw-main-row \">\r\n<div class=\"fw-container unyson_content\">\r\n<div class=\"container\">\r\n<div class=\"fw-row\">\r\n<div class=\"fw-col-xs-12 \">\r\n<div class=\"fw-divider-space space-05x\">\u00a0<\/div>\r\n<\/div>\r\n<\/div>\r\n<\/div>\r\n<\/div>\r\n<\/section>\r\n<section class=\"fw-main-row \">\r\n<div class=\"fw-container unyson_content\">\r\n<div class=\"container\">\r\n<div class=\"fw-row\">\r\n<div class=\"fw-col-xs-12 fw-col-sm-3 \">\r\n<blockquote>\r\n<h2 style=\"text-align: left;\"><strong><em><span style=\"color: #256f6b;\">1951<\/span><\/em><\/strong><\/h2>\r\n<h4 style=\"text-align: left;\"><strong><em><span style=\"color: #256f6b;\">DIE <\/span><span style=\"color: #256f6b;\">AKTIENGESELLSCHAFT<\/span><\/em><\/strong><\/h4>\r\n<\/blockquote>\r\n<h2 style=\"text-align: left;\">\u00a0<\/h2>\r\n<div class=\"fw-divider-line\"><hr \/><\/div>\r\n<\/div>\r\n<div class=\"fw-col-xs-12 fw-col-sm-6 \">\r\n<p>In der Nachkriegszeit kam es zu einem Wendepunkt: 1952 wurde das Unternehmen in eine Aktiengesellschaft umgewandelt und begann mit der Durchf\u00fchrung mechanischer Wartungsarbeiten in der STANIC-Raffinerie in Bari, um dann seine Aktivit\u00e4ten auf den Bereich des Anlagenbaus und der industriellen Wartung von \u00d6l-, petrochemischen, pharmazeutischen, Eisen- und Stahlwerken sowie Kraftwerken zu richten. Fast ein Jahrhundert nach der Gr\u00fcndung erwarb Cestaro Rossi 1999 die Impiantistica Traversa s.r.l., ein Unternehmen, das sich auf den Sektor der Elektroinstrumente spezialisiert hatte, und gr\u00fcndete innerhalb dieses Unternehmens die Abteilung Elektro-Instrumente, um den Kunden einen immer umfassenderen Service zu bieten.<\/p>\r\n<\/div>\r\n<div class=\"fw-col-xs-12 fw-col-sm-3 \"><span class=\"unyson-media-image\"><img loading=\"lazy\" src=\"https:\/\/www.cestarorossi.it\/aggiornato\/wp-content\/uploads\/2022\/07\/Cestaro-Rossi_r-dalla-serra-764x810.png\" alt=\"https:\/\/www.cestarorossi.it\/aggiornato\/wp-content\/uploads\/2022\/07\/Cestaro-Rossi_r-dalla-serra-764x810.png\" width=\"764\" height=\"810\" \/><\/span><\/div>\r\n<\/div>\r\n<\/div>\r\n<\/div>\r\n<\/section>\r\n<section class=\"fw-main-row \">\r\n<div class=\"fw-container unyson_content\">\r\n<div class=\"container\">\r\n<div class=\"fw-row\">\r\n<div class=\"fw-col-xs-12 fw-col-sm-3 \">\u00a0<\/div>\r\n<div class=\"fw-col-xs-12 fw-col-sm-3 \">\u00a0<\/div>\r\n<\/div>\r\n<\/div>\r\n<\/div>\r\n<\/section>\r\n<section class=\"fw-main-row \">\r\n<div class=\"fw-container unyson_content\">\r\n<div class=\"container\">\r\n<div class=\"fw-row\">\r\n<div class=\"fw-col-xs-12 \">\r\n<div class=\"fw-divider-space space-15x\">\u00a0<\/div>\r\n<\/div>\r\n<\/div>\r\n<div class=\"fw-row\">\u00a0<\/div>\r\n<div class=\"fw-row\">\r\n<div class=\"fw-col-xs-12 \">\r\n<div class=\"fw-divider-space space-15x\">\r\n<div class=\"wp-container-2 wp-block-group\"><div class=\"wp-block-group__inner-container\"><hr class=\"wp-block-separator has-alpha-channel-opacity is-style-wide\" \/><\/div><\/div>\r\n<\/div>\r\n<h6><span style=\"color: #808080;\">Heute ist Cestaro Rossi &amp; C S.p.A. auch im Bereich des Baus und der Wartung von zivilen und industriellen elektrotechnischen Anlagen, Schaltwarten mit SPS-Steuerung, NS-\/MV-Umspannwerken, Stromverteilungen, Befehls- und Kontrollschalttafeln, Systemen zur Erzeugung und Verteilung von elektrischer Energie, Industrieautomation, Fernsteuerung und dem Bau von Photovoltaikanlagen t\u00e4tig. Das Unternehmen ist in der Lage, je nach den Bed\u00fcrfnissen des Kunden einen multidisziplin\u00e4ren Service anzubieten, der durch die Synergien zwischen den beteiligten Fachgebieten optimiert wird<\/span><\/h6>\r\n<div class=\"fw-divider-space space-15x\">\r\n<div class=\"wp-container-3 wp-block-group\"><div class=\"wp-block-group__inner-container\"><hr class=\"wp-block-separator has-alpha-channel-opacity is-style-wide\" \/><\/div><\/div>\r\n<\/div>\r\n<\/div>\r\n<\/div>\r\n<div class=\"fw-row\">\u00a0<\/div>\r\n<div class=\"fw-row\">\r\n<div class=\"fw-col-xs-12 \">\r\n<div class=\"fw-divider-space space-25x\">\u00a0<\/div>\r\n<\/div>\r\n<\/div>\r\n<\/div>\r\n<\/div>\r\n<\/section>\r\n<section class=\"fw-main-row \">\r\n<div class=\"fw-container unyson_content\">\r\n<div class=\"container\">\r\n<div class=\"fw-row\">\r\n<div class=\"fw-col-xs-12 fw-col-sm-3 \">\r\n<blockquote>\r\n<h2 style=\"text-align: left;\"><em><strong><span style=\"color: #256f6b;\">100 JAHRE<\/span><\/strong><\/em><\/h2>\r\n<h4 style=\"text-align: left;\"><strong><em><span style=\"color: #256f6b;\">DER ERFAHRUNG<\/span><\/em><\/strong><\/h4>\r\n<\/blockquote>\r\n<h2 style=\"text-align: left;\">\u00a0<\/h2>\r\n<\/div>\r\n<div class=\"fw-col-xs-12 fw-col-sm-8 \">\r\n<p>Seit 100 Jahren bieten wir einen immer umfassenderen Service im Bereich des Anlagenbaus und der Instandhaltung, vom mechanischen Bereich bis zum elektrotechnischen und bautechnischen Bereich, von der Ausf\u00fchrung der spezifischen Aufgabe bis zur Gesamtleitung und Koordination der damit verbundenen Aktivit\u00e4ten. Die Erfahrung, die die CESTARO ROSSI Gruppe in den verschiedenen Industriebereichen gesammelt hat, sowohl im Bereich der Instandhaltung als auch im fortschrittlichen Industrieanlagenbau, erm\u00f6glicht es ihr, den Kunden einen pers\u00f6nlichen und flexiblen Service anzubieten, der auf ihre Bed\u00fcrfnisse zugeschnitten ist.<\/p>\r\n<\/div>\r\n<\/div>\r\n<\/div>\r\n<\/div>\r\n<\/section>\r\n<section class=\"fw-main-row \">\r\n<div class=\"fw-container unyson_content\">\r\n<div class=\"container\">\r\n<div class=\"fw-row\">\r\n<div class=\"fw-col-xs-12 fw-col-sm-3 \">\r\n<div class=\"fw-divider-line\"><hr \/><\/div>\r\n<\/div>\r\n<div class=\"fw-col-xs-12 fw-col-sm-8 \">\r\n<h5>Die Unternehmen der Gruppe, die sich in einer Hand befinden, arbeiten synergetisch zusammen und bieten dem Kunden die M\u00f6glichkeit<\/h5>\r\n<\/div>\r\n<\/div>\r\n<\/div>\r\n<\/div>\r\n<\/section>\r\n<section class=\"fw-main-row \">\r\n<div class=\"fw-container unyson_content\">\r\n<div class=\"container\">\r\n<div class=\"fw-row\">\r\n<div class=\"fw-col-xs-12 fw-col-sm-3 \"><span class=\"unyson-media-image\"><img loading=\"lazy\" src=\"https:\/\/www.cestarorossi.it\/aggiornato\/wp-content\/uploads\/2016\/11\/Cestaro-Rossi_il-gruppo-1-200x200.png\" alt=\"https:\/\/www.cestarorossi.it\/aggiornato\/wp-content\/uploads\/2016\/11\/Cestaro-Rossi_il-gruppo-1-200x200.png\" width=\"200\" height=\"200\" \/><\/span><\/div>\r\n<div class=\"fw-col-xs-12 fw-col-sm-8 \">\r\n<ul>\r\n<li>Planung und Durchf\u00fchrung einzelner mechanischer und\/oder elektrotechnischer Facharbeiten.<\/li>\r\n<li>Sie planen und f\u00fchren die ihnen \u00fcbertragenen Arbeiten aus und koordinieren als &#8220;Hauptauftragnehmer&#8221; die T\u00e4tigkeiten der anderen Auftragnehmer.<\/li>\r\n<li>Planung und Durchf\u00fchrung aller Arbeiten, die f\u00fcr die Realisierung der Auftr\u00e4ge vorgesehen sind, &#8220;schl\u00fcsselfertig&#8221;.<\/li>\r\n<li>Verwirklichung eines integrierten GLOBALEN DIENSTES.<\/li>\r\n<\/ul>\r\n<\/div>\r\n<\/div>\r\n<\/div>\r\n<\/div>\r\n<\/section>\r\n<section class=\"fw-main-row \">\r\n<div class=\"fw-container unyson_content\">\r\n<div class=\"container\">\r\n<div class=\"fw-row\">\r\n<div class=\"fw-col-xs-12 \">\r\n<div class=\"fw-divider-space space-50x\">\u00a0<\/div>\r\n<\/div>\r\n<\/div>\r\n<\/div>\r\n<\/div>\r\n<\/section>\r\n<section class=\"fw-main-row \">\r\n<div class=\"fw-container unyson_content\">\r\n<div class=\"container\">\r\n<div class=\"fw-row\">\r\n<div class=\"fw-col-xs-12 fw-col-sm-3 \">\r\n<blockquote>\r\n<h2 style=\"text-align: left;\"><strong><em><span style=\"color: #256f6b;\">MISSION<\/span><\/em><\/strong><\/h2>\r\n<\/blockquote>\r\n<h2 style=\"text-align: left;\">\u00a0<\/h2>\r\n<\/div>\r\n<div class=\"fw-col-xs-12 fw-col-sm-8 \">\r\n<h5>Die Kundenzufriedenheit ist unser Ziel: Sie zu erreichen und zu erhalten bedeutet, sich st\u00e4ndig zu verbessern, Zeit und Ressourcen f\u00fcr Aktivit\u00e4ten zu verwenden, die darauf abzielen<\/h5>\r\n<\/div>\r\n<\/div>\r\n<\/div>\r\n<\/div>\r\n<\/section>\r\n<section class=\"fw-main-row \">\r\n<div class=\"fw-container unyson_content\">\r\n<div class=\"container\">\r\n<div class=\"fw-row\">\r\n<div class=\"fw-col-xs-12 fw-col-sm-3 \"><span class=\"unyson-media-image\"><img loading=\"lazy\" src=\"https:\/\/www.cestarorossi.it\/aggiornato\/wp-content\/uploads\/2022\/07\/Cestaro-Rossi_ICONA-MISSION-200X200-200x200.png\" alt=\"https:\/\/www.cestarorossi.it\/aggiornato\/wp-content\/uploads\/2022\/07\/Cestaro-Rossi_ICONA-MISSION-200X200-200x200.png\" width=\"200\" height=\"200\" \/><\/span><\/div>\r\n<div class=\"fw-col-xs-12 fw-col-sm-8 \">\r\n<ul>\r\n<li>Kultur der Sicherheit und des Umweltschutzes<\/li>\r\n<li>Ausbildung\/Information<\/li>\r\n<li>Aktualisierung der Technik\/Informatik<\/li>\r\n<li>Qualit\u00e4tsmanagement<\/li>\r\n<li>Innovation\/Erneuerung der Ausr\u00fcstung<\/li>\r\n<\/ul>\r\n<\/div>\r\n<\/div>\r\n<\/div>\r\n<\/div>\r\n<\/section>\r\n<section class=\"fw-main-row \">\r\n<div class=\"fw-container unyson_content\">\r\n<div class=\"container\">\r\n<div class=\"fw-row\">\r\n<div class=\"fw-col-xs-12 \">\r\n<div class=\"fw-divider-space space-50x\">\u00a0<\/div>\r\n<\/div>\r\n<\/div>\r\n<div class=\"fw-row\">\r\n<div class=\"fw-col-xs-12 fw-col-sm-3 \"><span class=\"unyson-media-image\"><img loading=\"lazy\" src=\"https:\/\/www.cestarorossi.it\/aggiornato\/wp-content\/uploads\/2022\/07\/Cestaro-Rossi_logo-colori-343x63.png\" alt=\"https:\/\/www.cestarorossi.it\/aggiornato\/wp-content\/uploads\/2022\/07\/Cestaro-Rossi_logo-colori-343x63.png\" width=\"343\" height=\"63\" \/><\/span><\/div>\r\n<div class=\"fw-col-xs-12 fw-col-sm-8 \">\r\n<h6><span style=\"color: #808080;\">Die Cestaro Gruppe stellt die Gesundheit und Sicherheit ihrer Mitarbeiter und den Umweltschutz in den Mittelpunkt ihrer Aktivit\u00e4ten, da sie grundlegende, unumg\u00e4ngliche und voneinander abh\u00e4ngige Elemente in ihrem Arbeitsbereich darstellen.<\/span><\/h6>\r\n<\/div>\r\n<\/div>\r\n<div class=\"fw-row\">\r\n<div class=\"fw-col-xs-12 fw-col-sm-4 \">\u00a0<\/div>\r\n<div class=\"fw-col-xs-12 fw-col-sm-4 \"><span class=\"unyson-media-image\"><img loading=\"lazy\" src=\"https:\/\/www.cestarorossi.it\/aggiornato\/wp-content\/uploads\/2022\/12\/logo-100-anni_old-400x300.png\" alt=\"https:\/\/www.cestarorossi.it\/aggiornato\/wp-content\/uploads\/2022\/12\/logo-100-anni_old-400x300.png\" width=\"400\" height=\"300\" \/><\/span><\/div>\r\n<div class=\"fw-col-xs-12 fw-col-sm-4 \">\u00a0<\/div>\r\n<\/div>\r\n<\/div>\r\n<\/div>\r\n<\/section>\r\n<p><!-- 7ddab09d43668aef969282a3d9217431 --><\/p>\r\n\r\n<p>&nbsp;<\/p>\r\n","protected":false},"excerpt":{"rendered":"<p>\u00a0 \u00a0 \u00a0 UNSERE GESCHICHTE EINHUNDERT JAHRE GROSSE ERFOLGE \u00a0 1921 DIE GR\u00dcNDUNG \u00a0 CESTARO ROSSI wurde 1921 in Bari als &#8220;Officine Meccaniche Liguro-Lombarde Cestaro<span class=\"excerpt-more\"><a href=\"https:\/\/www.cestarorossi.it\/de\/geschichte\/\" class=\"more-link\"> [&hellip;] <span class=\"screen-reader-text\">Geschichte<\/span><\/a><\/span><\/p>\n","protected":false},"author":1,"featured_media":0,"parent":0,"menu_order":0,"comment_status":"closed","ping_status":"closed","template":"page-wo-sidebar.php","meta":[],"yoast_head":"<!-- This site is optimized with the Yoast SEO plugin v19.14 - https:\/\/yoast.com\/wordpress\/plugins\/seo\/ -->\r\n<title>Geschichte - CestaroRossi<\/title>\r\n<meta name=\"robots\" content=\"index, follow, max-snippet:-1, max-image-preview:large, max-video-preview:-1\" \/>\r\n<link rel=\"canonical\" href=\"https:\/\/www.cestarorossi.it\/de\/geschichte\/\" \/>\r\n<meta property=\"og:locale\" content=\"de_DE\" \/>\r\n<meta property=\"og:type\" content=\"article\" \/>\r\n<meta property=\"og:title\" content=\"Geschichte - CestaroRossi\" \/>\r\n<meta property=\"og:description\" content=\"\u00a0 \u00a0 \u00a0 UNSERE GESCHICHTE EINHUNDERT JAHRE GROSSE ERFOLGE \u00a0 1921 DIE GR\u00dcNDUNG \u00a0 CESTARO ROSSI wurde 1921 in Bari als &#8220;Officine Meccaniche Liguro-Lombarde Cestaro [&hellip;] Geschichte\" \/>\r\n<meta property=\"og:url\" content=\"https:\/\/www.cestarorossi.it\/de\/geschichte\/\" \/>\r\n<meta property=\"og:site_name\" content=\"CestaroRossi\" \/>\r\n<meta property=\"article:modified_time\" content=\"2024-01-22T17:29:53+00:00\" \/>\r\n<meta property=\"og:image\" content=\"https:\/\/www.cestarorossi.it\/aggiornato\/wp-content\/uploads\/2024\/01\/cr-youtube-video.jpg\" \/>\r\n<meta name=\"twitter:card\" content=\"summary_large_image\" \/>\r\n<meta name=\"twitter:label1\" content=\"Gesch\u00e4tzte Lesezeit\" \/>\n\t<meta name=\"twitter:data1\" content=\"4\u00a0Minuten\" \/>\r\n<script type=\"application\/ld+json\" class=\"yoast-schema-graph\">{\"@context\":\"https:\/\/schema.org\",\"@graph\":[{\"@type\":\"WebPage\",\"@id\":\"https:\/\/www.cestarorossi.it\/de\/geschichte\/\",\"url\":\"https:\/\/www.cestarorossi.it\/de\/geschichte\/\",\"name\":\"Geschichte - CestaroRossi\",\"isPartOf\":{\"@id\":\"https:\/\/www.cestarorossi.it\/en\/#website\"},\"datePublished\":\"2022-07-10T08:22:32+00:00\",\"dateModified\":\"2024-01-22T17:29:53+00:00\",\"breadcrumb\":{\"@id\":\"https:\/\/www.cestarorossi.it\/de\/geschichte\/#breadcrumb\"},\"inLanguage\":\"de\",\"potentialAction\":[{\"@type\":\"ReadAction\",\"target\":[\"https:\/\/www.cestarorossi.it\/de\/geschichte\/\"]}]},{\"@type\":\"BreadcrumbList\",\"@id\":\"https:\/\/www.cestarorossi.it\/de\/geschichte\/#breadcrumb\",\"itemListElement\":[{\"@type\":\"ListItem\",\"position\":1,\"name\":\"Home\",\"item\":\"https:\/\/www.cestarorossi.it\/de\/\"},{\"@type\":\"ListItem\",\"position\":2,\"name\":\"Geschichte\"}]},{\"@type\":\"WebSite\",\"@id\":\"https:\/\/www.cestarorossi.it\/en\/#website\",\"url\":\"https:\/\/www.cestarorossi.it\/en\/\",\"name\":\"CestaroRossi\",\"description\":\"Construction and maintenance in industrial plants since 1921 - italy\",\"publisher\":{\"@id\":\"https:\/\/www.cestarorossi.it\/en\/#organization\"},\"potentialAction\":[{\"@type\":\"SearchAction\",\"target\":{\"@type\":\"EntryPoint\",\"urlTemplate\":\"https:\/\/www.cestarorossi.it\/en\/?s={search_term_string}\"},\"query-input\":\"required name=search_term_string\"}],\"inLanguage\":\"de\"},{\"@type\":\"Organization\",\"@id\":\"https:\/\/www.cestarorossi.it\/en\/#organization\",\"name\":\"CestaroRossi\",\"url\":\"https:\/\/www.cestarorossi.it\/en\/\",\"logo\":{\"@type\":\"ImageObject\",\"inLanguage\":\"de\",\"@id\":\"https:\/\/www.cestarorossi.it\/en\/#\/schema\/logo\/image\/\",\"url\":\"https:\/\/www.cestarorossi.it\/aggiornato\/wp-content\/uploads\/2022\/07\/Cestaro-Rossi_logo-colori.png\",\"contentUrl\":\"https:\/\/www.cestarorossi.it\/aggiornato\/wp-content\/uploads\/2022\/07\/Cestaro-Rossi_logo-colori.png\",\"width\":343,\"height\":63,\"caption\":\"CestaroRossi\"},\"image\":{\"@id\":\"https:\/\/www.cestarorossi.it\/en\/#\/schema\/logo\/image\/\"}}]}<\/script>\r\n<!-- \/ Yoast SEO plugin. -->","yoast_head_json":{"title":"Geschichte - CestaroRossi","robots":{"index":"index","follow":"follow","max-snippet":"max-snippet:-1","max-image-preview":"max-image-preview:large","max-video-preview":"max-video-preview:-1"},"canonical":"https:\/\/www.cestarorossi.it\/de\/geschichte\/","og_locale":"de_DE","og_type":"article","og_title":"Geschichte - CestaroRossi","og_description":"\u00a0 \u00a0 \u00a0 UNSERE GESCHICHTE EINHUNDERT JAHRE GROSSE ERFOLGE \u00a0 1921 DIE GR\u00dcNDUNG \u00a0 CESTARO ROSSI wurde 1921 in Bari als &#8220;Officine Meccaniche Liguro-Lombarde Cestaro [&hellip;] Geschichte","og_url":"https:\/\/www.cestarorossi.it\/de\/geschichte\/","og_site_name":"CestaroRossi","article_modified_time":"2024-01-22T17:29:53+00:00","og_image":[{"url":"https:\/\/www.cestarorossi.it\/aggiornato\/wp-content\/uploads\/2024\/01\/cr-youtube-video.jpg"}],"twitter_card":"summary_large_image","twitter_misc":{"Gesch\u00e4tzte Lesezeit":"4\u00a0Minuten"},"schema":{"@context":"https:\/\/schema.org","@graph":[{"@type":"WebPage","@id":"https:\/\/www.cestarorossi.it\/de\/geschichte\/","url":"https:\/\/www.cestarorossi.it\/de\/geschichte\/","name":"Geschichte - CestaroRossi","isPartOf":{"@id":"https:\/\/www.cestarorossi.it\/en\/#website"},"datePublished":"2022-07-10T08:22:32+00:00","dateModified":"2024-01-22T17:29:53+00:00","breadcrumb":{"@id":"https:\/\/www.cestarorossi.it\/de\/geschichte\/#breadcrumb"},"inLanguage":"de","potentialAction":[{"@type":"ReadAction","target":["https:\/\/www.cestarorossi.it\/de\/geschichte\/"]}]},{"@type":"BreadcrumbList","@id":"https:\/\/www.cestarorossi.it\/de\/geschichte\/#breadcrumb","itemListElement":[{"@type":"ListItem","position":1,"name":"Home","item":"https:\/\/www.cestarorossi.it\/de\/"},{"@type":"ListItem","position":2,"name":"Geschichte"}]},{"@type":"WebSite","@id":"https:\/\/www.cestarorossi.it\/en\/#website","url":"https:\/\/www.cestarorossi.it\/en\/","name":"CestaroRossi","description":"Construction and maintenance in industrial plants since 1921 - italy","publisher":{"@id":"https:\/\/www.cestarorossi.it\/en\/#organization"},"potentialAction":[{"@type":"SearchAction","target":{"@type":"EntryPoint","urlTemplate":"https:\/\/www.cestarorossi.it\/en\/?s={search_term_string}"},"query-input":"required name=search_term_string"}],"inLanguage":"de"},{"@type":"Organization","@id":"https:\/\/www.cestarorossi.it\/en\/#organization","name":"CestaroRossi","url":"https:\/\/www.cestarorossi.it\/en\/","logo":{"@type":"ImageObject","inLanguage":"de","@id":"https:\/\/www.cestarorossi.it\/en\/#\/schema\/logo\/image\/","url":"https:\/\/www.cestarorossi.it\/aggiornato\/wp-content\/uploads\/2022\/07\/Cestaro-Rossi_logo-colori.png","contentUrl":"https:\/\/www.cestarorossi.it\/aggiornato\/wp-content\/uploads\/2022\/07\/Cestaro-Rossi_logo-colori.png","width":343,"height":63,"caption":"CestaroRossi"},"image":{"@id":"https:\/\/www.cestarorossi.it\/en\/#\/schema\/logo\/image\/"}}]}},"_links":{"self":[{"href":"https:\/\/www.cestarorossi.it\/de\/wp-json\/wp\/v2\/pages\/7057"}],"collection":[{"href":"https:\/\/www.cestarorossi.it\/de\/wp-json\/wp\/v2\/pages"}],"about":[{"href":"https:\/\/www.cestarorossi.it\/de\/wp-json\/wp\/v2\/types\/page"}],"author":[{"embeddable":true,"href":"https:\/\/www.cestarorossi.it\/de\/wp-json\/wp\/v2\/users\/1"}],"replies":[{"embeddable":true,"href":"https:\/\/www.cestarorossi.it\/de\/wp-json\/wp\/v2\/comments?post=7057"}],"version-history":[{"count":5,"href":"https:\/\/www.cestarorossi.it\/de\/wp-json\/wp\/v2\/pages\/7057\/revisions"}],"predecessor-version":[{"id":7967,"href":"https:\/\/www.cestarorossi.it\/de\/wp-json\/wp\/v2\/pages\/7057\/revisions\/7967"}],"wp:attachment":[{"href":"https:\/\/www.cestarorossi.it\/de\/wp-json\/wp\/v2\/media?parent=7057"}],"curies":[{"name":"wp","href":"https:\/\/api.w.org\/{rel}","templated":true}]}}