{"id":7050,"date":"2022-07-10T11:51:04","date_gmt":"2022-07-10T09:51:04","guid":{"rendered":"https:\/\/www.cestarorossi.it\/wichtige-einheiten\/"},"modified":"2023-01-20T12:18:27","modified_gmt":"2023-01-20T11:18:27","slug":"schluesseleinheiten","status":"publish","type":"page","link":"https:\/\/www.cestarorossi.it\/de\/schluesseleinheiten\/","title":{"rendered":"Schl\u00fcsseleinheiten"},"content":{"rendered":"<section class=\"fw-main-row \">\n<div class=\"fw-container unyson_content\">\n<div class=\"container\">\n<div class=\"fw-row\">\n<div class=\"fw-col-xs-12 \">\n<div class=\"fw-heading fw-heading-h1 fw-heading-center fw-heading-w-subtitle fw-heading-alternate \">\n<h1 class=\"fw-special-title\" style=\"text-align: center;\">DIE SCHL\u00dcSSELEINHEITEN<\/h1>\n<div class=\"fw-special-subtitle\" style=\"text-align: center;\">METHODIK<\/div>\n<div>\u00a0<\/div>\n<\/div>\n<\/div>\n<\/div>\n<\/div>\n<\/div>\n<\/section>\n<section class=\"fw-main-row \">\n<div class=\"fw-container unyson_content\">\n<div class=\"container\">\n<div class=\"fw-row\"><img loading=\"lazy\" class=\"alignnone size-full wp-image-7348\" src=\"https:\/\/www.cestarorossi.it\/aggiornato\/wp-content\/uploads\/2023\/01\/Cestaro-rossi-impianti-8-1200x640-1.jpeg\" alt=\"\" width=\"1200\" height=\"640\" srcset=\"https:\/\/www.cestarorossi.it\/aggiornato\/wp-content\/uploads\/2023\/01\/Cestaro-rossi-impianti-8-1200x640-1.jpeg 1200w, https:\/\/www.cestarorossi.it\/aggiornato\/wp-content\/uploads\/2023\/01\/Cestaro-rossi-impianti-8-1200x640-1-300x160.jpeg 300w, https:\/\/www.cestarorossi.it\/aggiornato\/wp-content\/uploads\/2023\/01\/Cestaro-rossi-impianti-8-1200x640-1-1024x546.jpeg 1024w, https:\/\/www.cestarorossi.it\/aggiornato\/wp-content\/uploads\/2023\/01\/Cestaro-rossi-impianti-8-1200x640-1-768x410.jpeg 768w\" sizes=\"(max-width: 1200px) 100vw, 1200px\" \/><\/div>\n<\/div>\n<\/div>\n<\/section>\n<section class=\"fw-main-row \">\n<div class=\"fw-container unyson_content\">\n<div class=\"container\">\n<div class=\"fw-row\">\n<div class=\"fw-col-xs-12 fw-col-sm-4 \">\n<blockquote>\n<h2>\u00a0<\/h2>\n<h2 style=\"text-align: left;\"><em><strong><span style=\"color: #256f6b;\">DIE SCHL\u00dcSSEL-EINHEITEN<\/span><\/strong><\/em><\/h2>\n<\/blockquote>\n<\/div>\n<div class=\"fw-col-xs-12 fw-col-sm-8 \">\n<p><strong>Die wichtigsten Einheiten der technischen Direktion f\u00fcr Instandhaltungs- und Verbesserungsma\u00dfnahmen<\/strong><\/p>\n<p><strong>Gruppe von Auftragslotsen<\/strong><\/p>\n<p>Hochprofessionelle Spezialisten widmen sich der Aufgabe:<\/p>\n<ul class=\"listing\">\n<li>Planung von Sonderarbeiten in Abstimmung mit der Bauleitung<\/li>\n<li>Pr\u00fcfung der historischen Daten<\/li>\n<li>Kontrolle und \u00dcberwachung der Bauleitung<\/li>\n<li>Einplanung des erforderlichen Personals<\/li>\n<li>Planung der erforderlichen Ausr\u00fcstung und Mittel<\/li>\n<li>Spezifische Studien zu Ausr\u00fcstungen, Werkzeugen, speziellen Aufz\u00fcgen und tempor\u00e4ren Strukturen je nach den Erfordernissen der Durchf\u00fchrung<\/li>\n<li>Aktualisierung des Arbeitsfortschritts in Echtzeit<\/li>\n<li>Korrekturma\u00dfnahmen bei Abweichungen vom geplanten und vorgesehenen Zeitrahmen<\/li>\n<li>Datenverarbeitung und Aktualisierung der Unternehmensdatenbank<\/li>\n<\/ul>\n<\/div>\n<\/div>\n<\/div>\n<\/div>\n<\/section>\n<section class=\"fw-main-row \">\n<div class=\"fw-container unyson_content\">\n<div class=\"container\">\n<div class=\"fw-row\">\n<div class=\"fw-col-xs-12 fw-col-sm-4 \">\n<blockquote>\n<h2 style=\"text-align: left;\"><em><strong><span style=\"color: #256f6b;\">DESIGN UNIT<\/span><\/strong><\/em><\/h2>\n<\/blockquote>\n<\/div>\n<div class=\"fw-col-xs-12 fw-col-sm-8 \">\n<p><strong>Diese Einheit f\u00fchrt je nach den betrieblichen Erfordernissen und den auszuf\u00fchrenden Arbeiten:<\/strong><\/p>\n<ul class=\"listing\">\n<li>Spannungsanalyse und Bearbeitung von Zeichnungen und Genehmigungsunterlagen f\u00fcr vom Kunden gew\u00fcnschte \u00c4nderungen an Druckger\u00e4ten gem\u00e4\u00df UNI EN 13445-3, VSR 95, ASME<\/li>\n<li>Strukturelle Kontrollen und Ausf\u00fchrung nach der Spannungsanalyse mit der Finite-Elemente-Methode<\/li>\n<li>Entwurf und Bau von Spezialfahrzeugen und -ausr\u00fcstungen, die auf die betrieblichen Bed\u00fcrfnisse des Unternehmens zugeschnitten sind.<\/li>\n<li>Nachweisberechnungen f\u00fcr bestimmte Aufz\u00fcge<\/li>\n<li>Modalanalyse zur \u00dcberpr\u00fcfung\/Auslegung von Verankerungssystemen f\u00fcr rotierende Maschinen<\/li>\n<li>Planung und Bau von tempor\u00e4ren Stahlkonstruktionen f\u00fcr besondere Betriebsbedingungen<\/li>\n<li>Planung von Elektroinstallationen<\/li>\n<\/ul>\n<\/div>\n<\/div>\n<\/div>\n<\/div>\n<\/section>\n<p><!-- caa3adf0f6942c7cfba4149e092d3ee3 --><\/p>\n\n\n<figure class=\"wp-container-2 wp-block-gallery-1 wp-block-gallery has-nested-images columns-default is-cropped\">\n<figure class=\"wp-block-image size-full\"><img loading=\"lazy\" width=\"600\" height=\"500\" data-id=\"7464\"  src=\"https:\/\/www.cestarorossi.it\/aggiornato\/wp-content\/uploads\/2023\/01\/1-cestaro-rossi-UNITA\u0300-CHIAVE-12-1.jpeg\" alt=\"\" class=\"wp-image-7464\" srcset=\"https:\/\/www.cestarorossi.it\/aggiornato\/wp-content\/uploads\/2023\/01\/1-cestaro-rossi-UNITA\u0300-CHIAVE-12-1.jpeg 600w, https:\/\/www.cestarorossi.it\/aggiornato\/wp-content\/uploads\/2023\/01\/1-cestaro-rossi-UNITA\u0300-CHIAVE-12-1-300x250.jpeg 300w\" sizes=\"(max-width: 600px) 100vw, 600px\" \/><\/figure>\n\n\n\n<figure class=\"wp-block-image size-full\"><img loading=\"lazy\" width=\"600\" height=\"500\" data-id=\"7459\"  src=\"https:\/\/www.cestarorossi.it\/aggiornato\/wp-content\/uploads\/2023\/01\/2-cestaro-rossi-UNITA\u0300-CHIAVE-11.jpeg\" alt=\"\" class=\"wp-image-7459\" srcset=\"https:\/\/www.cestarorossi.it\/aggiornato\/wp-content\/uploads\/2023\/01\/2-cestaro-rossi-UNITA\u0300-CHIAVE-11.jpeg 600w, https:\/\/www.cestarorossi.it\/aggiornato\/wp-content\/uploads\/2023\/01\/2-cestaro-rossi-UNITA\u0300-CHIAVE-11-300x250.jpeg 300w\" sizes=\"(max-width: 600px) 100vw, 600px\" \/><\/figure>\n\n\n\n<figure class=\"wp-block-image size-full\"><img loading=\"lazy\" width=\"600\" height=\"500\" data-id=\"7455\"  src=\"https:\/\/www.cestarorossi.it\/aggiornato\/wp-content\/uploads\/2023\/01\/3-cestaro-rossi-UNITA\u0300-CHIAVE-10.jpeg\" alt=\"\" class=\"wp-image-7455\" srcset=\"https:\/\/www.cestarorossi.it\/aggiornato\/wp-content\/uploads\/2023\/01\/3-cestaro-rossi-UNITA\u0300-CHIAVE-10.jpeg 600w, https:\/\/www.cestarorossi.it\/aggiornato\/wp-content\/uploads\/2023\/01\/3-cestaro-rossi-UNITA\u0300-CHIAVE-10-300x250.jpeg 300w\" sizes=\"(max-width: 600px) 100vw, 600px\" \/><\/figure>\n\n\n\n<figure class=\"wp-block-image size-full\"><img loading=\"lazy\" width=\"600\" height=\"500\" data-id=\"7451\"  src=\"https:\/\/www.cestarorossi.it\/aggiornato\/wp-content\/uploads\/2023\/01\/4-cestaro-rossi-UNITA\u0300-CHIAVE-9.jpeg\" alt=\"\" class=\"wp-image-7451\" srcset=\"https:\/\/www.cestarorossi.it\/aggiornato\/wp-content\/uploads\/2023\/01\/4-cestaro-rossi-UNITA\u0300-CHIAVE-9.jpeg 600w, https:\/\/www.cestarorossi.it\/aggiornato\/wp-content\/uploads\/2023\/01\/4-cestaro-rossi-UNITA\u0300-CHIAVE-9-300x250.jpeg 300w\" sizes=\"(max-width: 600px) 100vw, 600px\" \/><\/figure>\n\n\n\n<figure class=\"wp-block-image size-full\"><img loading=\"lazy\" width=\"600\" height=\"500\" data-id=\"7447\"  src=\"https:\/\/www.cestarorossi.it\/aggiornato\/wp-content\/uploads\/2023\/01\/5-cestaro-rossi-UNITA\u0300-CHIAVE-8.jpeg\" alt=\"\" class=\"wp-image-7447\" srcset=\"https:\/\/www.cestarorossi.it\/aggiornato\/wp-content\/uploads\/2023\/01\/5-cestaro-rossi-UNITA\u0300-CHIAVE-8.jpeg 600w, https:\/\/www.cestarorossi.it\/aggiornato\/wp-content\/uploads\/2023\/01\/5-cestaro-rossi-UNITA\u0300-CHIAVE-8-300x250.jpeg 300w\" sizes=\"(max-width: 600px) 100vw, 600px\" \/><\/figure>\n\n\n\n<figure class=\"wp-block-image size-full\"><img loading=\"lazy\" width=\"600\" height=\"500\" data-id=\"7443\"  src=\"https:\/\/www.cestarorossi.it\/aggiornato\/wp-content\/uploads\/2023\/01\/6-cestaro-rossi-UNITA\u0300-CHIAVE-7.jpeg\" alt=\"\" class=\"wp-image-7443\" srcset=\"https:\/\/www.cestarorossi.it\/aggiornato\/wp-content\/uploads\/2023\/01\/6-cestaro-rossi-UNITA\u0300-CHIAVE-7.jpeg 600w, https:\/\/www.cestarorossi.it\/aggiornato\/wp-content\/uploads\/2023\/01\/6-cestaro-rossi-UNITA\u0300-CHIAVE-7-300x250.jpeg 300w\" sizes=\"(max-width: 600px) 100vw, 600px\" \/><\/figure>\n\n\n\n<figure class=\"wp-block-image size-full\"><img loading=\"lazy\" width=\"600\" height=\"500\" data-id=\"7439\"  src=\"https:\/\/www.cestarorossi.it\/aggiornato\/wp-content\/uploads\/2023\/01\/7-cestaro-rossi-UNITA\u0300-CHIAVE-6.jpeg\" alt=\"\" class=\"wp-image-7439\" srcset=\"https:\/\/www.cestarorossi.it\/aggiornato\/wp-content\/uploads\/2023\/01\/7-cestaro-rossi-UNITA\u0300-CHIAVE-6.jpeg 600w, https:\/\/www.cestarorossi.it\/aggiornato\/wp-content\/uploads\/2023\/01\/7-cestaro-rossi-UNITA\u0300-CHIAVE-6-300x250.jpeg 300w\" sizes=\"(max-width: 600px) 100vw, 600px\" \/><\/figure>\n\n\n\n<figure class=\"wp-block-image size-full\"><img loading=\"lazy\" width=\"600\" height=\"500\" data-id=\"7435\"  src=\"https:\/\/www.cestarorossi.it\/aggiornato\/wp-content\/uploads\/2023\/01\/8-cestaro-rossi-UNITA\u0300-CHIAVE-5.jpeg\" alt=\"\" class=\"wp-image-7435\" srcset=\"https:\/\/www.cestarorossi.it\/aggiornato\/wp-content\/uploads\/2023\/01\/8-cestaro-rossi-UNITA\u0300-CHIAVE-5.jpeg 600w, https:\/\/www.cestarorossi.it\/aggiornato\/wp-content\/uploads\/2023\/01\/8-cestaro-rossi-UNITA\u0300-CHIAVE-5-300x250.jpeg 300w\" sizes=\"(max-width: 600px) 100vw, 600px\" \/><\/figure>\n\n\n\n<figure class=\"wp-block-image size-full\"><img loading=\"lazy\" width=\"600\" height=\"500\" data-id=\"7431\"  src=\"https:\/\/www.cestarorossi.it\/aggiornato\/wp-content\/uploads\/2023\/01\/9-cestaro-rossi-UNITA\u0300-CHIAVE-4.jpeg\" alt=\"\" class=\"wp-image-7431\" srcset=\"https:\/\/www.cestarorossi.it\/aggiornato\/wp-content\/uploads\/2023\/01\/9-cestaro-rossi-UNITA\u0300-CHIAVE-4.jpeg 600w, https:\/\/www.cestarorossi.it\/aggiornato\/wp-content\/uploads\/2023\/01\/9-cestaro-rossi-UNITA\u0300-CHIAVE-4-300x250.jpeg 300w\" sizes=\"(max-width: 600px) 100vw, 600px\" \/><\/figure>\n\n\n\n<figure class=\"wp-block-image size-full\"><img loading=\"lazy\" width=\"599\" height=\"500\" data-id=\"7427\"  src=\"https:\/\/www.cestarorossi.it\/aggiornato\/wp-content\/uploads\/2023\/01\/10-cestaro-rossi-UNITA\u0300-CHIAVE-3.jpeg\" alt=\"\" class=\"wp-image-7427\" srcset=\"https:\/\/www.cestarorossi.it\/aggiornato\/wp-content\/uploads\/2023\/01\/10-cestaro-rossi-UNITA\u0300-CHIAVE-3.jpeg 599w, https:\/\/www.cestarorossi.it\/aggiornato\/wp-content\/uploads\/2023\/01\/10-cestaro-rossi-UNITA\u0300-CHIAVE-3-300x250.jpeg 300w\" sizes=\"(max-width: 599px) 100vw, 599px\" \/><\/figure>\n\n\n\n<figure class=\"wp-block-image size-full\"><img loading=\"lazy\" width=\"600\" height=\"500\" data-id=\"7423\"  src=\"https:\/\/www.cestarorossi.it\/aggiornato\/wp-content\/uploads\/2023\/01\/11-cestaro-rossi-UNITA\u0300-CHIAVE-2.jpeg\" alt=\"\" class=\"wp-image-7423\" srcset=\"https:\/\/www.cestarorossi.it\/aggiornato\/wp-content\/uploads\/2023\/01\/11-cestaro-rossi-UNITA\u0300-CHIAVE-2.jpeg 600w, https:\/\/www.cestarorossi.it\/aggiornato\/wp-content\/uploads\/2023\/01\/11-cestaro-rossi-UNITA\u0300-CHIAVE-2-300x250.jpeg 300w\" sizes=\"(max-width: 600px) 100vw, 600px\" \/><\/figure>\n\n\n\n<figure class=\"wp-block-image size-full\"><img loading=\"lazy\" width=\"600\" height=\"500\" data-id=\"7419\"  src=\"https:\/\/www.cestarorossi.it\/aggiornato\/wp-content\/uploads\/2023\/01\/12-cestaro-rossi-UNITA\u0300-CHIAVE-1.jpeg\" alt=\"\" class=\"wp-image-7419\" srcset=\"https:\/\/www.cestarorossi.it\/aggiornato\/wp-content\/uploads\/2023\/01\/12-cestaro-rossi-UNITA\u0300-CHIAVE-1.jpeg 600w, https:\/\/www.cestarorossi.it\/aggiornato\/wp-content\/uploads\/2023\/01\/12-cestaro-rossi-UNITA\u0300-CHIAVE-1-300x250.jpeg 300w\" sizes=\"(max-width: 600px) 100vw, 600px\" \/><\/figure>\n<\/figure>\n","protected":false},"excerpt":{"rendered":"<p>DIE SCHL\u00dcSSELEINHEITEN METHODIK \u00a0 \u00a0 DIE SCHL\u00dcSSEL-EINHEITEN Die wichtigsten Einheiten der technischen Direktion f\u00fcr Instandhaltungs- und Verbesserungsma\u00dfnahmen Gruppe von Auftragslotsen Hochprofessionelle Spezialisten widmen sich der<span class=\"excerpt-more\"><a href=\"https:\/\/www.cestarorossi.it\/de\/schluesseleinheiten\/\" class=\"more-link\"> [&hellip;] <span class=\"screen-reader-text\">Schl\u00fcsseleinheiten<\/span><\/a><\/span><\/p>\n","protected":false},"author":1,"featured_media":0,"parent":0,"menu_order":0,"comment_status":"closed","ping_status":"closed","template":"page-wo-sidebar.php","meta":[],"yoast_head":"<!-- This site is optimized with the Yoast SEO plugin v19.14 - https:\/\/yoast.com\/wordpress\/plugins\/seo\/ -->\r\n<title>Schl\u00fcsseleinheiten - CestaroRossi<\/title>\r\n<meta name=\"robots\" content=\"index, follow, max-snippet:-1, max-image-preview:large, max-video-preview:-1\" \/>\r\n<link rel=\"canonical\" href=\"https:\/\/www.cestarorossi.it\/de\/schluesseleinheiten\/\" \/>\r\n<meta property=\"og:locale\" content=\"de_DE\" \/>\r\n<meta property=\"og:type\" content=\"article\" \/>\r\n<meta property=\"og:title\" content=\"Schl\u00fcsseleinheiten - CestaroRossi\" \/>\r\n<meta property=\"og:description\" content=\"DIE SCHL\u00dcSSELEINHEITEN METHODIK \u00a0 \u00a0 DIE SCHL\u00dcSSEL-EINHEITEN Die wichtigsten Einheiten der technischen Direktion f\u00fcr Instandhaltungs- und Verbesserungsma\u00dfnahmen Gruppe von Auftragslotsen Hochprofessionelle Spezialisten widmen sich der [&hellip;] Schl\u00fcsseleinheiten\" \/>\r\n<meta property=\"og:url\" content=\"https:\/\/www.cestarorossi.it\/de\/schluesseleinheiten\/\" \/>\r\n<meta property=\"og:site_name\" content=\"CestaroRossi\" \/>\r\n<meta property=\"article:modified_time\" content=\"2023-01-20T11:18:27+00:00\" \/>\r\n<meta property=\"og:image\" content=\"https:\/\/www.cestarorossi.it\/aggiornato\/wp-content\/uploads\/2023\/01\/Cestaro-rossi-impianti-8-1200x640-1.jpeg\" \/>\r\n<meta name=\"twitter:card\" content=\"summary_large_image\" \/>\r\n<meta name=\"twitter:label1\" content=\"Gesch\u00e4tzte Lesezeit\" \/>\n\t<meta name=\"twitter:data1\" content=\"4\u00a0Minuten\" \/>\r\n<script type=\"application\/ld+json\" class=\"yoast-schema-graph\">{\"@context\":\"https:\/\/schema.org\",\"@graph\":[{\"@type\":\"WebPage\",\"@id\":\"https:\/\/www.cestarorossi.it\/de\/schluesseleinheiten\/\",\"url\":\"https:\/\/www.cestarorossi.it\/de\/schluesseleinheiten\/\",\"name\":\"Schl\u00fcsseleinheiten - CestaroRossi\",\"isPartOf\":{\"@id\":\"https:\/\/www.cestarorossi.it\/en\/#website\"},\"datePublished\":\"2022-07-10T09:51:04+00:00\",\"dateModified\":\"2023-01-20T11:18:27+00:00\",\"breadcrumb\":{\"@id\":\"https:\/\/www.cestarorossi.it\/de\/schluesseleinheiten\/#breadcrumb\"},\"inLanguage\":\"de\",\"potentialAction\":[{\"@type\":\"ReadAction\",\"target\":[\"https:\/\/www.cestarorossi.it\/de\/schluesseleinheiten\/\"]}]},{\"@type\":\"BreadcrumbList\",\"@id\":\"https:\/\/www.cestarorossi.it\/de\/schluesseleinheiten\/#breadcrumb\",\"itemListElement\":[{\"@type\":\"ListItem\",\"position\":1,\"name\":\"Home\",\"item\":\"https:\/\/www.cestarorossi.it\/de\/\"},{\"@type\":\"ListItem\",\"position\":2,\"name\":\"Schl\u00fcsseleinheiten\"}]},{\"@type\":\"WebSite\",\"@id\":\"https:\/\/www.cestarorossi.it\/en\/#website\",\"url\":\"https:\/\/www.cestarorossi.it\/en\/\",\"name\":\"CestaroRossi\",\"description\":\"Construction and maintenance in industrial plants since 1921 - italy\",\"publisher\":{\"@id\":\"https:\/\/www.cestarorossi.it\/en\/#organization\"},\"potentialAction\":[{\"@type\":\"SearchAction\",\"target\":{\"@type\":\"EntryPoint\",\"urlTemplate\":\"https:\/\/www.cestarorossi.it\/en\/?s={search_term_string}\"},\"query-input\":\"required name=search_term_string\"}],\"inLanguage\":\"de\"},{\"@type\":\"Organization\",\"@id\":\"https:\/\/www.cestarorossi.it\/en\/#organization\",\"name\":\"CestaroRossi\",\"url\":\"https:\/\/www.cestarorossi.it\/en\/\",\"logo\":{\"@type\":\"ImageObject\",\"inLanguage\":\"de\",\"@id\":\"https:\/\/www.cestarorossi.it\/en\/#\/schema\/logo\/image\/\",\"url\":\"https:\/\/www.cestarorossi.it\/aggiornato\/wp-content\/uploads\/2022\/07\/Cestaro-Rossi_logo-colori.png\",\"contentUrl\":\"https:\/\/www.cestarorossi.it\/aggiornato\/wp-content\/uploads\/2022\/07\/Cestaro-Rossi_logo-colori.png\",\"width\":343,\"height\":63,\"caption\":\"CestaroRossi\"},\"image\":{\"@id\":\"https:\/\/www.cestarorossi.it\/en\/#\/schema\/logo\/image\/\"}}]}<\/script>\r\n<!-- \/ Yoast SEO plugin. -->","yoast_head_json":{"title":"Schl\u00fcsseleinheiten - CestaroRossi","robots":{"index":"index","follow":"follow","max-snippet":"max-snippet:-1","max-image-preview":"max-image-preview:large","max-video-preview":"max-video-preview:-1"},"canonical":"https:\/\/www.cestarorossi.it\/de\/schluesseleinheiten\/","og_locale":"de_DE","og_type":"article","og_title":"Schl\u00fcsseleinheiten - CestaroRossi","og_description":"DIE SCHL\u00dcSSELEINHEITEN METHODIK \u00a0 \u00a0 DIE SCHL\u00dcSSEL-EINHEITEN Die wichtigsten Einheiten der technischen Direktion f\u00fcr Instandhaltungs- und Verbesserungsma\u00dfnahmen Gruppe von Auftragslotsen Hochprofessionelle Spezialisten widmen sich der [&hellip;] Schl\u00fcsseleinheiten","og_url":"https:\/\/www.cestarorossi.it\/de\/schluesseleinheiten\/","og_site_name":"CestaroRossi","article_modified_time":"2023-01-20T11:18:27+00:00","og_image":[{"url":"https:\/\/www.cestarorossi.it\/aggiornato\/wp-content\/uploads\/2023\/01\/Cestaro-rossi-impianti-8-1200x640-1.jpeg"}],"twitter_card":"summary_large_image","twitter_misc":{"Gesch\u00e4tzte Lesezeit":"4\u00a0Minuten"},"schema":{"@context":"https:\/\/schema.org","@graph":[{"@type":"WebPage","@id":"https:\/\/www.cestarorossi.it\/de\/schluesseleinheiten\/","url":"https:\/\/www.cestarorossi.it\/de\/schluesseleinheiten\/","name":"Schl\u00fcsseleinheiten - CestaroRossi","isPartOf":{"@id":"https:\/\/www.cestarorossi.it\/en\/#website"},"datePublished":"2022-07-10T09:51:04+00:00","dateModified":"2023-01-20T11:18:27+00:00","breadcrumb":{"@id":"https:\/\/www.cestarorossi.it\/de\/schluesseleinheiten\/#breadcrumb"},"inLanguage":"de","potentialAction":[{"@type":"ReadAction","target":["https:\/\/www.cestarorossi.it\/de\/schluesseleinheiten\/"]}]},{"@type":"BreadcrumbList","@id":"https:\/\/www.cestarorossi.it\/de\/schluesseleinheiten\/#breadcrumb","itemListElement":[{"@type":"ListItem","position":1,"name":"Home","item":"https:\/\/www.cestarorossi.it\/de\/"},{"@type":"ListItem","position":2,"name":"Schl\u00fcsseleinheiten"}]},{"@type":"WebSite","@id":"https:\/\/www.cestarorossi.it\/en\/#website","url":"https:\/\/www.cestarorossi.it\/en\/","name":"CestaroRossi","description":"Construction and maintenance in industrial plants since 1921 - italy","publisher":{"@id":"https:\/\/www.cestarorossi.it\/en\/#organization"},"potentialAction":[{"@type":"SearchAction","target":{"@type":"EntryPoint","urlTemplate":"https:\/\/www.cestarorossi.it\/en\/?s={search_term_string}"},"query-input":"required name=search_term_string"}],"inLanguage":"de"},{"@type":"Organization","@id":"https:\/\/www.cestarorossi.it\/en\/#organization","name":"CestaroRossi","url":"https:\/\/www.cestarorossi.it\/en\/","logo":{"@type":"ImageObject","inLanguage":"de","@id":"https:\/\/www.cestarorossi.it\/en\/#\/schema\/logo\/image\/","url":"https:\/\/www.cestarorossi.it\/aggiornato\/wp-content\/uploads\/2022\/07\/Cestaro-Rossi_logo-colori.png","contentUrl":"https:\/\/www.cestarorossi.it\/aggiornato\/wp-content\/uploads\/2022\/07\/Cestaro-Rossi_logo-colori.png","width":343,"height":63,"caption":"CestaroRossi"},"image":{"@id":"https:\/\/www.cestarorossi.it\/en\/#\/schema\/logo\/image\/"}}]}},"_links":{"self":[{"href":"https:\/\/www.cestarorossi.it\/de\/wp-json\/wp\/v2\/pages\/7050"}],"collection":[{"href":"https:\/\/www.cestarorossi.it\/de\/wp-json\/wp\/v2\/pages"}],"about":[{"href":"https:\/\/www.cestarorossi.it\/de\/wp-json\/wp\/v2\/types\/page"}],"author":[{"embeddable":true,"href":"https:\/\/www.cestarorossi.it\/de\/wp-json\/wp\/v2\/users\/1"}],"replies":[{"embeddable":true,"href":"https:\/\/www.cestarorossi.it\/de\/wp-json\/wp\/v2\/comments?post=7050"}],"version-history":[{"count":9,"href":"https:\/\/www.cestarorossi.it\/de\/wp-json\/wp\/v2\/pages\/7050\/revisions"}],"predecessor-version":[{"id":7473,"href":"https:\/\/www.cestarorossi.it\/de\/wp-json\/wp\/v2\/pages\/7050\/revisions\/7473"}],"wp:attachment":[{"href":"https:\/\/www.cestarorossi.it\/de\/wp-json\/wp\/v2\/media?parent=7050"}],"curies":[{"name":"wp","href":"https:\/\/api.w.org\/{rel}","templated":true}]}}