{"id":7047,"date":"2022-07-10T11:49:17","date_gmt":"2022-07-10T09:49:17","guid":{"rendered":"https:\/\/www.cestarorossi.it\/instandhaltung-von-meeresstrukturen\/"},"modified":"2023-01-20T11:02:02","modified_gmt":"2023-01-20T10:02:02","slug":"wartung-von-meereskonstruktionen","status":"publish","type":"page","link":"https:\/\/www.cestarorossi.it\/de\/wartung-von-meereskonstruktionen\/","title":{"rendered":"Wartung von meereskonstruktionen"},"content":{"rendered":"<section class=\"fw-main-row \">\n<div class=\"fw-container unyson_content\">\n<div class=\"container\">\n<div class=\"fw-row\">\n<div class=\"fw-col-xs-12 \">\n<div class=\"fw-heading fw-heading-h1 fw-heading-center fw-heading-w-subtitle fw-heading-alternate \">\n<h1 class=\"fw-special-title\" style=\"text-align: center;\">INSTANDHALTUNG VON MEERESSTRUKTUREN<\/h1>\n<div class=\"fw-special-subtitle\" style=\"text-align: center;\">METHODIK<\/div>\n<p>\u00a0<\/p>\n<\/div>\n<\/div>\n<\/div>\n<\/div>\n<\/div>\n<\/section>\n<section class=\"fw-main-row \">\n<div class=\"fw-container unyson_content\">\n<div class=\"container\">\n<div class=\"fw-row\">\n<div class=\"fw-col-xs-12 \"><img loading=\"lazy\" class=\"alignnone size-full wp-image-7343\" src=\"https:\/\/www.cestarorossi.it\/aggiornato\/wp-content\/uploads\/2023\/01\/cestaro-rossi-marina-1200x640-1.jpeg\" alt=\"\" width=\"1200\" height=\"640\" srcset=\"https:\/\/www.cestarorossi.it\/aggiornato\/wp-content\/uploads\/2023\/01\/cestaro-rossi-marina-1200x640-1.jpeg 1200w, https:\/\/www.cestarorossi.it\/aggiornato\/wp-content\/uploads\/2023\/01\/cestaro-rossi-marina-1200x640-1-300x160.jpeg 300w, https:\/\/www.cestarorossi.it\/aggiornato\/wp-content\/uploads\/2023\/01\/cestaro-rossi-marina-1200x640-1-1024x546.jpeg 1024w, https:\/\/www.cestarorossi.it\/aggiornato\/wp-content\/uploads\/2023\/01\/cestaro-rossi-marina-1200x640-1-768x410.jpeg 768w\" sizes=\"(max-width: 1200px) 100vw, 1200px\" \/><br \/>\n<p>\u00a0<\/p>\n<div class=\"fw-divider-space space-15x\">\u00a0<\/div>\n<\/div>\n<\/div>\n<\/div>\n<\/div>\n<\/section>\n<section class=\"fw-main-row \">\n<div class=\"fw-container unyson_content\">\n<div class=\"container\">\n<div class=\"fw-row\">\n<div class=\"fw-col-xs-12 fw-col-sm-4 \">\n<blockquote>\n<h2 style=\"text-align: left;\"><em><strong><span style=\"color: #256f6b;\">ERD\u00d6LANLEGER<\/span><\/strong><\/em><\/h2>\n<\/blockquote>\n<\/div>\n<div class=\"fw-col-xs-12 fw-col-sm-8 \">\n<ul>\n<li style=\"list-style-type: none;\">\n<ul>\n<li>Wartung, Instandsetzung, Ersatz von Rohrleitungen und Zubeh\u00f6r<\/li>\n<li>Elektrische und instrumentelle Wartung<\/li>\n<li>Wartung von Metallzimmereien<\/li>\n<li>Mechanische, elektrische und instrumentelle Wartung von Liegepl\u00e4tzen<\/li>\n<li>Wartung \/ \u00dcberholung und\/oder Austausch von Produktverlade- und -entladearmen<\/li>\n<\/ul>\n<\/li>\n<\/ul>\n<\/div>\n<\/div>\n<\/div>\n<\/div>\n<\/section>\n<section class=\"fw-main-row \">\n<div class=\"fw-container unyson_content\">\n<div class=\"container\">\n<div class=\"fw-row\">\n<div class=\"fw-col-xs-12 fw-col-sm-4 \">\n<blockquote>\n<h2 style=\"text-align: left;\"><em><strong><span style=\"color: #256f6b;\">BOE-FELD<\/span><\/strong><\/em><\/h2>\n<\/blockquote>\n<\/div>\n<div class=\"fw-col-xs-12 fw-col-sm-8 \">\n<ul class=\"listing\">\n<li>Wartung von Bojenpontons<\/li>\n<li>Demontage, Austausch und Pr\u00fcfung der Verbindungsschn\u00fcre zwischen Schiff und Bojenponton (16&#8243;-Bojenfeld)<\/li>\n<li>Demontage\/Revision und\/oder Austausch von Absperrventilen<\/li>\n<li>Demontage, Austausch und Pr\u00fcfung der Verbindungsschl\u00e4uche zwischen Pontonboje und Unterwassersammelleitung (20&#8243;-Bojenfeld)<\/li>\n<li>Demontage\/Revision und\/oder Austausch von Absperr- und R\u00fcckschlagventilen an Unterwasserverteilern<\/li>\n<li>Ersatz f\u00fcr schwimmende Schlauchleitungen<\/li>\n<li>Wartung und \u00dcberholung von Anlegebojen<\/li>\n<\/ul>\n<\/div>\n<\/div>\n<\/div>\n<\/div>\n<\/section>\n<section class=\"fw-main-row \">\n<div class=\"fw-container unyson_content\">\n<div class=\"container\">\n<div class=\"fw-row\">\n<div class=\"fw-col-xs-12 fw-col-sm-4 \">\n<blockquote>\n<h2 style=\"text-align: left;\"><em><strong><span style=\"color: #256f6b;\">OFFSHORE-PLATTFORM<\/span><\/strong><\/em><\/h2>\n<\/blockquote>\n<\/div>\n<div class=\"fw-col-xs-12 fw-col-sm-8 \">\n<p><strong>Offshore-Plattform f\u00fcr den Empfang\/Versand von Produkten<\/strong><\/p>\n<ul class=\"listing\">\n<li>Wartung von Rohrleitungen und Zubeh\u00f6r (Ventile usw.)<\/li>\n<li>Instandhaltung von Stahlkonstruktionen<\/li>\n<li>Wartung des Schiffsanschlusssystems<\/li>\n<\/ul>\n<p><strong>Alle Eins\u00e4tze werden mit Hilfe von Marineschiffen, schwimmenden Pontons zum Heben und Transportieren, spezialisierten Tauchereinheiten f\u00fcr Arbeiten im Wasser und Sofortma\u00dfnahmen zur Bek\u00e4mpfung von Verschmutzungen durchgef\u00fchrt.<\/strong><\/p>\n<ul>\n<li style=\"list-style-type: none;\">\u00a0<\/li>\n<\/ul>\n<\/div>\n<\/div>\n<\/div>\n<\/div>\n<\/section>\n<p><!-- a7db5fcadfd4109913b452105e73cdd8 --><\/p>\n\n\n<figure class=\"wp-container-2 wp-block-gallery-1 wp-block-gallery has-nested-images columns-2 is-cropped\">\n<figure class=\"wp-block-image size-large\"><img loading=\"lazy\" width=\"1067\" height=\"661\" data-id=\"3917\"  src=\"https:\/\/www.effort-studio.it\/cestaro\/wp-content\/uploads\/2022\/07\/Cestaro-Rossi-Manutenzione-Piattaforma.jpeg\" alt=\"\" class=\"wp-image-3917\" srcset=\"https:\/\/www.cestarorossi.it\/aggiornato\/wp-content\/uploads\/2022\/07\/Cestaro-Rossi-Manutenzione-Piattaforma.jpeg 1067w, https:\/\/www.cestarorossi.it\/aggiornato\/wp-content\/uploads\/2022\/07\/Cestaro-Rossi-Manutenzione-Piattaforma-300x186.jpeg 300w, https:\/\/www.cestarorossi.it\/aggiornato\/wp-content\/uploads\/2022\/07\/Cestaro-Rossi-Manutenzione-Piattaforma-1024x634.jpeg 1024w, https:\/\/www.cestarorossi.it\/aggiornato\/wp-content\/uploads\/2022\/07\/Cestaro-Rossi-Manutenzione-Piattaforma-768x476.jpeg 768w, https:\/\/www.cestarorossi.it\/aggiornato\/wp-content\/uploads\/2022\/07\/Cestaro-Rossi-Manutenzione-Piattaforma-18x12.jpeg 18w, https:\/\/www.cestarorossi.it\/aggiornato\/wp-content\/uploads\/2022\/07\/Cestaro-Rossi-Manutenzione-Piattaforma-600x372.jpeg 600w\" sizes=\"(max-width: 1067px) 100vw, 1067px\" \/><\/figure>\n\n\n\n<figure class=\"wp-block-image size-large\"><img loading=\"lazy\" width=\"1067\" height=\"800\" data-id=\"3916\"  src=\"https:\/\/www.effort-studio.it\/cestaro\/wp-content\/uploads\/2022\/07\/Cestaro-Rossi-taranto-manutenzione-boa-ormeggio1.jpeg\" alt=\"\" class=\"wp-image-3916\" srcset=\"https:\/\/www.cestarorossi.it\/aggiornato\/wp-content\/uploads\/2022\/07\/Cestaro-Rossi-taranto-manutenzione-boa-ormeggio1.jpeg 1067w, https:\/\/www.cestarorossi.it\/aggiornato\/wp-content\/uploads\/2022\/07\/Cestaro-Rossi-taranto-manutenzione-boa-ormeggio1-300x225.jpeg 300w, https:\/\/www.cestarorossi.it\/aggiornato\/wp-content\/uploads\/2022\/07\/Cestaro-Rossi-taranto-manutenzione-boa-ormeggio1-1024x768.jpeg 1024w, https:\/\/www.cestarorossi.it\/aggiornato\/wp-content\/uploads\/2022\/07\/Cestaro-Rossi-taranto-manutenzione-boa-ormeggio1-768x576.jpeg 768w, https:\/\/www.cestarorossi.it\/aggiornato\/wp-content\/uploads\/2022\/07\/Cestaro-Rossi-taranto-manutenzione-boa-ormeggio1-16x12.jpeg 16w, https:\/\/www.cestarorossi.it\/aggiornato\/wp-content\/uploads\/2022\/07\/Cestaro-Rossi-taranto-manutenzione-boa-ormeggio1-600x450.jpeg 600w\" sizes=\"(max-width: 1067px) 100vw, 1067px\" \/><\/figure>\n\n\n\n<figure class=\"wp-block-image size-large\"><img loading=\"lazy\" width=\"1067\" height=\"800\" data-id=\"3915\"  src=\"https:\/\/www.effort-studio.it\/cestaro\/wp-content\/uploads\/2022\/07\/Cestaro-Rossi-taranto-manutenzione-boa-ormeggio2.jpeg\" alt=\"\" class=\"wp-image-3915\" srcset=\"https:\/\/www.cestarorossi.it\/aggiornato\/wp-content\/uploads\/2022\/07\/Cestaro-Rossi-taranto-manutenzione-boa-ormeggio2.jpeg 1067w, https:\/\/www.cestarorossi.it\/aggiornato\/wp-content\/uploads\/2022\/07\/Cestaro-Rossi-taranto-manutenzione-boa-ormeggio2-300x225.jpeg 300w, https:\/\/www.cestarorossi.it\/aggiornato\/wp-content\/uploads\/2022\/07\/Cestaro-Rossi-taranto-manutenzione-boa-ormeggio2-1024x768.jpeg 1024w, https:\/\/www.cestarorossi.it\/aggiornato\/wp-content\/uploads\/2022\/07\/Cestaro-Rossi-taranto-manutenzione-boa-ormeggio2-768x576.jpeg 768w, https:\/\/www.cestarorossi.it\/aggiornato\/wp-content\/uploads\/2022\/07\/Cestaro-Rossi-taranto-manutenzione-boa-ormeggio2-16x12.jpeg 16w, https:\/\/www.cestarorossi.it\/aggiornato\/wp-content\/uploads\/2022\/07\/Cestaro-Rossi-taranto-manutenzione-boa-ormeggio2-600x450.jpeg 600w\" sizes=\"(max-width: 1067px) 100vw, 1067px\" \/><\/figure>\n\n\n\n<figure class=\"wp-block-image size-large\"><img loading=\"lazy\" width=\"1057\" height=\"800\" data-id=\"3914\"  src=\"https:\/\/www.effort-studio.it\/cestaro\/wp-content\/uploads\/2022\/07\/Cestaro-Rossi-taranto-sostituzione-manifold-sealine1.jpeg\" alt=\"\" class=\"wp-image-3914\" srcset=\"https:\/\/www.cestarorossi.it\/aggiornato\/wp-content\/uploads\/2022\/07\/Cestaro-Rossi-taranto-sostituzione-manifold-sealine1.jpeg 1057w, https:\/\/www.cestarorossi.it\/aggiornato\/wp-content\/uploads\/2022\/07\/Cestaro-Rossi-taranto-sostituzione-manifold-sealine1-300x227.jpeg 300w, https:\/\/www.cestarorossi.it\/aggiornato\/wp-content\/uploads\/2022\/07\/Cestaro-Rossi-taranto-sostituzione-manifold-sealine1-1024x775.jpeg 1024w, https:\/\/www.cestarorossi.it\/aggiornato\/wp-content\/uploads\/2022\/07\/Cestaro-Rossi-taranto-sostituzione-manifold-sealine1-768x581.jpeg 768w, https:\/\/www.cestarorossi.it\/aggiornato\/wp-content\/uploads\/2022\/07\/Cestaro-Rossi-taranto-sostituzione-manifold-sealine1-16x12.jpeg 16w, https:\/\/www.cestarorossi.it\/aggiornato\/wp-content\/uploads\/2022\/07\/Cestaro-Rossi-taranto-sostituzione-manifold-sealine1-600x454.jpeg 600w\" sizes=\"(max-width: 1057px) 100vw, 1057px\" \/><\/figure>\n\n\n\n<figure class=\"wp-block-image size-large\"><img loading=\"lazy\" width=\"1067\" height=\"800\" data-id=\"3913\"  src=\"https:\/\/www.effort-studio.it\/cestaro\/wp-content\/uploads\/2022\/07\/Cestaro-Rossi-taranto-sostituzione-manifold-sealine3.jpeg\" alt=\"\" class=\"wp-image-3913\" srcset=\"https:\/\/www.cestarorossi.it\/aggiornato\/wp-content\/uploads\/2022\/07\/Cestaro-Rossi-taranto-sostituzione-manifold-sealine3.jpeg 1067w, https:\/\/www.cestarorossi.it\/aggiornato\/wp-content\/uploads\/2022\/07\/Cestaro-Rossi-taranto-sostituzione-manifold-sealine3-300x225.jpeg 300w, https:\/\/www.cestarorossi.it\/aggiornato\/wp-content\/uploads\/2022\/07\/Cestaro-Rossi-taranto-sostituzione-manifold-sealine3-1024x768.jpeg 1024w, https:\/\/www.cestarorossi.it\/aggiornato\/wp-content\/uploads\/2022\/07\/Cestaro-Rossi-taranto-sostituzione-manifold-sealine3-768x576.jpeg 768w, https:\/\/www.cestarorossi.it\/aggiornato\/wp-content\/uploads\/2022\/07\/Cestaro-Rossi-taranto-sostituzione-manifold-sealine3-16x12.jpeg 16w, https:\/\/www.cestarorossi.it\/aggiornato\/wp-content\/uploads\/2022\/07\/Cestaro-Rossi-taranto-sostituzione-manifold-sealine3-600x450.jpeg 600w\" sizes=\"(max-width: 1067px) 100vw, 1067px\" \/><\/figure>\n\n\n\n<figure class=\"wp-block-image size-large\"><img loading=\"lazy\" width=\"860\" height=\"430\" data-id=\"3912\"  src=\"https:\/\/www.effort-studio.it\/cestaro\/wp-content\/uploads\/2022\/07\/cestaro-rossi-marina.jpeg\" alt=\"\" class=\"wp-image-3912\" srcset=\"https:\/\/www.cestarorossi.it\/aggiornato\/wp-content\/uploads\/2022\/07\/cestaro-rossi-marina.jpeg 860w, https:\/\/www.cestarorossi.it\/aggiornato\/wp-content\/uploads\/2022\/07\/cestaro-rossi-marina-300x150.jpeg 300w, https:\/\/www.cestarorossi.it\/aggiornato\/wp-content\/uploads\/2022\/07\/cestaro-rossi-marina-768x384.jpeg 768w, https:\/\/www.cestarorossi.it\/aggiornato\/wp-content\/uploads\/2022\/07\/cestaro-rossi-marina-18x9.jpeg 18w, https:\/\/www.cestarorossi.it\/aggiornato\/wp-content\/uploads\/2022\/07\/cestaro-rossi-marina-600x300.jpeg 600w\" sizes=\"(max-width: 860px) 100vw, 860px\" \/><\/figure>\n<\/figure>\n","protected":false},"excerpt":{"rendered":"<p>INSTANDHALTUNG VON MEERESSTRUKTUREN METHODIK \u00a0 \u00a0 \u00a0 ERD\u00d6LANLEGER Wartung, Instandsetzung, Ersatz von Rohrleitungen und Zubeh\u00f6r Elektrische und instrumentelle Wartung Wartung von Metallzimmereien Mechanische, elektrische und<span class=\"excerpt-more\"><a href=\"https:\/\/www.cestarorossi.it\/de\/wartung-von-meereskonstruktionen\/\" class=\"more-link\"> [&hellip;] <span class=\"screen-reader-text\">Wartung von meereskonstruktionen<\/span><\/a><\/span><\/p>\n","protected":false},"author":1,"featured_media":0,"parent":0,"menu_order":0,"comment_status":"closed","ping_status":"closed","template":"page-wo-sidebar.php","meta":[],"yoast_head":"<!-- This site is optimized with the Yoast SEO plugin v19.14 - https:\/\/yoast.com\/wordpress\/plugins\/seo\/ -->\r\n<title>Wartung von meereskonstruktionen - CestaroRossi<\/title>\r\n<meta name=\"robots\" content=\"index, follow, max-snippet:-1, max-image-preview:large, max-video-preview:-1\" \/>\r\n<link rel=\"canonical\" href=\"https:\/\/www.cestarorossi.it\/de\/wartung-von-meereskonstruktionen\/\" \/>\r\n<meta property=\"og:locale\" content=\"de_DE\" \/>\r\n<meta property=\"og:type\" content=\"article\" \/>\r\n<meta property=\"og:title\" content=\"Wartung von meereskonstruktionen - CestaroRossi\" \/>\r\n<meta property=\"og:description\" content=\"INSTANDHALTUNG VON MEERESSTRUKTUREN METHODIK \u00a0 \u00a0 \u00a0 ERD\u00d6LANLEGER Wartung, Instandsetzung, Ersatz von Rohrleitungen und Zubeh\u00f6r Elektrische und instrumentelle Wartung Wartung von Metallzimmereien Mechanische, elektrische und [&hellip;] Wartung von meereskonstruktionen\" \/>\r\n<meta property=\"og:url\" content=\"https:\/\/www.cestarorossi.it\/de\/wartung-von-meereskonstruktionen\/\" \/>\r\n<meta property=\"og:site_name\" content=\"CestaroRossi\" \/>\r\n<meta property=\"article:modified_time\" content=\"2023-01-20T10:02:02+00:00\" \/>\r\n<meta property=\"og:image\" content=\"https:\/\/www.cestarorossi.it\/aggiornato\/wp-content\/uploads\/2023\/01\/cestaro-rossi-marina-1200x640-1.jpeg\" \/>\r\n<meta name=\"twitter:card\" content=\"summary_large_image\" \/>\r\n<meta name=\"twitter:label1\" content=\"Gesch\u00e4tzte Lesezeit\" \/>\n\t<meta name=\"twitter:data1\" content=\"3\u00a0Minuten\" \/>\r\n<script type=\"application\/ld+json\" class=\"yoast-schema-graph\">{\"@context\":\"https:\/\/schema.org\",\"@graph\":[{\"@type\":\"WebPage\",\"@id\":\"https:\/\/www.cestarorossi.it\/de\/wartung-von-meereskonstruktionen\/\",\"url\":\"https:\/\/www.cestarorossi.it\/de\/wartung-von-meereskonstruktionen\/\",\"name\":\"Wartung von meereskonstruktionen - CestaroRossi\",\"isPartOf\":{\"@id\":\"https:\/\/www.cestarorossi.it\/en\/#website\"},\"datePublished\":\"2022-07-10T09:49:17+00:00\",\"dateModified\":\"2023-01-20T10:02:02+00:00\",\"breadcrumb\":{\"@id\":\"https:\/\/www.cestarorossi.it\/de\/wartung-von-meereskonstruktionen\/#breadcrumb\"},\"inLanguage\":\"de\",\"potentialAction\":[{\"@type\":\"ReadAction\",\"target\":[\"https:\/\/www.cestarorossi.it\/de\/wartung-von-meereskonstruktionen\/\"]}]},{\"@type\":\"BreadcrumbList\",\"@id\":\"https:\/\/www.cestarorossi.it\/de\/wartung-von-meereskonstruktionen\/#breadcrumb\",\"itemListElement\":[{\"@type\":\"ListItem\",\"position\":1,\"name\":\"Home\",\"item\":\"https:\/\/www.cestarorossi.it\/de\/\"},{\"@type\":\"ListItem\",\"position\":2,\"name\":\"Wartung von meereskonstruktionen\"}]},{\"@type\":\"WebSite\",\"@id\":\"https:\/\/www.cestarorossi.it\/en\/#website\",\"url\":\"https:\/\/www.cestarorossi.it\/en\/\",\"name\":\"CestaroRossi\",\"description\":\"Construction and maintenance in industrial plants since 1921 - italy\",\"publisher\":{\"@id\":\"https:\/\/www.cestarorossi.it\/en\/#organization\"},\"potentialAction\":[{\"@type\":\"SearchAction\",\"target\":{\"@type\":\"EntryPoint\",\"urlTemplate\":\"https:\/\/www.cestarorossi.it\/en\/?s={search_term_string}\"},\"query-input\":\"required name=search_term_string\"}],\"inLanguage\":\"de\"},{\"@type\":\"Organization\",\"@id\":\"https:\/\/www.cestarorossi.it\/en\/#organization\",\"name\":\"CestaroRossi\",\"url\":\"https:\/\/www.cestarorossi.it\/en\/\",\"logo\":{\"@type\":\"ImageObject\",\"inLanguage\":\"de\",\"@id\":\"https:\/\/www.cestarorossi.it\/en\/#\/schema\/logo\/image\/\",\"url\":\"https:\/\/www.cestarorossi.it\/aggiornato\/wp-content\/uploads\/2022\/07\/Cestaro-Rossi_logo-colori.png\",\"contentUrl\":\"https:\/\/www.cestarorossi.it\/aggiornato\/wp-content\/uploads\/2022\/07\/Cestaro-Rossi_logo-colori.png\",\"width\":343,\"height\":63,\"caption\":\"CestaroRossi\"},\"image\":{\"@id\":\"https:\/\/www.cestarorossi.it\/en\/#\/schema\/logo\/image\/\"}}]}<\/script>\r\n<!-- \/ Yoast SEO plugin. -->","yoast_head_json":{"title":"Wartung von meereskonstruktionen - CestaroRossi","robots":{"index":"index","follow":"follow","max-snippet":"max-snippet:-1","max-image-preview":"max-image-preview:large","max-video-preview":"max-video-preview:-1"},"canonical":"https:\/\/www.cestarorossi.it\/de\/wartung-von-meereskonstruktionen\/","og_locale":"de_DE","og_type":"article","og_title":"Wartung von meereskonstruktionen - CestaroRossi","og_description":"INSTANDHALTUNG VON MEERESSTRUKTUREN METHODIK \u00a0 \u00a0 \u00a0 ERD\u00d6LANLEGER Wartung, Instandsetzung, Ersatz von Rohrleitungen und Zubeh\u00f6r Elektrische und instrumentelle Wartung Wartung von Metallzimmereien Mechanische, elektrische und [&hellip;] Wartung von meereskonstruktionen","og_url":"https:\/\/www.cestarorossi.it\/de\/wartung-von-meereskonstruktionen\/","og_site_name":"CestaroRossi","article_modified_time":"2023-01-20T10:02:02+00:00","og_image":[{"url":"https:\/\/www.cestarorossi.it\/aggiornato\/wp-content\/uploads\/2023\/01\/cestaro-rossi-marina-1200x640-1.jpeg"}],"twitter_card":"summary_large_image","twitter_misc":{"Gesch\u00e4tzte Lesezeit":"3\u00a0Minuten"},"schema":{"@context":"https:\/\/schema.org","@graph":[{"@type":"WebPage","@id":"https:\/\/www.cestarorossi.it\/de\/wartung-von-meereskonstruktionen\/","url":"https:\/\/www.cestarorossi.it\/de\/wartung-von-meereskonstruktionen\/","name":"Wartung von meereskonstruktionen - CestaroRossi","isPartOf":{"@id":"https:\/\/www.cestarorossi.it\/en\/#website"},"datePublished":"2022-07-10T09:49:17+00:00","dateModified":"2023-01-20T10:02:02+00:00","breadcrumb":{"@id":"https:\/\/www.cestarorossi.it\/de\/wartung-von-meereskonstruktionen\/#breadcrumb"},"inLanguage":"de","potentialAction":[{"@type":"ReadAction","target":["https:\/\/www.cestarorossi.it\/de\/wartung-von-meereskonstruktionen\/"]}]},{"@type":"BreadcrumbList","@id":"https:\/\/www.cestarorossi.it\/de\/wartung-von-meereskonstruktionen\/#breadcrumb","itemListElement":[{"@type":"ListItem","position":1,"name":"Home","item":"https:\/\/www.cestarorossi.it\/de\/"},{"@type":"ListItem","position":2,"name":"Wartung von meereskonstruktionen"}]},{"@type":"WebSite","@id":"https:\/\/www.cestarorossi.it\/en\/#website","url":"https:\/\/www.cestarorossi.it\/en\/","name":"CestaroRossi","description":"Construction and maintenance in industrial plants since 1921 - italy","publisher":{"@id":"https:\/\/www.cestarorossi.it\/en\/#organization"},"potentialAction":[{"@type":"SearchAction","target":{"@type":"EntryPoint","urlTemplate":"https:\/\/www.cestarorossi.it\/en\/?s={search_term_string}"},"query-input":"required name=search_term_string"}],"inLanguage":"de"},{"@type":"Organization","@id":"https:\/\/www.cestarorossi.it\/en\/#organization","name":"CestaroRossi","url":"https:\/\/www.cestarorossi.it\/en\/","logo":{"@type":"ImageObject","inLanguage":"de","@id":"https:\/\/www.cestarorossi.it\/en\/#\/schema\/logo\/image\/","url":"https:\/\/www.cestarorossi.it\/aggiornato\/wp-content\/uploads\/2022\/07\/Cestaro-Rossi_logo-colori.png","contentUrl":"https:\/\/www.cestarorossi.it\/aggiornato\/wp-content\/uploads\/2022\/07\/Cestaro-Rossi_logo-colori.png","width":343,"height":63,"caption":"CestaroRossi"},"image":{"@id":"https:\/\/www.cestarorossi.it\/en\/#\/schema\/logo\/image\/"}}]}},"_links":{"self":[{"href":"https:\/\/www.cestarorossi.it\/de\/wp-json\/wp\/v2\/pages\/7047"}],"collection":[{"href":"https:\/\/www.cestarorossi.it\/de\/wp-json\/wp\/v2\/pages"}],"about":[{"href":"https:\/\/www.cestarorossi.it\/de\/wp-json\/wp\/v2\/types\/page"}],"author":[{"embeddable":true,"href":"https:\/\/www.cestarorossi.it\/de\/wp-json\/wp\/v2\/users\/1"}],"replies":[{"embeddable":true,"href":"https:\/\/www.cestarorossi.it\/de\/wp-json\/wp\/v2\/comments?post=7047"}],"version-history":[{"count":2,"href":"https:\/\/www.cestarorossi.it\/de\/wp-json\/wp\/v2\/pages\/7047\/revisions"}],"predecessor-version":[{"id":7363,"href":"https:\/\/www.cestarorossi.it\/de\/wp-json\/wp\/v2\/pages\/7047\/revisions\/7363"}],"wp:attachment":[{"href":"https:\/\/www.cestarorossi.it\/de\/wp-json\/wp\/v2\/media?parent=7047"}],"curies":[{"name":"wp","href":"https:\/\/api.w.org\/{rel}","templated":true}]}}