{"id":7043,"date":"2022-07-10T11:50:32","date_gmt":"2022-07-10T09:50:32","guid":{"rendered":"https:\/\/www.cestarorossi.it\/abteilung-fur-elektrotechnische-instrumente\/"},"modified":"2023-01-20T11:46:32","modified_gmt":"2023-01-20T10:46:32","slug":"elektro-instrumenten-abteilung","status":"publish","type":"page","link":"https:\/\/www.cestarorossi.it\/de\/elektro-instrumenten-abteilung\/","title":{"rendered":"Elektro-instrumenten abteilung"},"content":{"rendered":"<section class=\"fw-main-row \">\n<div class=\"fw-container unyson_content\">\n<div class=\"container\">\n<div class=\"fw-row\">\n<div class=\"fw-col-xs-12 \">\n<div class=\"fw-heading fw-heading-h1 fw-heading-center fw-heading-w-subtitle fw-heading-alternate \">\n<h1 class=\"fw-special-title\" style=\"text-align: center;\">ELEKTRO-INSTRUMENTEN ABTEILUNG<\/h1>\n<div class=\"fw-special-subtitle\" style=\"text-align: center;\">METHODIK<\/div>\n<\/div>\n<div class=\"fw-divider-space space-25x\"><\/div>\n<\/div>\n<\/div>\n<\/div>\n<\/div>\n<\/section>\n<section class=\"fw-main-row \">\n<div class=\"fw-container unyson_content\">\n<div class=\"container\">\n<div class=\"fw-row\">\n<div class=\"fw-col-xs-12 \"><img loading=\"lazy\" class=\"alignnone size-full wp-image-7373\" src=\"https:\/\/www.cestarorossi.it\/aggiornato\/wp-content\/uploads\/2023\/01\/cestaro-rossi-Attivita_2-1200x640-1.jpeg\" alt=\"\" width=\"1200\" height=\"640\" srcset=\"https:\/\/www.cestarorossi.it\/aggiornato\/wp-content\/uploads\/2023\/01\/cestaro-rossi-Attivita_2-1200x640-1.jpeg 1200w, https:\/\/www.cestarorossi.it\/aggiornato\/wp-content\/uploads\/2023\/01\/cestaro-rossi-Attivita_2-1200x640-1-300x160.jpeg 300w, https:\/\/www.cestarorossi.it\/aggiornato\/wp-content\/uploads\/2023\/01\/cestaro-rossi-Attivita_2-1200x640-1-1024x546.jpeg 1024w, https:\/\/www.cestarorossi.it\/aggiornato\/wp-content\/uploads\/2023\/01\/cestaro-rossi-Attivita_2-1200x640-1-768x410.jpeg 768w\" sizes=\"(max-width: 1200px) 100vw, 1200px\" \/><\/p>\n<div class=\"fw-divider-space space-15x\"><\/div>\n<\/div>\n<\/div>\n<\/div>\n<\/div>\n<\/section>\n<section class=\"fw-main-row \">\n<div class=\"fw-container unyson_content\">\n<div class=\"container\">\n<div class=\"fw-row\">\n<div class=\"fw-col-xs-12 fw-col-sm-4 \">\n<blockquote>\n<h2 style=\"text-align: left;\"><em><strong><span style=\"color: #256f6b;\">EINRICHTUNGEN &#8211; WO WIR T\u00c4TIG SIND<\/span><\/strong><\/em><\/h2>\n<\/blockquote>\n<\/div>\n<div class=\"fw-col-xs-12 fw-col-sm-4 \">\n<ul>\n<li>Raffinerien<\/li>\n<li>Kernkraftwerke<\/li>\n<li>Petrochemische Anlagen<\/li>\n<li>Pharmazeutische Werke<\/li>\n<li>Industrielle Anlagen<\/li>\n<li>Aqu\u00e4dukte (allgemein)<\/li>\n<li>Kraftwerke<\/li>\n<li>Flugh\u00e4fen<\/li>\n<\/ul>\n<\/div>\n<div class=\"fw-col-xs-12 fw-col-sm-4 \">\n<ul>\n<li>Betankungsstationen<\/li>\n<li>Photovoltaik- und Biomassekraftwerke<\/li>\n<li>Hebezeuge<\/li>\n<li>Chemiewerke<\/li>\n<li>Industrieanlagen (im Allgemeinen)<\/li>\n<li>Zivile Einrichtungen<\/li>\n<li>Energieeinsparung (ESCO)<\/li>\n<\/ul>\n<\/div>\n<\/div>\n<div class=\"fw-row\">\n<div class=\"fw-col-xs-12 \">\n<div class=\"fw-divider-space space-25x\"><\/div>\n<\/div>\n<\/div>\n<\/div>\n<\/div>\n<\/section>\n<section class=\"fw-main-row \">\n<div class=\"fw-container unyson_content\">\n<div class=\"container\">\n<div class=\"fw-row\"><img loading=\"lazy\" class=\"wp-image-7393 alignright\" src=\"https:\/\/www.cestarorossi.it\/aggiornato\/wp-content\/uploads\/2023\/01\/3-cestaro-rossi-Attivita_1-860x430-1.jpeg\" alt=\"\" width=\"388\" height=\"194\" srcset=\"https:\/\/www.cestarorossi.it\/aggiornato\/wp-content\/uploads\/2023\/01\/3-cestaro-rossi-Attivita_1-860x430-1.jpeg 860w, https:\/\/www.cestarorossi.it\/aggiornato\/wp-content\/uploads\/2023\/01\/3-cestaro-rossi-Attivita_1-860x430-1-300x150.jpeg 300w, https:\/\/www.cestarorossi.it\/aggiornato\/wp-content\/uploads\/2023\/01\/3-cestaro-rossi-Attivita_1-860x430-1-768x384.jpeg 768w\" sizes=\"(max-width: 388px) 100vw, 388px\" \/><br \/>\n<img loading=\"lazy\" class=\"alignnone  wp-image-7377\" src=\"https:\/\/www.cestarorossi.it\/aggiornato\/wp-content\/uploads\/2023\/01\/2-cestaro-rossi-divisione-elettrostrumentale-860x430-1.jpeg\" alt=\"\" width=\"402\" height=\"201\" srcset=\"https:\/\/www.cestarorossi.it\/aggiornato\/wp-content\/uploads\/2023\/01\/2-cestaro-rossi-divisione-elettrostrumentale-860x430-1.jpeg 860w, https:\/\/www.cestarorossi.it\/aggiornato\/wp-content\/uploads\/2023\/01\/2-cestaro-rossi-divisione-elettrostrumentale-860x430-1-300x150.jpeg 300w, https:\/\/www.cestarorossi.it\/aggiornato\/wp-content\/uploads\/2023\/01\/2-cestaro-rossi-divisione-elettrostrumentale-860x430-1-768x384.jpeg 768w\" sizes=\"(max-width: 402px) 100vw, 402px\" \/><\/div>\n<\/div>\n<\/div>\n<\/section>\n<section class=\"fw-main-row \">\n<div class=\"fw-container unyson_content\">\n<div class=\"container\">\n<div class=\"fw-row\">\n<div class=\"fw-col-xs-12 \">\n<div class=\"fw-divider-space space-20x\"><\/div>\n<\/div>\n<\/div>\n<\/div>\n<\/div>\n<\/section>\n<section class=\"fw-main-row \">\n<div class=\"fw-container unyson_content\">\n<div class=\"container\">\n<div class=\"fw-row\">\n<div class=\"fw-col-xs-12 fw-col-sm-4 \">\n<blockquote>\n<h2><span style=\"color: #256f6b;\"><em><strong>AUSGEF\u00dcHRTE T\u00c4TIGKEITEN<\/strong><\/em><\/span><\/h2>\n<\/blockquote>\n<\/div>\n<div class=\"fw-col-xs-12 fw-col-sm-4 \">\n<p><strong>Elektrische Anlagen<\/strong><\/p>\n<div class=\"row\">\n<div class=\"span4\">\n<ul class=\"listing\">\n<li>Lieferung und Ausf\u00fchrung von elektrischen Hoch-, Mittel- und Niederspannungsanlagen und -kabinen<\/li>\n<li>Wartung (pr\u00e4ventiv und planm\u00e4\u00dfig) von elektrischen und technischen Anlagen<\/li>\n<li>Fernsteuerungs- und \u00dcberwachungssysteme<\/li>\n<li>Industrielle Automatisierungssysteme<\/li>\n<li>Explosionsgesch\u00fctzte elektrische Anlagen<\/li>\n<li>Rauch- und Gasmeldesysteme<\/li>\n<li>Elektroinstallationen im Bau- und Wohnungswesen<\/li>\n<li>Alarm- und \u00dcberwachungssysteme<\/li>\n<li>Lieferung und Verlegung von Kabeln und elektrischem Material<\/li>\n<li>Tests<\/li>\n<\/ul>\n<\/div>\n<\/div>\n<\/div>\n<div class=\"fw-col-xs-12 fw-col-sm-4 \">\n<p><strong>Instrumentierung und Analyse<\/strong><\/p>\n<div class=\"row\">\n<div class=\"span4\">\n<ul class=\"listing\">\n<li>Elektro-Instrumentelle Anlagen<\/li>\n<li>Analyse (Gaschromatographen, Ph-Meter, usw.)<\/li>\n<li>Wartung (pr\u00e4ventiv und planm\u00e4\u00dfig) der instrumentellen Ausr\u00fcstung<\/li>\n<li>Elektropneumatische Systeme<\/li>\n<li>Industrielle Messtechnik im Allgemeinen<\/li>\n<li>Fortgeschrittene elektronische Instrumentierung<\/li>\n<li>Verwaltungssoftware<\/li>\n<\/ul>\n<\/div>\n<\/div>\n<\/div>\n<\/div>\n<div class=\"fw-row\">\n<div class=\"fw-col-xs-12 \">\n<div class=\"fw-divider-space space-25x\"><\/div>\n<\/div>\n<\/div>\n<\/div>\n<\/div>\n<\/section>\n<section class=\"fw-main-row \">\n<div class=\"fw-container unyson_content\">\n<div class=\"container\">\n<div class=\"fw-row\"><img loading=\"lazy\" class=\"alignnone  wp-image-7385\" src=\"https:\/\/www.cestarorossi.it\/aggiornato\/wp-content\/uploads\/2023\/01\/5-cestaro-rossi-Attivita_6-862x644-1.jpeg\" alt=\"\" width=\"369\" height=\"276\" srcset=\"https:\/\/www.cestarorossi.it\/aggiornato\/wp-content\/uploads\/2023\/01\/5-cestaro-rossi-Attivita_6-862x644-1.jpeg 862w, https:\/\/www.cestarorossi.it\/aggiornato\/wp-content\/uploads\/2023\/01\/5-cestaro-rossi-Attivita_6-862x644-1-300x224.jpeg 300w, https:\/\/www.cestarorossi.it\/aggiornato\/wp-content\/uploads\/2023\/01\/5-cestaro-rossi-Attivita_6-862x644-1-768x574.jpeg 768w\" sizes=\"(max-width: 369px) 100vw, 369px\" \/><img loading=\"lazy\" class=\"wp-image-7389 alignright\" src=\"https:\/\/www.cestarorossi.it\/aggiornato\/wp-content\/uploads\/2023\/01\/4-cestaro-rossi-Attivita_3-862x644-1.jpeg\" alt=\"\" width=\"365\" height=\"273\" srcset=\"https:\/\/www.cestarorossi.it\/aggiornato\/wp-content\/uploads\/2023\/01\/4-cestaro-rossi-Attivita_3-862x644-1.jpeg 862w, https:\/\/www.cestarorossi.it\/aggiornato\/wp-content\/uploads\/2023\/01\/4-cestaro-rossi-Attivita_3-862x644-1-300x224.jpeg 300w, https:\/\/www.cestarorossi.it\/aggiornato\/wp-content\/uploads\/2023\/01\/4-cestaro-rossi-Attivita_3-862x644-1-768x574.jpeg 768w\" sizes=\"(max-width: 365px) 100vw, 365px\" \/><\/p>\n<\/div>\n<\/div>\n<\/div>\n<\/section>\n<section class=\"fw-main-row \">\n<div class=\"fw-container unyson_content\">\n<div class=\"container\">\n<div class=\"fw-row\">\n<div class=\"fw-col-xs-12 \">\n<div class=\"fw-divider-space space-15x\"><\/div>\n<\/div>\n<\/div>\n<\/div>\n<\/div>\n<\/section>\n<section class=\"fw-main-row \">\n<div class=\"fw-container unyson_content\">\n<div class=\"container\">\n<div class=\"fw-row\">\n<div class=\"fw-col-xs-12 fw-col-sm-4 \"><\/div>\n<div class=\"fw-col-xs-12 fw-col-sm-4 \">\n<p><strong>Konstruktion des Rahmens<\/strong><\/p>\n<div class=\"row\">\n<div class=\"span4\">\n<ul class=\"listing\">\n<li>Planung, Lieferung und Installation von elektrischen Befehls- und Kontrolltafeln<\/li>\n<li>Planung, Lieferung und Installation von Elektroverteilern<\/li>\n<li>Leistungszentrum<\/li>\n<li>Motorenkontrollzentrum<\/li>\n<li>Wartung der Telefonzentrale<\/li>\n<\/ul>\n<\/div>\n<\/div>\n<\/div>\n<div class=\"fw-col-xs-12 fw-col-sm-4 \">\n<p><strong>Technische Dienstleistungen<\/strong><\/p>\n<div class=\"row\">\n<div class=\"span4\">\n<ul class=\"listing\">\n<li>Entwurf und Dimensionierung von Schalttafeln<\/li>\n<li>Planung von industriellen und zivilen Anlagen<\/li>\n<li>Komplette Planung einer Photovoltaikanlage (&gt;= 1MWp)<\/li>\n<li>Beratung und technische Unterst\u00fctzung f\u00fcr Schiffbauaktivit\u00e4ten<\/li>\n<\/ul>\n<\/div>\n<\/div>\n<\/div>\n<\/div>\n<div class=\"fw-row\">\n<div class=\"fw-col-xs-12 \">\n<div class=\"fw-divider-space space-25x\"><\/div>\n<\/div>\n<\/div>\n<\/div>\n<\/div>\n<\/section>\n<section class=\"fw-main-row \">\n<div class=\"fw-container unyson_content\">\n<div class=\"container\">\n<div class=\"fw-row\">\n<div class=\"fw-col-xs-12 fw-col-sm-3 \">\n<blockquote>\n<h2><span style=\"color: #256f6b;\"><em><strong>GLOBALER DIENST<\/strong><\/em><\/span><\/h2>\n<\/blockquote>\n<\/div>\n<p><img loading=\"lazy\" class=\"alignnone  wp-image-7381\" src=\"https:\/\/www.cestarorossi.it\/aggiornato\/wp-content\/uploads\/2023\/01\/6-cestaro-rossi-Attivita_5-500x400-1.jpeg\" alt=\"\" width=\"299\" height=\"246\" \/><\/p>\n<ul class=\"listing\">\n<li>Fotovoltaikanlagen: Planung, Lieferung und Installation des gesamten Fotovoltaikbereichs mit einer Leistung von mindestens 1 MWp in Bezug auf Planung, Bauarbeiten, mechanische und elektrische Arbeiten<\/li>\n<li>Tankstellen: Bauarbeiten, mechanische und elektrische Arbeiten f\u00fcr den Bau oder Umbau von Tankstellen<\/li>\n<\/ul>\n<div class=\"fw-col-xs-12 fw-col-sm-4 \"><\/div>\n<\/div>\n<\/div>\n<\/div>\n<\/section>\n<section class=\"fw-main-row \">\n<div class=\"fw-container unyson_content\">\n<div class=\"container\">\n<div class=\"fw-row\">\n<div class=\"fw-col-xs-12 \"><\/div>\n<\/div>\n<\/div>\n<\/div>\n<\/section>\n<p><!-- 14c03f826c60a0fb76e18b4a4c8ce31c --><\/p>\n","protected":false},"excerpt":{"rendered":"<p>ELEKTRO-INSTRUMENTEN ABTEILUNG METHODIK EINRICHTUNGEN &#8211; WO WIR T\u00c4TIG SIND Raffinerien Kernkraftwerke Petrochemische Anlagen Pharmazeutische Werke Industrielle Anlagen Aqu\u00e4dukte (allgemein) Kraftwerke Flugh\u00e4fen Betankungsstationen Photovoltaik- und Biomassekraftwerke<span class=\"excerpt-more\"><a href=\"https:\/\/www.cestarorossi.it\/de\/elektro-instrumenten-abteilung\/\" class=\"more-link\"> [&hellip;] <span class=\"screen-reader-text\">Elektro-instrumenten abteilung<\/span><\/a><\/span><\/p>\n","protected":false},"author":1,"featured_media":0,"parent":0,"menu_order":0,"comment_status":"closed","ping_status":"closed","template":"page-wo-sidebar.php","meta":[],"yoast_head":"<!-- This site is optimized with the Yoast SEO plugin v19.14 - https:\/\/yoast.com\/wordpress\/plugins\/seo\/ -->\r\n<title>Elektro-instrumenten abteilung - CestaroRossi<\/title>\r\n<meta name=\"robots\" content=\"index, follow, max-snippet:-1, max-image-preview:large, max-video-preview:-1\" \/>\r\n<link rel=\"canonical\" href=\"https:\/\/www.cestarorossi.it\/de\/elektro-instrumenten-abteilung\/\" \/>\r\n<meta property=\"og:locale\" content=\"de_DE\" \/>\r\n<meta property=\"og:type\" content=\"article\" \/>\r\n<meta property=\"og:title\" content=\"Elektro-instrumenten abteilung - CestaroRossi\" \/>\r\n<meta property=\"og:description\" content=\"ELEKTRO-INSTRUMENTEN ABTEILUNG METHODIK EINRICHTUNGEN &#8211; WO WIR T\u00c4TIG SIND Raffinerien Kernkraftwerke Petrochemische Anlagen Pharmazeutische Werke Industrielle Anlagen Aqu\u00e4dukte (allgemein) Kraftwerke Flugh\u00e4fen Betankungsstationen Photovoltaik- und Biomassekraftwerke [&hellip;] Elektro-instrumenten abteilung\" \/>\r\n<meta property=\"og:url\" content=\"https:\/\/www.cestarorossi.it\/de\/elektro-instrumenten-abteilung\/\" \/>\r\n<meta property=\"og:site_name\" content=\"CestaroRossi\" \/>\r\n<meta property=\"article:modified_time\" content=\"2023-01-20T10:46:32+00:00\" \/>\r\n<meta property=\"og:image\" content=\"https:\/\/www.cestarorossi.it\/aggiornato\/wp-content\/uploads\/2023\/01\/cestaro-rossi-Attivita_2-1200x640-1.jpeg\" \/>\r\n<meta name=\"twitter:card\" content=\"summary_large_image\" \/>\r\n<meta name=\"twitter:label1\" content=\"Gesch\u00e4tzte Lesezeit\" \/>\n\t<meta name=\"twitter:data1\" content=\"3\u00a0Minuten\" \/>\r\n<script type=\"application\/ld+json\" class=\"yoast-schema-graph\">{\"@context\":\"https:\/\/schema.org\",\"@graph\":[{\"@type\":\"WebPage\",\"@id\":\"https:\/\/www.cestarorossi.it\/de\/elektro-instrumenten-abteilung\/\",\"url\":\"https:\/\/www.cestarorossi.it\/de\/elektro-instrumenten-abteilung\/\",\"name\":\"Elektro-instrumenten abteilung - CestaroRossi\",\"isPartOf\":{\"@id\":\"https:\/\/www.cestarorossi.it\/en\/#website\"},\"datePublished\":\"2022-07-10T09:50:32+00:00\",\"dateModified\":\"2023-01-20T10:46:32+00:00\",\"breadcrumb\":{\"@id\":\"https:\/\/www.cestarorossi.it\/de\/elektro-instrumenten-abteilung\/#breadcrumb\"},\"inLanguage\":\"de\",\"potentialAction\":[{\"@type\":\"ReadAction\",\"target\":[\"https:\/\/www.cestarorossi.it\/de\/elektro-instrumenten-abteilung\/\"]}]},{\"@type\":\"BreadcrumbList\",\"@id\":\"https:\/\/www.cestarorossi.it\/de\/elektro-instrumenten-abteilung\/#breadcrumb\",\"itemListElement\":[{\"@type\":\"ListItem\",\"position\":1,\"name\":\"Home\",\"item\":\"https:\/\/www.cestarorossi.it\/de\/\"},{\"@type\":\"ListItem\",\"position\":2,\"name\":\"Elektro-instrumenten abteilung\"}]},{\"@type\":\"WebSite\",\"@id\":\"https:\/\/www.cestarorossi.it\/en\/#website\",\"url\":\"https:\/\/www.cestarorossi.it\/en\/\",\"name\":\"CestaroRossi\",\"description\":\"Construction and maintenance in industrial plants since 1921 - italy\",\"publisher\":{\"@id\":\"https:\/\/www.cestarorossi.it\/en\/#organization\"},\"potentialAction\":[{\"@type\":\"SearchAction\",\"target\":{\"@type\":\"EntryPoint\",\"urlTemplate\":\"https:\/\/www.cestarorossi.it\/en\/?s={search_term_string}\"},\"query-input\":\"required name=search_term_string\"}],\"inLanguage\":\"de\"},{\"@type\":\"Organization\",\"@id\":\"https:\/\/www.cestarorossi.it\/en\/#organization\",\"name\":\"CestaroRossi\",\"url\":\"https:\/\/www.cestarorossi.it\/en\/\",\"logo\":{\"@type\":\"ImageObject\",\"inLanguage\":\"de\",\"@id\":\"https:\/\/www.cestarorossi.it\/en\/#\/schema\/logo\/image\/\",\"url\":\"https:\/\/www.cestarorossi.it\/aggiornato\/wp-content\/uploads\/2022\/07\/Cestaro-Rossi_logo-colori.png\",\"contentUrl\":\"https:\/\/www.cestarorossi.it\/aggiornato\/wp-content\/uploads\/2022\/07\/Cestaro-Rossi_logo-colori.png\",\"width\":343,\"height\":63,\"caption\":\"CestaroRossi\"},\"image\":{\"@id\":\"https:\/\/www.cestarorossi.it\/en\/#\/schema\/logo\/image\/\"}}]}<\/script>\r\n<!-- \/ Yoast SEO plugin. -->","yoast_head_json":{"title":"Elektro-instrumenten abteilung - CestaroRossi","robots":{"index":"index","follow":"follow","max-snippet":"max-snippet:-1","max-image-preview":"max-image-preview:large","max-video-preview":"max-video-preview:-1"},"canonical":"https:\/\/www.cestarorossi.it\/de\/elektro-instrumenten-abteilung\/","og_locale":"de_DE","og_type":"article","og_title":"Elektro-instrumenten abteilung - CestaroRossi","og_description":"ELEKTRO-INSTRUMENTEN ABTEILUNG METHODIK EINRICHTUNGEN &#8211; WO WIR T\u00c4TIG SIND Raffinerien Kernkraftwerke Petrochemische Anlagen Pharmazeutische Werke Industrielle Anlagen Aqu\u00e4dukte (allgemein) Kraftwerke Flugh\u00e4fen Betankungsstationen Photovoltaik- und Biomassekraftwerke [&hellip;] Elektro-instrumenten abteilung","og_url":"https:\/\/www.cestarorossi.it\/de\/elektro-instrumenten-abteilung\/","og_site_name":"CestaroRossi","article_modified_time":"2023-01-20T10:46:32+00:00","og_image":[{"url":"https:\/\/www.cestarorossi.it\/aggiornato\/wp-content\/uploads\/2023\/01\/cestaro-rossi-Attivita_2-1200x640-1.jpeg"}],"twitter_card":"summary_large_image","twitter_misc":{"Gesch\u00e4tzte Lesezeit":"3\u00a0Minuten"},"schema":{"@context":"https:\/\/schema.org","@graph":[{"@type":"WebPage","@id":"https:\/\/www.cestarorossi.it\/de\/elektro-instrumenten-abteilung\/","url":"https:\/\/www.cestarorossi.it\/de\/elektro-instrumenten-abteilung\/","name":"Elektro-instrumenten abteilung - CestaroRossi","isPartOf":{"@id":"https:\/\/www.cestarorossi.it\/en\/#website"},"datePublished":"2022-07-10T09:50:32+00:00","dateModified":"2023-01-20T10:46:32+00:00","breadcrumb":{"@id":"https:\/\/www.cestarorossi.it\/de\/elektro-instrumenten-abteilung\/#breadcrumb"},"inLanguage":"de","potentialAction":[{"@type":"ReadAction","target":["https:\/\/www.cestarorossi.it\/de\/elektro-instrumenten-abteilung\/"]}]},{"@type":"BreadcrumbList","@id":"https:\/\/www.cestarorossi.it\/de\/elektro-instrumenten-abteilung\/#breadcrumb","itemListElement":[{"@type":"ListItem","position":1,"name":"Home","item":"https:\/\/www.cestarorossi.it\/de\/"},{"@type":"ListItem","position":2,"name":"Elektro-instrumenten abteilung"}]},{"@type":"WebSite","@id":"https:\/\/www.cestarorossi.it\/en\/#website","url":"https:\/\/www.cestarorossi.it\/en\/","name":"CestaroRossi","description":"Construction and maintenance in industrial plants since 1921 - italy","publisher":{"@id":"https:\/\/www.cestarorossi.it\/en\/#organization"},"potentialAction":[{"@type":"SearchAction","target":{"@type":"EntryPoint","urlTemplate":"https:\/\/www.cestarorossi.it\/en\/?s={search_term_string}"},"query-input":"required name=search_term_string"}],"inLanguage":"de"},{"@type":"Organization","@id":"https:\/\/www.cestarorossi.it\/en\/#organization","name":"CestaroRossi","url":"https:\/\/www.cestarorossi.it\/en\/","logo":{"@type":"ImageObject","inLanguage":"de","@id":"https:\/\/www.cestarorossi.it\/en\/#\/schema\/logo\/image\/","url":"https:\/\/www.cestarorossi.it\/aggiornato\/wp-content\/uploads\/2022\/07\/Cestaro-Rossi_logo-colori.png","contentUrl":"https:\/\/www.cestarorossi.it\/aggiornato\/wp-content\/uploads\/2022\/07\/Cestaro-Rossi_logo-colori.png","width":343,"height":63,"caption":"CestaroRossi"},"image":{"@id":"https:\/\/www.cestarorossi.it\/en\/#\/schema\/logo\/image\/"}}]}},"_links":{"self":[{"href":"https:\/\/www.cestarorossi.it\/de\/wp-json\/wp\/v2\/pages\/7043"}],"collection":[{"href":"https:\/\/www.cestarorossi.it\/de\/wp-json\/wp\/v2\/pages"}],"about":[{"href":"https:\/\/www.cestarorossi.it\/de\/wp-json\/wp\/v2\/types\/page"}],"author":[{"embeddable":true,"href":"https:\/\/www.cestarorossi.it\/de\/wp-json\/wp\/v2\/users\/1"}],"replies":[{"embeddable":true,"href":"https:\/\/www.cestarorossi.it\/de\/wp-json\/wp\/v2\/comments?post=7043"}],"version-history":[{"count":8,"href":"https:\/\/www.cestarorossi.it\/de\/wp-json\/wp\/v2\/pages\/7043\/revisions"}],"predecessor-version":[{"id":7404,"href":"https:\/\/www.cestarorossi.it\/de\/wp-json\/wp\/v2\/pages\/7043\/revisions\/7404"}],"wp:attachment":[{"href":"https:\/\/www.cestarorossi.it\/de\/wp-json\/wp\/v2\/media?parent=7043"}],"curies":[{"name":"wp","href":"https:\/\/api.w.org\/{rel}","templated":true}]}}