{"id":7042,"date":"2022-07-10T11:49:49","date_gmt":"2022-07-10T09:49:49","guid":{"rendered":"https:\/\/www.cestarorossi.it\/baukufen\/"},"modified":"2023-01-20T10:36:28","modified_gmt":"2023-01-20T09:36:28","slug":"skids-konstruktionen","status":"publish","type":"page","link":"https:\/\/www.cestarorossi.it\/de\/skids-konstruktionen\/","title":{"rendered":"Skids konstruktionen"},"content":{"rendered":"<section class=\"fw-main-row \">\n<div class=\"fw-container unyson_content\">\n<div class=\"container\">\n<div class=\"fw-row\">\n<div class=\"fw-col-xs-12 \">\n<div class=\"fw-heading fw-heading-h1 fw-heading-center fw-heading-w-subtitle fw-heading-alternate \">\n<h1 class=\"fw-special-title\" style=\"text-align: center;\">SKIDS KONSTRUKTIONEN<\/h1>\n<div class=\"fw-special-subtitle\" style=\"text-align: center;\">METHODIK<\/div>\n<\/div>\n<div class=\"fw-divider-space space-25x\"><\/div>\n<\/div>\n<\/div>\n<\/div>\n<\/div>\n<\/section>\n<section class=\"fw-main-row \">\n<div class=\"fw-container unyson_content\">\n<div class=\"container\">\n<div class=\"fw-row\">\n<div class=\"fw-col-xs-12 \"><img loading=\"lazy\" class=\"alignnone size-full wp-image-7348\" src=\"https:\/\/www.cestarorossi.it\/aggiornato\/wp-content\/uploads\/2023\/01\/Cestaro-rossi-impianti-8-1200x640-1.jpeg\" alt=\"\" width=\"1200\" height=\"640\" srcset=\"https:\/\/www.cestarorossi.it\/aggiornato\/wp-content\/uploads\/2023\/01\/Cestaro-rossi-impianti-8-1200x640-1.jpeg 1200w, https:\/\/www.cestarorossi.it\/aggiornato\/wp-content\/uploads\/2023\/01\/Cestaro-rossi-impianti-8-1200x640-1-300x160.jpeg 300w, https:\/\/www.cestarorossi.it\/aggiornato\/wp-content\/uploads\/2023\/01\/Cestaro-rossi-impianti-8-1200x640-1-1024x546.jpeg 1024w, https:\/\/www.cestarorossi.it\/aggiornato\/wp-content\/uploads\/2023\/01\/Cestaro-rossi-impianti-8-1200x640-1-768x410.jpeg 768w\" sizes=\"(max-width: 1200px) 100vw, 1200px\" \/><\/p>\n<div class=\"fw-divider-space space-15x\"><\/div>\n<\/div>\n<\/div>\n<\/div>\n<\/div>\n<\/section>\n<section class=\"fw-main-row \">\n<div class=\"fw-container unyson_content\">\n<div class=\"container\">\n<div class=\"fw-row\">\n<div class=\"fw-col-xs-12 fw-col-sm-4 \">\n<blockquote>\n<h2 style=\"text-align: left;\"><em><strong><span style=\"color: #256f6b;\">BAUKUFEN<\/span><\/strong><\/em><\/h2>\n<\/blockquote>\n<\/div>\n<div class=\"fw-col-xs-12 fw-col-sm-8 \">\n<ul>\n<li><strong>Kauf von Materialien<\/strong><\/li>\n<li><strong>Vorfertigung und Montage von<\/strong>\n<ul>\n<li>Metallzimmereistrukturen<\/li>\n<li>Rohre<\/li>\n<li>Ventile und Zubeh\u00f6r<\/li>\n<li>Instrumente mit Prim\u00e4rr\u00f6hren, JB und Verkabelung<\/li>\n<\/ul>\n<\/li>\n<\/ul>\n<ul>\n<li>NDT<\/li>\n<li>Tests<\/li>\n<li>Transport<\/li>\n<li>Einbau und Montage an Ort und Stelle (mec\/ele\/strum)<\/li>\n<li>Unterst\u00fctzung bei der Inbetriebnahme<\/li>\n<\/ul>\n<\/div>\n<\/div>\n<\/div>\n<\/div>\n<\/section>\n<section class=\"fw-main-row \">\n<div class=\"fw-container unyson_content\">\n<div class=\"container\">\n<div class=\"fw-row\">\n<div class=\"fw-col-xs-12 \">\n<div class=\"fw-divider-space space-20x\"><\/div>\n<\/div>\n<\/div>\n<div class=\"fw-row\">\n<div class=\"fw-col-xs-12 \">\n<div class=\"item-link\">\n<div class=\"position-relative\">\n<div class=\"item-media\"><img src=\"https:\/\/www.effort-studio.it\/cestaro\/wp-content\/uploads\/2022\/07\/Cestaro-Rossi_Divisione_elettrostrumentale-1000x500.jpg\" alt=\"\" \/><\/div>\n<\/div>\n<\/div>\n<\/div>\n<\/div>\n<div class=\"fw-row\">\n<div class=\"fw-col-xs-12 \">\n<div class=\"fw-divider-space space-30x\"><img loading=\"lazy\" class=\"alignnone size-full wp-image-7353\" src=\"https:\/\/www.cestarorossi.it\/aggiornato\/wp-content\/uploads\/2023\/01\/Cestaro-Rossi_Divisione_elettrostrumentale-1000x500-1.jpeg\" alt=\"\" width=\"1000\" height=\"500\" srcset=\"https:\/\/www.cestarorossi.it\/aggiornato\/wp-content\/uploads\/2023\/01\/Cestaro-Rossi_Divisione_elettrostrumentale-1000x500-1.jpeg 1000w, https:\/\/www.cestarorossi.it\/aggiornato\/wp-content\/uploads\/2023\/01\/Cestaro-Rossi_Divisione_elettrostrumentale-1000x500-1-300x150.jpeg 300w, https:\/\/www.cestarorossi.it\/aggiornato\/wp-content\/uploads\/2023\/01\/Cestaro-Rossi_Divisione_elettrostrumentale-1000x500-1-768x384.jpeg 768w\" sizes=\"(max-width: 1000px) 100vw, 1000px\" \/><\/div>\n<\/div>\n<\/div>\n<\/div>\n<\/div>\n<\/section>\n<p><!-- d6c6ea5e02c66d23ea2c52d7635d98d4 --><\/p>\n","protected":false},"excerpt":{"rendered":"<p>SKIDS KONSTRUKTIONEN METHODIK BAUKUFEN Kauf von Materialien Vorfertigung und Montage von Metallzimmereistrukturen Rohre Ventile und Zubeh\u00f6r Instrumente mit Prim\u00e4rr\u00f6hren, JB und Verkabelung NDT Tests Transport<span class=\"excerpt-more\"><a href=\"https:\/\/www.cestarorossi.it\/de\/skids-konstruktionen\/\" class=\"more-link\"> [&hellip;] <span class=\"screen-reader-text\">Skids konstruktionen<\/span><\/a><\/span><\/p>\n","protected":false},"author":1,"featured_media":0,"parent":0,"menu_order":0,"comment_status":"closed","ping_status":"closed","template":"page-wo-sidebar.php","meta":[],"yoast_head":"<!-- This site is optimized with the Yoast SEO plugin v19.14 - https:\/\/yoast.com\/wordpress\/plugins\/seo\/ -->\r\n<title>Skids konstruktionen - CestaroRossi<\/title>\r\n<meta name=\"robots\" content=\"index, follow, max-snippet:-1, max-image-preview:large, max-video-preview:-1\" \/>\r\n<link rel=\"canonical\" href=\"https:\/\/www.cestarorossi.it\/de\/skids-konstruktionen\/\" \/>\r\n<meta property=\"og:locale\" content=\"de_DE\" \/>\r\n<meta property=\"og:type\" content=\"article\" \/>\r\n<meta property=\"og:title\" content=\"Skids konstruktionen - CestaroRossi\" \/>\r\n<meta property=\"og:description\" content=\"SKIDS KONSTRUKTIONEN METHODIK BAUKUFEN Kauf von Materialien Vorfertigung und Montage von Metallzimmereistrukturen Rohre Ventile und Zubeh\u00f6r Instrumente mit Prim\u00e4rr\u00f6hren, JB und Verkabelung NDT Tests Transport [&hellip;] Skids konstruktionen\" \/>\r\n<meta property=\"og:url\" content=\"https:\/\/www.cestarorossi.it\/de\/skids-konstruktionen\/\" \/>\r\n<meta property=\"og:site_name\" content=\"CestaroRossi\" \/>\r\n<meta property=\"article:modified_time\" content=\"2023-01-20T09:36:28+00:00\" \/>\r\n<meta property=\"og:image\" content=\"https:\/\/www.cestarorossi.it\/aggiornato\/wp-content\/uploads\/2023\/01\/Cestaro-rossi-impianti-8-1200x640-1.jpeg\" \/>\r\n<meta name=\"twitter:card\" content=\"summary_large_image\" \/>\r\n<meta name=\"twitter:label1\" content=\"Gesch\u00e4tzte Lesezeit\" \/>\n\t<meta name=\"twitter:data1\" content=\"1\u00a0Minute\" \/>\r\n<script type=\"application\/ld+json\" class=\"yoast-schema-graph\">{\"@context\":\"https:\/\/schema.org\",\"@graph\":[{\"@type\":\"WebPage\",\"@id\":\"https:\/\/www.cestarorossi.it\/de\/skids-konstruktionen\/\",\"url\":\"https:\/\/www.cestarorossi.it\/de\/skids-konstruktionen\/\",\"name\":\"Skids konstruktionen - CestaroRossi\",\"isPartOf\":{\"@id\":\"https:\/\/www.cestarorossi.it\/en\/#website\"},\"datePublished\":\"2022-07-10T09:49:49+00:00\",\"dateModified\":\"2023-01-20T09:36:28+00:00\",\"breadcrumb\":{\"@id\":\"https:\/\/www.cestarorossi.it\/de\/skids-konstruktionen\/#breadcrumb\"},\"inLanguage\":\"de\",\"potentialAction\":[{\"@type\":\"ReadAction\",\"target\":[\"https:\/\/www.cestarorossi.it\/de\/skids-konstruktionen\/\"]}]},{\"@type\":\"BreadcrumbList\",\"@id\":\"https:\/\/www.cestarorossi.it\/de\/skids-konstruktionen\/#breadcrumb\",\"itemListElement\":[{\"@type\":\"ListItem\",\"position\":1,\"name\":\"Home\",\"item\":\"https:\/\/www.cestarorossi.it\/de\/\"},{\"@type\":\"ListItem\",\"position\":2,\"name\":\"Skids konstruktionen\"}]},{\"@type\":\"WebSite\",\"@id\":\"https:\/\/www.cestarorossi.it\/en\/#website\",\"url\":\"https:\/\/www.cestarorossi.it\/en\/\",\"name\":\"CestaroRossi\",\"description\":\"Construction and maintenance in industrial plants since 1921 - italy\",\"publisher\":{\"@id\":\"https:\/\/www.cestarorossi.it\/en\/#organization\"},\"potentialAction\":[{\"@type\":\"SearchAction\",\"target\":{\"@type\":\"EntryPoint\",\"urlTemplate\":\"https:\/\/www.cestarorossi.it\/en\/?s={search_term_string}\"},\"query-input\":\"required name=search_term_string\"}],\"inLanguage\":\"de\"},{\"@type\":\"Organization\",\"@id\":\"https:\/\/www.cestarorossi.it\/en\/#organization\",\"name\":\"CestaroRossi\",\"url\":\"https:\/\/www.cestarorossi.it\/en\/\",\"logo\":{\"@type\":\"ImageObject\",\"inLanguage\":\"de\",\"@id\":\"https:\/\/www.cestarorossi.it\/en\/#\/schema\/logo\/image\/\",\"url\":\"https:\/\/www.cestarorossi.it\/aggiornato\/wp-content\/uploads\/2022\/07\/Cestaro-Rossi_logo-colori.png\",\"contentUrl\":\"https:\/\/www.cestarorossi.it\/aggiornato\/wp-content\/uploads\/2022\/07\/Cestaro-Rossi_logo-colori.png\",\"width\":343,\"height\":63,\"caption\":\"CestaroRossi\"},\"image\":{\"@id\":\"https:\/\/www.cestarorossi.it\/en\/#\/schema\/logo\/image\/\"}}]}<\/script>\r\n<!-- \/ Yoast SEO plugin. -->","yoast_head_json":{"title":"Skids konstruktionen - CestaroRossi","robots":{"index":"index","follow":"follow","max-snippet":"max-snippet:-1","max-image-preview":"max-image-preview:large","max-video-preview":"max-video-preview:-1"},"canonical":"https:\/\/www.cestarorossi.it\/de\/skids-konstruktionen\/","og_locale":"de_DE","og_type":"article","og_title":"Skids konstruktionen - CestaroRossi","og_description":"SKIDS KONSTRUKTIONEN METHODIK BAUKUFEN Kauf von Materialien Vorfertigung und Montage von Metallzimmereistrukturen Rohre Ventile und Zubeh\u00f6r Instrumente mit Prim\u00e4rr\u00f6hren, JB und Verkabelung NDT Tests Transport [&hellip;] Skids konstruktionen","og_url":"https:\/\/www.cestarorossi.it\/de\/skids-konstruktionen\/","og_site_name":"CestaroRossi","article_modified_time":"2023-01-20T09:36:28+00:00","og_image":[{"url":"https:\/\/www.cestarorossi.it\/aggiornato\/wp-content\/uploads\/2023\/01\/Cestaro-rossi-impianti-8-1200x640-1.jpeg"}],"twitter_card":"summary_large_image","twitter_misc":{"Gesch\u00e4tzte Lesezeit":"1\u00a0Minute"},"schema":{"@context":"https:\/\/schema.org","@graph":[{"@type":"WebPage","@id":"https:\/\/www.cestarorossi.it\/de\/skids-konstruktionen\/","url":"https:\/\/www.cestarorossi.it\/de\/skids-konstruktionen\/","name":"Skids konstruktionen - CestaroRossi","isPartOf":{"@id":"https:\/\/www.cestarorossi.it\/en\/#website"},"datePublished":"2022-07-10T09:49:49+00:00","dateModified":"2023-01-20T09:36:28+00:00","breadcrumb":{"@id":"https:\/\/www.cestarorossi.it\/de\/skids-konstruktionen\/#breadcrumb"},"inLanguage":"de","potentialAction":[{"@type":"ReadAction","target":["https:\/\/www.cestarorossi.it\/de\/skids-konstruktionen\/"]}]},{"@type":"BreadcrumbList","@id":"https:\/\/www.cestarorossi.it\/de\/skids-konstruktionen\/#breadcrumb","itemListElement":[{"@type":"ListItem","position":1,"name":"Home","item":"https:\/\/www.cestarorossi.it\/de\/"},{"@type":"ListItem","position":2,"name":"Skids konstruktionen"}]},{"@type":"WebSite","@id":"https:\/\/www.cestarorossi.it\/en\/#website","url":"https:\/\/www.cestarorossi.it\/en\/","name":"CestaroRossi","description":"Construction and maintenance in industrial plants since 1921 - italy","publisher":{"@id":"https:\/\/www.cestarorossi.it\/en\/#organization"},"potentialAction":[{"@type":"SearchAction","target":{"@type":"EntryPoint","urlTemplate":"https:\/\/www.cestarorossi.it\/en\/?s={search_term_string}"},"query-input":"required name=search_term_string"}],"inLanguage":"de"},{"@type":"Organization","@id":"https:\/\/www.cestarorossi.it\/en\/#organization","name":"CestaroRossi","url":"https:\/\/www.cestarorossi.it\/en\/","logo":{"@type":"ImageObject","inLanguage":"de","@id":"https:\/\/www.cestarorossi.it\/en\/#\/schema\/logo\/image\/","url":"https:\/\/www.cestarorossi.it\/aggiornato\/wp-content\/uploads\/2022\/07\/Cestaro-Rossi_logo-colori.png","contentUrl":"https:\/\/www.cestarorossi.it\/aggiornato\/wp-content\/uploads\/2022\/07\/Cestaro-Rossi_logo-colori.png","width":343,"height":63,"caption":"CestaroRossi"},"image":{"@id":"https:\/\/www.cestarorossi.it\/en\/#\/schema\/logo\/image\/"}}]}},"_links":{"self":[{"href":"https:\/\/www.cestarorossi.it\/de\/wp-json\/wp\/v2\/pages\/7042"}],"collection":[{"href":"https:\/\/www.cestarorossi.it\/de\/wp-json\/wp\/v2\/pages"}],"about":[{"href":"https:\/\/www.cestarorossi.it\/de\/wp-json\/wp\/v2\/types\/page"}],"author":[{"embeddable":true,"href":"https:\/\/www.cestarorossi.it\/de\/wp-json\/wp\/v2\/users\/1"}],"replies":[{"embeddable":true,"href":"https:\/\/www.cestarorossi.it\/de\/wp-json\/wp\/v2\/comments?post=7042"}],"version-history":[{"count":4,"href":"https:\/\/www.cestarorossi.it\/de\/wp-json\/wp\/v2\/pages\/7042\/revisions"}],"predecessor-version":[{"id":7356,"href":"https:\/\/www.cestarorossi.it\/de\/wp-json\/wp\/v2\/pages\/7042\/revisions\/7356"}],"wp:attachment":[{"href":"https:\/\/www.cestarorossi.it\/de\/wp-json\/wp\/v2\/media?parent=7042"}],"curies":[{"name":"wp","href":"https:\/\/api.w.org\/{rel}","templated":true}]}}