{"id":7039,"date":"2022-07-19T09:19:07","date_gmt":"2022-07-19T07:19:07","guid":{"rendered":"https:\/\/www.cestarorossi.it\/cookies-politik\/"},"modified":"2022-07-19T09:19:07","modified_gmt":"2022-07-19T07:19:07","slug":"cookies-politik","status":"publish","type":"page","link":"https:\/\/www.cestarorossi.it\/de\/cookies-politik\/","title":{"rendered":"Cookies-Politik"},"content":{"rendered":"<section class=\"fw-main-row \">\n\t<span class=\"bg-image-overlay \"><\/span><\/p>\n<div class=\"fw-container unyson_content\">\n<div class=\"container\">\n<div class=\"fw-row\">\n<div class=\"fw-col-xs-12 \">\n<p><strong>Cookie-Politik<\/strong><\/p>\n<p>1. Was ist ein Keks?<\/p>\n<p>2. Wie lassen sich Cookies deaktivieren?<\/p>\n<p>Ein Cookie ist eine kleine Textdatei, die auf dem Computer gespeichert wird, wenn ein Nutzer eine Website besucht. Der Text speichert Informationen, die die Website lesen kann, wenn sie zu einem sp\u00e4teren Zeitpunkt aufgerufen wird. Einige dieser Cookies sind f\u00fcr das ordnungsgem\u00e4\u00dfe Funktionieren der Website erforderlich, w\u00e4hrend andere f\u00fcr den Besucher n\u00fctzlich sind, weil sie z. B. den Benutzernamen oder die Spracheinstellungen sicher speichern k\u00f6nnen. Die Installation von Cookies auf Ihrem Computer hat den Vorteil, dass Sie nicht mehr jedes Mal dieselben Informationen eingeben m\u00fcssen, wenn Sie eine zuvor besuchte Website aufrufen wollen.<\/p>\n<p><strong>Warum verwendet Cestaro Rossi Cookies?<\/strong><\/p>\n<p>Cestaro Rossi verwendet Cookies, um seinen Kunden ein angenehmes Surferlebnis auf seiner Website zu bieten. Cestaro Rossi verwendet Cookies, um sicherzustellen, dass Sie nicht bei jedem Besuch der Website die gleichen Informationen erhalten oder eingeben m\u00fcssen. Cookies werden auch verwendet, um die Leistung der Website zu optimieren. Weitere Informationen finden Sie in unserer Datenschutzrichtlinie.<\/p>\n<p>Wie kann ich Cookies deaktivieren?<\/p>\n<p>Sie k\u00f6nnen Ihren Browser so einstellen, dass Cookies deaktiviert werden, was sehr einfach ist.<\/p>\n<p>Firefox:<\/p>\n<p>Firefox \u00f6ffnen<br \/>Dr\u00fccken Sie die &#8216;Alt&#8217;-Taste auf Ihrer Tastatur<br \/>W\u00e4hlen Sie in der Symbolleiste am oberen Rand des Browsers &#8220;Extras&#8221; und dann &#8220;Optionen&#8221;.<br \/>W\u00e4hlen Sie dann die Registerkarte &#8220;Datenschutz&#8221;.<br \/>Gehen Sie auf &#8220;Verlaufseinstellungen:&#8221; und dann auf &#8220;Benutzerdefinierte Einstellungen verwenden&#8221;. Deaktivieren Sie die Option &#8220;Cookies von Websites akzeptieren&#8221; und speichern Sie Ihre Einstellungen.<\/p>\n<p>Internet Explorer:<\/p>\n<p>Internet Explorer \u00f6ffnen<br \/>Klicken Sie auf die Schaltfl\u00e4che &#8220;Extras&#8221; und dann auf &#8220;Internetoptionen&#8221;.<br \/>W\u00e4hlen Sie die Registerkarte &#8220;Datenschutz&#8221; und stellen Sie den Schieberegler auf die gew\u00fcnschte Datenschutzstufe ein (nach oben, um alle Cookies zu blockieren, oder nach unten, um alle Cookies zuzulassen)<br \/>Klicken Sie dann auf OK<\/p>\n<p>Google Chrome:<\/p>\n<p>Google Chrome \u00f6ffnen<br \/>Klicken Sie auf das Symbol &#8216;Tools&#8217;.<br \/>W\u00e4hlen Sie &#8220;Einstellungen&#8221; und dann &#8220;Erweiterte Einstellungen&#8221;.<br \/>W\u00e4hlen Sie &#8220;Inhaltseinstellungen&#8221; unter &#8220;Datenschutz&#8221;.<br \/>Unter der Registerkarte &#8220;Cookies&#8221; k\u00f6nnen Sie die Cookies abw\u00e4hlen und Ihre Einstellungen speichern<\/p>\n<p>Safari:<\/p>\n<p>Safari \u00f6ffnen<br \/>W\u00e4hlen Sie in der Symbolleiste &#8220;Einstellungen&#8221; und dann im folgenden Dialogfeld das Feld &#8220;Sicherheit&#8221; aus<br \/>Unter &#8220;Cookies akzeptieren&#8221; k\u00f6nnen Sie festlegen, ob und wann Safari Cookies von Websites speichern soll. F\u00fcr weitere Informationen klicken Sie auf die Schaltfl\u00e4che Hilfe (mit einem Fragezeichen gekennzeichnet)<br \/>Weitere Informationen zu den Cookies, die auf Ihrem Computer gespeichert sind, erhalten Sie, wenn Sie auf &#8220;Cookies anzeigen&#8221; klicken.<\/p>\n<p>Die verschiedenen Arten von Cookies<\/p>\n<p><strong>Grundlegende Informationen<\/strong><\/p>\n<p>Wesentliche&#8221; Cookies sind solche, die unbedingt erforderlich sind, um bestimmte erforderliche Funktionen zu erm\u00f6glichen. So funktionieren beispielsweise Websites f\u00fcr den elektronischen Handel (auf denen der Verbraucher einen Warenkorb hat) nicht ohne Cookies, und die Funktionalit\u00e4t der Website, wie das Hinzuf\u00fcgen von Artikeln zum Warenkorb und das Durchlaufen der Kasse, w\u00e4re beeintr\u00e4chtigt. Cookies, die f\u00fcr die Nutzung einer Website unerl\u00e4sslich sind, sind nach der EU-Richtlinie ausgenommen, aber wir m\u00f6chten, dass Sie dar\u00fcber umfassend informiert werden.<\/p>\n<p><strong>Diese Website verwendet technische Cookies, die als Essential definiert sind.<\/strong><\/p>\n<p><strong>Funktionell<\/strong><\/p>\n<p>Funktionale&#8221; Cookies werden zur Bereitstellung von Diensten oder zur Speicherung von Einstellungen verwendet, um Ihren Besuch und Ihre Erfahrung auf unserer Website zu verbessern.<\/p>\n<p><strong>Diese Website verwendet Cookies, die als funktional definiert sind.<\/strong><\/p>\n<p><strong>\u00dcberwachung oder Dritte.<\/strong><\/p>\n<p><strong>Diese Website verwendet KEINE Cookies, die als Tracking-Cookies definiert sind.<\/strong><\/p>\n<p><strong>Verhaltensweisen<\/strong><\/p>\n<p>Behaviour&#8221;-Cookies sind Cookies, die dazu dienen, Daten \u00fcber Surfgewohnheiten und Vorlieben zu sammeln.<\/p>\n<p><strong>Diese Website verwendet KEINE Cookies, die als verhaltensorientiert definiert sind.<\/strong><\/p>\n<p>Sitzungscookies und dauerhafte Cookies<\/p>\n<p>Die Unterscheidung zwischen Sitzungscookies und dauerhaften Cookies kann auf der Grundlage ihres Verbleibs auf dem Endger\u00e4t des Nutzers getroffen werden. Diejenigen, die am Ende jeder Navigation automatisch gel\u00f6scht werden, werden als &#8220;Sitzungscookies&#8221; bezeichnet und von dieser Website verwendet; wenn sie hingegen eine l\u00e4ngere Lebensdauer haben, werden sie als permanente Cookies bezeichnet.<\/p>\n<p>&nbsp;<\/p>\n<\/div>\n<\/div><\/div>\n<\/p><\/div>\n<\/section>\n<p><!-- 1a677be6e73e178e8b1fb987e3aef30d --><\/p>\n","protected":false},"excerpt":{"rendered":"<p>Cookie-Politik 1. Was ist ein Keks? 2. Wie lassen sich Cookies deaktivieren? Ein Cookie ist eine kleine Textdatei, die auf dem Computer gespeichert wird, wenn<span class=\"excerpt-more\"><a href=\"https:\/\/www.cestarorossi.it\/de\/cookies-politik\/\" class=\"more-link\"> [&hellip;] <span class=\"screen-reader-text\">Cookies-Politik<\/span><\/a><\/span><\/p>\n","protected":false},"author":1,"featured_media":0,"parent":0,"menu_order":0,"comment_status":"closed","ping_status":"closed","template":"page-wo-sidebar.php","meta":[],"yoast_head":"<!-- This site is optimized with the Yoast SEO plugin v19.14 - https:\/\/yoast.com\/wordpress\/plugins\/seo\/ -->\r\n<title>Cookies-Politik - CestaroRossi<\/title>\r\n<meta name=\"robots\" content=\"index, follow, max-snippet:-1, max-image-preview:large, max-video-preview:-1\" \/>\r\n<link rel=\"canonical\" href=\"https:\/\/www.cestarorossi.it\/de\/cookies-politik\/\" \/>\r\n<meta property=\"og:locale\" content=\"de_DE\" \/>\r\n<meta property=\"og:type\" content=\"article\" \/>\r\n<meta property=\"og:title\" content=\"Cookies-Politik - CestaroRossi\" \/>\r\n<meta property=\"og:description\" content=\"Cookie-Politik 1. Was ist ein Keks? 2. Wie lassen sich Cookies deaktivieren? Ein Cookie ist eine kleine Textdatei, die auf dem Computer gespeichert wird, wenn [&hellip;] Cookies-Politik\" \/>\r\n<meta property=\"og:url\" content=\"https:\/\/www.cestarorossi.it\/de\/cookies-politik\/\" \/>\r\n<meta property=\"og:site_name\" content=\"CestaroRossi\" \/>\r\n<meta name=\"twitter:card\" content=\"summary_large_image\" \/>\r\n<meta name=\"twitter:label1\" content=\"Gesch\u00e4tzte Lesezeit\" \/>\n\t<meta name=\"twitter:data1\" content=\"3\u00a0Minuten\" \/>\r\n<script type=\"application\/ld+json\" class=\"yoast-schema-graph\">{\"@context\":\"https:\/\/schema.org\",\"@graph\":[{\"@type\":\"WebPage\",\"@id\":\"https:\/\/www.cestarorossi.it\/de\/cookies-politik\/\",\"url\":\"https:\/\/www.cestarorossi.it\/de\/cookies-politik\/\",\"name\":\"Cookies-Politik - CestaroRossi\",\"isPartOf\":{\"@id\":\"https:\/\/www.cestarorossi.it\/en\/#website\"},\"datePublished\":\"2022-07-19T07:19:07+00:00\",\"dateModified\":\"2022-07-19T07:19:07+00:00\",\"breadcrumb\":{\"@id\":\"https:\/\/www.cestarorossi.it\/de\/cookies-politik\/#breadcrumb\"},\"inLanguage\":\"de\",\"potentialAction\":[{\"@type\":\"ReadAction\",\"target\":[\"https:\/\/www.cestarorossi.it\/de\/cookies-politik\/\"]}]},{\"@type\":\"BreadcrumbList\",\"@id\":\"https:\/\/www.cestarorossi.it\/de\/cookies-politik\/#breadcrumb\",\"itemListElement\":[{\"@type\":\"ListItem\",\"position\":1,\"name\":\"Home\",\"item\":\"https:\/\/www.cestarorossi.it\/de\/\"},{\"@type\":\"ListItem\",\"position\":2,\"name\":\"Cookies-Politik\"}]},{\"@type\":\"WebSite\",\"@id\":\"https:\/\/www.cestarorossi.it\/en\/#website\",\"url\":\"https:\/\/www.cestarorossi.it\/en\/\",\"name\":\"CestaroRossi\",\"description\":\"Construction and maintenance in industrial plants since 1921 - italy\",\"publisher\":{\"@id\":\"https:\/\/www.cestarorossi.it\/en\/#organization\"},\"potentialAction\":[{\"@type\":\"SearchAction\",\"target\":{\"@type\":\"EntryPoint\",\"urlTemplate\":\"https:\/\/www.cestarorossi.it\/en\/?s={search_term_string}\"},\"query-input\":\"required name=search_term_string\"}],\"inLanguage\":\"de\"},{\"@type\":\"Organization\",\"@id\":\"https:\/\/www.cestarorossi.it\/en\/#organization\",\"name\":\"CestaroRossi\",\"url\":\"https:\/\/www.cestarorossi.it\/en\/\",\"logo\":{\"@type\":\"ImageObject\",\"inLanguage\":\"de\",\"@id\":\"https:\/\/www.cestarorossi.it\/en\/#\/schema\/logo\/image\/\",\"url\":\"https:\/\/www.cestarorossi.it\/aggiornato\/wp-content\/uploads\/2022\/07\/Cestaro-Rossi_logo-colori.png\",\"contentUrl\":\"https:\/\/www.cestarorossi.it\/aggiornato\/wp-content\/uploads\/2022\/07\/Cestaro-Rossi_logo-colori.png\",\"width\":343,\"height\":63,\"caption\":\"CestaroRossi\"},\"image\":{\"@id\":\"https:\/\/www.cestarorossi.it\/en\/#\/schema\/logo\/image\/\"}}]}<\/script>\r\n<!-- \/ Yoast SEO plugin. -->","yoast_head_json":{"title":"Cookies-Politik - CestaroRossi","robots":{"index":"index","follow":"follow","max-snippet":"max-snippet:-1","max-image-preview":"max-image-preview:large","max-video-preview":"max-video-preview:-1"},"canonical":"https:\/\/www.cestarorossi.it\/de\/cookies-politik\/","og_locale":"de_DE","og_type":"article","og_title":"Cookies-Politik - CestaroRossi","og_description":"Cookie-Politik 1. Was ist ein Keks? 2. Wie lassen sich Cookies deaktivieren? Ein Cookie ist eine kleine Textdatei, die auf dem Computer gespeichert wird, wenn [&hellip;] Cookies-Politik","og_url":"https:\/\/www.cestarorossi.it\/de\/cookies-politik\/","og_site_name":"CestaroRossi","twitter_card":"summary_large_image","twitter_misc":{"Gesch\u00e4tzte Lesezeit":"3\u00a0Minuten"},"schema":{"@context":"https:\/\/schema.org","@graph":[{"@type":"WebPage","@id":"https:\/\/www.cestarorossi.it\/de\/cookies-politik\/","url":"https:\/\/www.cestarorossi.it\/de\/cookies-politik\/","name":"Cookies-Politik - CestaroRossi","isPartOf":{"@id":"https:\/\/www.cestarorossi.it\/en\/#website"},"datePublished":"2022-07-19T07:19:07+00:00","dateModified":"2022-07-19T07:19:07+00:00","breadcrumb":{"@id":"https:\/\/www.cestarorossi.it\/de\/cookies-politik\/#breadcrumb"},"inLanguage":"de","potentialAction":[{"@type":"ReadAction","target":["https:\/\/www.cestarorossi.it\/de\/cookies-politik\/"]}]},{"@type":"BreadcrumbList","@id":"https:\/\/www.cestarorossi.it\/de\/cookies-politik\/#breadcrumb","itemListElement":[{"@type":"ListItem","position":1,"name":"Home","item":"https:\/\/www.cestarorossi.it\/de\/"},{"@type":"ListItem","position":2,"name":"Cookies-Politik"}]},{"@type":"WebSite","@id":"https:\/\/www.cestarorossi.it\/en\/#website","url":"https:\/\/www.cestarorossi.it\/en\/","name":"CestaroRossi","description":"Construction and maintenance in industrial plants since 1921 - italy","publisher":{"@id":"https:\/\/www.cestarorossi.it\/en\/#organization"},"potentialAction":[{"@type":"SearchAction","target":{"@type":"EntryPoint","urlTemplate":"https:\/\/www.cestarorossi.it\/en\/?s={search_term_string}"},"query-input":"required name=search_term_string"}],"inLanguage":"de"},{"@type":"Organization","@id":"https:\/\/www.cestarorossi.it\/en\/#organization","name":"CestaroRossi","url":"https:\/\/www.cestarorossi.it\/en\/","logo":{"@type":"ImageObject","inLanguage":"de","@id":"https:\/\/www.cestarorossi.it\/en\/#\/schema\/logo\/image\/","url":"https:\/\/www.cestarorossi.it\/aggiornato\/wp-content\/uploads\/2022\/07\/Cestaro-Rossi_logo-colori.png","contentUrl":"https:\/\/www.cestarorossi.it\/aggiornato\/wp-content\/uploads\/2022\/07\/Cestaro-Rossi_logo-colori.png","width":343,"height":63,"caption":"CestaroRossi"},"image":{"@id":"https:\/\/www.cestarorossi.it\/en\/#\/schema\/logo\/image\/"}}]}},"_links":{"self":[{"href":"https:\/\/www.cestarorossi.it\/de\/wp-json\/wp\/v2\/pages\/7039"}],"collection":[{"href":"https:\/\/www.cestarorossi.it\/de\/wp-json\/wp\/v2\/pages"}],"about":[{"href":"https:\/\/www.cestarorossi.it\/de\/wp-json\/wp\/v2\/types\/page"}],"author":[{"embeddable":true,"href":"https:\/\/www.cestarorossi.it\/de\/wp-json\/wp\/v2\/users\/1"}],"replies":[{"embeddable":true,"href":"https:\/\/www.cestarorossi.it\/de\/wp-json\/wp\/v2\/comments?post=7039"}],"version-history":[{"count":0,"href":"https:\/\/www.cestarorossi.it\/de\/wp-json\/wp\/v2\/pages\/7039\/revisions"}],"wp:attachment":[{"href":"https:\/\/www.cestarorossi.it\/de\/wp-json\/wp\/v2\/media?parent=7039"}],"curies":[{"name":"wp","href":"https:\/\/api.w.org\/{rel}","templated":true}]}}