{"id":7037,"date":"2022-07-10T11:37:38","date_gmt":"2022-07-10T09:37:38","guid":{"rendered":"https:\/\/www.cestarorossi.it\/aktivitatsstopp-installationen\/"},"modified":"2022-07-10T11:37:38","modified_gmt":"2022-07-10T09:37:38","slug":"aktivitatsstopp-installationen","status":"publish","type":"page","link":"https:\/\/www.cestarorossi.it\/de\/aktivitatsstopp-installationen\/","title":{"rendered":"Aktivit\u00e4tsstopp-Installationen"},"content":{"rendered":"<section class=\"fw-main-row \">\n\t<span class=\"bg-image-overlay \"><\/span><\/p>\n<div class=\"fw-container unyson_content\">\n<div class=\"container\">\n<div class=\"fw-row\">\n<div class=\"fw-col-xs-12 \">\n<div class=\"fw-heading fw-heading-h1 fw-heading-center fw-heading-w-subtitle fw-heading-alternate \">\n<h1 style=\"font-weight:;color:\" class=\"fw-special-title\"><span>AKTIVIT\u00c4TEN ZUR ANLAGENSTILLLEGUNG<\/span><\/h1>\n<div class=\"fw-special-subtitle\">METHODIK<\/div>\n<\/p><\/div>\n<div class=\"fw-divider-space space-25x\"><\/div>\n<\/div>\n<\/div><\/div>\n<\/p><\/div>\n<\/section>\n<section class=\"fw-main-row \">\n\t<span class=\"bg-image-overlay \"><\/span><\/p>\n<div class=\"fw-container unyson_content\">\n<div class=\"container\">\n<div class=\"fw-row\">\n<div class=\"fw-col-xs-12 \">\n\t<span class=\"unyson-media-image\"><img loading=\"lazy\" src=\"https:\/\/www.effort-studio.it\/cestaro\/wp-content\/uploads\/2022\/07\/Cestaro-rossi-impianti-1-1200x640.jpg\" alt=\"https:\/\/www.effort-studio.it\/cestaro\/wp-content\/uploads\/2022\/07\/Cestaro-rossi-impianti-1-1200x640.jpg\" width=\"1200\" height=\"640\"><\/span>\t<\/p>\n<div class=\"fw-divider-line\">\n<hr>\n<\/div>\n<\/div>\n<\/div><\/div>\n<\/p><\/div>\n<\/section>\n<section class=\"fw-main-row \">\n\t<span class=\"bg-image-overlay \"><\/span><\/p>\n<div class=\"fw-container unyson_content\">\n<div class=\"container\">\n<div class=\"fw-row\">\n<div class=\"fw-col-xs-12 fw-col-sm-4 \">\n<blockquote>\n<h2 style=\"text-align: left\"><em><strong><span style=\"color: #256f6b\">T\u00c4TIGKEITEN W\u00c4HREND DES STILLSTANDS DER ANLAGE<\/span><\/strong><\/em><\/h2>\n<\/blockquote>\n<h2 style=\"text-align: left\"><\/h2>\n<\/div>\n<div class=\"fw-col-xs-12 fw-col-sm-8 \">\n<ul>\n<li>Unterst\u00fctzung der operativen Einheiten des Kunden bei der Sanierung und Isolierung von Anlagen und Ausr\u00fcstungen<\/li>\n<li>Vorfertigung und Montage von Rohren<\/li>\n<li>Wartung von Armaturen und Ventilen<\/li>\n<li>Wartung der Anlagen (W\u00e4rmetauscher, Luftk\u00fchler, Druckbeh\u00e4lter, Kolonnen usw.).<\/li>\n<li>Waschanlagen mit Hochdruckwasser<\/li>\n<li>Ersetzen von Rohrb\u00fcndeln<\/li>\n<li>Rohrb\u00fcndel-Retubing<\/li>\n<li>Wartung und Instandsetzung von \u00d6fen<\/li>\n<li>Wartung und Instandsetzung von Dampferzeugern<\/li>\n<li>Restaurierung und Austausch von Innenteilen von Ger\u00e4ten (S\u00e4ulenplatten)<\/li>\n<li>Wiederherstellung der Dicke mit Schwei\u00dfbeschichtung usw.).<\/li>\n<li>Teilweise Restaurierung von Ger\u00e4ten mit teilweisem Austausch von Teilen (S\u00e4ulenverkleidungen, S\u00e4ulenk\u00f6pfe oder -b\u00f6den usw.).<\/li>\n<li>Wartung der Ventile<\/li>\n<li>\u00dcberholung und Wartung von elektronischen und pneumatischen Instrumenten in der Leitwarte und im Feld<\/li>\n<li>Verlegung\/Ersatz von elektrischen Leitungen<\/li>\n<li>\u00dcberholung und Wartung von MS- und NS-Schaltanlagen<\/li>\n<li>Wartung von Verteilungs- und Steuerungsanlagen in elektrischen Umspannwerken<\/li>\n<li>Instandhaltung des Stromverteilungsnetzes<\/li>\n<li>Wartung und \u00dcberholung von Stromtransformatoren<\/li>\n<li>Wartung\/Revision\/Kalibrierung und Pr\u00fcfung von Sicherheitsventilen<\/li>\n<li>Unterst\u00fctzung der Betriebseinheiten des Kunden bei der Wiederherstellung von Kreisl\u00e4ufen und der Inbetriebnahme von Anlagen<\/li>\n<\/ul>\n<\/div>\n<\/div><\/div>\n<\/p><\/div>\n<\/section>\n<section class=\"fw-main-row \">\n\t<span class=\"bg-image-overlay \"><\/span><\/p>\n<div class=\"fw-container unyson_content\">\n<div class=\"container\">\n<div class=\"fw-row\">\n<div class=\"fw-col-xs-12 \">\n<div class=\"fw-divider-space space-05x\"><\/div>\n<\/div>\n<\/div>\n<div class=\"fw-row\">\n<div class=\"fw-col-xs-12 \">\n<div class=\"fw-divider-space space-20x\"><\/div>\n<\/div>\n<\/div>\n<div class=\"fw-row\">\n<div class=\"fw-col-xs-12 fw-col-sm-4 \">\n\t<\/div>\n<div class=\"fw-col-xs-12 fw-col-sm-4 \">\n<div class=\"fw-divider-space space-15x\"><\/div>\n<p style=\"text-align: center\"><a href=\"https:\/\/www.effort-studio.it\/cestaro\/wp-content\/uploads\/2022\/07\/Cestaro-Rossi_brochure_Fermate_impianti.pdf\" target=\"_blank\" class=\"fw-btn fw-btn-1 \" rel=\"noopener\"><br \/>\n\t<span>UNSERE ZIFFERN<\/span><br \/>\n<\/a>\n<\/p>\n<\/div>\n<div class=\"fw-col-xs-12 fw-col-sm-4 \">\n\t<\/div>\n<\/div>\n<div class=\"fw-row\">\n<div class=\"fw-col-xs-12 \">\n<div class=\"fw-divider-space space-05x\"><\/div>\n<\/div>\n<\/div><\/div>\n<\/p><\/div>\n<\/section>\n<p><!-- f2662e0f54dd1d83806ba1db68c6331e --><\/p>\n","protected":false},"excerpt":{"rendered":"<p>AKTIVIT\u00c4TEN ZUR ANLAGENSTILLLEGUNG METHODIK T\u00c4TIGKEITEN W\u00c4HREND DES STILLSTANDS DER ANLAGE Unterst\u00fctzung der operativen Einheiten des Kunden bei der Sanierung und Isolierung von Anlagen und Ausr\u00fcstungen<span class=\"excerpt-more\"><a href=\"https:\/\/www.cestarorossi.it\/de\/aktivitatsstopp-installationen\/\" class=\"more-link\"> [&hellip;] <span class=\"screen-reader-text\">Aktivit\u00e4tsstopp-Installationen<\/span><\/a><\/span><\/p>\n","protected":false},"author":1,"featured_media":0,"parent":0,"menu_order":0,"comment_status":"closed","ping_status":"closed","template":"page-wo-sidebar.php","meta":[],"yoast_head":"<!-- This site is optimized with the Yoast SEO plugin v19.14 - https:\/\/yoast.com\/wordpress\/plugins\/seo\/ -->\r\n<title>Aktivit\u00e4tsstopp-Installationen - CestaroRossi<\/title>\r\n<meta name=\"robots\" content=\"index, follow, max-snippet:-1, max-image-preview:large, max-video-preview:-1\" \/>\r\n<link rel=\"canonical\" href=\"https:\/\/www.cestarorossi.it\/de\/aktivitatsstopp-installationen\/\" \/>\r\n<meta property=\"og:locale\" content=\"de_DE\" \/>\r\n<meta property=\"og:type\" content=\"article\" \/>\r\n<meta property=\"og:title\" content=\"Aktivit\u00e4tsstopp-Installationen - CestaroRossi\" \/>\r\n<meta property=\"og:description\" content=\"AKTIVIT\u00c4TEN ZUR ANLAGENSTILLLEGUNG METHODIK T\u00c4TIGKEITEN W\u00c4HREND DES STILLSTANDS DER ANLAGE Unterst\u00fctzung der operativen Einheiten des Kunden bei der Sanierung und Isolierung von Anlagen und Ausr\u00fcstungen [&hellip;] Aktivit\u00e4tsstopp-Installationen\" \/>\r\n<meta property=\"og:url\" content=\"https:\/\/www.cestarorossi.it\/de\/aktivitatsstopp-installationen\/\" \/>\r\n<meta property=\"og:site_name\" content=\"CestaroRossi\" \/>\r\n<meta property=\"og:image\" content=\"https:\/\/www.effort-studio.it\/cestaro\/wp-content\/uploads\/2022\/07\/Cestaro-rossi-impianti-1-1200x640.jpg\" \/>\r\n<meta name=\"twitter:card\" content=\"summary_large_image\" \/>\r\n<meta name=\"twitter:label1\" content=\"Gesch\u00e4tzte Lesezeit\" \/>\n\t<meta name=\"twitter:data1\" content=\"1\u00a0Minute\" \/>\r\n<script type=\"application\/ld+json\" class=\"yoast-schema-graph\">{\"@context\":\"https:\/\/schema.org\",\"@graph\":[{\"@type\":\"WebPage\",\"@id\":\"https:\/\/www.cestarorossi.it\/de\/aktivitatsstopp-installationen\/\",\"url\":\"https:\/\/www.cestarorossi.it\/de\/aktivitatsstopp-installationen\/\",\"name\":\"Aktivit\u00e4tsstopp-Installationen - CestaroRossi\",\"isPartOf\":{\"@id\":\"https:\/\/www.cestarorossi.it\/en\/#website\"},\"datePublished\":\"2022-07-10T09:37:38+00:00\",\"dateModified\":\"2022-07-10T09:37:38+00:00\",\"breadcrumb\":{\"@id\":\"https:\/\/www.cestarorossi.it\/de\/aktivitatsstopp-installationen\/#breadcrumb\"},\"inLanguage\":\"de\",\"potentialAction\":[{\"@type\":\"ReadAction\",\"target\":[\"https:\/\/www.cestarorossi.it\/de\/aktivitatsstopp-installationen\/\"]}]},{\"@type\":\"BreadcrumbList\",\"@id\":\"https:\/\/www.cestarorossi.it\/de\/aktivitatsstopp-installationen\/#breadcrumb\",\"itemListElement\":[{\"@type\":\"ListItem\",\"position\":1,\"name\":\"Home\",\"item\":\"https:\/\/www.cestarorossi.it\/de\/\"},{\"@type\":\"ListItem\",\"position\":2,\"name\":\"Aktivit\u00e4tsstopp-Installationen\"}]},{\"@type\":\"WebSite\",\"@id\":\"https:\/\/www.cestarorossi.it\/en\/#website\",\"url\":\"https:\/\/www.cestarorossi.it\/en\/\",\"name\":\"CestaroRossi\",\"description\":\"Construction and maintenance in industrial plants since 1921 - italy\",\"publisher\":{\"@id\":\"https:\/\/www.cestarorossi.it\/en\/#organization\"},\"potentialAction\":[{\"@type\":\"SearchAction\",\"target\":{\"@type\":\"EntryPoint\",\"urlTemplate\":\"https:\/\/www.cestarorossi.it\/en\/?s={search_term_string}\"},\"query-input\":\"required name=search_term_string\"}],\"inLanguage\":\"de\"},{\"@type\":\"Organization\",\"@id\":\"https:\/\/www.cestarorossi.it\/en\/#organization\",\"name\":\"CestaroRossi\",\"url\":\"https:\/\/www.cestarorossi.it\/en\/\",\"logo\":{\"@type\":\"ImageObject\",\"inLanguage\":\"de\",\"@id\":\"https:\/\/www.cestarorossi.it\/en\/#\/schema\/logo\/image\/\",\"url\":\"https:\/\/www.cestarorossi.it\/aggiornato\/wp-content\/uploads\/2022\/07\/Cestaro-Rossi_logo-colori.png\",\"contentUrl\":\"https:\/\/www.cestarorossi.it\/aggiornato\/wp-content\/uploads\/2022\/07\/Cestaro-Rossi_logo-colori.png\",\"width\":343,\"height\":63,\"caption\":\"CestaroRossi\"},\"image\":{\"@id\":\"https:\/\/www.cestarorossi.it\/en\/#\/schema\/logo\/image\/\"}}]}<\/script>\r\n<!-- \/ Yoast SEO plugin. -->","yoast_head_json":{"title":"Aktivit\u00e4tsstopp-Installationen - CestaroRossi","robots":{"index":"index","follow":"follow","max-snippet":"max-snippet:-1","max-image-preview":"max-image-preview:large","max-video-preview":"max-video-preview:-1"},"canonical":"https:\/\/www.cestarorossi.it\/de\/aktivitatsstopp-installationen\/","og_locale":"de_DE","og_type":"article","og_title":"Aktivit\u00e4tsstopp-Installationen - CestaroRossi","og_description":"AKTIVIT\u00c4TEN ZUR ANLAGENSTILLLEGUNG METHODIK T\u00c4TIGKEITEN W\u00c4HREND DES STILLSTANDS DER ANLAGE Unterst\u00fctzung der operativen Einheiten des Kunden bei der Sanierung und Isolierung von Anlagen und Ausr\u00fcstungen [&hellip;] Aktivit\u00e4tsstopp-Installationen","og_url":"https:\/\/www.cestarorossi.it\/de\/aktivitatsstopp-installationen\/","og_site_name":"CestaroRossi","og_image":[{"url":"https:\/\/www.effort-studio.it\/cestaro\/wp-content\/uploads\/2022\/07\/Cestaro-rossi-impianti-1-1200x640.jpg"}],"twitter_card":"summary_large_image","twitter_misc":{"Gesch\u00e4tzte Lesezeit":"1\u00a0Minute"},"schema":{"@context":"https:\/\/schema.org","@graph":[{"@type":"WebPage","@id":"https:\/\/www.cestarorossi.it\/de\/aktivitatsstopp-installationen\/","url":"https:\/\/www.cestarorossi.it\/de\/aktivitatsstopp-installationen\/","name":"Aktivit\u00e4tsstopp-Installationen - CestaroRossi","isPartOf":{"@id":"https:\/\/www.cestarorossi.it\/en\/#website"},"datePublished":"2022-07-10T09:37:38+00:00","dateModified":"2022-07-10T09:37:38+00:00","breadcrumb":{"@id":"https:\/\/www.cestarorossi.it\/de\/aktivitatsstopp-installationen\/#breadcrumb"},"inLanguage":"de","potentialAction":[{"@type":"ReadAction","target":["https:\/\/www.cestarorossi.it\/de\/aktivitatsstopp-installationen\/"]}]},{"@type":"BreadcrumbList","@id":"https:\/\/www.cestarorossi.it\/de\/aktivitatsstopp-installationen\/#breadcrumb","itemListElement":[{"@type":"ListItem","position":1,"name":"Home","item":"https:\/\/www.cestarorossi.it\/de\/"},{"@type":"ListItem","position":2,"name":"Aktivit\u00e4tsstopp-Installationen"}]},{"@type":"WebSite","@id":"https:\/\/www.cestarorossi.it\/en\/#website","url":"https:\/\/www.cestarorossi.it\/en\/","name":"CestaroRossi","description":"Construction and maintenance in industrial plants since 1921 - italy","publisher":{"@id":"https:\/\/www.cestarorossi.it\/en\/#organization"},"potentialAction":[{"@type":"SearchAction","target":{"@type":"EntryPoint","urlTemplate":"https:\/\/www.cestarorossi.it\/en\/?s={search_term_string}"},"query-input":"required name=search_term_string"}],"inLanguage":"de"},{"@type":"Organization","@id":"https:\/\/www.cestarorossi.it\/en\/#organization","name":"CestaroRossi","url":"https:\/\/www.cestarorossi.it\/en\/","logo":{"@type":"ImageObject","inLanguage":"de","@id":"https:\/\/www.cestarorossi.it\/en\/#\/schema\/logo\/image\/","url":"https:\/\/www.cestarorossi.it\/aggiornato\/wp-content\/uploads\/2022\/07\/Cestaro-Rossi_logo-colori.png","contentUrl":"https:\/\/www.cestarorossi.it\/aggiornato\/wp-content\/uploads\/2022\/07\/Cestaro-Rossi_logo-colori.png","width":343,"height":63,"caption":"CestaroRossi"},"image":{"@id":"https:\/\/www.cestarorossi.it\/en\/#\/schema\/logo\/image\/"}}]}},"_links":{"self":[{"href":"https:\/\/www.cestarorossi.it\/de\/wp-json\/wp\/v2\/pages\/7037"}],"collection":[{"href":"https:\/\/www.cestarorossi.it\/de\/wp-json\/wp\/v2\/pages"}],"about":[{"href":"https:\/\/www.cestarorossi.it\/de\/wp-json\/wp\/v2\/types\/page"}],"author":[{"embeddable":true,"href":"https:\/\/www.cestarorossi.it\/de\/wp-json\/wp\/v2\/users\/1"}],"replies":[{"embeddable":true,"href":"https:\/\/www.cestarorossi.it\/de\/wp-json\/wp\/v2\/comments?post=7037"}],"version-history":[{"count":0,"href":"https:\/\/www.cestarorossi.it\/de\/wp-json\/wp\/v2\/pages\/7037\/revisions"}],"wp:attachment":[{"href":"https:\/\/www.cestarorossi.it\/de\/wp-json\/wp\/v2\/media?parent=7037"}],"curies":[{"name":"wp","href":"https:\/\/api.w.org\/{rel}","templated":true}]}}