{"id":7031,"date":"2022-07-10T10:56:40","date_gmt":"2022-07-10T08:56:40","guid":{"rendered":"https:\/\/www.cestarorossi.it\/auszeichnungen\/"},"modified":"2025-01-13T10:37:19","modified_gmt":"2025-01-13T09:37:19","slug":"awards","status":"publish","type":"page","link":"https:\/\/www.cestarorossi.it\/de\/awards\/","title":{"rendered":"Awards"},"content":{"rendered":"<p><section class=\"fw-main-row \"  >\n\t<span class=\"bg-image-overlay \" style=\"\"><\/span>\n\t<div class=\"fw-container unyson_content\">\n\t\t\t\t<div class=\"container\">\n\t\t\t\t<div class=\"fw-row\">\n\t<div class=\"fw-col-xs-12 fw-col-sm-6   \"  >\n\t<blockquote><h3 style=\"text-align: left;\"><strong><em><span style=\"color: #256f6b;\">SICHERHEITSKULTUR<\/span><\/em><\/strong><\/h3><\/blockquote>\n\n\t<div class=\"fw-divider-space space-30x\"><\/div>\n<\/div>\n<div class=\"fw-col-xs-12 fw-col-sm-6   \"  >\n\t<p>Unser Unternehmen hat sich immer zum Ziel gesetzt, eine Sicherheitskultur zu verfolgen und an alle Mitarbeiter weiterzugeben. Die Sicherheitskultur ist Teil unserer DNA, Teil unseres kulturellen Erbes, seit wir in den 1950er Jahren begonnen haben, sie einzuatmen und in unser Know-how zu integrieren, seit wir in Raffinerien und petrochemischen Anlagen zu arbeiten begannen. Unser Unternehmen ist der Ansicht, dass seine Existenz und sein \u00dcberleben auf dem Markt eng damit verbunden sind, dass alle seine Aktivit\u00e4ten im Einklang mit der Sicherheit im weitesten Sinne durchgef\u00fchrt werden.<\/p><\/div>\n<\/div>\n\n\t\t\t\t<\/div>\n\t\t\t<\/div>\n<\/section>\n<section class=\"fw-main-row  section-bg-image-parallax\" style=\"background-image:url(https:\/\/www.cestarorossi.it\/aggiornato\/wp-content\/uploads\/2022\/07\/Cestaro-Rossi-BANNER-award.jpg);background-position: center center;background-repeat: repeat;background-attachment:scroll;background-size:initial;\" >\n\t<span class=\"bg-image-overlay \" style=\"\"><\/span>\n\t<div class=\"fw-container-fluid-no unyson_fullwidth\">\n\t\t\t\t<div class=\"container has-container\">\n\t\t\t\t<div class=\"fw-row\">\n\t<div class=\"fw-col-xs-12   \"  >\n\t\n\n\t<div class=\"fw-divider-space space-50x\"><\/div>\n<\/div>\n<\/div>\n\n<div class=\"fw-row\">\n\t<div class=\"fw-col-xs-12   \"  >\n\t\n\n\t<div class=\"fw-divider-space space-50x\"><\/div>\n<\/div>\n<\/div>\n\n<div class=\"fw-row\">\n\t<div class=\"fw-col-xs-12   \"  >\n\t\n\n\t<div class=\"fw-divider-space space-50x\"><\/div>\n<\/div>\n<\/div>\n\n<div class=\"fw-row\">\n\t<div class=\"fw-col-xs-12   \"  >\n\t\n\n\t<div class=\"fw-divider-space space-50x\"><\/div>\n<\/div>\n<\/div>\n\n<div class=\"fw-row\">\n\t<div class=\"fw-col-xs-12   \"  >\n\t\n\n\t<div class=\"fw-divider-space space-50x\"><\/div>\n<\/div>\n<\/div>\n\n\t\t\t\t<\/div>\n\t\t\t<\/div>\n<\/section>\n<section class=\"fw-main-row \"  >\n\t<span class=\"bg-image-overlay \" style=\"\"><\/span>\n\t<div class=\"fw-container unyson_content\">\n\t\t\t\t<div class=\"container\">\n\t\t\t\t<div class=\"fw-row\">\n\t<div class=\"fw-col-xs-12   \"  >\n\t\n\n\t<div class=\"fw-divider-space space-30x\"><\/div>\n<\/div>\n<\/div>\n\n<div class=\"fw-row\">\n\t<div class=\"fw-col-xs-12 fw-col-sm-8   \"  >\n\t<blockquote><h2 style=\"text-align: left;\"><em><strong><span style=\"color: #256f6b;\">DER WERT DER SICHERHEIT<\/span><\/strong><\/em><\/h2><ul><li><h6 style=\"text-align: left;\"><em>Einsatz des geeigneten technisch qualifizierten Personals f\u00fcr die zugewiesenen Aufgaben.<\/em><\/h6><\/li><li style=\"text-align: left;\"><h6><em>Verwenden Sie die am besten geeignete Ausr\u00fcstung und stellen Sie sicher, dass sie jederzeit effizient und unversehrt ist.<\/em><\/h6><\/li><li style=\"text-align: left;\"><h6><em>\u00dcberpr\u00fcfung der korrekten Anwendung der bei der Ausf\u00fchrung der Arbeiten eingef\u00fchrten Verfahren.<\/em><\/h6><\/li><li style=\"text-align: left;\"><h6 style=\"text-align: left;\"><em>Sicheres Arbeiten und die Einhaltung von Gesetzen, Normen und Verfahren bedeutet f\u00fcr unser Unternehmen, dass wir unser wichtigstes Kapital, n\u00e4mlich unsere Techniker und Mitarbeiter, sch\u00fctzen m\u00fcssen.<\/em><\/h6><\/li><\/ul><\/blockquote><\/div>\n<div class=\"fw-col-xs-12 fw-col-sm-3   \"  >\n\t<span class=\"unyson-media-image\"><img src=\"https:\/\/www.cestarorossi.it\/aggiornato\/wp-content\/uploads\/2022\/07\/Cestaro-Rossi-Eni-Safety-award-529x749.jpg\" alt=\"Cestaro-Rossi-Eni-Safety-award\" width=\"529\" height=\"749\" \/><\/span><\/div>\n<\/div>\n\n\t\t\t\t<\/div>\n\t\t\t<\/div>\n<\/section>\n<section class=\"fw-main-row \" style=\"background-color:#edf1f5;background-position: center center;background-repeat: repeat;background-attachment:scroll;background-size:initial;\" >\n\t<span class=\"bg-image-overlay \" style=\"\"><\/span>\n\t<div class=\"fw-container unyson_content\">\n\t\t\t\t<div class=\"container\">\n\t\t\t\t<div class=\"fw-row\">\n\t<div class=\"fw-col-xs-12   \"  >\n\t\n\n\t<div class=\"fw-divider-space space-35x\"><\/div>\n<\/div>\n<\/div>\n\n<div class=\"fw-row\">\n\t<div class=\"fw-col-xs-12 fw-col-sm-4   \"  >\n\t<blockquote><h2 style=\"text-align: left;\"><strong><em><span style=\"color: #256f6b;\">ZERTIFIKATE<\/span><\/em><\/strong><\/h2><\/blockquote><\/div>\n<div class=\"fw-col-xs-12 fw-col-sm-4   \"  >\n\t<ul><li>FEB 2018 Ver Bericht Cestaro Rossi HUMAN R<\/li><li>ACHILLES NORWEGEN D\u00c4NEMARK 05DEZ2017<\/li><li>CRIBIS-ZERTIFIKAT F\u00dcR HERVORRAGENDE LEISTUNGEN<\/li><li>DUN&amp;BRADSTREET \u2013 2017<\/li><li>VERDIENSTURKUNDE ACHILLES (2015)<\/li><\/ul><\/div>\n<div class=\"fw-col-xs-12 fw-col-sm-4   \"  >\n\t<ul><li>HSEQ-Auszeichnung \u2013 2012<\/li><li>OXOCHIMIE \u2013 2012<\/li><li>Verdiensturkunde RdR (2012)<\/li><li>Verdiensturkunde RdR (17-22\/05\/2010)<\/li><li>Verdiensturkunde RdR (3-7\/05\/2010)<\/li><\/ul><\/div>\n<\/div>\n\n<div class=\"fw-row\">\n\t<div class=\"fw-col-xs-12   \"  >\n\t\n\n\t<div class=\"fw-divider-space space-35x\"><\/div>\n<\/div>\n<\/div>\n\n\t\t\t\t<\/div>\n\t\t\t<\/div>\n<\/section>\n<section class=\"fw-main-row \"  >\n\t<span class=\"bg-image-overlay \" style=\"\"><\/span>\n\t<div class=\"fw-container unyson_content\">\n\t\t\t\t<div class=\"container\">\n\t\t\t\t<div class=\"fw-row\">\n\t<div class=\"fw-col-xs-12   \"  >\n\t\n\n\t<div class=\"fw-divider-space space-35x\"><\/div>\n<\/div>\n<\/div>\n\n<div class=\"fw-row\">\n\t<div class=\"fw-col-xs-12 fw-col-sm-4   \"  >\n\t<blockquote><h2 style=\"text-align: left;\"><strong><em><span style=\"color: #256f6b;\">ENCOMI<\/span><\/em><\/strong><\/h2><\/blockquote><\/div>\n<div class=\"fw-col-xs-12 fw-col-sm-4   \"  >\n\t<ul><li>CERTIFICATE OF APPRECIATION ITER PROJECT - FUSION NUCLEAR POWER PLANT - 19 DECEMBER 2024<\/li><li>AWARD TOTAL LA MEDE VORBEHANDLUNGSANLAGE 16JAN2020<\/li><li>Historisches Unternehmen \u2013 CCIAA-Auszeichnung von 27SET2019<\/li><li>MILAZZO TAR 14NOV2018<\/li><li>TOTAL LA MEDE 27FEB2018<\/li><li>GUNVOR \u2013 TEER 2018<\/li><li>GESAMT LA MEDE -2017<\/li><li>VERSALIS MANTOVA \u2013 TAR 2017<\/li><li>STATOIL \u2013 TEER 2016<\/li><li>ARCELOR MITTAL-2016<\/li><li>ENI LIVORNO \u2013 TEER 2016<\/li><li>ISAB \u2013 TAR 2015<\/li><li>ENI-SICHERHEITSPREIS \u2013 2014<\/li><\/ul><\/div>\n<div class=\"fw-col-xs-12 fw-col-sm-4   \"  >\n\t<ul><li>SARPOM TRECATE \u2013 TAR 2014<\/li><li>TOTAL GRANDPUITS \u2013 TAR 2014<\/li><li>Raffineria di Roma (2013)<\/li><li>FUTURE ENERGY 2012<\/li><li>OXOCHIMIE 2012<\/li><li>ENI 2009 ENI per Impiantistica Traversa 2006<\/li><li>NAPHTACHIMIE 2002<\/li><li>NAPHTACHIMIE 2001<\/li><li>TAMOIL 2001<\/li><li>Raffineria di Roma (2000)<\/li><li>Encomio-AGIP 1996<\/li><\/ul><\/div>\n<\/div>\n\n<div class=\"fw-row\">\n\t<div class=\"fw-col-xs-12   \"  >\n\t\n\n\t<div class=\"fw-divider-space space-35x\"><\/div>\n<\/div>\n<\/div>\n\n\t\t\t\t<\/div>\n\t\t\t<\/div>\n<\/section>\n<section class=\"fw-main-row \"  >\n\t<span class=\"bg-image-overlay \" style=\"\"><\/span>\n\t<div class=\"fw-container unyson_content\">\n\t\t\t\t<div class=\"container\">\n\t\t\t\t<div class=\"fw-row\">\n\t<div class=\"fw-col-xs-12   \"  >\n\t\n\n\t<div class=\"fw-divider-space space-15x\"><\/div>\n<span class=\"unyson-media-image\"><img src=\"https:\/\/www.cestarorossi.it\/aggiornato\/wp-content\/uploads\/2025\/01\/CR-award-encomi-1-1500x2000.jpg\" alt=\"https:\/\/www.cestarorossi.it\/aggiornato\/wp-content\/uploads\/2025\/01\/CR-award-encomi-1-1500x2000.jpg\" width=\"1500\" height=\"2000\" \/><\/span>\n\n\t<div class=\"fw-divider-space space-15x\"><\/div>\n<span class=\"unyson-media-image\"><img src=\"https:\/\/www.cestarorossi.it\/aggiornato\/wp-content\/uploads\/2022\/07\/Cestaro-Rossi_AWARDS_2-1500x2052.jpg\" alt=\"Cestaro Rossi - Awards\" width=\"1500\" height=\"2052\" \/><\/span><\/div>\n<\/div>\n\n\t\t\t\t<\/div>\n\t\t\t<\/div>\n<\/section>\n<\/p>\n","protected":false},"excerpt":{"rendered":"<p>SICHERHEITSKULTUR Unser Unternehmen hat sich immer zum Ziel gesetzt, eine Sicherheitskultur zu verfolgen und an alle Mitarbeiter weiterzugeben. Die Sicherheitskultur ist Teil unserer DNA, Teil<span class=\"excerpt-more\"><a href=\"https:\/\/www.cestarorossi.it\/de\/awards\/\" class=\"more-link\"> [&hellip;] <span class=\"screen-reader-text\">Awards<\/span><\/a><\/span><\/p>\n","protected":false},"author":1,"featured_media":4964,"parent":0,"menu_order":0,"comment_status":"closed","ping_status":"closed","template":"page-wo-sidebar.php","meta":[],"yoast_head":"<!-- This site is optimized with the Yoast SEO plugin v19.14 - https:\/\/yoast.com\/wordpress\/plugins\/seo\/ -->\r\n<title>Awards - CestaroRossi<\/title>\r\n<meta name=\"description\" content=\"Unser Unternehmen hat sich immer zum Ziel gesetzt, eine Sicherheitskultur zu verfolgen und an alle Mitarbeiter weiterzugeben. Die Sicherheitskultur ist Teil unserer DNA, Teil unseres kulturellen Erbes, seit wir in den 1950er Jahren begonnen haben, sie einzuatmen und in unser Know-how zu integrieren, seit wir in Raffinerien und petrochemischen Anlagen zu arbeiten begannen.\" \/>\r\n<meta name=\"robots\" content=\"index, follow, max-snippet:-1, max-image-preview:large, max-video-preview:-1\" \/>\r\n<link rel=\"canonical\" href=\"https:\/\/www.cestarorossi.it\/de\/awards\/\" \/>\r\n<meta property=\"og:locale\" content=\"de_DE\" \/>\r\n<meta property=\"og:type\" content=\"article\" \/>\r\n<meta property=\"og:title\" content=\"Awards - CestaroRossi\" \/>\r\n<meta property=\"og:description\" content=\"Unser Unternehmen hat sich immer zum Ziel gesetzt, eine Sicherheitskultur zu verfolgen und an alle Mitarbeiter weiterzugeben. Die Sicherheitskultur ist Teil unserer DNA, Teil unseres kulturellen Erbes, seit wir in den 1950er Jahren begonnen haben, sie einzuatmen und in unser Know-how zu integrieren, seit wir in Raffinerien und petrochemischen Anlagen zu arbeiten begannen.\" \/>\r\n<meta property=\"og:url\" content=\"https:\/\/www.cestarorossi.it\/de\/awards\/\" \/>\r\n<meta property=\"og:site_name\" content=\"CestaroRossi\" \/>\r\n<meta property=\"article:modified_time\" content=\"2025-01-13T09:37:19+00:00\" \/>\r\n<meta property=\"og:image\" content=\"https:\/\/www.cestarorossi.it\/aggiornato\/wp-content\/uploads\/2022\/07\/Cestaro-Rossi-Eni-Safety-award.jpg\" \/>\r\n\t<meta property=\"og:image:width\" content=\"529\" \/>\r\n\t<meta property=\"og:image:height\" content=\"749\" \/>\r\n\t<meta property=\"og:image:type\" content=\"image\/jpeg\" \/>\r\n<meta name=\"twitter:card\" content=\"summary_large_image\" \/>\r\n<meta name=\"twitter:label1\" content=\"Gesch\u00e4tzte Lesezeit\" \/>\n\t<meta name=\"twitter:data1\" content=\"3\u00a0Minuten\" \/>\r\n<script type=\"application\/ld+json\" class=\"yoast-schema-graph\">{\"@context\":\"https:\/\/schema.org\",\"@graph\":[{\"@type\":\"WebPage\",\"@id\":\"https:\/\/www.cestarorossi.it\/de\/awards\/\",\"url\":\"https:\/\/www.cestarorossi.it\/de\/awards\/\",\"name\":\"Awards - CestaroRossi\",\"isPartOf\":{\"@id\":\"https:\/\/www.cestarorossi.it\/en\/#website\"},\"datePublished\":\"2022-07-10T08:56:40+00:00\",\"dateModified\":\"2025-01-13T09:37:19+00:00\",\"description\":\"Unser Unternehmen hat sich immer zum Ziel gesetzt, eine Sicherheitskultur zu verfolgen und an alle Mitarbeiter weiterzugeben. Die Sicherheitskultur ist Teil unserer DNA, Teil unseres kulturellen Erbes, seit wir in den 1950er Jahren begonnen haben, sie einzuatmen und in unser Know-how zu integrieren, seit wir in Raffinerien und petrochemischen Anlagen zu arbeiten begannen.\",\"breadcrumb\":{\"@id\":\"https:\/\/www.cestarorossi.it\/de\/awards\/#breadcrumb\"},\"inLanguage\":\"de\",\"potentialAction\":[{\"@type\":\"ReadAction\",\"target\":[\"https:\/\/www.cestarorossi.it\/de\/awards\/\"]}]},{\"@type\":\"BreadcrumbList\",\"@id\":\"https:\/\/www.cestarorossi.it\/de\/awards\/#breadcrumb\",\"itemListElement\":[{\"@type\":\"ListItem\",\"position\":1,\"name\":\"Home\",\"item\":\"https:\/\/www.cestarorossi.it\/de\/\"},{\"@type\":\"ListItem\",\"position\":2,\"name\":\"Awards\"}]},{\"@type\":\"WebSite\",\"@id\":\"https:\/\/www.cestarorossi.it\/en\/#website\",\"url\":\"https:\/\/www.cestarorossi.it\/en\/\",\"name\":\"CestaroRossi\",\"description\":\"Construction and maintenance in industrial plants since 1921 - italy\",\"publisher\":{\"@id\":\"https:\/\/www.cestarorossi.it\/en\/#organization\"},\"potentialAction\":[{\"@type\":\"SearchAction\",\"target\":{\"@type\":\"EntryPoint\",\"urlTemplate\":\"https:\/\/www.cestarorossi.it\/en\/?s={search_term_string}\"},\"query-input\":\"required name=search_term_string\"}],\"inLanguage\":\"de\"},{\"@type\":\"Organization\",\"@id\":\"https:\/\/www.cestarorossi.it\/en\/#organization\",\"name\":\"CestaroRossi\",\"url\":\"https:\/\/www.cestarorossi.it\/en\/\",\"logo\":{\"@type\":\"ImageObject\",\"inLanguage\":\"de\",\"@id\":\"https:\/\/www.cestarorossi.it\/en\/#\/schema\/logo\/image\/\",\"url\":\"https:\/\/www.cestarorossi.it\/aggiornato\/wp-content\/uploads\/2022\/07\/Cestaro-Rossi_logo-colori.png\",\"contentUrl\":\"https:\/\/www.cestarorossi.it\/aggiornato\/wp-content\/uploads\/2022\/07\/Cestaro-Rossi_logo-colori.png\",\"width\":343,\"height\":63,\"caption\":\"CestaroRossi\"},\"image\":{\"@id\":\"https:\/\/www.cestarorossi.it\/en\/#\/schema\/logo\/image\/\"}}]}<\/script>\r\n<!-- \/ Yoast SEO plugin. -->","yoast_head_json":{"title":"Awards - CestaroRossi","description":"Unser Unternehmen hat sich immer zum Ziel gesetzt, eine Sicherheitskultur zu verfolgen und an alle Mitarbeiter weiterzugeben. Die Sicherheitskultur ist Teil unserer DNA, Teil unseres kulturellen Erbes, seit wir in den 1950er Jahren begonnen haben, sie einzuatmen und in unser Know-how zu integrieren, seit wir in Raffinerien und petrochemischen Anlagen zu arbeiten begannen.","robots":{"index":"index","follow":"follow","max-snippet":"max-snippet:-1","max-image-preview":"max-image-preview:large","max-video-preview":"max-video-preview:-1"},"canonical":"https:\/\/www.cestarorossi.it\/de\/awards\/","og_locale":"de_DE","og_type":"article","og_title":"Awards - CestaroRossi","og_description":"Unser Unternehmen hat sich immer zum Ziel gesetzt, eine Sicherheitskultur zu verfolgen und an alle Mitarbeiter weiterzugeben. Die Sicherheitskultur ist Teil unserer DNA, Teil unseres kulturellen Erbes, seit wir in den 1950er Jahren begonnen haben, sie einzuatmen und in unser Know-how zu integrieren, seit wir in Raffinerien und petrochemischen Anlagen zu arbeiten begannen.","og_url":"https:\/\/www.cestarorossi.it\/de\/awards\/","og_site_name":"CestaroRossi","article_modified_time":"2025-01-13T09:37:19+00:00","og_image":[{"width":529,"height":749,"url":"https:\/\/www.cestarorossi.it\/aggiornato\/wp-content\/uploads\/2022\/07\/Cestaro-Rossi-Eni-Safety-award.jpg","type":"image\/jpeg"}],"twitter_card":"summary_large_image","twitter_misc":{"Gesch\u00e4tzte Lesezeit":"3\u00a0Minuten"},"schema":{"@context":"https:\/\/schema.org","@graph":[{"@type":"WebPage","@id":"https:\/\/www.cestarorossi.it\/de\/awards\/","url":"https:\/\/www.cestarorossi.it\/de\/awards\/","name":"Awards - CestaroRossi","isPartOf":{"@id":"https:\/\/www.cestarorossi.it\/en\/#website"},"datePublished":"2022-07-10T08:56:40+00:00","dateModified":"2025-01-13T09:37:19+00:00","description":"Unser Unternehmen hat sich immer zum Ziel gesetzt, eine Sicherheitskultur zu verfolgen und an alle Mitarbeiter weiterzugeben. Die Sicherheitskultur ist Teil unserer DNA, Teil unseres kulturellen Erbes, seit wir in den 1950er Jahren begonnen haben, sie einzuatmen und in unser Know-how zu integrieren, seit wir in Raffinerien und petrochemischen Anlagen zu arbeiten begannen.","breadcrumb":{"@id":"https:\/\/www.cestarorossi.it\/de\/awards\/#breadcrumb"},"inLanguage":"de","potentialAction":[{"@type":"ReadAction","target":["https:\/\/www.cestarorossi.it\/de\/awards\/"]}]},{"@type":"BreadcrumbList","@id":"https:\/\/www.cestarorossi.it\/de\/awards\/#breadcrumb","itemListElement":[{"@type":"ListItem","position":1,"name":"Home","item":"https:\/\/www.cestarorossi.it\/de\/"},{"@type":"ListItem","position":2,"name":"Awards"}]},{"@type":"WebSite","@id":"https:\/\/www.cestarorossi.it\/en\/#website","url":"https:\/\/www.cestarorossi.it\/en\/","name":"CestaroRossi","description":"Construction and maintenance in industrial plants since 1921 - italy","publisher":{"@id":"https:\/\/www.cestarorossi.it\/en\/#organization"},"potentialAction":[{"@type":"SearchAction","target":{"@type":"EntryPoint","urlTemplate":"https:\/\/www.cestarorossi.it\/en\/?s={search_term_string}"},"query-input":"required name=search_term_string"}],"inLanguage":"de"},{"@type":"Organization","@id":"https:\/\/www.cestarorossi.it\/en\/#organization","name":"CestaroRossi","url":"https:\/\/www.cestarorossi.it\/en\/","logo":{"@type":"ImageObject","inLanguage":"de","@id":"https:\/\/www.cestarorossi.it\/en\/#\/schema\/logo\/image\/","url":"https:\/\/www.cestarorossi.it\/aggiornato\/wp-content\/uploads\/2022\/07\/Cestaro-Rossi_logo-colori.png","contentUrl":"https:\/\/www.cestarorossi.it\/aggiornato\/wp-content\/uploads\/2022\/07\/Cestaro-Rossi_logo-colori.png","width":343,"height":63,"caption":"CestaroRossi"},"image":{"@id":"https:\/\/www.cestarorossi.it\/en\/#\/schema\/logo\/image\/"}}]}},"_links":{"self":[{"href":"https:\/\/www.cestarorossi.it\/de\/wp-json\/wp\/v2\/pages\/7031"}],"collection":[{"href":"https:\/\/www.cestarorossi.it\/de\/wp-json\/wp\/v2\/pages"}],"about":[{"href":"https:\/\/www.cestarorossi.it\/de\/wp-json\/wp\/v2\/types\/page"}],"author":[{"embeddable":true,"href":"https:\/\/www.cestarorossi.it\/de\/wp-json\/wp\/v2\/users\/1"}],"replies":[{"embeddable":true,"href":"https:\/\/www.cestarorossi.it\/de\/wp-json\/wp\/v2\/comments?post=7031"}],"version-history":[{"count":15,"href":"https:\/\/www.cestarorossi.it\/de\/wp-json\/wp\/v2\/pages\/7031\/revisions"}],"predecessor-version":[{"id":8493,"href":"https:\/\/www.cestarorossi.it\/de\/wp-json\/wp\/v2\/pages\/7031\/revisions\/8493"}],"wp:featuredmedia":[{"embeddable":true,"href":"https:\/\/www.cestarorossi.it\/de\/wp-json\/wp\/v2\/media\/4964"}],"wp:attachment":[{"href":"https:\/\/www.cestarorossi.it\/de\/wp-json\/wp\/v2\/media?parent=7031"}],"curies":[{"name":"wp","href":"https:\/\/api.w.org\/{rel}","templated":true}]}}