{"id":7028,"date":"2022-07-18T09:23:51","date_gmt":"2022-07-18T07:23:51","guid":{"rendered":"https:\/\/www.cestarorossi.it\/unternehmensbroschure\/"},"modified":"2025-11-17T09:42:56","modified_gmt":"2025-11-17T08:42:56","slug":"unternehmensbroschure","status":"publish","type":"page","link":"https:\/\/www.cestarorossi.it\/de\/unternehmensbroschure\/","title":{"rendered":"Unternehmensbrosch\u00fcre"},"content":{"rendered":"<section class=\"fw-main-row \">\n<div class=\"fw-container unyson_content\">\n<div class=\"container\">\n<div class=\"fw-row\">\n<div class=\"fw-col-xs-12 fw-col-sm-3 \"><\/div>\n<div class=\"fw-col-xs-12 fw-col-sm-6 \">\n<h4 style=\"text-align: center;\"><a href=\"https:\/\/www.cestarorossi.it\/aggiornato\/wp-content\/uploads\/2025\/11\/Cestaro-Rossi_brochure_ENG_def_2025.pdf\" target=\"_blank\" rel=\"noopener\">HIER K\u00d6NNEN SIE UNSERE BROSCH\u00dcRE HERUNTERLADEN<\/a><\/h4>\n<\/div>\n<div class=\"fw-col-xs-12 fw-col-sm-3 \"><\/div>\n<\/div>\n<\/div>\n<\/div>\n<\/section>\n<section class=\"fw-main-row \">\n<div class=\"fw-container unyson_content\">\n<div class=\"container\">\n<div class=\"fw-row\">\n<div class=\"fw-col-xs-12 fw-col-sm-4 \"><\/div>\n<div class=\"fw-col-xs-12 fw-col-sm-4 \"><span class=\"unyson-media-image\"><a href=\"https:\/\/www.cestarorossi.it\/aggiornato\/wp-content\/uploads\/2025\/11\/Cestaro-Rossi_brochure_ENG_def_2025.pdf\" target=\"_blank\" rel=\"noopener\"><img loading=\"lazy\" class=\"alignnone wp-image-7101 size-full\" src=\"https:\/\/www.cestarorossi.it\/aggiornato\/wp-content\/uploads\/2022\/12\/Cestaro-Rossi_brochure_ENG_COVER-1.jpg\" alt=\"\" width=\"600\" height=\"849\" srcset=\"https:\/\/www.cestarorossi.it\/aggiornato\/wp-content\/uploads\/2022\/12\/Cestaro-Rossi_brochure_ENG_COVER-1.jpg 600w, https:\/\/www.cestarorossi.it\/aggiornato\/wp-content\/uploads\/2022\/12\/Cestaro-Rossi_brochure_ENG_COVER-1-212x300.jpg 212w\" sizes=\"(max-width: 600px) 100vw, 600px\" \/><\/a><\/span><\/div>\n<div class=\"fw-col-xs-12 fw-col-sm-3 \"><\/div>\n<\/div>\n<\/div>\n<\/div>\n<\/section>\n<p><!-- 660a676d635c2a5d827ca596d1ea7abd --><\/p>\n","protected":false},"excerpt":{"rendered":"<p>HIER K\u00d6NNEN SIE UNSERE BROSCH\u00dcRE HERUNTERLADEN<\/p>\n","protected":false},"author":1,"featured_media":0,"parent":0,"menu_order":0,"comment_status":"closed","ping_status":"closed","template":"page-wo-sidebar.php","meta":[],"yoast_head":"<!-- This site is optimized with the Yoast SEO plugin v19.14 - https:\/\/yoast.com\/wordpress\/plugins\/seo\/ -->\r\n<title>Unternehmensbrosch\u00fcre - CestaroRossi<\/title>\r\n<meta name=\"robots\" content=\"index, follow, max-snippet:-1, max-image-preview:large, max-video-preview:-1\" \/>\r\n<link rel=\"canonical\" href=\"https:\/\/www.cestarorossi.it\/de\/unternehmensbroschure\/\" \/>\r\n<meta property=\"og:locale\" content=\"de_DE\" \/>\r\n<meta property=\"og:type\" content=\"article\" \/>\r\n<meta property=\"og:title\" content=\"Unternehmensbrosch\u00fcre - CestaroRossi\" \/>\r\n<meta property=\"og:description\" content=\"HIER K\u00d6NNEN SIE UNSERE BROSCH\u00dcRE HERUNTERLADEN\" \/>\r\n<meta property=\"og:url\" content=\"https:\/\/www.cestarorossi.it\/de\/unternehmensbroschure\/\" \/>\r\n<meta property=\"og:site_name\" content=\"CestaroRossi\" \/>\r\n<meta property=\"article:modified_time\" content=\"2025-11-17T08:42:56+00:00\" \/>\r\n<meta property=\"og:image\" content=\"https:\/\/www.cestarorossi.it\/aggiornato\/wp-content\/uploads\/2022\/12\/Cestaro-Rossi_brochure_ENG_COVER-1.jpg\" \/>\r\n<meta name=\"twitter:card\" content=\"summary_large_image\" \/>\r\n<meta name=\"twitter:label1\" content=\"Gesch\u00e4tzte Lesezeit\" \/>\n\t<meta name=\"twitter:data1\" content=\"1\u00a0Minute\" \/>\r\n<script type=\"application\/ld+json\" class=\"yoast-schema-graph\">{\"@context\":\"https:\/\/schema.org\",\"@graph\":[{\"@type\":\"WebPage\",\"@id\":\"https:\/\/www.cestarorossi.it\/de\/unternehmensbroschure\/\",\"url\":\"https:\/\/www.cestarorossi.it\/de\/unternehmensbroschure\/\",\"name\":\"Unternehmensbrosch\u00fcre - CestaroRossi\",\"isPartOf\":{\"@id\":\"https:\/\/www.cestarorossi.it\/en\/#website\"},\"datePublished\":\"2022-07-18T07:23:51+00:00\",\"dateModified\":\"2025-11-17T08:42:56+00:00\",\"breadcrumb\":{\"@id\":\"https:\/\/www.cestarorossi.it\/de\/unternehmensbroschure\/#breadcrumb\"},\"inLanguage\":\"de\",\"potentialAction\":[{\"@type\":\"ReadAction\",\"target\":[\"https:\/\/www.cestarorossi.it\/de\/unternehmensbroschure\/\"]}]},{\"@type\":\"BreadcrumbList\",\"@id\":\"https:\/\/www.cestarorossi.it\/de\/unternehmensbroschure\/#breadcrumb\",\"itemListElement\":[{\"@type\":\"ListItem\",\"position\":1,\"name\":\"Home\",\"item\":\"https:\/\/www.cestarorossi.it\/de\/\"},{\"@type\":\"ListItem\",\"position\":2,\"name\":\"Unternehmensbrosch\u00fcre\"}]},{\"@type\":\"WebSite\",\"@id\":\"https:\/\/www.cestarorossi.it\/en\/#website\",\"url\":\"https:\/\/www.cestarorossi.it\/en\/\",\"name\":\"CestaroRossi\",\"description\":\"Construction and maintenance in industrial plants since 1921 - italy\",\"publisher\":{\"@id\":\"https:\/\/www.cestarorossi.it\/en\/#organization\"},\"potentialAction\":[{\"@type\":\"SearchAction\",\"target\":{\"@type\":\"EntryPoint\",\"urlTemplate\":\"https:\/\/www.cestarorossi.it\/en\/?s={search_term_string}\"},\"query-input\":\"required name=search_term_string\"}],\"inLanguage\":\"de\"},{\"@type\":\"Organization\",\"@id\":\"https:\/\/www.cestarorossi.it\/en\/#organization\",\"name\":\"CestaroRossi\",\"url\":\"https:\/\/www.cestarorossi.it\/en\/\",\"logo\":{\"@type\":\"ImageObject\",\"inLanguage\":\"de\",\"@id\":\"https:\/\/www.cestarorossi.it\/en\/#\/schema\/logo\/image\/\",\"url\":\"https:\/\/www.cestarorossi.it\/aggiornato\/wp-content\/uploads\/2022\/07\/Cestaro-Rossi_logo-colori.png\",\"contentUrl\":\"https:\/\/www.cestarorossi.it\/aggiornato\/wp-content\/uploads\/2022\/07\/Cestaro-Rossi_logo-colori.png\",\"width\":343,\"height\":63,\"caption\":\"CestaroRossi\"},\"image\":{\"@id\":\"https:\/\/www.cestarorossi.it\/en\/#\/schema\/logo\/image\/\"}}]}<\/script>\r\n<!-- \/ Yoast SEO plugin. -->","yoast_head_json":{"title":"Unternehmensbrosch\u00fcre - CestaroRossi","robots":{"index":"index","follow":"follow","max-snippet":"max-snippet:-1","max-image-preview":"max-image-preview:large","max-video-preview":"max-video-preview:-1"},"canonical":"https:\/\/www.cestarorossi.it\/de\/unternehmensbroschure\/","og_locale":"de_DE","og_type":"article","og_title":"Unternehmensbrosch\u00fcre - CestaroRossi","og_description":"HIER K\u00d6NNEN SIE UNSERE BROSCH\u00dcRE HERUNTERLADEN","og_url":"https:\/\/www.cestarorossi.it\/de\/unternehmensbroschure\/","og_site_name":"CestaroRossi","article_modified_time":"2025-11-17T08:42:56+00:00","og_image":[{"url":"https:\/\/www.cestarorossi.it\/aggiornato\/wp-content\/uploads\/2022\/12\/Cestaro-Rossi_brochure_ENG_COVER-1.jpg"}],"twitter_card":"summary_large_image","twitter_misc":{"Gesch\u00e4tzte Lesezeit":"1\u00a0Minute"},"schema":{"@context":"https:\/\/schema.org","@graph":[{"@type":"WebPage","@id":"https:\/\/www.cestarorossi.it\/de\/unternehmensbroschure\/","url":"https:\/\/www.cestarorossi.it\/de\/unternehmensbroschure\/","name":"Unternehmensbrosch\u00fcre - CestaroRossi","isPartOf":{"@id":"https:\/\/www.cestarorossi.it\/en\/#website"},"datePublished":"2022-07-18T07:23:51+00:00","dateModified":"2025-11-17T08:42:56+00:00","breadcrumb":{"@id":"https:\/\/www.cestarorossi.it\/de\/unternehmensbroschure\/#breadcrumb"},"inLanguage":"de","potentialAction":[{"@type":"ReadAction","target":["https:\/\/www.cestarorossi.it\/de\/unternehmensbroschure\/"]}]},{"@type":"BreadcrumbList","@id":"https:\/\/www.cestarorossi.it\/de\/unternehmensbroschure\/#breadcrumb","itemListElement":[{"@type":"ListItem","position":1,"name":"Home","item":"https:\/\/www.cestarorossi.it\/de\/"},{"@type":"ListItem","position":2,"name":"Unternehmensbrosch\u00fcre"}]},{"@type":"WebSite","@id":"https:\/\/www.cestarorossi.it\/en\/#website","url":"https:\/\/www.cestarorossi.it\/en\/","name":"CestaroRossi","description":"Construction and maintenance in industrial plants since 1921 - italy","publisher":{"@id":"https:\/\/www.cestarorossi.it\/en\/#organization"},"potentialAction":[{"@type":"SearchAction","target":{"@type":"EntryPoint","urlTemplate":"https:\/\/www.cestarorossi.it\/en\/?s={search_term_string}"},"query-input":"required name=search_term_string"}],"inLanguage":"de"},{"@type":"Organization","@id":"https:\/\/www.cestarorossi.it\/en\/#organization","name":"CestaroRossi","url":"https:\/\/www.cestarorossi.it\/en\/","logo":{"@type":"ImageObject","inLanguage":"de","@id":"https:\/\/www.cestarorossi.it\/en\/#\/schema\/logo\/image\/","url":"https:\/\/www.cestarorossi.it\/aggiornato\/wp-content\/uploads\/2022\/07\/Cestaro-Rossi_logo-colori.png","contentUrl":"https:\/\/www.cestarorossi.it\/aggiornato\/wp-content\/uploads\/2022\/07\/Cestaro-Rossi_logo-colori.png","width":343,"height":63,"caption":"CestaroRossi"},"image":{"@id":"https:\/\/www.cestarorossi.it\/en\/#\/schema\/logo\/image\/"}}]}},"_links":{"self":[{"href":"https:\/\/www.cestarorossi.it\/de\/wp-json\/wp\/v2\/pages\/7028"}],"collection":[{"href":"https:\/\/www.cestarorossi.it\/de\/wp-json\/wp\/v2\/pages"}],"about":[{"href":"https:\/\/www.cestarorossi.it\/de\/wp-json\/wp\/v2\/types\/page"}],"author":[{"embeddable":true,"href":"https:\/\/www.cestarorossi.it\/de\/wp-json\/wp\/v2\/users\/1"}],"replies":[{"embeddable":true,"href":"https:\/\/www.cestarorossi.it\/de\/wp-json\/wp\/v2\/comments?post=7028"}],"version-history":[{"count":5,"href":"https:\/\/www.cestarorossi.it\/de\/wp-json\/wp\/v2\/pages\/7028\/revisions"}],"predecessor-version":[{"id":8615,"href":"https:\/\/www.cestarorossi.it\/de\/wp-json\/wp\/v2\/pages\/7028\/revisions\/8615"}],"wp:attachment":[{"href":"https:\/\/www.cestarorossi.it\/de\/wp-json\/wp\/v2\/media?parent=7028"}],"curies":[{"name":"wp","href":"https:\/\/api.w.org\/{rel}","templated":true}]}}