{"id":6835,"date":"2022-07-10T11:47:30","date_gmt":"2022-07-10T09:47:30","guid":{"rendered":"https:\/\/www.cestarorossi.it\/instandhaltung\/"},"modified":"2022-12-30T11:21:56","modified_gmt":"2022-12-30T10:21:56","slug":"wartung-von-industrieanlagen","status":"publish","type":"page","link":"https:\/\/www.cestarorossi.it\/de\/wartung-von-industrieanlagen\/","title":{"rendered":"Wartung von industrieanlagen"},"content":{"rendered":"<section class=\"fw-main-row \">\n<div class=\"fw-container unyson_content\">\n<div class=\"container\">\n<div class=\"fw-row\">\n<div class=\"fw-col-xs-12 \">\n<div class=\"fw-heading fw-heading-h1 fw-heading-center fw-heading-w-subtitle fw-heading-alternate \">\n<h1 class=\"fw-special-title\" style=\"text-align: center;\">WARTUNG VON INDUSTRIEANLAGEN<\/h1>\n<div class=\"fw-special-subtitle\" style=\"text-align: center;\">METHODIK<\/div>\n<\/div>\n<div class=\"fw-divider-space space-25x\"><\/div>\n<\/div>\n<\/div>\n<\/div>\n<\/div>\n<\/section>\n<section class=\"fw-main-row \">\n<div class=\"fw-container unyson_content\">\n<div class=\"container\">\n<div class=\"fw-row\">\n<div class=\"fw-col-xs-12 \"><span class=\"unyson-media-image\"><img loading=\"lazy\" src=\"https:\/\/www.cestarorossi.it\/aggiornato\/wp-content\/uploads\/2022\/07\/Cestaro-rossi-impianti-6-1200x640.jpg\" alt=\"https:\/\/www.cestarorossi.it\/aggiornato\/wp-content\/uploads\/2022\/07\/Cestaro-rossi-impianti-6-1200x640.jpg\" width=\"1200\" height=\"640\" \/><\/span><\/p>\n<div class=\"fw-divider-space space-15x\"><\/div>\n<\/div>\n<\/div>\n<\/div>\n<\/div>\n<\/section>\n<section class=\"fw-main-row \">\n<div class=\"fw-container unyson_content\">\n<div class=\"container\">\n<div class=\"fw-row\">\n<div class=\"fw-col-xs-12 fw-col-sm-4 \">\n<blockquote>\n<h2 style=\"text-align: left;\"><em><strong><span style=\"color: #256f6b;\">AKTIVIT\u00c4TEN<\/span><\/strong><\/em><\/h2>\n<\/blockquote>\n<\/div>\n<div class=\"fw-col-xs-12 fw-col-sm-8 \">\n<ul>\n<li><strong>Arbeitsplanung und -koordinierung<\/strong><\/li>\n<li><strong>Tischlerarbeiten:<\/strong> Reparaturen, Ersatzbeschaffungen<\/li>\n<li><strong>Rohre und Zubeh\u00f6r: <\/strong>Vorfertigung und Montage<\/li>\n<li><strong>Druckbeh\u00e4lter: <\/strong>\u00d6ffnen, Schlie\u00dfen von Sch\u00e4chten; Innenreinigung; Reparatur\/\u00c4nderung; Innensanierung<\/li>\n<li><strong>S\u00e4ulen:<\/strong> \u00d6ffnen, Schlie\u00dfen von Sch\u00e4chten; Innenreinigung; Reparatur\/Ausbesserung von Innenplatten; Innensanierung<\/li>\n<li><strong>W\u00e4rmetauscher\/Luftk\u00fchler:<\/strong><br \/>\nDemontage\/Montage von Zubeh\u00f6rteilen; Herausziehen\/Einf\u00e4deln und Waschen von HP-Rohrb\u00fcndeln; Wiederverrohrung von Rohrb\u00fcndeln<\/li>\n<li><strong>Forni:<\/strong><br \/>\nReparatur und\/oder Austausch von Spulen, Tischlerarbeiten und Konstruktionen; Wartung von Brennern; Wartung von Instrumenten<\/li>\n<li><strong>Heizkessel:<\/strong><br \/>\nReparatur und\/oder Austausch von Spulen, Tischlerarbeiten und Konstruktionen; Wartung von Brennern; Wartung von Instrumenten<\/li>\n<li><strong>Waschen mit Hochdruck<\/strong><\/li>\n<li><strong>Chemisches Waschen<\/strong><\/li>\n<li><strong>Wasserhochdruckschneiden<\/strong><\/li>\n<li><strong>Elektrische Ausr\u00fcstung:<\/strong><br \/>\nSt\u00f6rungsbeseitigung; Auswechseln von Niederspannungs-, Mittelspannungs- und Hochspannungskabeln und -signalen; Arbeiten an Stromverteilungs- und -umwandlungssystemen; Wartungsarbeiten an Mittelspannungs- und Hochspannungsverteilern und -signalen<\/li>\n<li><strong>Prozesswerkzeuge:<\/strong><br \/>\nAuswechseln von Instrumenten und Wiederherstellen von Verbindungen; Wartung von Instrumenten: mechanische\/elektronische Kontrolle und Kalibrierung; Arbeiten an PLCs<\/li>\n<\/ul>\n<\/div>\n<\/div>\n<\/div>\n<\/div>\n<\/section>\n<section class=\"fw-main-row \">\n<div class=\"fw-container unyson_content\">\n<div class=\"container\">\n<div class=\"fw-row\">\n<div class=\"fw-col-xs-12 fw-col-sm-4 \">\n<blockquote>\n<h2 style=\"text-align: left;\"><em><strong><span style=\"color: #256f6b;\">ART DER DIENSTLEISTUNG<\/span><\/strong><\/em><\/h2>\n<\/blockquote>\n<\/div>\n<div class=\"fw-col-xs-12 fw-col-sm-8 \">\n<p><strong>Je nach den Bed\u00fcrfnissen des Kunden kann unser Unternehmen:<\/strong><\/p>\n<ul>\n<li style=\"list-style-type: none;\">\n<ul class=\"listing\">\n<li>nur und ausschlie\u00dflich mechanische und\/oder elektrotechnische Arbeiten ausf\u00fchren, die an sie vergeben werden<\/li>\n<li>Ausf\u00fchrung von mechanischen und\/oder elektrotechnischen Arbeiten und \u00dcbernahme der Rolle des &#8220;Hauptauftragnehmers&#8221; auf Wunsch des Kunden, mit der Verantwortung f\u00fcr die Koordinierung der Wartungsarbeiten der anderen beteiligten Auftragnehmer<\/li>\n<li>\u00dcbernahme der vollen Verantwortung f\u00fcr die Instandhaltung auf schl\u00fcsselfertiger Basis f\u00fcr alle Aktivit\u00e4ten, die erforderlich sind, um die Anlage fertig und einsatzbereit zu \u00fcbergeben.<\/li>\n<\/ul>\n<\/li>\n<\/ul>\n<\/div>\n<\/div>\n<\/div>\n<\/div>\n<\/section>\n<section class=\"fw-main-row \">\n<div class=\"fw-container unyson_content\">\n<div class=\"container\">\n<div class=\"fw-row\">\n<div class=\"fw-col-xs-12 \">\n<div class=\"fw-divider-space space-20x\"><\/div>\n<\/div>\n<\/div>\n<\/div>\n<\/div>\n<\/section>\n<section class=\"fw-main-row \">\n<div class=\"fw-container unyson_content\">\n<div class=\"container\">\n<div class=\"fw-row\">\n<div class=\"fw-col-xs-12 fw-col-sm-4 \">\n<blockquote>\n<h2 style=\"text-align: left;\"><em><strong><span style=\"color: #256f6b;\">WO WIR T\u00c4TIG SIND<\/span><\/strong><\/em><\/h2>\n<\/blockquote>\n<\/div>\n<div class=\"fw-col-xs-12 fw-col-sm-8 \">\n<p><strong>ROUTINEWARTUNG<\/strong><\/p>\n<p>Unser Unternehmen f\u00fchrt seine T\u00e4tigkeiten auf der Grundlage von mehrj\u00e4hrigen Rahmenvertr\u00e4gen (langfristige Vertr\u00e4ge) mit einer Laufzeit von 3 bis 5 Jahren in wichtigen Industriezweigen aus, wie z. B:<\/p>\n<ul>\n<li style=\"list-style-type: none;\">\n<ul class=\"listing\">\n<li><strong>ENI-Raffinerie<\/strong> von TARANTO<\/li>\n<li><strong>ENI-Raffinerie<\/strong> in Sannazzaro<\/li>\n<li><strong>ENI-Raffinerie<\/strong> in LIVORNO<\/li>\n<li><strong>VERSALIS<\/strong> Werk Priolo<\/li>\n<li><strong>RAM-Raffinerie<\/strong> von MILAZZO<\/li>\n<li><strong>SORGENIA<\/strong> Centrale di Modugno (BARI)<\/li>\n<li><strong>SARPOM<\/strong> Raffinerie Trecate<\/li>\n<li><strong>ENGIE-Kraftwerk<\/strong> Rosignano<\/li>\n<li><strong>LIBERTY<\/strong> Stahlwerk von Piombino<\/li>\n<li><strong>EUROAPI<\/strong> Brindisi Pharmazeutisches Werk<\/li>\n<\/ul>\n<\/li>\n<\/ul>\n<\/div>\n<\/div>\n<\/div>\n<\/div>\n<\/section>\n<section class=\"fw-main-row \">\n<div class=\"fw-container unyson_content\">\n<div class=\"container\">\n<div class=\"fw-row\">\n<div class=\"fw-col-xs-12 fw-col-sm-4 \">\n<blockquote>\n<h4 style=\"text-align: left;\"><em><strong><span style=\"color: #256f6b;\">AUSSERORDENTLICHE WARTUNG<\/span><\/strong><\/em><\/h4>\n<\/blockquote>\n<\/div>\n<div class=\"fw-col-xs-12 fw-col-sm-8 \">\n<p style=\"text-align: left;\">Unser Unternehmen verf\u00fcgt \u00fcber fundierte Erfahrungen mit au\u00dferordentlichen Wartungsarbeiten(Turnaround) w\u00e4hrend allgemeiner Anlagenstillst\u00e4nde von etwa einem Monat, die in gro\u00dfen \u00d6l- und Petrochemieanlagen in Italien und im Ausland durchgef\u00fchrt wurden, wie z. B:<\/p>\n<ul class=\"listing\">\n<li><strong>PRIOLO<\/strong> Lukoil-Raffinerie<\/li>\n<li><strong>BUSALLA<\/strong> Iplom Raffinerie<\/li>\n<li><strong>MILAZZO<\/strong> ENI Raffinerie<\/li>\n<li><strong>TRECATE<\/strong> Raffinerie Sarpom<\/li>\n<li><strong>FALCONARA<\/strong> API-Raffinerie<\/li>\n<li><strong>SANNAZARO<\/strong> ENI Raffinerie<\/li>\n<li><strong>PARIS<\/strong> Total Raffinerie in Grandpuits &#8211; Frankreich<\/li>\n<li><strong>MARSEILLE<\/strong> Werk Oxochimie &#8211; Frankreich<\/li>\n<li><strong>MARSEILLE<\/strong> Naphtachimie-Werk &#8211; Frankreich<\/li>\n<li><strong>COLLOMBEY<\/strong> Tamoil Raffinerie &#8211; Schweiz<\/li>\n<li><strong>KALUNDBORG<\/strong> Equinor Raffinerie &#8211; D\u00e4nemark<\/li>\n<li><strong>ROTTERDAM<\/strong> Gunvor Raffinerie &#8211; Die Niederlande<\/li>\n<li><strong>LE HAVRE<\/strong> Totalenergies Raffinerie &#8211; Frankreich<\/li>\n<li><strong>ZEELAND<\/strong> Totalenergies \/Lukoil Raffinerie &#8211; Die Niederlande<\/li>\n<li><strong>FEYZIN<\/strong> Totalenergies Raffinerie &#8211; Frankreich<\/li>\n<li><strong>ANVERSA<\/strong> Totalenergies Raffinerie &#8211; Belgien<\/li>\n<\/ul>\n<\/div>\n<\/div>\n<\/div>\n<\/div>\n<\/section>\n<section class=\"fw-main-row \">\n<div class=\"fw-container unyson_content\">\n<div class=\"container\">\n<div class=\"fw-row\">\n<div class=\"fw-col-xs-12 \">\n<div class=\"row\">\n<div class=\"col-sm-12\">\n<section id=\"portfolio-container-63ab134a4f87d\" class=\"portfolio columns-2 space-no gallery-regular\">\n<div class=\"clear\"><\/div>\n<\/section>\n<\/div>\n<p><!-- .col-sm-12 --><\/p>\n<\/div>\n<p><!-- .row --><\/p>\n<\/div>\n<\/div>\n<div class=\"fw-row\">\n<div class=\"fw-col-xs-12 \">\n<div class=\"fw-divider-space space-20x\"><\/div>\n<\/div>\n<\/div>\n<div class=\"fw-row\">\n<div class=\"fw-col-xs-12 \">\n<div class=\"item-link\">\n<div class=\"position-relative\">\n<div class=\"item-media\"><img src=\"https:\/\/www.cestarorossi.it\/aggiornato\/wp-content\/uploads\/2022\/07\/Cestaro-rossi-impianti-1-1000x500.jpg\" alt=\"\" \/><\/div>\n<div class=\"title\">\n<h6><a href=\"https:\/\/www.cestarorossi.it\/project\/manutenzione-impianti-gallery\/\" target=\"_blank\" rel=\"noopener\">GALERIE DURCHSUCHEN<\/a><\/h6>\n<\/div>\n<\/div>\n<\/div>\n<\/div>\n<\/div>\n<div class=\"fw-row\">\n<div class=\"fw-col-xs-12 \">\n<div class=\"fw-divider-space space-30x\"><\/div>\n<\/div>\n<\/div>\n<\/div>\n<\/div>\n<\/section>\n<p><!-- 1db727b0dab83ed93e8e28137a6b992f --><\/p>\n","protected":false},"excerpt":{"rendered":"<p>WARTUNG VON INDUSTRIEANLAGEN METHODIK AKTIVIT\u00c4TEN Arbeitsplanung und -koordinierung Tischlerarbeiten: Reparaturen, Ersatzbeschaffungen Rohre und Zubeh\u00f6r: Vorfertigung und Montage Druckbeh\u00e4lter: \u00d6ffnen, Schlie\u00dfen von Sch\u00e4chten; Innenreinigung; Reparatur\/\u00c4nderung; Innensanierung<span class=\"excerpt-more\"><a href=\"https:\/\/www.cestarorossi.it\/de\/wartung-von-industrieanlagen\/\" class=\"more-link\"> [&hellip;] <span class=\"screen-reader-text\">Wartung von industrieanlagen<\/span><\/a><\/span><\/p>\n","protected":false},"author":1,"featured_media":0,"parent":0,"menu_order":0,"comment_status":"closed","ping_status":"closed","template":"page-wo-sidebar.php","meta":[],"yoast_head":"<!-- This site is optimized with the Yoast SEO plugin v19.14 - https:\/\/yoast.com\/wordpress\/plugins\/seo\/ -->\r\n<title>Wartung von industrieanlagen - CestaroRossi<\/title>\r\n<meta name=\"robots\" content=\"index, follow, max-snippet:-1, max-image-preview:large, max-video-preview:-1\" \/>\r\n<link rel=\"canonical\" href=\"https:\/\/www.cestarorossi.it\/de\/wartung-von-industrieanlagen\/\" \/>\r\n<meta property=\"og:locale\" content=\"de_DE\" \/>\r\n<meta property=\"og:type\" content=\"article\" \/>\r\n<meta property=\"og:title\" content=\"Wartung von industrieanlagen - CestaroRossi\" \/>\r\n<meta property=\"og:description\" content=\"WARTUNG VON INDUSTRIEANLAGEN METHODIK AKTIVIT\u00c4TEN Arbeitsplanung und -koordinierung Tischlerarbeiten: Reparaturen, Ersatzbeschaffungen Rohre und Zubeh\u00f6r: Vorfertigung und Montage Druckbeh\u00e4lter: \u00d6ffnen, Schlie\u00dfen von Sch\u00e4chten; Innenreinigung; Reparatur\/\u00c4nderung; Innensanierung [&hellip;] Wartung von industrieanlagen\" \/>\r\n<meta property=\"og:url\" content=\"https:\/\/www.cestarorossi.it\/de\/wartung-von-industrieanlagen\/\" \/>\r\n<meta property=\"og:site_name\" content=\"CestaroRossi\" \/>\r\n<meta property=\"article:modified_time\" content=\"2022-12-30T10:21:56+00:00\" \/>\r\n<meta property=\"og:image\" content=\"https:\/\/www.cestarorossi.it\/aggiornato\/wp-content\/uploads\/2022\/07\/Cestaro-rossi-impianti-6-1200x640.jpg\" \/>\r\n<meta name=\"twitter:card\" content=\"summary_large_image\" \/>\r\n<meta name=\"twitter:label1\" content=\"Gesch\u00e4tzte Lesezeit\" \/>\n\t<meta name=\"twitter:data1\" content=\"2\u00a0Minuten\" \/>\r\n<script type=\"application\/ld+json\" class=\"yoast-schema-graph\">{\"@context\":\"https:\/\/schema.org\",\"@graph\":[{\"@type\":\"WebPage\",\"@id\":\"https:\/\/www.cestarorossi.it\/de\/wartung-von-industrieanlagen\/\",\"url\":\"https:\/\/www.cestarorossi.it\/de\/wartung-von-industrieanlagen\/\",\"name\":\"Wartung von industrieanlagen - CestaroRossi\",\"isPartOf\":{\"@id\":\"https:\/\/www.cestarorossi.it\/en\/#website\"},\"datePublished\":\"2022-07-10T09:47:30+00:00\",\"dateModified\":\"2022-12-30T10:21:56+00:00\",\"breadcrumb\":{\"@id\":\"https:\/\/www.cestarorossi.it\/de\/wartung-von-industrieanlagen\/#breadcrumb\"},\"inLanguage\":\"de\",\"potentialAction\":[{\"@type\":\"ReadAction\",\"target\":[\"https:\/\/www.cestarorossi.it\/de\/wartung-von-industrieanlagen\/\"]}]},{\"@type\":\"BreadcrumbList\",\"@id\":\"https:\/\/www.cestarorossi.it\/de\/wartung-von-industrieanlagen\/#breadcrumb\",\"itemListElement\":[{\"@type\":\"ListItem\",\"position\":1,\"name\":\"Home\",\"item\":\"https:\/\/www.cestarorossi.it\/de\/\"},{\"@type\":\"ListItem\",\"position\":2,\"name\":\"Wartung von industrieanlagen\"}]},{\"@type\":\"WebSite\",\"@id\":\"https:\/\/www.cestarorossi.it\/en\/#website\",\"url\":\"https:\/\/www.cestarorossi.it\/en\/\",\"name\":\"CestaroRossi\",\"description\":\"Construction and maintenance in industrial plants since 1921 - italy\",\"publisher\":{\"@id\":\"https:\/\/www.cestarorossi.it\/en\/#organization\"},\"potentialAction\":[{\"@type\":\"SearchAction\",\"target\":{\"@type\":\"EntryPoint\",\"urlTemplate\":\"https:\/\/www.cestarorossi.it\/en\/?s={search_term_string}\"},\"query-input\":\"required name=search_term_string\"}],\"inLanguage\":\"de\"},{\"@type\":\"Organization\",\"@id\":\"https:\/\/www.cestarorossi.it\/en\/#organization\",\"name\":\"CestaroRossi\",\"url\":\"https:\/\/www.cestarorossi.it\/en\/\",\"logo\":{\"@type\":\"ImageObject\",\"inLanguage\":\"de\",\"@id\":\"https:\/\/www.cestarorossi.it\/en\/#\/schema\/logo\/image\/\",\"url\":\"https:\/\/www.cestarorossi.it\/aggiornato\/wp-content\/uploads\/2022\/07\/Cestaro-Rossi_logo-colori.png\",\"contentUrl\":\"https:\/\/www.cestarorossi.it\/aggiornato\/wp-content\/uploads\/2022\/07\/Cestaro-Rossi_logo-colori.png\",\"width\":343,\"height\":63,\"caption\":\"CestaroRossi\"},\"image\":{\"@id\":\"https:\/\/www.cestarorossi.it\/en\/#\/schema\/logo\/image\/\"}}]}<\/script>\r\n<!-- \/ Yoast SEO plugin. -->","yoast_head_json":{"title":"Wartung von industrieanlagen - CestaroRossi","robots":{"index":"index","follow":"follow","max-snippet":"max-snippet:-1","max-image-preview":"max-image-preview:large","max-video-preview":"max-video-preview:-1"},"canonical":"https:\/\/www.cestarorossi.it\/de\/wartung-von-industrieanlagen\/","og_locale":"de_DE","og_type":"article","og_title":"Wartung von industrieanlagen - CestaroRossi","og_description":"WARTUNG VON INDUSTRIEANLAGEN METHODIK AKTIVIT\u00c4TEN Arbeitsplanung und -koordinierung Tischlerarbeiten: Reparaturen, Ersatzbeschaffungen Rohre und Zubeh\u00f6r: Vorfertigung und Montage Druckbeh\u00e4lter: \u00d6ffnen, Schlie\u00dfen von Sch\u00e4chten; Innenreinigung; Reparatur\/\u00c4nderung; Innensanierung [&hellip;] Wartung von industrieanlagen","og_url":"https:\/\/www.cestarorossi.it\/de\/wartung-von-industrieanlagen\/","og_site_name":"CestaroRossi","article_modified_time":"2022-12-30T10:21:56+00:00","og_image":[{"url":"https:\/\/www.cestarorossi.it\/aggiornato\/wp-content\/uploads\/2022\/07\/Cestaro-rossi-impianti-6-1200x640.jpg"}],"twitter_card":"summary_large_image","twitter_misc":{"Gesch\u00e4tzte Lesezeit":"2\u00a0Minuten"},"schema":{"@context":"https:\/\/schema.org","@graph":[{"@type":"WebPage","@id":"https:\/\/www.cestarorossi.it\/de\/wartung-von-industrieanlagen\/","url":"https:\/\/www.cestarorossi.it\/de\/wartung-von-industrieanlagen\/","name":"Wartung von industrieanlagen - CestaroRossi","isPartOf":{"@id":"https:\/\/www.cestarorossi.it\/en\/#website"},"datePublished":"2022-07-10T09:47:30+00:00","dateModified":"2022-12-30T10:21:56+00:00","breadcrumb":{"@id":"https:\/\/www.cestarorossi.it\/de\/wartung-von-industrieanlagen\/#breadcrumb"},"inLanguage":"de","potentialAction":[{"@type":"ReadAction","target":["https:\/\/www.cestarorossi.it\/de\/wartung-von-industrieanlagen\/"]}]},{"@type":"BreadcrumbList","@id":"https:\/\/www.cestarorossi.it\/de\/wartung-von-industrieanlagen\/#breadcrumb","itemListElement":[{"@type":"ListItem","position":1,"name":"Home","item":"https:\/\/www.cestarorossi.it\/de\/"},{"@type":"ListItem","position":2,"name":"Wartung von industrieanlagen"}]},{"@type":"WebSite","@id":"https:\/\/www.cestarorossi.it\/en\/#website","url":"https:\/\/www.cestarorossi.it\/en\/","name":"CestaroRossi","description":"Construction and maintenance in industrial plants since 1921 - italy","publisher":{"@id":"https:\/\/www.cestarorossi.it\/en\/#organization"},"potentialAction":[{"@type":"SearchAction","target":{"@type":"EntryPoint","urlTemplate":"https:\/\/www.cestarorossi.it\/en\/?s={search_term_string}"},"query-input":"required name=search_term_string"}],"inLanguage":"de"},{"@type":"Organization","@id":"https:\/\/www.cestarorossi.it\/en\/#organization","name":"CestaroRossi","url":"https:\/\/www.cestarorossi.it\/en\/","logo":{"@type":"ImageObject","inLanguage":"de","@id":"https:\/\/www.cestarorossi.it\/en\/#\/schema\/logo\/image\/","url":"https:\/\/www.cestarorossi.it\/aggiornato\/wp-content\/uploads\/2022\/07\/Cestaro-Rossi_logo-colori.png","contentUrl":"https:\/\/www.cestarorossi.it\/aggiornato\/wp-content\/uploads\/2022\/07\/Cestaro-Rossi_logo-colori.png","width":343,"height":63,"caption":"CestaroRossi"},"image":{"@id":"https:\/\/www.cestarorossi.it\/en\/#\/schema\/logo\/image\/"}}]}},"_links":{"self":[{"href":"https:\/\/www.cestarorossi.it\/de\/wp-json\/wp\/v2\/pages\/6835"}],"collection":[{"href":"https:\/\/www.cestarorossi.it\/de\/wp-json\/wp\/v2\/pages"}],"about":[{"href":"https:\/\/www.cestarorossi.it\/de\/wp-json\/wp\/v2\/types\/page"}],"author":[{"embeddable":true,"href":"https:\/\/www.cestarorossi.it\/de\/wp-json\/wp\/v2\/users\/1"}],"replies":[{"embeddable":true,"href":"https:\/\/www.cestarorossi.it\/de\/wp-json\/wp\/v2\/comments?post=6835"}],"version-history":[{"count":10,"href":"https:\/\/www.cestarorossi.it\/de\/wp-json\/wp\/v2\/pages\/6835\/revisions"}],"predecessor-version":[{"id":7219,"href":"https:\/\/www.cestarorossi.it\/de\/wp-json\/wp\/v2\/pages\/6835\/revisions\/7219"}],"wp:attachment":[{"href":"https:\/\/www.cestarorossi.it\/de\/wp-json\/wp\/v2\/media?parent=6835"}],"curies":[{"name":"wp","href":"https:\/\/api.w.org\/{rel}","templated":true}]}}